{"id":30065,"date":"2025-03-12T15:49:20","date_gmt":"2025-03-12T14:49:20","guid":{"rendered":"https:\/\/somo-sam.com\/?post_type=product&#038;p=30065"},"modified":"2025-03-12T15:49:20","modified_gmt":"2025-03-12T14:49:20","slug":"mecanisme-anti-panique-eurosmart","status":"publish","type":"product","link":"https:\/\/somo-sam.com\/?product=mecanisme-anti-panique-eurosmart","title":{"rendered":"MECANISME ANTI-PANIQUE EUROSMART"},"content":{"rendered":"<p data-start=\"0\" data-end=\"106\">Eurosmart est une serrure \u00e0 mortaise pour issue de secours, adapt\u00e9e aux portes coupe-feu \u00e0 deux vantaux.<\/p>\n<p data-start=\"108\" data-end=\"257\">Elle est certifi\u00e9e conforme \u00e0 la norme <strong data-start=\"147\" data-end=\"158\">EN 1125<\/strong>, qui r\u00e9git les dispositifs m\u00e9caniques de sortie de secours le long des itin\u00e9raires d\u2019\u00e9vacuation.<\/p>\n<p data-start=\"259\" data-end=\"287\"><strong data-start=\"259\" data-end=\"285\">Versions disponibles :<\/strong><\/p>\n<ul data-start=\"288\" data-end=\"328\">\n<li data-start=\"288\" data-end=\"300\">Standard<\/li>\n<li data-start=\"301\" data-end=\"328\">Avec micro-interrupteur<\/li>\n<\/ul>\n<p data-start=\"330\" data-end=\"347\"><strong data-start=\"330\" data-end=\"345\">Finitions :<\/strong><\/p>\n<ul data-start=\"348\" data-end=\"409\" data-is-last-node=\"\" data-is-only-node=\"\">\n<li data-start=\"348\" data-end=\"376\">Avec capot en nylon noir<\/li>\n<li data-start=\"377\" data-end=\"409\" data-is-last-node=\"\">Avec capot en acier inoxydable<\/li>\n<\/ul>\n","protected":false},"excerpt":{"rendered":"<p>Eurosmart est une serrure \u00e0 mortaise pour issue de secours, adapt\u00e9e aux portes coupe-feu \u00e0 deux vantaux. Elle est certifi\u00e9e<\/p>\n","protected":false},"featured_media":30068,"template":"","meta":{"_acf_changed":false,"_monsterinsights_skip_tracking":false,"_monsterinsights_sitenote_active":false,"_monsterinsights_sitenote_note":"","_monsterinsights_sitenote_category":0},"product_brand":[283,286],"product_cat":[263,79,256],"product_tag":[],"class_list":{"0":"post-30065","1":"product","2":"type-product","3":"status-publish","4":"has-post-thumbnail","6":"product_brand-assa-abloy","7":"product_brand-corni","8":"product_cat-a-encastrer","9":"product_cat-anti-paniques","10":"product_cat-technique-fermeture","12":"first","13":"instock","14":"taxable","15":"shipping-taxable","16":"purchasable","17":"product-type-variable","18":"add-to-wishlist-after_add_to_cart"},"acf":[],"yoast_head":"<!-- This site is optimized with the Yoast SEO plugin v23.6 - https:\/\/yoast.com\/wordpress\/plugins\/seo\/ -->\n<title>MECANISME ANTI-PANIQUE EUROSMART - SOMO S.A.M<\/title>\n<meta name=\"description\" content=\"Eurosmart est une serrure \u00e0 mortaise pour issue de secours, adapt\u00e9e aux portes coupe-feu \u00e0 deux vantaux.Elle est certifi\u00e9e conforme \u00e0 la norme EN 1125, qui r\u00e9git les dispositifs m\u00e9caniques de sortie de secours le long des itin\u00e9raires d\u2019\u00e9vacuation.\" \/>\n<meta name=\"robots\" content=\"index, follow, max-snippet:-1, max-image-preview:large, max-video-preview:-1\" \/>\n<link rel=\"canonical\" href=\"https:\/\/somo-sam.com\/?product=mecanisme-anti-panique-eurosmart\" \/>\n<meta property=\"og:locale\" content=\"fr_FR\" \/>\n<meta property=\"og:type\" content=\"article\" \/>\n<meta property=\"og:title\" content=\"MECANISME ANTI-PANIQUE EUROSMART - SOMO S.A.M\" \/>\n<meta property=\"og:description\" content=\"Eurosmart est une serrure \u00e0 mortaise pour issue de secours, adapt\u00e9e aux portes coupe-feu \u00e0 deux vantaux.Elle est certifi\u00e9e conforme \u00e0 la norme EN 1125, qui r\u00e9git les dispositifs m\u00e9caniques de sortie de secours le long des itin\u00e9raires d\u2019\u00e9vacuation.\" \/>\n<meta property=\"og:url\" content=\"https:\/\/somo-sam.com\/?product=mecanisme-anti-panique-eurosmart\" \/>\n<meta property=\"og:site_name\" content=\"SOMO S.A.M\" \/>\n<meta property=\"og:image\" content=\"https:\/\/somo-sam.com\/wp-content\/uploads\/2025\/03\/MECANISME-ANTI-PANIQUE-EUROSMART.png\" \/>\n\t<meta property=\"og:image:width\" content=\"1080\" \/>\n\t<meta property=\"og:image:height\" content=\"1080\" \/>\n\t<meta property=\"og:image:type\" content=\"image\/png\" \/>\n<meta name=\"twitter:card\" content=\"summary_large_image\" \/>\n<meta name=\"twitter:label1\" content=\"Dur\u00e9e de lecture estim\u00e9e\" \/>\n\t<meta name=\"twitter:data1\" content=\"1 minute\" \/>\n<script type=\"application\/ld+json\" class=\"yoast-schema-graph\">{\"@context\":\"https:\/\/schema.org\",\"@graph\":[{\"@type\":\"WebPage\",\"@id\":\"https:\/\/somo-sam.com\/?product=mecanisme-anti-panique-eurosmart\",\"url\":\"https:\/\/somo-sam.com\/?product=mecanisme-anti-panique-eurosmart\",\"name\":\"MECANISME ANTI-PANIQUE EUROSMART - SOMO S.A.M\",\"isPartOf\":{\"@id\":\"http:\/\/somo-sam.com\/#website\"},\"primaryImageOfPage\":{\"@id\":\"https:\/\/somo-sam.com\/?product=mecanisme-anti-panique-eurosmart#primaryimage\"},\"image\":{\"@id\":\"https:\/\/somo-sam.com\/?product=mecanisme-anti-panique-eurosmart#primaryimage\"},\"thumbnailUrl\":\"https:\/\/somo-sam.com\/wp-content\/uploads\/2025\/03\/MECANISME-ANTI-PANIQUE-EUROSMART.png\",\"datePublished\":\"2025-03-12T14:49:20+00:00\",\"dateModified\":\"2025-03-12T14:49:20+00:00\",\"description\":\"Eurosmart est une serrure \u00e0 mortaise pour issue de secours, adapt\u00e9e aux portes coupe-feu \u00e0 deux vantaux.Elle est certifi\u00e9e conforme \u00e0 la norme EN 1125, qui r\u00e9git les dispositifs m\u00e9caniques de sortie de secours le long des itin\u00e9raires d\u2019\u00e9vacuation.\",\"breadcrumb\":{\"@id\":\"https:\/\/somo-sam.com\/?product=mecanisme-anti-panique-eurosmart#breadcrumb\"},\"inLanguage\":\"fr-FR\",\"potentialAction\":[{\"@type\":\"ReadAction\",\"target\":[\"https:\/\/somo-sam.com\/?product=mecanisme-anti-panique-eurosmart\"]}]},{\"@type\":\"ImageObject\",\"inLanguage\":\"fr-FR\",\"@id\":\"https:\/\/somo-sam.com\/?product=mecanisme-anti-panique-eurosmart#primaryimage\",\"url\":\"https:\/\/somo-sam.com\/wp-content\/uploads\/2025\/03\/MECANISME-ANTI-PANIQUE-EUROSMART.png\",\"contentUrl\":\"https:\/\/somo-sam.com\/wp-content\/uploads\/2025\/03\/MECANISME-ANTI-PANIQUE-EUROSMART.png\",\"width\":1080,\"height\":1080},{\"@type\":\"BreadcrumbList\",\"@id\":\"https:\/\/somo-sam.com\/?product=mecanisme-anti-panique-eurosmart#breadcrumb\",\"itemListElement\":[{\"@type\":\"ListItem\",\"position\":1,\"name\":\"Accueil\",\"item\":\"http:\/\/somo-sam.com\/\"},{\"@type\":\"ListItem\",\"position\":2,\"name\":\"Shop\",\"item\":\"https:\/\/somo-sam.com\/?page_id=413\"},{\"@type\":\"ListItem\",\"position\":3,\"name\":\"MECANISME ANTI-PANIQUE EUROSMART\"}]},{\"@type\":\"WebSite\",\"@id\":\"http:\/\/somo-sam.com\/#website\",\"url\":\"http:\/\/somo-sam.com\/\",\"name\":\"SOMO S.A.M\",\"description\":\"Votre partenaire en \u00e9quipements h\u00f4teliers et de restauration\",\"potentialAction\":[{\"@type\":\"SearchAction\",\"target\":{\"@type\":\"EntryPoint\",\"urlTemplate\":\"http:\/\/somo-sam.com\/?s={search_term_string}\"},\"query-input\":{\"@type\":\"PropertyValueSpecification\",\"valueRequired\":true,\"valueName\":\"search_term_string\"}}],\"inLanguage\":\"fr-FR\"}]}<\/script>\n<!-- \/ Yoast SEO plugin. -->","yoast_head_json":{"title":"MECANISME ANTI-PANIQUE EUROSMART - SOMO S.A.M","description":"Eurosmart est une serrure \u00e0 mortaise pour issue de secours, adapt\u00e9e aux portes coupe-feu \u00e0 deux vantaux.Elle est certifi\u00e9e conforme \u00e0 la norme EN 1125, qui r\u00e9git les dispositifs m\u00e9caniques de sortie de secours le long des itin\u00e9raires d\u2019\u00e9vacuation.","robots":{"index":"index","follow":"follow","max-snippet":"max-snippet:-1","max-image-preview":"max-image-preview:large","max-video-preview":"max-video-preview:-1"},"canonical":"https:\/\/somo-sam.com\/?product=mecanisme-anti-panique-eurosmart","og_locale":"fr_FR","og_type":"article","og_title":"MECANISME ANTI-PANIQUE EUROSMART - SOMO S.A.M","og_description":"Eurosmart est une serrure \u00e0 mortaise pour issue de secours, adapt\u00e9e aux portes coupe-feu \u00e0 deux vantaux.Elle est certifi\u00e9e conforme \u00e0 la norme EN 1125, qui r\u00e9git les dispositifs m\u00e9caniques de sortie de secours le long des itin\u00e9raires d\u2019\u00e9vacuation.","og_url":"https:\/\/somo-sam.com\/?product=mecanisme-anti-panique-eurosmart","og_site_name":"SOMO S.A.M","og_image":[{"width":1080,"height":1080,"url":"https:\/\/somo-sam.com\/wp-content\/uploads\/2025\/03\/MECANISME-ANTI-PANIQUE-EUROSMART.png","type":"image\/png"}],"twitter_card":"summary_large_image","twitter_misc":{"Dur\u00e9e de lecture estim\u00e9e":"1 minute"},"schema":{"@context":"https:\/\/schema.org","@graph":[{"@type":"WebPage","@id":"https:\/\/somo-sam.com\/?product=mecanisme-anti-panique-eurosmart","url":"https:\/\/somo-sam.com\/?product=mecanisme-anti-panique-eurosmart","name":"MECANISME ANTI-PANIQUE EUROSMART - SOMO S.A.M","isPartOf":{"@id":"http:\/\/somo-sam.com\/#website"},"primaryImageOfPage":{"@id":"https:\/\/somo-sam.com\/?product=mecanisme-anti-panique-eurosmart#primaryimage"},"image":{"@id":"https:\/\/somo-sam.com\/?product=mecanisme-anti-panique-eurosmart#primaryimage"},"thumbnailUrl":"https:\/\/somo-sam.com\/wp-content\/uploads\/2025\/03\/MECANISME-ANTI-PANIQUE-EUROSMART.png","datePublished":"2025-03-12T14:49:20+00:00","dateModified":"2025-03-12T14:49:20+00:00","description":"Eurosmart est une serrure \u00e0 mortaise pour issue de secours, adapt\u00e9e aux portes coupe-feu \u00e0 deux vantaux.Elle est certifi\u00e9e conforme \u00e0 la norme EN 1125, qui r\u00e9git les dispositifs m\u00e9caniques de sortie de secours le long des itin\u00e9raires d\u2019\u00e9vacuation.","breadcrumb":{"@id":"https:\/\/somo-sam.com\/?product=mecanisme-anti-panique-eurosmart#breadcrumb"},"inLanguage":"fr-FR","potentialAction":[{"@type":"ReadAction","target":["https:\/\/somo-sam.com\/?product=mecanisme-anti-panique-eurosmart"]}]},{"@type":"ImageObject","inLanguage":"fr-FR","@id":"https:\/\/somo-sam.com\/?product=mecanisme-anti-panique-eurosmart#primaryimage","url":"https:\/\/somo-sam.com\/wp-content\/uploads\/2025\/03\/MECANISME-ANTI-PANIQUE-EUROSMART.png","contentUrl":"https:\/\/somo-sam.com\/wp-content\/uploads\/2025\/03\/MECANISME-ANTI-PANIQUE-EUROSMART.png","width":1080,"height":1080},{"@type":"BreadcrumbList","@id":"https:\/\/somo-sam.com\/?product=mecanisme-anti-panique-eurosmart#breadcrumb","itemListElement":[{"@type":"ListItem","position":1,"name":"Accueil","item":"http:\/\/somo-sam.com\/"},{"@type":"ListItem","position":2,"name":"Shop","item":"https:\/\/somo-sam.com\/?page_id=413"},{"@type":"ListItem","position":3,"name":"MECANISME ANTI-PANIQUE EUROSMART"}]},{"@type":"WebSite","@id":"http:\/\/somo-sam.com\/#website","url":"http:\/\/somo-sam.com\/","name":"SOMO S.A.M","description":"Votre partenaire en \u00e9quipements h\u00f4teliers et de restauration","potentialAction":[{"@type":"SearchAction","target":{"@type":"EntryPoint","urlTemplate":"http:\/\/somo-sam.com\/?s={search_term_string}"},"query-input":{"@type":"PropertyValueSpecification","valueRequired":true,"valueName":"search_term_string"}}],"inLanguage":"fr-FR"}]}},"_links":{"self":[{"href":"https:\/\/somo-sam.com\/index.php?rest_route=\/wp\/v2\/product\/30065","targetHints":{"allow":["GET"]}}],"collection":[{"href":"https:\/\/somo-sam.com\/index.php?rest_route=\/wp\/v2\/product"}],"about":[{"href":"https:\/\/somo-sam.com\/index.php?rest_route=\/wp\/v2\/types\/product"}],"version-history":[{"count":1,"href":"https:\/\/somo-sam.com\/index.php?rest_route=\/wp\/v2\/product\/30065\/revisions"}],"predecessor-version":[{"id":30082,"href":"https:\/\/somo-sam.com\/index.php?rest_route=\/wp\/v2\/product\/30065\/revisions\/30082"}],"wp:featuredmedia":[{"embeddable":true,"href":"https:\/\/somo-sam.com\/index.php?rest_route=\/wp\/v2\/media\/30068"}],"wp:attachment":[{"href":"https:\/\/somo-sam.com\/index.php?rest_route=%2Fwp%2Fv2%2Fmedia&parent=30065"}],"wp:term":[{"taxonomy":"product_brand","embeddable":true,"href":"https:\/\/somo-sam.com\/index.php?rest_route=%2Fwp%2Fv2%2Fproduct_brand&post=30065"},{"taxonomy":"product_cat","embeddable":true,"href":"https:\/\/somo-sam.com\/index.php?rest_route=%2Fwp%2Fv2%2Fproduct_cat&post=30065"},{"taxonomy":"product_tag","embeddable":true,"href":"https:\/\/somo-sam.com\/index.php?rest_route=%2Fwp%2Fv2%2Fproduct_tag&post=30065"}],"curies":[{"name":"wp","href":"https:\/\/api.w.org\/{rel}","templated":true}]}}