{"id":30131,"date":"2025-03-13T16:47:19","date_gmt":"2025-03-13T15:47:19","guid":{"rendered":"https:\/\/somo-sam.com\/?post_type=product&#038;p=30131"},"modified":"2025-03-13T16:48:37","modified_gmt":"2025-03-13T15:48:37","slug":"mecanisme-anti-panique-avec-serrure-artiglio","status":"publish","type":"product","link":"https:\/\/somo-sam.com\/?product=mecanisme-anti-panique-avec-serrure-artiglio","title":{"rendered":"MECANISME ANTI-PANIQUE AVEC SERRURE ARTIGLIO"},"content":{"rendered":"<p data-start=\"0\" data-end=\"46\"><strong data-start=\"0\" data-end=\"46\">Artiglio \u2013 Dispositif de sortie de secours<\/strong><\/p>\n<p data-start=\"48\" data-end=\"353\">L&#8217;Artiglio est un dispositif de sortie de secours adapt\u00e9 aux portes coupe-feu \u00e0 un seul vantail, avec une serrure de s\u00e9curit\u00e9 \u00e0 mortaise \u00e0 profile \u00e9troit. Il est certifi\u00e9 conforme \u00e0 la norme EN 1125 pour les dispositifs m\u00e9caniques de panique destin\u00e9s aux sorties de secours le long des voies d&#8217;\u00e9vacuation.<\/p>\n<p data-start=\"355\" data-end=\"377\"><strong data-start=\"355\" data-end=\"377\">Caract\u00e9ristiques :<\/strong><\/p>\n<ul data-start=\"379\" data-end=\"518\">\n<li data-start=\"379\" data-end=\"412\">Points de verrouillage : 1 ou 3<\/li>\n<li data-start=\"413\" data-end=\"464\">Forend : en acier inoxydable, de forme U ou plate<\/li>\n<li data-start=\"465\" data-end=\"518\">Version standard ou \u00e9quip\u00e9e d&#8217;un micro-interrupteur<\/li>\n<\/ul>\n<p data-start=\"520\" data-end=\"646\" data-is-last-node=\"\" data-is-only-node=\"\">L&#8217;Artiglio est con\u00e7u pour assurer une s\u00e9curit\u00e9 maximale tout en permettant une \u00e9vacuation rapide et efficace en cas d&#8217;urgence.<\/p>\n","protected":false},"excerpt":{"rendered":"<p>Artiglio \u2013 Dispositif de sortie de secours L&#8217;Artiglio est un dispositif de sortie de secours adapt\u00e9 aux portes coupe-feu \u00e0<\/p>\n","protected":false},"featured_media":30134,"template":"","meta":{"_acf_changed":false,"_monsterinsights_skip_tracking":false,"_monsterinsights_sitenote_active":false,"_monsterinsights_sitenote_note":"","_monsterinsights_sitenote_category":0},"product_brand":[286],"product_cat":[287,256],"product_tag":[],"class_list":{"0":"post-30131","1":"product","2":"type-product","3":"status-publish","4":"has-post-thumbnail","6":"product_brand-corni","7":"product_cat-accessoires-pour-barre-anti-panique-a-encastrer","8":"product_cat-technique-fermeture","10":"first","11":"instock","12":"taxable","13":"shipping-taxable","14":"purchasable","15":"product-type-variable","16":"add-to-wishlist-after_add_to_cart"},"acf":[],"yoast_head":"<!-- This site is optimized with the Yoast SEO plugin v23.6 - https:\/\/yoast.com\/wordpress\/plugins\/seo\/ -->\n<title>MECANISME ANTI-PANIQUE AVEC SERRURE ARTIGLIO - SOMO S.A.M<\/title>\n<meta name=\"robots\" content=\"index, follow, max-snippet:-1, max-image-preview:large, max-video-preview:-1\" \/>\n<link rel=\"canonical\" href=\"http:\/\/somo-sam.com\/?product=mecanisme-anti-panique-avec-serrure-artiglio\" \/>\n<meta property=\"og:locale\" content=\"fr_FR\" \/>\n<meta property=\"og:type\" content=\"article\" \/>\n<meta property=\"og:title\" content=\"MECANISME ANTI-PANIQUE AVEC SERRURE ARTIGLIO - SOMO S.A.M\" \/>\n<meta property=\"og:description\" content=\"Artiglio \u2013 Dispositif de sortie de secours L&#8217;Artiglio est un dispositif de sortie de secours adapt\u00e9 aux portes coupe-feu \u00e0\" \/>\n<meta property=\"og:url\" content=\"http:\/\/somo-sam.com\/?product=mecanisme-anti-panique-avec-serrure-artiglio\" \/>\n<meta property=\"og:site_name\" content=\"SOMO S.A.M\" \/>\n<meta property=\"article:modified_time\" content=\"2025-03-13T15:48:37+00:00\" \/>\n<meta property=\"og:image\" content=\"http:\/\/somo-sam.com\/wp-content\/uploads\/2025\/03\/Design-sans-titre-2.png\" \/>\n\t<meta property=\"og:image:width\" content=\"1080\" \/>\n\t<meta property=\"og:image:height\" content=\"1080\" \/>\n\t<meta property=\"og:image:type\" content=\"image\/png\" \/>\n<meta name=\"twitter:card\" content=\"summary_large_image\" \/>\n<meta name=\"twitter:label1\" content=\"Dur\u00e9e de lecture estim\u00e9e\" \/>\n\t<meta name=\"twitter:data1\" content=\"1 minute\" \/>\n<script type=\"application\/ld+json\" class=\"yoast-schema-graph\">{\"@context\":\"https:\/\/schema.org\",\"@graph\":[{\"@type\":\"WebPage\",\"@id\":\"http:\/\/somo-sam.com\/?product=mecanisme-anti-panique-avec-serrure-artiglio\",\"url\":\"http:\/\/somo-sam.com\/?product=mecanisme-anti-panique-avec-serrure-artiglio\",\"name\":\"MECANISME ANTI-PANIQUE AVEC SERRURE ARTIGLIO - SOMO S.A.M\",\"isPartOf\":{\"@id\":\"http:\/\/somo-sam.com\/#website\"},\"primaryImageOfPage\":{\"@id\":\"http:\/\/somo-sam.com\/?product=mecanisme-anti-panique-avec-serrure-artiglio#primaryimage\"},\"image\":{\"@id\":\"http:\/\/somo-sam.com\/?product=mecanisme-anti-panique-avec-serrure-artiglio#primaryimage\"},\"thumbnailUrl\":\"https:\/\/somo-sam.com\/wp-content\/uploads\/2025\/03\/Design-sans-titre-2.png\",\"datePublished\":\"2025-03-13T15:47:19+00:00\",\"dateModified\":\"2025-03-13T15:48:37+00:00\",\"breadcrumb\":{\"@id\":\"http:\/\/somo-sam.com\/?product=mecanisme-anti-panique-avec-serrure-artiglio#breadcrumb\"},\"inLanguage\":\"fr-FR\",\"potentialAction\":[{\"@type\":\"ReadAction\",\"target\":[\"http:\/\/somo-sam.com\/?product=mecanisme-anti-panique-avec-serrure-artiglio\"]}]},{\"@type\":\"ImageObject\",\"inLanguage\":\"fr-FR\",\"@id\":\"http:\/\/somo-sam.com\/?product=mecanisme-anti-panique-avec-serrure-artiglio#primaryimage\",\"url\":\"https:\/\/somo-sam.com\/wp-content\/uploads\/2025\/03\/Design-sans-titre-2.png\",\"contentUrl\":\"https:\/\/somo-sam.com\/wp-content\/uploads\/2025\/03\/Design-sans-titre-2.png\",\"width\":1080,\"height\":1080},{\"@type\":\"BreadcrumbList\",\"@id\":\"http:\/\/somo-sam.com\/?product=mecanisme-anti-panique-avec-serrure-artiglio#breadcrumb\",\"itemListElement\":[{\"@type\":\"ListItem\",\"position\":1,\"name\":\"Accueil\",\"item\":\"http:\/\/somo-sam.com\/\"},{\"@type\":\"ListItem\",\"position\":2,\"name\":\"Shop\",\"item\":\"https:\/\/somo-sam.com\/?page_id=413\"},{\"@type\":\"ListItem\",\"position\":3,\"name\":\"MECANISME ANTI-PANIQUE AVEC SERRURE ARTIGLIO\"}]},{\"@type\":\"WebSite\",\"@id\":\"http:\/\/somo-sam.com\/#website\",\"url\":\"http:\/\/somo-sam.com\/\",\"name\":\"SOMO S.A.M\",\"description\":\"Votre partenaire en \u00e9quipements h\u00f4teliers et de restauration\",\"potentialAction\":[{\"@type\":\"SearchAction\",\"target\":{\"@type\":\"EntryPoint\",\"urlTemplate\":\"http:\/\/somo-sam.com\/?s={search_term_string}\"},\"query-input\":{\"@type\":\"PropertyValueSpecification\",\"valueRequired\":true,\"valueName\":\"search_term_string\"}}],\"inLanguage\":\"fr-FR\"}]}<\/script>\n<!-- \/ Yoast SEO plugin. -->","yoast_head_json":{"title":"MECANISME ANTI-PANIQUE AVEC SERRURE ARTIGLIO - SOMO S.A.M","robots":{"index":"index","follow":"follow","max-snippet":"max-snippet:-1","max-image-preview":"max-image-preview:large","max-video-preview":"max-video-preview:-1"},"canonical":"http:\/\/somo-sam.com\/?product=mecanisme-anti-panique-avec-serrure-artiglio","og_locale":"fr_FR","og_type":"article","og_title":"MECANISME ANTI-PANIQUE AVEC SERRURE ARTIGLIO - SOMO S.A.M","og_description":"Artiglio \u2013 Dispositif de sortie de secours L&#8217;Artiglio est un dispositif de sortie de secours adapt\u00e9 aux portes coupe-feu \u00e0","og_url":"http:\/\/somo-sam.com\/?product=mecanisme-anti-panique-avec-serrure-artiglio","og_site_name":"SOMO S.A.M","article_modified_time":"2025-03-13T15:48:37+00:00","og_image":[{"width":1080,"height":1080,"url":"http:\/\/somo-sam.com\/wp-content\/uploads\/2025\/03\/Design-sans-titre-2.png","type":"image\/png"}],"twitter_card":"summary_large_image","twitter_misc":{"Dur\u00e9e de lecture estim\u00e9e":"1 minute"},"schema":{"@context":"https:\/\/schema.org","@graph":[{"@type":"WebPage","@id":"http:\/\/somo-sam.com\/?product=mecanisme-anti-panique-avec-serrure-artiglio","url":"http:\/\/somo-sam.com\/?product=mecanisme-anti-panique-avec-serrure-artiglio","name":"MECANISME ANTI-PANIQUE AVEC SERRURE ARTIGLIO - SOMO S.A.M","isPartOf":{"@id":"http:\/\/somo-sam.com\/#website"},"primaryImageOfPage":{"@id":"http:\/\/somo-sam.com\/?product=mecanisme-anti-panique-avec-serrure-artiglio#primaryimage"},"image":{"@id":"http:\/\/somo-sam.com\/?product=mecanisme-anti-panique-avec-serrure-artiglio#primaryimage"},"thumbnailUrl":"https:\/\/somo-sam.com\/wp-content\/uploads\/2025\/03\/Design-sans-titre-2.png","datePublished":"2025-03-13T15:47:19+00:00","dateModified":"2025-03-13T15:48:37+00:00","breadcrumb":{"@id":"http:\/\/somo-sam.com\/?product=mecanisme-anti-panique-avec-serrure-artiglio#breadcrumb"},"inLanguage":"fr-FR","potentialAction":[{"@type":"ReadAction","target":["http:\/\/somo-sam.com\/?product=mecanisme-anti-panique-avec-serrure-artiglio"]}]},{"@type":"ImageObject","inLanguage":"fr-FR","@id":"http:\/\/somo-sam.com\/?product=mecanisme-anti-panique-avec-serrure-artiglio#primaryimage","url":"https:\/\/somo-sam.com\/wp-content\/uploads\/2025\/03\/Design-sans-titre-2.png","contentUrl":"https:\/\/somo-sam.com\/wp-content\/uploads\/2025\/03\/Design-sans-titre-2.png","width":1080,"height":1080},{"@type":"BreadcrumbList","@id":"http:\/\/somo-sam.com\/?product=mecanisme-anti-panique-avec-serrure-artiglio#breadcrumb","itemListElement":[{"@type":"ListItem","position":1,"name":"Accueil","item":"http:\/\/somo-sam.com\/"},{"@type":"ListItem","position":2,"name":"Shop","item":"https:\/\/somo-sam.com\/?page_id=413"},{"@type":"ListItem","position":3,"name":"MECANISME ANTI-PANIQUE AVEC SERRURE ARTIGLIO"}]},{"@type":"WebSite","@id":"http:\/\/somo-sam.com\/#website","url":"http:\/\/somo-sam.com\/","name":"SOMO S.A.M","description":"Votre partenaire en \u00e9quipements h\u00f4teliers et de restauration","potentialAction":[{"@type":"SearchAction","target":{"@type":"EntryPoint","urlTemplate":"http:\/\/somo-sam.com\/?s={search_term_string}"},"query-input":{"@type":"PropertyValueSpecification","valueRequired":true,"valueName":"search_term_string"}}],"inLanguage":"fr-FR"}]}},"_links":{"self":[{"href":"https:\/\/somo-sam.com\/index.php?rest_route=\/wp\/v2\/product\/30131","targetHints":{"allow":["GET"]}}],"collection":[{"href":"https:\/\/somo-sam.com\/index.php?rest_route=\/wp\/v2\/product"}],"about":[{"href":"https:\/\/somo-sam.com\/index.php?rest_route=\/wp\/v2\/types\/product"}],"version-history":[{"count":1,"href":"https:\/\/somo-sam.com\/index.php?rest_route=\/wp\/v2\/product\/30131\/revisions"}],"predecessor-version":[{"id":30164,"href":"https:\/\/somo-sam.com\/index.php?rest_route=\/wp\/v2\/product\/30131\/revisions\/30164"}],"wp:featuredmedia":[{"embeddable":true,"href":"https:\/\/somo-sam.com\/index.php?rest_route=\/wp\/v2\/media\/30134"}],"wp:attachment":[{"href":"https:\/\/somo-sam.com\/index.php?rest_route=%2Fwp%2Fv2%2Fmedia&parent=30131"}],"wp:term":[{"taxonomy":"product_brand","embeddable":true,"href":"https:\/\/somo-sam.com\/index.php?rest_route=%2Fwp%2Fv2%2Fproduct_brand&post=30131"},{"taxonomy":"product_cat","embeddable":true,"href":"https:\/\/somo-sam.com\/index.php?rest_route=%2Fwp%2Fv2%2Fproduct_cat&post=30131"},{"taxonomy":"product_tag","embeddable":true,"href":"https:\/\/somo-sam.com\/index.php?rest_route=%2Fwp%2Fv2%2Fproduct_tag&post=30131"}],"curies":[{"name":"wp","href":"https:\/\/api.w.org\/{rel}","templated":true}]}}