{"id":30242,"date":"2025-03-14T12:48:21","date_gmt":"2025-03-14T11:48:21","guid":{"rendered":"https:\/\/somo-sam.com\/?post_type=product&#038;p=30242"},"modified":"2025-03-14T13:05:29","modified_gmt":"2025-03-14T12:05:29","slug":"bequille-avec-cylindre-jolly","status":"publish","type":"product","link":"https:\/\/somo-sam.com\/?product=bequille-avec-cylindre-jolly","title":{"rendered":"BEQUILLE AVEC CYLINDRE JOLLY"},"content":{"rendered":"<h3 data-start=\"37\" data-end=\"58\"><strong data-start=\"41\" data-end=\"56\">Description<\/strong><\/h3>\n<p data-start=\"59\" data-end=\"183\">La poign\u00e9e Jolly est une poign\u00e9e ext\u00e9rieure universelle et ind\u00e9pendante, con\u00e7ue pour les serrures antipanique en applique.<\/p>\n<p data-start=\"185\" data-end=\"312\">Elle est sp\u00e9cialement adapt\u00e9e aux portes \u00e0 profil m\u00e9tallique et garantit une utilisation simple et efficace en cas d\u2019urgence.<\/p>\n<h3 data-start=\"314\" data-end=\"337\"><strong data-start=\"318\" data-end=\"335\">Compatibilit\u00e9<\/strong><\/h3>\n<p data-start=\"338\" data-end=\"415\">La poign\u00e9e Jolly est compatible avec les dispositifs antipanique suivants :<\/p>\n<ul data-start=\"416\" data-end=\"513\">\n<li data-start=\"416\" data-end=\"436\"><strong data-start=\"418\" data-end=\"434\">Ministar 429<\/strong><\/li>\n<li data-start=\"437\" data-end=\"456\"><strong data-start=\"439\" data-end=\"454\">Minipad 423<\/strong><\/li>\n<li data-start=\"457\" data-end=\"474\"><strong data-start=\"459\" data-end=\"472\">Touch 445<\/strong><\/li>\n<li data-start=\"475\" data-end=\"492\"><strong data-start=\"477\" data-end=\"490\">Millenium<\/strong><\/li>\n<li data-start=\"493\" data-end=\"513\"><strong data-start=\"495\" data-end=\"511\">Composit New<\/strong><\/li>\n<\/ul>\n<h3 data-start=\"515\" data-end=\"545\"><strong data-start=\"519\" data-end=\"543\">Versions disponibles<\/strong><\/h3>\n<ul data-start=\"546\" data-end=\"594\">\n<li data-start=\"546\" data-end=\"562\"><strong data-start=\"548\" data-end=\"560\">Standard<\/strong><\/li>\n<li data-start=\"563\" data-end=\"594\"><strong data-start=\"565\" data-end=\"592\">Avec micro-interrupteur<\/strong><\/li>\n<\/ul>\n<h3 data-start=\"596\" data-end=\"615\"><strong data-start=\"600\" data-end=\"613\">Finitions<\/strong><\/h3>\n<ul data-start=\"616\" data-end=\"704\">\n<li data-start=\"616\" data-end=\"664\"><strong data-start=\"618\" data-end=\"633\">Standards :<\/strong> Noir, Gris, Acier inoxydable<\/li>\n<li data-start=\"665\" data-end=\"704\"><strong data-start=\"667\" data-end=\"684\">Sur demande :<\/strong> Blanc, Chrome, Or<\/li>\n<\/ul>\n<h3 data-start=\"706\" data-end=\"725\"><strong data-start=\"710\" data-end=\"723\">Avantages<\/strong><\/h3>\n<p data-start=\"726\" data-end=\"908\"><strong data-start=\"729\" data-end=\"744\">Universelle<\/strong> : Compatible avec plusieurs mod\u00e8les de serrures antipanique<br data-start=\"804\" data-end=\"807\" \/><strong data-start=\"810\" data-end=\"821\">Robuste<\/strong> : Adapt\u00e9e aux portes m\u00e9talliques<br data-start=\"854\" data-end=\"857\" \/><strong data-start=\"860\" data-end=\"879\">Personnalisable<\/strong> : Large choix de finitions<\/p>\n","protected":false},"excerpt":{"rendered":"<h2>BEQUILLE AVEC CYLINDRE JOLLY<\/h2>\n","protected":false},"featured_media":30256,"template":"","meta":{"_acf_changed":false,"_monsterinsights_skip_tracking":false,"_monsterinsights_sitenote_active":false,"_monsterinsights_sitenote_note":"","_monsterinsights_sitenote_category":0},"product_brand":[286],"product_cat":[265,264,256],"product_tag":[],"class_list":{"0":"post-30242","1":"product","2":"type-product","3":"status-publish","4":"has-post-thumbnail","6":"product_brand-corni","7":"product_cat-a-appliquer","8":"product_cat-dispositif-durgence","9":"product_cat-technique-fermeture","11":"first","12":"instock","13":"taxable","14":"shipping-taxable","15":"purchasable","16":"product-type-variable","17":"add-to-wishlist-after_add_to_cart"},"acf":[],"yoast_head":"<!-- This site is optimized with the Yoast SEO plugin v23.6 - https:\/\/yoast.com\/wordpress\/plugins\/seo\/ -->\n<title>BEQUILLE AVEC CYLINDRE JOLLY - SOMO S.A.M<\/title>\n<meta name=\"robots\" content=\"index, follow, max-snippet:-1, max-image-preview:large, max-video-preview:-1\" \/>\n<link rel=\"canonical\" href=\"https:\/\/somo-sam.com\/?product=bequille-avec-cylindre-jolly\" \/>\n<meta property=\"og:locale\" content=\"fr_FR\" \/>\n<meta property=\"og:type\" content=\"article\" \/>\n<meta property=\"og:title\" content=\"BEQUILLE AVEC CYLINDRE JOLLY - SOMO S.A.M\" \/>\n<meta property=\"og:description\" content=\"BEQUILLE AVEC CYLINDRE JOLLY\" \/>\n<meta property=\"og:url\" content=\"https:\/\/somo-sam.com\/?product=bequille-avec-cylindre-jolly\" \/>\n<meta property=\"og:site_name\" content=\"SOMO S.A.M\" \/>\n<meta property=\"article:modified_time\" content=\"2025-03-14T12:05:29+00:00\" \/>\n<meta property=\"og:image\" content=\"https:\/\/somo-sam.com\/wp-content\/uploads\/2025\/03\/black-jolly-handle-with-nickel-gemma-cylinder_1x1.webp\" \/>\n\t<meta property=\"og:image:width\" content=\"1520\" \/>\n\t<meta property=\"og:image:height\" content=\"1520\" \/>\n\t<meta property=\"og:image:type\" content=\"image\/webp\" \/>\n<meta name=\"twitter:card\" content=\"summary_large_image\" \/>\n<meta name=\"twitter:label1\" content=\"Dur\u00e9e de lecture estim\u00e9e\" \/>\n\t<meta name=\"twitter:data1\" content=\"1 minute\" \/>\n<script type=\"application\/ld+json\" class=\"yoast-schema-graph\">{\"@context\":\"https:\/\/schema.org\",\"@graph\":[{\"@type\":\"WebPage\",\"@id\":\"https:\/\/somo-sam.com\/?product=bequille-avec-cylindre-jolly\",\"url\":\"https:\/\/somo-sam.com\/?product=bequille-avec-cylindre-jolly\",\"name\":\"BEQUILLE AVEC CYLINDRE JOLLY - SOMO S.A.M\",\"isPartOf\":{\"@id\":\"http:\/\/somo-sam.com\/#website\"},\"primaryImageOfPage\":{\"@id\":\"https:\/\/somo-sam.com\/?product=bequille-avec-cylindre-jolly#primaryimage\"},\"image\":{\"@id\":\"https:\/\/somo-sam.com\/?product=bequille-avec-cylindre-jolly#primaryimage\"},\"thumbnailUrl\":\"https:\/\/somo-sam.com\/wp-content\/uploads\/2025\/03\/black-jolly-handle-with-nickel-gemma-cylinder_1x1.webp\",\"datePublished\":\"2025-03-14T11:48:21+00:00\",\"dateModified\":\"2025-03-14T12:05:29+00:00\",\"breadcrumb\":{\"@id\":\"https:\/\/somo-sam.com\/?product=bequille-avec-cylindre-jolly#breadcrumb\"},\"inLanguage\":\"fr-FR\",\"potentialAction\":[{\"@type\":\"ReadAction\",\"target\":[\"https:\/\/somo-sam.com\/?product=bequille-avec-cylindre-jolly\"]}]},{\"@type\":\"ImageObject\",\"inLanguage\":\"fr-FR\",\"@id\":\"https:\/\/somo-sam.com\/?product=bequille-avec-cylindre-jolly#primaryimage\",\"url\":\"https:\/\/somo-sam.com\/wp-content\/uploads\/2025\/03\/black-jolly-handle-with-nickel-gemma-cylinder_1x1.webp\",\"contentUrl\":\"https:\/\/somo-sam.com\/wp-content\/uploads\/2025\/03\/black-jolly-handle-with-nickel-gemma-cylinder_1x1.webp\",\"width\":1520,\"height\":1520},{\"@type\":\"BreadcrumbList\",\"@id\":\"https:\/\/somo-sam.com\/?product=bequille-avec-cylindre-jolly#breadcrumb\",\"itemListElement\":[{\"@type\":\"ListItem\",\"position\":1,\"name\":\"Accueil\",\"item\":\"http:\/\/somo-sam.com\/\"},{\"@type\":\"ListItem\",\"position\":2,\"name\":\"Shop\",\"item\":\"https:\/\/somo-sam.com\/?page_id=413\"},{\"@type\":\"ListItem\",\"position\":3,\"name\":\"BEQUILLE AVEC CYLINDRE JOLLY\"}]},{\"@type\":\"WebSite\",\"@id\":\"http:\/\/somo-sam.com\/#website\",\"url\":\"http:\/\/somo-sam.com\/\",\"name\":\"SOMO S.A.M\",\"description\":\"Votre partenaire en \u00e9quipements h\u00f4teliers et de restauration\",\"potentialAction\":[{\"@type\":\"SearchAction\",\"target\":{\"@type\":\"EntryPoint\",\"urlTemplate\":\"http:\/\/somo-sam.com\/?s={search_term_string}\"},\"query-input\":{\"@type\":\"PropertyValueSpecification\",\"valueRequired\":true,\"valueName\":\"search_term_string\"}}],\"inLanguage\":\"fr-FR\"}]}<\/script>\n<!-- \/ Yoast SEO plugin. -->","yoast_head_json":{"title":"BEQUILLE AVEC CYLINDRE JOLLY - SOMO S.A.M","robots":{"index":"index","follow":"follow","max-snippet":"max-snippet:-1","max-image-preview":"max-image-preview:large","max-video-preview":"max-video-preview:-1"},"canonical":"https:\/\/somo-sam.com\/?product=bequille-avec-cylindre-jolly","og_locale":"fr_FR","og_type":"article","og_title":"BEQUILLE AVEC CYLINDRE JOLLY - SOMO S.A.M","og_description":"BEQUILLE AVEC CYLINDRE JOLLY","og_url":"https:\/\/somo-sam.com\/?product=bequille-avec-cylindre-jolly","og_site_name":"SOMO S.A.M","article_modified_time":"2025-03-14T12:05:29+00:00","og_image":[{"width":1520,"height":1520,"url":"https:\/\/somo-sam.com\/wp-content\/uploads\/2025\/03\/black-jolly-handle-with-nickel-gemma-cylinder_1x1.webp","type":"image\/webp"}],"twitter_card":"summary_large_image","twitter_misc":{"Dur\u00e9e de lecture estim\u00e9e":"1 minute"},"schema":{"@context":"https:\/\/schema.org","@graph":[{"@type":"WebPage","@id":"https:\/\/somo-sam.com\/?product=bequille-avec-cylindre-jolly","url":"https:\/\/somo-sam.com\/?product=bequille-avec-cylindre-jolly","name":"BEQUILLE AVEC CYLINDRE JOLLY - SOMO S.A.M","isPartOf":{"@id":"http:\/\/somo-sam.com\/#website"},"primaryImageOfPage":{"@id":"https:\/\/somo-sam.com\/?product=bequille-avec-cylindre-jolly#primaryimage"},"image":{"@id":"https:\/\/somo-sam.com\/?product=bequille-avec-cylindre-jolly#primaryimage"},"thumbnailUrl":"https:\/\/somo-sam.com\/wp-content\/uploads\/2025\/03\/black-jolly-handle-with-nickel-gemma-cylinder_1x1.webp","datePublished":"2025-03-14T11:48:21+00:00","dateModified":"2025-03-14T12:05:29+00:00","breadcrumb":{"@id":"https:\/\/somo-sam.com\/?product=bequille-avec-cylindre-jolly#breadcrumb"},"inLanguage":"fr-FR","potentialAction":[{"@type":"ReadAction","target":["https:\/\/somo-sam.com\/?product=bequille-avec-cylindre-jolly"]}]},{"@type":"ImageObject","inLanguage":"fr-FR","@id":"https:\/\/somo-sam.com\/?product=bequille-avec-cylindre-jolly#primaryimage","url":"https:\/\/somo-sam.com\/wp-content\/uploads\/2025\/03\/black-jolly-handle-with-nickel-gemma-cylinder_1x1.webp","contentUrl":"https:\/\/somo-sam.com\/wp-content\/uploads\/2025\/03\/black-jolly-handle-with-nickel-gemma-cylinder_1x1.webp","width":1520,"height":1520},{"@type":"BreadcrumbList","@id":"https:\/\/somo-sam.com\/?product=bequille-avec-cylindre-jolly#breadcrumb","itemListElement":[{"@type":"ListItem","position":1,"name":"Accueil","item":"http:\/\/somo-sam.com\/"},{"@type":"ListItem","position":2,"name":"Shop","item":"https:\/\/somo-sam.com\/?page_id=413"},{"@type":"ListItem","position":3,"name":"BEQUILLE AVEC CYLINDRE JOLLY"}]},{"@type":"WebSite","@id":"http:\/\/somo-sam.com\/#website","url":"http:\/\/somo-sam.com\/","name":"SOMO S.A.M","description":"Votre partenaire en \u00e9quipements h\u00f4teliers et de restauration","potentialAction":[{"@type":"SearchAction","target":{"@type":"EntryPoint","urlTemplate":"http:\/\/somo-sam.com\/?s={search_term_string}"},"query-input":{"@type":"PropertyValueSpecification","valueRequired":true,"valueName":"search_term_string"}}],"inLanguage":"fr-FR"}]}},"_links":{"self":[{"href":"https:\/\/somo-sam.com\/index.php?rest_route=\/wp\/v2\/product\/30242","targetHints":{"allow":["GET"]}}],"collection":[{"href":"https:\/\/somo-sam.com\/index.php?rest_route=\/wp\/v2\/product"}],"about":[{"href":"https:\/\/somo-sam.com\/index.php?rest_route=\/wp\/v2\/types\/product"}],"version-history":[{"count":1,"href":"https:\/\/somo-sam.com\/index.php?rest_route=\/wp\/v2\/product\/30242\/revisions"}],"predecessor-version":[{"id":30258,"href":"https:\/\/somo-sam.com\/index.php?rest_route=\/wp\/v2\/product\/30242\/revisions\/30258"}],"wp:featuredmedia":[{"embeddable":true,"href":"https:\/\/somo-sam.com\/index.php?rest_route=\/wp\/v2\/media\/30256"}],"wp:attachment":[{"href":"https:\/\/somo-sam.com\/index.php?rest_route=%2Fwp%2Fv2%2Fmedia&parent=30242"}],"wp:term":[{"taxonomy":"product_brand","embeddable":true,"href":"https:\/\/somo-sam.com\/index.php?rest_route=%2Fwp%2Fv2%2Fproduct_brand&post=30242"},{"taxonomy":"product_cat","embeddable":true,"href":"https:\/\/somo-sam.com\/index.php?rest_route=%2Fwp%2Fv2%2Fproduct_cat&post=30242"},{"taxonomy":"product_tag","embeddable":true,"href":"https:\/\/somo-sam.com\/index.php?rest_route=%2Fwp%2Fv2%2Fproduct_tag&post=30242"}],"curies":[{"name":"wp","href":"https:\/\/api.w.org\/{rel}","templated":true}]}}