{"id":30387,"date":"2025-03-17T17:49:23","date_gmt":"2025-03-17T16:49:23","guid":{"rendered":"https:\/\/somo-sam.com\/?post_type=product&#038;p=30387"},"modified":"2025-03-17T17:49:23","modified_gmt":"2025-03-17T16:49:23","slug":"mecanisme-anti-panique-composit-new","status":"publish","type":"product","link":"https:\/\/somo-sam.com\/?product=mecanisme-anti-panique-composit-new","title":{"rendered":"MECANISME ANTI-PANIQUE COMPOSIT NEW"},"content":{"rendered":"<p data-start=\"0\" data-end=\"153\">Composit New est une barre anti-panique adapt\u00e9e aux portes coupe-feu \u00e0 double vantail, avec des dimensions id\u00e9ales pour une installation en r\u00e9novation.<\/p>\n<p data-start=\"155\" data-end=\"288\">Elle est certifi\u00e9e conforme \u00e0 la norme EN 1125 pour les dispositifs m\u00e9caniques de sortie de secours destin\u00e9s aux issues de secours.<\/p>\n<p data-start=\"290\" data-end=\"318\"><strong data-start=\"290\" data-end=\"316\">Versions disponibles :<\/strong><\/p>\n<ul data-start=\"319\" data-end=\"359\">\n<li data-start=\"319\" data-end=\"331\">Standard<\/li>\n<li data-start=\"332\" data-end=\"359\">Avec micro-interrupteur<\/li>\n<\/ul>\n<p data-start=\"361\" data-end=\"388\"><strong data-start=\"361\" data-end=\"386\">Mod\u00e8les disponibles :<\/strong><\/p>\n<ul data-start=\"389\" data-end=\"804\">\n<li data-start=\"389\" data-end=\"507\"><strong data-start=\"391\" data-end=\"408\">Compo-Cil New<\/strong> : Con\u00e7u pour une utilisation avec cylindre uniquement. Le cylindre actionne directement le p\u00eane.<\/li>\n<li data-start=\"508\" data-end=\"604\"><strong data-start=\"510\" data-end=\"545\">Kit double vantail Composit New<\/strong> : Comprend deux m\u00e9canismes pour portes \u00e0 double vantail.<\/li>\n<li data-start=\"605\" data-end=\"804\"><strong data-start=\"607\" data-end=\"628\">Composit New mono<\/strong> : M\u00e9canisme non r\u00e9versible con\u00e7u pour une utilisation avec cylindre ext\u00e9rieur uniquement, permettant l\u2019activation\/d\u00e9sactivation de la b\u00e9quille ou du kit de b\u00e9quille externe.<\/li>\n<\/ul>\n<p data-start=\"806\" data-end=\"835\"><strong data-start=\"806\" data-end=\"833\">Finitions disponibles :<\/strong><\/p>\n<ul data-start=\"836\" data-end=\"945\" data-is-last-node=\"\" data-is-only-node=\"\">\n<li data-start=\"836\" data-end=\"879\">Pour cylindre ovale : Noir, Gris, Blanc<\/li>\n<li data-start=\"880\" data-end=\"945\" data-is-last-node=\"\">Pour cylindre profil\u00e9 : Noir, Gris, Blanc, Or, Acier inoxydable<\/li>\n<\/ul>\n","protected":false},"excerpt":{"rendered":"<h2>MECANISME ANTI-PANIQUE COMPOSIT NEW<\/h2>\n","protected":false},"featured_media":30390,"template":"","meta":{"_acf_changed":false,"_monsterinsights_skip_tracking":false,"_monsterinsights_sitenote_active":false,"_monsterinsights_sitenote_note":"","_monsterinsights_sitenote_category":0},"product_brand":[286],"product_cat":[265,79,256],"product_tag":[],"class_list":{"0":"post-30387","1":"product","2":"type-product","3":"status-publish","4":"has-post-thumbnail","6":"product_brand-corni","7":"product_cat-a-appliquer","8":"product_cat-anti-paniques","9":"product_cat-technique-fermeture","11":"first","12":"instock","13":"taxable","14":"shipping-taxable","15":"purchasable","16":"product-type-variable","17":"add-to-wishlist-after_add_to_cart"},"acf":[],"yoast_head":"<!-- This site is optimized with the Yoast SEO plugin v23.6 - https:\/\/yoast.com\/wordpress\/plugins\/seo\/ -->\n<title>MECANISME ANTI-PANIQUE COMPOSIT NEW - SOMO S.A.M<\/title>\n<meta name=\"robots\" content=\"index, follow, max-snippet:-1, max-image-preview:large, max-video-preview:-1\" \/>\n<link rel=\"canonical\" href=\"https:\/\/somo-sam.com\/?product=mecanisme-anti-panique-composit-new\" \/>\n<meta property=\"og:locale\" content=\"fr_FR\" \/>\n<meta property=\"og:type\" content=\"article\" \/>\n<meta property=\"og:title\" content=\"MECANISME ANTI-PANIQUE COMPOSIT NEW - SOMO S.A.M\" \/>\n<meta property=\"og:description\" content=\"MECANISME ANTI-PANIQUE COMPOSIT NEW\" \/>\n<meta property=\"og:url\" content=\"https:\/\/somo-sam.com\/?product=mecanisme-anti-panique-composit-new\" \/>\n<meta property=\"og:site_name\" content=\"SOMO S.A.M\" \/>\n<meta property=\"og:image\" content=\"https:\/\/somo-sam.com\/wp-content\/uploads\/2025\/03\/composit-new-aluminium-bar_1x1.webp\" \/>\n\t<meta property=\"og:image:width\" content=\"760\" \/>\n\t<meta property=\"og:image:height\" content=\"760\" \/>\n\t<meta property=\"og:image:type\" content=\"image\/webp\" \/>\n<meta name=\"twitter:card\" content=\"summary_large_image\" \/>\n<meta name=\"twitter:label1\" content=\"Dur\u00e9e de lecture estim\u00e9e\" \/>\n\t<meta name=\"twitter:data1\" content=\"1 minute\" \/>\n<script type=\"application\/ld+json\" class=\"yoast-schema-graph\">{\"@context\":\"https:\/\/schema.org\",\"@graph\":[{\"@type\":\"WebPage\",\"@id\":\"https:\/\/somo-sam.com\/?product=mecanisme-anti-panique-composit-new\",\"url\":\"https:\/\/somo-sam.com\/?product=mecanisme-anti-panique-composit-new\",\"name\":\"MECANISME ANTI-PANIQUE COMPOSIT NEW - SOMO S.A.M\",\"isPartOf\":{\"@id\":\"http:\/\/somo-sam.com\/#website\"},\"primaryImageOfPage\":{\"@id\":\"https:\/\/somo-sam.com\/?product=mecanisme-anti-panique-composit-new#primaryimage\"},\"image\":{\"@id\":\"https:\/\/somo-sam.com\/?product=mecanisme-anti-panique-composit-new#primaryimage\"},\"thumbnailUrl\":\"https:\/\/somo-sam.com\/wp-content\/uploads\/2025\/03\/composit-new-aluminium-bar_1x1.webp\",\"datePublished\":\"2025-03-17T16:49:23+00:00\",\"dateModified\":\"2025-03-17T16:49:23+00:00\",\"breadcrumb\":{\"@id\":\"https:\/\/somo-sam.com\/?product=mecanisme-anti-panique-composit-new#breadcrumb\"},\"inLanguage\":\"fr-FR\",\"potentialAction\":[{\"@type\":\"ReadAction\",\"target\":[\"https:\/\/somo-sam.com\/?product=mecanisme-anti-panique-composit-new\"]}]},{\"@type\":\"ImageObject\",\"inLanguage\":\"fr-FR\",\"@id\":\"https:\/\/somo-sam.com\/?product=mecanisme-anti-panique-composit-new#primaryimage\",\"url\":\"https:\/\/somo-sam.com\/wp-content\/uploads\/2025\/03\/composit-new-aluminium-bar_1x1.webp\",\"contentUrl\":\"https:\/\/somo-sam.com\/wp-content\/uploads\/2025\/03\/composit-new-aluminium-bar_1x1.webp\",\"width\":760,\"height\":760},{\"@type\":\"BreadcrumbList\",\"@id\":\"https:\/\/somo-sam.com\/?product=mecanisme-anti-panique-composit-new#breadcrumb\",\"itemListElement\":[{\"@type\":\"ListItem\",\"position\":1,\"name\":\"Accueil\",\"item\":\"http:\/\/somo-sam.com\/\"},{\"@type\":\"ListItem\",\"position\":2,\"name\":\"Shop\",\"item\":\"https:\/\/somo-sam.com\/?page_id=413\"},{\"@type\":\"ListItem\",\"position\":3,\"name\":\"MECANISME ANTI-PANIQUE COMPOSIT NEW\"}]},{\"@type\":\"WebSite\",\"@id\":\"http:\/\/somo-sam.com\/#website\",\"url\":\"http:\/\/somo-sam.com\/\",\"name\":\"SOMO S.A.M\",\"description\":\"Votre partenaire en \u00e9quipements h\u00f4teliers et de restauration\",\"potentialAction\":[{\"@type\":\"SearchAction\",\"target\":{\"@type\":\"EntryPoint\",\"urlTemplate\":\"http:\/\/somo-sam.com\/?s={search_term_string}\"},\"query-input\":{\"@type\":\"PropertyValueSpecification\",\"valueRequired\":true,\"valueName\":\"search_term_string\"}}],\"inLanguage\":\"fr-FR\"}]}<\/script>\n<!-- \/ Yoast SEO plugin. -->","yoast_head_json":{"title":"MECANISME ANTI-PANIQUE COMPOSIT NEW - SOMO S.A.M","robots":{"index":"index","follow":"follow","max-snippet":"max-snippet:-1","max-image-preview":"max-image-preview:large","max-video-preview":"max-video-preview:-1"},"canonical":"https:\/\/somo-sam.com\/?product=mecanisme-anti-panique-composit-new","og_locale":"fr_FR","og_type":"article","og_title":"MECANISME ANTI-PANIQUE COMPOSIT NEW - SOMO S.A.M","og_description":"MECANISME ANTI-PANIQUE COMPOSIT NEW","og_url":"https:\/\/somo-sam.com\/?product=mecanisme-anti-panique-composit-new","og_site_name":"SOMO S.A.M","og_image":[{"width":760,"height":760,"url":"https:\/\/somo-sam.com\/wp-content\/uploads\/2025\/03\/composit-new-aluminium-bar_1x1.webp","type":"image\/webp"}],"twitter_card":"summary_large_image","twitter_misc":{"Dur\u00e9e de lecture estim\u00e9e":"1 minute"},"schema":{"@context":"https:\/\/schema.org","@graph":[{"@type":"WebPage","@id":"https:\/\/somo-sam.com\/?product=mecanisme-anti-panique-composit-new","url":"https:\/\/somo-sam.com\/?product=mecanisme-anti-panique-composit-new","name":"MECANISME ANTI-PANIQUE COMPOSIT NEW - SOMO S.A.M","isPartOf":{"@id":"http:\/\/somo-sam.com\/#website"},"primaryImageOfPage":{"@id":"https:\/\/somo-sam.com\/?product=mecanisme-anti-panique-composit-new#primaryimage"},"image":{"@id":"https:\/\/somo-sam.com\/?product=mecanisme-anti-panique-composit-new#primaryimage"},"thumbnailUrl":"https:\/\/somo-sam.com\/wp-content\/uploads\/2025\/03\/composit-new-aluminium-bar_1x1.webp","datePublished":"2025-03-17T16:49:23+00:00","dateModified":"2025-03-17T16:49:23+00:00","breadcrumb":{"@id":"https:\/\/somo-sam.com\/?product=mecanisme-anti-panique-composit-new#breadcrumb"},"inLanguage":"fr-FR","potentialAction":[{"@type":"ReadAction","target":["https:\/\/somo-sam.com\/?product=mecanisme-anti-panique-composit-new"]}]},{"@type":"ImageObject","inLanguage":"fr-FR","@id":"https:\/\/somo-sam.com\/?product=mecanisme-anti-panique-composit-new#primaryimage","url":"https:\/\/somo-sam.com\/wp-content\/uploads\/2025\/03\/composit-new-aluminium-bar_1x1.webp","contentUrl":"https:\/\/somo-sam.com\/wp-content\/uploads\/2025\/03\/composit-new-aluminium-bar_1x1.webp","width":760,"height":760},{"@type":"BreadcrumbList","@id":"https:\/\/somo-sam.com\/?product=mecanisme-anti-panique-composit-new#breadcrumb","itemListElement":[{"@type":"ListItem","position":1,"name":"Accueil","item":"http:\/\/somo-sam.com\/"},{"@type":"ListItem","position":2,"name":"Shop","item":"https:\/\/somo-sam.com\/?page_id=413"},{"@type":"ListItem","position":3,"name":"MECANISME ANTI-PANIQUE COMPOSIT NEW"}]},{"@type":"WebSite","@id":"http:\/\/somo-sam.com\/#website","url":"http:\/\/somo-sam.com\/","name":"SOMO S.A.M","description":"Votre partenaire en \u00e9quipements h\u00f4teliers et de restauration","potentialAction":[{"@type":"SearchAction","target":{"@type":"EntryPoint","urlTemplate":"http:\/\/somo-sam.com\/?s={search_term_string}"},"query-input":{"@type":"PropertyValueSpecification","valueRequired":true,"valueName":"search_term_string"}}],"inLanguage":"fr-FR"}]}},"_links":{"self":[{"href":"https:\/\/somo-sam.com\/index.php?rest_route=\/wp\/v2\/product\/30387","targetHints":{"allow":["GET"]}}],"collection":[{"href":"https:\/\/somo-sam.com\/index.php?rest_route=\/wp\/v2\/product"}],"about":[{"href":"https:\/\/somo-sam.com\/index.php?rest_route=\/wp\/v2\/types\/product"}],"version-history":[{"count":1,"href":"https:\/\/somo-sam.com\/index.php?rest_route=\/wp\/v2\/product\/30387\/revisions"}],"predecessor-version":[{"id":30405,"href":"https:\/\/somo-sam.com\/index.php?rest_route=\/wp\/v2\/product\/30387\/revisions\/30405"}],"wp:featuredmedia":[{"embeddable":true,"href":"https:\/\/somo-sam.com\/index.php?rest_route=\/wp\/v2\/media\/30390"}],"wp:attachment":[{"href":"https:\/\/somo-sam.com\/index.php?rest_route=%2Fwp%2Fv2%2Fmedia&parent=30387"}],"wp:term":[{"taxonomy":"product_brand","embeddable":true,"href":"https:\/\/somo-sam.com\/index.php?rest_route=%2Fwp%2Fv2%2Fproduct_brand&post=30387"},{"taxonomy":"product_cat","embeddable":true,"href":"https:\/\/somo-sam.com\/index.php?rest_route=%2Fwp%2Fv2%2Fproduct_cat&post=30387"},{"taxonomy":"product_tag","embeddable":true,"href":"https:\/\/somo-sam.com\/index.php?rest_route=%2Fwp%2Fv2%2Fproduct_tag&post=30387"}],"curies":[{"name":"wp","href":"https:\/\/api.w.org\/{rel}","templated":true}]}}