{"id":30476,"date":"2025-03-18T17:51:26","date_gmt":"2025-03-18T16:51:26","guid":{"rendered":"https:\/\/somo-sam.com\/?post_type=product&#038;p=30476"},"modified":"2026-02-19T11:58:18","modified_gmt":"2026-02-19T10:58:18","slug":"serrure-a-1-pene-basculant-d81-fe","status":"publish","type":"product","link":"https:\/\/somo-sam.com\/?product=serrure-a-1-pene-basculant-d81-fe","title":{"rendered":"SERRURE A 1 PENE BASCULANT &#8211; D81 FE"},"content":{"rendered":"<p data-start=\"0\" data-end=\"234\">Les serrures \u00e0 mortaise D81 \u00e0 cr\u00e9mones \u00e9troites sont con\u00e7ues pour une installation en mortaise sur des portes en aluminium, avec un m\u00e9canisme de verrouillage \u00e0 cylindre compatible avec des cylindres \u00e0 profil europ\u00e9en ou \u00e0 cl\u00e9 crois\u00e9e.<\/p>\n<p data-start=\"236\" data-end=\"468\">Elles disposent d&#8217;un p\u00eane ou d&#8217;un crochet et d&#8217;un design r\u00e9versible pour s&#8217;adapter aux portes droiti\u00e8res ou gauch\u00e8res. Elles sont disponibles avec des dimensions de recul de 25 \u00e0 35 mm et sont fournies avec une plaque de face plate.<\/p>\n<p data-start=\"470\" data-end=\"545\">Disponibles en plusieurs versions pour diff\u00e9rents besoins de verrouillage :<\/p>\n<ul data-start=\"546\" data-end=\"868\">\n<li data-start=\"546\" data-end=\"653\">Avec p\u00eane et crochet et points d&#8217;engagement des p\u00eanes sup\u00e9rieur et inf\u00e9rieur (3 points de verrouillage) ;<\/li>\n<li data-start=\"654\" data-end=\"715\">Avec p\u00eane et crochet uniquement (1 point de verrouillage) ;<\/li>\n<li data-start=\"716\" data-end=\"815\">Avec crochet et points d&#8217;engagement des p\u00eanes sup\u00e9rieur et inf\u00e9rieur (3 points de verrouillage) ;<\/li>\n<li data-start=\"816\" data-end=\"868\">Avec crochet uniquement (1 point de verrouillage).<\/li>\n<\/ul>\n<p data-start=\"870\" data-end=\"1108\">Dans la version avec p\u00eane et p\u00eane dormant, le p\u00eane peut \u00eatre remplac\u00e9 par un rouleau (accessoires interchangeables) ou retir\u00e9 et converti en une version standard \u00e0 p\u00eane dormant uniquement. La profondeur du p\u00eane et du rouleau est r\u00e9glable.<\/p>\n<p data-start=\"1110\" data-end=\"1279\" data-is-last-node=\"\" data-is-only-node=\"\">Le p\u00eane de la serrure D81 est \u00e9quip\u00e9 d&#8217;un syst\u00e8me Comfort qui r\u00e9duit le bruit \u00e0 la fermeture et limite l&#8217;usure de la plaque de frappe tout en minimisant les frottements.<\/p>\n","protected":false},"excerpt":{"rendered":"<p>Les serrures \u00e0 mortaise D81 \u00e0 cr\u00e9mones \u00e9troites sont con\u00e7ues pour une installation en mortaise sur des portes en aluminium,<\/p>\n","protected":false},"featured_media":30481,"template":"","meta":{"_acf_changed":false,"_monsterinsights_skip_tracking":false,"_monsterinsights_sitenote_active":false,"_monsterinsights_sitenote_note":"","_monsterinsights_sitenote_category":0},"product_brand":[],"product_cat":[267,266],"product_tag":[],"class_list":{"0":"post-30476","1":"product","2":"type-product","3":"status-publish","4":"has-post-thumbnail","6":"product_cat-a-mortaiser","7":"product_cat-serrures-portes-metalliques","9":"first","10":"instock","11":"taxable","12":"shipping-taxable","13":"purchasable","14":"product-type-variable","15":"add-to-wishlist-after_add_to_cart"},"acf":[],"yoast_head":"<!-- This site is optimized with the Yoast SEO plugin v23.6 - https:\/\/yoast.com\/wordpress\/plugins\/seo\/ -->\n<title>SERRURE A 1 PENE BASCULANT - D81 FE - SOMO S.A.M<\/title>\n<meta name=\"description\" content=\"Les serrures \u00e0 mortaise D81 \u00e0 cr\u00e9mones \u00e9troites sont con\u00e7ues pour une installation en mortaise sur des portes en aluminium, avec un m\u00e9canisme de verrouillage \u00e0 cylindre compatible avec des cylindres \u00e0 profil europ\u00e9en ou \u00e0 cl\u00e9 crois\u00e9e.\" \/>\n<meta name=\"robots\" content=\"index, follow, max-snippet:-1, max-image-preview:large, max-video-preview:-1\" \/>\n<link rel=\"canonical\" href=\"https:\/\/somo-sam.com\/?product=serrure-a-1-pene-basculant-d81-fe\" \/>\n<meta property=\"og:locale\" content=\"fr_FR\" \/>\n<meta property=\"og:type\" content=\"article\" \/>\n<meta property=\"og:title\" content=\"SERRURE A 1 PENE BASCULANT - D81 FE - SOMO S.A.M\" \/>\n<meta property=\"og:description\" content=\"Les serrures \u00e0 mortaise D81 \u00e0 cr\u00e9mones \u00e9troites sont con\u00e7ues pour une installation en mortaise sur des portes en aluminium, avec un m\u00e9canisme de verrouillage \u00e0 cylindre compatible avec des cylindres \u00e0 profil europ\u00e9en ou \u00e0 cl\u00e9 crois\u00e9e.\" \/>\n<meta property=\"og:url\" content=\"https:\/\/somo-sam.com\/?product=serrure-a-1-pene-basculant-d81-fe\" \/>\n<meta property=\"og:site_name\" content=\"SOMO S.A.M\" \/>\n<meta property=\"article:modified_time\" content=\"2026-02-19T10:58:18+00:00\" \/>\n<meta property=\"og:image\" content=\"https:\/\/somo-sam.com\/wp-content\/uploads\/2025\/03\/d81-aluminum-latch-deadbolt_1x1-1.webp\" \/>\n\t<meta property=\"og:image:width\" content=\"760\" \/>\n\t<meta property=\"og:image:height\" content=\"760\" \/>\n\t<meta property=\"og:image:type\" content=\"image\/webp\" \/>\n<meta name=\"twitter:card\" content=\"summary_large_image\" \/>\n<meta name=\"twitter:label1\" content=\"Dur\u00e9e de lecture estim\u00e9e\" \/>\n\t<meta name=\"twitter:data1\" content=\"2 minutes\" \/>\n<script type=\"application\/ld+json\" class=\"yoast-schema-graph\">{\"@context\":\"https:\/\/schema.org\",\"@graph\":[{\"@type\":\"WebPage\",\"@id\":\"https:\/\/somo-sam.com\/?product=serrure-a-1-pene-basculant-d81-fe\",\"url\":\"https:\/\/somo-sam.com\/?product=serrure-a-1-pene-basculant-d81-fe\",\"name\":\"SERRURE A 1 PENE BASCULANT - D81 FE - SOMO S.A.M\",\"isPartOf\":{\"@id\":\"http:\/\/somo-sam.com\/#website\"},\"primaryImageOfPage\":{\"@id\":\"https:\/\/somo-sam.com\/?product=serrure-a-1-pene-basculant-d81-fe#primaryimage\"},\"image\":{\"@id\":\"https:\/\/somo-sam.com\/?product=serrure-a-1-pene-basculant-d81-fe#primaryimage\"},\"thumbnailUrl\":\"https:\/\/somo-sam.com\/wp-content\/uploads\/2025\/03\/d81-aluminum-latch-deadbolt_1x1-1.webp\",\"datePublished\":\"2025-03-18T16:51:26+00:00\",\"dateModified\":\"2026-02-19T10:58:18+00:00\",\"description\":\"Les serrures \u00e0 mortaise D81 \u00e0 cr\u00e9mones \u00e9troites sont con\u00e7ues pour une installation en mortaise sur des portes en aluminium, avec un m\u00e9canisme de verrouillage \u00e0 cylindre compatible avec des cylindres \u00e0 profil europ\u00e9en ou \u00e0 cl\u00e9 crois\u00e9e.\",\"breadcrumb\":{\"@id\":\"https:\/\/somo-sam.com\/?product=serrure-a-1-pene-basculant-d81-fe#breadcrumb\"},\"inLanguage\":\"fr-FR\",\"potentialAction\":[{\"@type\":\"ReadAction\",\"target\":[\"https:\/\/somo-sam.com\/?product=serrure-a-1-pene-basculant-d81-fe\"]}]},{\"@type\":\"ImageObject\",\"inLanguage\":\"fr-FR\",\"@id\":\"https:\/\/somo-sam.com\/?product=serrure-a-1-pene-basculant-d81-fe#primaryimage\",\"url\":\"https:\/\/somo-sam.com\/wp-content\/uploads\/2025\/03\/d81-aluminum-latch-deadbolt_1x1-1.webp\",\"contentUrl\":\"https:\/\/somo-sam.com\/wp-content\/uploads\/2025\/03\/d81-aluminum-latch-deadbolt_1x1-1.webp\",\"width\":760,\"height\":760},{\"@type\":\"BreadcrumbList\",\"@id\":\"https:\/\/somo-sam.com\/?product=serrure-a-1-pene-basculant-d81-fe#breadcrumb\",\"itemListElement\":[{\"@type\":\"ListItem\",\"position\":1,\"name\":\"Accueil\",\"item\":\"http:\/\/somo-sam.com\/\"},{\"@type\":\"ListItem\",\"position\":2,\"name\":\"Shop\",\"item\":\"https:\/\/somo-sam.com\/?page_id=413\"},{\"@type\":\"ListItem\",\"position\":3,\"name\":\"SERRURE A 1 PENE BASCULANT &#8211; D81 FE\"}]},{\"@type\":\"WebSite\",\"@id\":\"http:\/\/somo-sam.com\/#website\",\"url\":\"http:\/\/somo-sam.com\/\",\"name\":\"SOMO S.A.M\",\"description\":\"Votre partenaire en \u00e9quipements h\u00f4teliers et de restauration\",\"potentialAction\":[{\"@type\":\"SearchAction\",\"target\":{\"@type\":\"EntryPoint\",\"urlTemplate\":\"http:\/\/somo-sam.com\/?s={search_term_string}\"},\"query-input\":{\"@type\":\"PropertyValueSpecification\",\"valueRequired\":true,\"valueName\":\"search_term_string\"}}],\"inLanguage\":\"fr-FR\"}]}<\/script>\n<!-- \/ Yoast SEO plugin. -->","yoast_head_json":{"title":"SERRURE A 1 PENE BASCULANT - D81 FE - SOMO S.A.M","description":"Les serrures \u00e0 mortaise D81 \u00e0 cr\u00e9mones \u00e9troites sont con\u00e7ues pour une installation en mortaise sur des portes en aluminium, avec un m\u00e9canisme de verrouillage \u00e0 cylindre compatible avec des cylindres \u00e0 profil europ\u00e9en ou \u00e0 cl\u00e9 crois\u00e9e.","robots":{"index":"index","follow":"follow","max-snippet":"max-snippet:-1","max-image-preview":"max-image-preview:large","max-video-preview":"max-video-preview:-1"},"canonical":"https:\/\/somo-sam.com\/?product=serrure-a-1-pene-basculant-d81-fe","og_locale":"fr_FR","og_type":"article","og_title":"SERRURE A 1 PENE BASCULANT - D81 FE - SOMO S.A.M","og_description":"Les serrures \u00e0 mortaise D81 \u00e0 cr\u00e9mones \u00e9troites sont con\u00e7ues pour une installation en mortaise sur des portes en aluminium, avec un m\u00e9canisme de verrouillage \u00e0 cylindre compatible avec des cylindres \u00e0 profil europ\u00e9en ou \u00e0 cl\u00e9 crois\u00e9e.","og_url":"https:\/\/somo-sam.com\/?product=serrure-a-1-pene-basculant-d81-fe","og_site_name":"SOMO S.A.M","article_modified_time":"2026-02-19T10:58:18+00:00","og_image":[{"width":760,"height":760,"url":"https:\/\/somo-sam.com\/wp-content\/uploads\/2025\/03\/d81-aluminum-latch-deadbolt_1x1-1.webp","type":"image\/webp"}],"twitter_card":"summary_large_image","twitter_misc":{"Dur\u00e9e de lecture estim\u00e9e":"2 minutes"},"schema":{"@context":"https:\/\/schema.org","@graph":[{"@type":"WebPage","@id":"https:\/\/somo-sam.com\/?product=serrure-a-1-pene-basculant-d81-fe","url":"https:\/\/somo-sam.com\/?product=serrure-a-1-pene-basculant-d81-fe","name":"SERRURE A 1 PENE BASCULANT - D81 FE - SOMO S.A.M","isPartOf":{"@id":"http:\/\/somo-sam.com\/#website"},"primaryImageOfPage":{"@id":"https:\/\/somo-sam.com\/?product=serrure-a-1-pene-basculant-d81-fe#primaryimage"},"image":{"@id":"https:\/\/somo-sam.com\/?product=serrure-a-1-pene-basculant-d81-fe#primaryimage"},"thumbnailUrl":"https:\/\/somo-sam.com\/wp-content\/uploads\/2025\/03\/d81-aluminum-latch-deadbolt_1x1-1.webp","datePublished":"2025-03-18T16:51:26+00:00","dateModified":"2026-02-19T10:58:18+00:00","description":"Les serrures \u00e0 mortaise D81 \u00e0 cr\u00e9mones \u00e9troites sont con\u00e7ues pour une installation en mortaise sur des portes en aluminium, avec un m\u00e9canisme de verrouillage \u00e0 cylindre compatible avec des cylindres \u00e0 profil europ\u00e9en ou \u00e0 cl\u00e9 crois\u00e9e.","breadcrumb":{"@id":"https:\/\/somo-sam.com\/?product=serrure-a-1-pene-basculant-d81-fe#breadcrumb"},"inLanguage":"fr-FR","potentialAction":[{"@type":"ReadAction","target":["https:\/\/somo-sam.com\/?product=serrure-a-1-pene-basculant-d81-fe"]}]},{"@type":"ImageObject","inLanguage":"fr-FR","@id":"https:\/\/somo-sam.com\/?product=serrure-a-1-pene-basculant-d81-fe#primaryimage","url":"https:\/\/somo-sam.com\/wp-content\/uploads\/2025\/03\/d81-aluminum-latch-deadbolt_1x1-1.webp","contentUrl":"https:\/\/somo-sam.com\/wp-content\/uploads\/2025\/03\/d81-aluminum-latch-deadbolt_1x1-1.webp","width":760,"height":760},{"@type":"BreadcrumbList","@id":"https:\/\/somo-sam.com\/?product=serrure-a-1-pene-basculant-d81-fe#breadcrumb","itemListElement":[{"@type":"ListItem","position":1,"name":"Accueil","item":"http:\/\/somo-sam.com\/"},{"@type":"ListItem","position":2,"name":"Shop","item":"https:\/\/somo-sam.com\/?page_id=413"},{"@type":"ListItem","position":3,"name":"SERRURE A 1 PENE BASCULANT &#8211; D81 FE"}]},{"@type":"WebSite","@id":"http:\/\/somo-sam.com\/#website","url":"http:\/\/somo-sam.com\/","name":"SOMO S.A.M","description":"Votre partenaire en \u00e9quipements h\u00f4teliers et de restauration","potentialAction":[{"@type":"SearchAction","target":{"@type":"EntryPoint","urlTemplate":"http:\/\/somo-sam.com\/?s={search_term_string}"},"query-input":{"@type":"PropertyValueSpecification","valueRequired":true,"valueName":"search_term_string"}}],"inLanguage":"fr-FR"}]}},"_links":{"self":[{"href":"https:\/\/somo-sam.com\/index.php?rest_route=\/wp\/v2\/product\/30476","targetHints":{"allow":["GET"]}}],"collection":[{"href":"https:\/\/somo-sam.com\/index.php?rest_route=\/wp\/v2\/product"}],"about":[{"href":"https:\/\/somo-sam.com\/index.php?rest_route=\/wp\/v2\/types\/product"}],"version-history":[{"count":1,"href":"https:\/\/somo-sam.com\/index.php?rest_route=\/wp\/v2\/product\/30476\/revisions"}],"predecessor-version":[{"id":30497,"href":"https:\/\/somo-sam.com\/index.php?rest_route=\/wp\/v2\/product\/30476\/revisions\/30497"}],"wp:featuredmedia":[{"embeddable":true,"href":"https:\/\/somo-sam.com\/index.php?rest_route=\/wp\/v2\/media\/30481"}],"wp:attachment":[{"href":"https:\/\/somo-sam.com\/index.php?rest_route=%2Fwp%2Fv2%2Fmedia&parent=30476"}],"wp:term":[{"taxonomy":"product_brand","embeddable":true,"href":"https:\/\/somo-sam.com\/index.php?rest_route=%2Fwp%2Fv2%2Fproduct_brand&post=30476"},{"taxonomy":"product_cat","embeddable":true,"href":"https:\/\/somo-sam.com\/index.php?rest_route=%2Fwp%2Fv2%2Fproduct_cat&post=30476"},{"taxonomy":"product_tag","embeddable":true,"href":"https:\/\/somo-sam.com\/index.php?rest_route=%2Fwp%2Fv2%2Fproduct_tag&post=30476"}],"curies":[{"name":"wp","href":"https:\/\/api.w.org\/{rel}","templated":true}]}}