{"id":30532,"date":"2025-03-19T11:29:55","date_gmt":"2025-03-19T10:29:55","guid":{"rendered":"https:\/\/somo-sam.com\/?post_type=product&#038;p=30532"},"modified":"2025-03-19T11:29:55","modified_gmt":"2025-03-19T10:29:55","slug":"electro-serrures-en-applique-multipla-poussant","status":"publish","type":"product","link":"https:\/\/somo-sam.com\/?product=electro-serrures-en-applique-multipla-poussant","title":{"rendered":"ELECTRO-SERRURES EN APPLIQUE &#8211; MULTIPLA POUSSANT"},"content":{"rendered":"<p data-start=\"0\" data-end=\"105\">La serrure \u00e9lectrique en applique MULTIPLA est con\u00e7ue pour une installation sur des portillons pi\u00e9tons.<\/p>\n<p data-start=\"107\" data-end=\"322\">Elle s\u2019adapte \u00e0 diff\u00e9rents types de portillons et \u00e0 diverses exigences d\u2019installation gr\u00e2ce \u00e0 son design r\u00e9versible, sa g\u00e2che r\u00e9glable en hauteur, son entraxe ajustable de 50 \u00e0 70 mm et son option de p\u00eane invers\u00e9.<\/p>\n<p data-start=\"324\" data-end=\"507\">Son bo\u00eetier en acier est disponible en plusieurs finitions selon la version. Elle est \u00e9quip\u00e9e d\u2019un cylindre fixe nickel\u00e9, mais est \u00e9galement compatible avec un cylindre en applique.<\/p>\n<p data-start=\"509\" data-end=\"603\">Le p\u00eane auto-verrouillant offre une meilleure protection contre les tentatives d\u2019effraction.<\/p>\n<p data-start=\"605\" data-end=\"650\">Elle est disponible en plusieurs versions :<\/p>\n<ul data-start=\"651\" data-end=\"734\">\n<li data-start=\"651\" data-end=\"679\">Avec cylindre uniquement<\/li>\n<li data-start=\"680\" data-end=\"706\">Avec bouton uniquement<\/li>\n<li data-start=\"707\" data-end=\"734\">Avec bouton et cylindre<\/li>\n<\/ul>\n<p data-start=\"736\" data-end=\"801\" data-is-last-node=\"\" data-is-only-node=\"\"><strong data-start=\"736\" data-end=\"749\">Finitions<\/strong> : Acier galvanis\u00e9, Gris m\u00e9tallis\u00e9 peint, Noir peint<\/p>\n","protected":false},"excerpt":{"rendered":"<p>La serrure \u00e9lectrique en applique MULTIPLA est con\u00e7ue pour une installation sur des portillons pi\u00e9tons. Elle s\u2019adapte \u00e0 diff\u00e9rents types<\/p>\n","protected":false},"featured_media":30535,"template":"","meta":{"_acf_changed":false,"_monsterinsights_skip_tracking":false,"_monsterinsights_sitenote_active":false,"_monsterinsights_sitenote_note":"","_monsterinsights_sitenote_category":0},"product_brand":[286],"product_cat":[268,266],"product_tag":[],"class_list":{"0":"post-30532","1":"product","2":"type-product","3":"status-publish","4":"has-post-thumbnail","6":"product_brand-corni","7":"product_cat-en-applique-2","8":"product_cat-serrures-portes-metalliques","10":"first","11":"instock","12":"taxable","13":"shipping-taxable","14":"purchasable","15":"product-type-variable","16":"add-to-wishlist-after_add_to_cart"},"acf":[],"yoast_head":"<!-- This site is optimized with the Yoast SEO plugin v23.6 - https:\/\/yoast.com\/wordpress\/plugins\/seo\/ -->\n<title>ELECTRO-SERRURES EN APPLIQUE - MULTIPLA POUSSANT - SOMO S.A.M<\/title>\n<meta name=\"robots\" content=\"index, follow, max-snippet:-1, max-image-preview:large, max-video-preview:-1\" \/>\n<link rel=\"canonical\" href=\"https:\/\/somo-sam.com\/?product=electro-serrures-en-applique-multipla-poussant\" \/>\n<meta property=\"og:locale\" content=\"fr_FR\" \/>\n<meta property=\"og:type\" content=\"article\" \/>\n<meta property=\"og:title\" content=\"ELECTRO-SERRURES EN APPLIQUE - MULTIPLA POUSSANT - SOMO S.A.M\" \/>\n<meta property=\"og:description\" content=\"La serrure \u00e9lectrique en applique MULTIPLA est con\u00e7ue pour une installation sur des portillons pi\u00e9tons. Elle s\u2019adapte \u00e0 diff\u00e9rents types\" \/>\n<meta property=\"og:url\" content=\"https:\/\/somo-sam.com\/?product=electro-serrures-en-applique-multipla-poussant\" \/>\n<meta property=\"og:site_name\" content=\"SOMO S.A.M\" \/>\n<meta property=\"og:image\" content=\"https:\/\/somo-sam.com\/wp-content\/uploads\/2025\/03\/multipla-reversed-latch-cylinder_1x1.webp\" \/>\n\t<meta property=\"og:image:width\" content=\"760\" \/>\n\t<meta property=\"og:image:height\" content=\"760\" \/>\n\t<meta property=\"og:image:type\" content=\"image\/webp\" \/>\n<meta name=\"twitter:card\" content=\"summary_large_image\" \/>\n<meta name=\"twitter:label1\" content=\"Dur\u00e9e de lecture estim\u00e9e\" \/>\n\t<meta name=\"twitter:data1\" content=\"1 minute\" \/>\n<script type=\"application\/ld+json\" class=\"yoast-schema-graph\">{\"@context\":\"https:\/\/schema.org\",\"@graph\":[{\"@type\":\"WebPage\",\"@id\":\"https:\/\/somo-sam.com\/?product=electro-serrures-en-applique-multipla-poussant\",\"url\":\"https:\/\/somo-sam.com\/?product=electro-serrures-en-applique-multipla-poussant\",\"name\":\"ELECTRO-SERRURES EN APPLIQUE - MULTIPLA POUSSANT - SOMO S.A.M\",\"isPartOf\":{\"@id\":\"https:\/\/somo-sam.com\/#website\"},\"primaryImageOfPage\":{\"@id\":\"https:\/\/somo-sam.com\/?product=electro-serrures-en-applique-multipla-poussant#primaryimage\"},\"image\":{\"@id\":\"https:\/\/somo-sam.com\/?product=electro-serrures-en-applique-multipla-poussant#primaryimage\"},\"thumbnailUrl\":\"https:\/\/somo-sam.com\/wp-content\/uploads\/2025\/03\/multipla-reversed-latch-cylinder_1x1.webp\",\"datePublished\":\"2025-03-19T10:29:55+00:00\",\"dateModified\":\"2025-03-19T10:29:55+00:00\",\"breadcrumb\":{\"@id\":\"https:\/\/somo-sam.com\/?product=electro-serrures-en-applique-multipla-poussant#breadcrumb\"},\"inLanguage\":\"fr-FR\",\"potentialAction\":[{\"@type\":\"ReadAction\",\"target\":[\"https:\/\/somo-sam.com\/?product=electro-serrures-en-applique-multipla-poussant\"]}]},{\"@type\":\"ImageObject\",\"inLanguage\":\"fr-FR\",\"@id\":\"https:\/\/somo-sam.com\/?product=electro-serrures-en-applique-multipla-poussant#primaryimage\",\"url\":\"https:\/\/somo-sam.com\/wp-content\/uploads\/2025\/03\/multipla-reversed-latch-cylinder_1x1.webp\",\"contentUrl\":\"https:\/\/somo-sam.com\/wp-content\/uploads\/2025\/03\/multipla-reversed-latch-cylinder_1x1.webp\",\"width\":760,\"height\":760},{\"@type\":\"BreadcrumbList\",\"@id\":\"https:\/\/somo-sam.com\/?product=electro-serrures-en-applique-multipla-poussant#breadcrumb\",\"itemListElement\":[{\"@type\":\"ListItem\",\"position\":1,\"name\":\"Accueil\",\"item\":\"https:\/\/somo-sam.com\/\"},{\"@type\":\"ListItem\",\"position\":2,\"name\":\"Shop\",\"item\":\"https:\/\/somo-sam.com\/?page_id=413\"},{\"@type\":\"ListItem\",\"position\":3,\"name\":\"ELECTRO-SERRURES EN APPLIQUE &#8211; MULTIPLA POUSSANT\"}]},{\"@type\":\"WebSite\",\"@id\":\"https:\/\/somo-sam.com\/#website\",\"url\":\"https:\/\/somo-sam.com\/\",\"name\":\"SOMO S.A.M\",\"description\":\"Votre partenaire en \u00e9quipements h\u00f4teliers et de restauration\",\"potentialAction\":[{\"@type\":\"SearchAction\",\"target\":{\"@type\":\"EntryPoint\",\"urlTemplate\":\"https:\/\/somo-sam.com\/?s={search_term_string}\"},\"query-input\":{\"@type\":\"PropertyValueSpecification\",\"valueRequired\":true,\"valueName\":\"search_term_string\"}}],\"inLanguage\":\"fr-FR\"}]}<\/script>\n<!-- \/ Yoast SEO plugin. -->","yoast_head_json":{"title":"ELECTRO-SERRURES EN APPLIQUE - MULTIPLA POUSSANT - SOMO S.A.M","robots":{"index":"index","follow":"follow","max-snippet":"max-snippet:-1","max-image-preview":"max-image-preview:large","max-video-preview":"max-video-preview:-1"},"canonical":"https:\/\/somo-sam.com\/?product=electro-serrures-en-applique-multipla-poussant","og_locale":"fr_FR","og_type":"article","og_title":"ELECTRO-SERRURES EN APPLIQUE - MULTIPLA POUSSANT - SOMO S.A.M","og_description":"La serrure \u00e9lectrique en applique MULTIPLA est con\u00e7ue pour une installation sur des portillons pi\u00e9tons. Elle s\u2019adapte \u00e0 diff\u00e9rents types","og_url":"https:\/\/somo-sam.com\/?product=electro-serrures-en-applique-multipla-poussant","og_site_name":"SOMO S.A.M","og_image":[{"width":760,"height":760,"url":"https:\/\/somo-sam.com\/wp-content\/uploads\/2025\/03\/multipla-reversed-latch-cylinder_1x1.webp","type":"image\/webp"}],"twitter_card":"summary_large_image","twitter_misc":{"Dur\u00e9e de lecture estim\u00e9e":"1 minute"},"schema":{"@context":"https:\/\/schema.org","@graph":[{"@type":"WebPage","@id":"https:\/\/somo-sam.com\/?product=electro-serrures-en-applique-multipla-poussant","url":"https:\/\/somo-sam.com\/?product=electro-serrures-en-applique-multipla-poussant","name":"ELECTRO-SERRURES EN APPLIQUE - MULTIPLA POUSSANT - SOMO S.A.M","isPartOf":{"@id":"https:\/\/somo-sam.com\/#website"},"primaryImageOfPage":{"@id":"https:\/\/somo-sam.com\/?product=electro-serrures-en-applique-multipla-poussant#primaryimage"},"image":{"@id":"https:\/\/somo-sam.com\/?product=electro-serrures-en-applique-multipla-poussant#primaryimage"},"thumbnailUrl":"https:\/\/somo-sam.com\/wp-content\/uploads\/2025\/03\/multipla-reversed-latch-cylinder_1x1.webp","datePublished":"2025-03-19T10:29:55+00:00","dateModified":"2025-03-19T10:29:55+00:00","breadcrumb":{"@id":"https:\/\/somo-sam.com\/?product=electro-serrures-en-applique-multipla-poussant#breadcrumb"},"inLanguage":"fr-FR","potentialAction":[{"@type":"ReadAction","target":["https:\/\/somo-sam.com\/?product=electro-serrures-en-applique-multipla-poussant"]}]},{"@type":"ImageObject","inLanguage":"fr-FR","@id":"https:\/\/somo-sam.com\/?product=electro-serrures-en-applique-multipla-poussant#primaryimage","url":"https:\/\/somo-sam.com\/wp-content\/uploads\/2025\/03\/multipla-reversed-latch-cylinder_1x1.webp","contentUrl":"https:\/\/somo-sam.com\/wp-content\/uploads\/2025\/03\/multipla-reversed-latch-cylinder_1x1.webp","width":760,"height":760},{"@type":"BreadcrumbList","@id":"https:\/\/somo-sam.com\/?product=electro-serrures-en-applique-multipla-poussant#breadcrumb","itemListElement":[{"@type":"ListItem","position":1,"name":"Accueil","item":"https:\/\/somo-sam.com\/"},{"@type":"ListItem","position":2,"name":"Shop","item":"https:\/\/somo-sam.com\/?page_id=413"},{"@type":"ListItem","position":3,"name":"ELECTRO-SERRURES EN APPLIQUE &#8211; MULTIPLA POUSSANT"}]},{"@type":"WebSite","@id":"https:\/\/somo-sam.com\/#website","url":"https:\/\/somo-sam.com\/","name":"SOMO S.A.M","description":"Votre partenaire en \u00e9quipements h\u00f4teliers et de restauration","potentialAction":[{"@type":"SearchAction","target":{"@type":"EntryPoint","urlTemplate":"https:\/\/somo-sam.com\/?s={search_term_string}"},"query-input":{"@type":"PropertyValueSpecification","valueRequired":true,"valueName":"search_term_string"}}],"inLanguage":"fr-FR"}]}},"_links":{"self":[{"href":"https:\/\/somo-sam.com\/index.php?rest_route=\/wp\/v2\/product\/30532","targetHints":{"allow":["GET"]}}],"collection":[{"href":"https:\/\/somo-sam.com\/index.php?rest_route=\/wp\/v2\/product"}],"about":[{"href":"https:\/\/somo-sam.com\/index.php?rest_route=\/wp\/v2\/types\/product"}],"version-history":[{"count":2,"href":"https:\/\/somo-sam.com\/index.php?rest_route=\/wp\/v2\/product\/30532\/revisions"}],"predecessor-version":[{"id":30551,"href":"https:\/\/somo-sam.com\/index.php?rest_route=\/wp\/v2\/product\/30532\/revisions\/30551"}],"wp:featuredmedia":[{"embeddable":true,"href":"https:\/\/somo-sam.com\/index.php?rest_route=\/wp\/v2\/media\/30535"}],"wp:attachment":[{"href":"https:\/\/somo-sam.com\/index.php?rest_route=%2Fwp%2Fv2%2Fmedia&parent=30532"}],"wp:term":[{"taxonomy":"product_brand","embeddable":true,"href":"https:\/\/somo-sam.com\/index.php?rest_route=%2Fwp%2Fv2%2Fproduct_brand&post=30532"},{"taxonomy":"product_cat","embeddable":true,"href":"https:\/\/somo-sam.com\/index.php?rest_route=%2Fwp%2Fv2%2Fproduct_cat&post=30532"},{"taxonomy":"product_tag","embeddable":true,"href":"https:\/\/somo-sam.com\/index.php?rest_route=%2Fwp%2Fv2%2Fproduct_tag&post=30532"}],"curies":[{"name":"wp","href":"https:\/\/api.w.org\/{rel}","templated":true}]}}