{"id":30592,"date":"2025-03-19T12:51:54","date_gmt":"2025-03-19T11:51:54","guid":{"rendered":"https:\/\/somo-sam.com\/?post_type=product&#038;p=30592"},"modified":"2025-03-19T12:51:54","modified_gmt":"2025-03-19T11:51:54","slug":"declenchement-permanent-ou-limite","status":"publish","type":"product","link":"https:\/\/somo-sam.com\/?product=declenchement-permanent-ou-limite","title":{"rendered":"DECLENCHEMENT PERMANENT OU LIMITE"},"content":{"rendered":"<p data-pm-slice=\"1 1 []\">\n<p>\u2022 D\u00e9clenchement apr\u00e8s l&#8217;impulsion \u00e9lectrique. La fermeture est r\u00e9tablie<\/p>\n<p>apr\u00e8s que la porte ait \u00e9t\u00e9 ouverte et ferm\u00e9e (F16501)<\/p>\n<p>\u2022 D\u00e9clenchement limit\u00e9 au moment de l&#8217;impulsion \u00e9lectrique. Lorsque<\/p>\n<p>l&#8217;impulsion \u00e9lectrique est termin\u00e9e, la fermeture se r\u00e9tablit automatique-<\/p>\n<p>ment (F16505)<\/p>\n<p>\u2022 R\u00e9versible<\/p>\n<p>\u2022 Corps de dimensions r\u00e9duites pour tout emploi<\/p>\n<p>\u2022 Le coulisseau en forme de cale (anti-r\u00e9p\u00e9tition) facilite le d\u00e9clenchement<\/p>\n<p>du p\u00eane demi-tour de la serrure<\/p>\n<p>\u2022 Alimentation courant alternatif et courant continu unifi\u00e9<\/p>\n<p>\u2022 R\u00e9sistance \u00e0 la pouss\u00e9e sur le p\u00eane demi-tour : 350 kg<\/p>\n<p>\u2022 Alimentation : 6-12V AC\/DC<\/p>\n<p>24V AC\/DC<\/p>\n<p>\u2022 Absorption : 0.5 &#8211; 0.8A<\/p>\n<p>\u2022 Pour serrure avec entraxe : 72 &#8211; 85 &#8211; 92mm<\/p>\n<p>\u2022 Levier d&#8217;arr\u00eat : Temporaire (standard)<\/p>\n<p>Sans levier (sur commande)<\/p>\n<p>\u2022 Finitions : Argent &#8211; Blanc &#8211; Noir<\/p>\n<p>&nbsp;<\/p>\n","protected":false},"excerpt":{"rendered":"<p>\u2022 D\u00e9clenchement apr\u00e8s l&#8217;impulsion \u00e9lectrique. La fermeture est r\u00e9tablie apr\u00e8s que la porte ait \u00e9t\u00e9 ouverte et ferm\u00e9e (F16501) \u2022<\/p>\n","protected":false},"featured_media":30597,"template":"","meta":{"_acf_changed":false,"_monsterinsights_skip_tracking":false,"_monsterinsights_sitenote_active":false,"_monsterinsights_sitenote_note":"","_monsterinsights_sitenote_category":0},"product_brand":[289],"product_cat":[269,266,256],"product_tag":[],"class_list":{"0":"post-30592","1":"product","2":"type-product","3":"status-publish","4":"has-post-thumbnail","6":"product_brand-yale","7":"product_cat-gaches","8":"product_cat-serrures-portes-metalliques","9":"product_cat-technique-fermeture","11":"first","12":"instock","13":"taxable","14":"shipping-taxable","15":"purchasable","16":"product-type-variable","17":"add-to-wishlist-after_add_to_cart"},"acf":[],"yoast_head":"<!-- This site is optimized with the Yoast SEO plugin v23.6 - https:\/\/yoast.com\/wordpress\/plugins\/seo\/ -->\n<title>DECLENCHEMENT PERMANENT OU LIMITE - SOMO S.A.M<\/title>\n<meta name=\"robots\" content=\"index, follow, max-snippet:-1, max-image-preview:large, max-video-preview:-1\" \/>\n<link rel=\"canonical\" href=\"https:\/\/somo-sam.com\/?product=declenchement-permanent-ou-limite\" \/>\n<meta property=\"og:locale\" content=\"fr_FR\" \/>\n<meta property=\"og:type\" content=\"article\" \/>\n<meta property=\"og:title\" content=\"DECLENCHEMENT PERMANENT OU LIMITE - SOMO S.A.M\" \/>\n<meta property=\"og:description\" content=\"\u2022 D\u00e9clenchement apr\u00e8s l&#8217;impulsion \u00e9lectrique. La fermeture est r\u00e9tablie apr\u00e8s que la porte ait \u00e9t\u00e9 ouverte et ferm\u00e9e (F16501) \u2022\" \/>\n<meta property=\"og:url\" content=\"https:\/\/somo-sam.com\/?product=declenchement-permanent-ou-limite\" \/>\n<meta property=\"og:site_name\" content=\"SOMO S.A.M\" \/>\n<meta property=\"og:image\" content=\"https:\/\/somo-sam.com\/wp-content\/uploads\/2025\/03\/Design-sans-titre-3-1.png\" \/>\n\t<meta property=\"og:image:width\" content=\"1080\" \/>\n\t<meta property=\"og:image:height\" content=\"1080\" \/>\n\t<meta property=\"og:image:type\" content=\"image\/png\" \/>\n<meta name=\"twitter:card\" content=\"summary_large_image\" \/>\n<meta name=\"twitter:label1\" content=\"Dur\u00e9e de lecture estim\u00e9e\" \/>\n\t<meta name=\"twitter:data1\" content=\"1 minute\" \/>\n<script type=\"application\/ld+json\" class=\"yoast-schema-graph\">{\"@context\":\"https:\/\/schema.org\",\"@graph\":[{\"@type\":\"WebPage\",\"@id\":\"https:\/\/somo-sam.com\/?product=declenchement-permanent-ou-limite\",\"url\":\"https:\/\/somo-sam.com\/?product=declenchement-permanent-ou-limite\",\"name\":\"DECLENCHEMENT PERMANENT OU LIMITE - SOMO S.A.M\",\"isPartOf\":{\"@id\":\"http:\/\/somo-sam.com\/#website\"},\"primaryImageOfPage\":{\"@id\":\"https:\/\/somo-sam.com\/?product=declenchement-permanent-ou-limite#primaryimage\"},\"image\":{\"@id\":\"https:\/\/somo-sam.com\/?product=declenchement-permanent-ou-limite#primaryimage\"},\"thumbnailUrl\":\"https:\/\/somo-sam.com\/wp-content\/uploads\/2025\/03\/Design-sans-titre-3-1.png\",\"datePublished\":\"2025-03-19T11:51:54+00:00\",\"dateModified\":\"2025-03-19T11:51:54+00:00\",\"breadcrumb\":{\"@id\":\"https:\/\/somo-sam.com\/?product=declenchement-permanent-ou-limite#breadcrumb\"},\"inLanguage\":\"fr-FR\",\"potentialAction\":[{\"@type\":\"ReadAction\",\"target\":[\"https:\/\/somo-sam.com\/?product=declenchement-permanent-ou-limite\"]}]},{\"@type\":\"ImageObject\",\"inLanguage\":\"fr-FR\",\"@id\":\"https:\/\/somo-sam.com\/?product=declenchement-permanent-ou-limite#primaryimage\",\"url\":\"https:\/\/somo-sam.com\/wp-content\/uploads\/2025\/03\/Design-sans-titre-3-1.png\",\"contentUrl\":\"https:\/\/somo-sam.com\/wp-content\/uploads\/2025\/03\/Design-sans-titre-3-1.png\",\"width\":1080,\"height\":1080},{\"@type\":\"BreadcrumbList\",\"@id\":\"https:\/\/somo-sam.com\/?product=declenchement-permanent-ou-limite#breadcrumb\",\"itemListElement\":[{\"@type\":\"ListItem\",\"position\":1,\"name\":\"Accueil\",\"item\":\"http:\/\/somo-sam.com\/\"},{\"@type\":\"ListItem\",\"position\":2,\"name\":\"Shop\",\"item\":\"https:\/\/somo-sam.com\/?page_id=413\"},{\"@type\":\"ListItem\",\"position\":3,\"name\":\"DECLENCHEMENT PERMANENT OU LIMITE\"}]},{\"@type\":\"WebSite\",\"@id\":\"http:\/\/somo-sam.com\/#website\",\"url\":\"http:\/\/somo-sam.com\/\",\"name\":\"SOMO S.A.M\",\"description\":\"Votre partenaire en \u00e9quipements h\u00f4teliers et de restauration\",\"potentialAction\":[{\"@type\":\"SearchAction\",\"target\":{\"@type\":\"EntryPoint\",\"urlTemplate\":\"http:\/\/somo-sam.com\/?s={search_term_string}\"},\"query-input\":{\"@type\":\"PropertyValueSpecification\",\"valueRequired\":true,\"valueName\":\"search_term_string\"}}],\"inLanguage\":\"fr-FR\"}]}<\/script>\n<!-- \/ Yoast SEO plugin. -->","yoast_head_json":{"title":"DECLENCHEMENT PERMANENT OU LIMITE - SOMO S.A.M","robots":{"index":"index","follow":"follow","max-snippet":"max-snippet:-1","max-image-preview":"max-image-preview:large","max-video-preview":"max-video-preview:-1"},"canonical":"https:\/\/somo-sam.com\/?product=declenchement-permanent-ou-limite","og_locale":"fr_FR","og_type":"article","og_title":"DECLENCHEMENT PERMANENT OU LIMITE - SOMO S.A.M","og_description":"\u2022 D\u00e9clenchement apr\u00e8s l&#8217;impulsion \u00e9lectrique. La fermeture est r\u00e9tablie apr\u00e8s que la porte ait \u00e9t\u00e9 ouverte et ferm\u00e9e (F16501) \u2022","og_url":"https:\/\/somo-sam.com\/?product=declenchement-permanent-ou-limite","og_site_name":"SOMO S.A.M","og_image":[{"width":1080,"height":1080,"url":"https:\/\/somo-sam.com\/wp-content\/uploads\/2025\/03\/Design-sans-titre-3-1.png","type":"image\/png"}],"twitter_card":"summary_large_image","twitter_misc":{"Dur\u00e9e de lecture estim\u00e9e":"1 minute"},"schema":{"@context":"https:\/\/schema.org","@graph":[{"@type":"WebPage","@id":"https:\/\/somo-sam.com\/?product=declenchement-permanent-ou-limite","url":"https:\/\/somo-sam.com\/?product=declenchement-permanent-ou-limite","name":"DECLENCHEMENT PERMANENT OU LIMITE - SOMO S.A.M","isPartOf":{"@id":"http:\/\/somo-sam.com\/#website"},"primaryImageOfPage":{"@id":"https:\/\/somo-sam.com\/?product=declenchement-permanent-ou-limite#primaryimage"},"image":{"@id":"https:\/\/somo-sam.com\/?product=declenchement-permanent-ou-limite#primaryimage"},"thumbnailUrl":"https:\/\/somo-sam.com\/wp-content\/uploads\/2025\/03\/Design-sans-titre-3-1.png","datePublished":"2025-03-19T11:51:54+00:00","dateModified":"2025-03-19T11:51:54+00:00","breadcrumb":{"@id":"https:\/\/somo-sam.com\/?product=declenchement-permanent-ou-limite#breadcrumb"},"inLanguage":"fr-FR","potentialAction":[{"@type":"ReadAction","target":["https:\/\/somo-sam.com\/?product=declenchement-permanent-ou-limite"]}]},{"@type":"ImageObject","inLanguage":"fr-FR","@id":"https:\/\/somo-sam.com\/?product=declenchement-permanent-ou-limite#primaryimage","url":"https:\/\/somo-sam.com\/wp-content\/uploads\/2025\/03\/Design-sans-titre-3-1.png","contentUrl":"https:\/\/somo-sam.com\/wp-content\/uploads\/2025\/03\/Design-sans-titre-3-1.png","width":1080,"height":1080},{"@type":"BreadcrumbList","@id":"https:\/\/somo-sam.com\/?product=declenchement-permanent-ou-limite#breadcrumb","itemListElement":[{"@type":"ListItem","position":1,"name":"Accueil","item":"http:\/\/somo-sam.com\/"},{"@type":"ListItem","position":2,"name":"Shop","item":"https:\/\/somo-sam.com\/?page_id=413"},{"@type":"ListItem","position":3,"name":"DECLENCHEMENT PERMANENT OU LIMITE"}]},{"@type":"WebSite","@id":"http:\/\/somo-sam.com\/#website","url":"http:\/\/somo-sam.com\/","name":"SOMO S.A.M","description":"Votre partenaire en \u00e9quipements h\u00f4teliers et de restauration","potentialAction":[{"@type":"SearchAction","target":{"@type":"EntryPoint","urlTemplate":"http:\/\/somo-sam.com\/?s={search_term_string}"},"query-input":{"@type":"PropertyValueSpecification","valueRequired":true,"valueName":"search_term_string"}}],"inLanguage":"fr-FR"}]}},"_links":{"self":[{"href":"https:\/\/somo-sam.com\/index.php?rest_route=\/wp\/v2\/product\/30592","targetHints":{"allow":["GET"]}}],"collection":[{"href":"https:\/\/somo-sam.com\/index.php?rest_route=\/wp\/v2\/product"}],"about":[{"href":"https:\/\/somo-sam.com\/index.php?rest_route=\/wp\/v2\/types\/product"}],"version-history":[{"count":1,"href":"https:\/\/somo-sam.com\/index.php?rest_route=\/wp\/v2\/product\/30592\/revisions"}],"predecessor-version":[{"id":30607,"href":"https:\/\/somo-sam.com\/index.php?rest_route=\/wp\/v2\/product\/30592\/revisions\/30607"}],"wp:featuredmedia":[{"embeddable":true,"href":"https:\/\/somo-sam.com\/index.php?rest_route=\/wp\/v2\/media\/30597"}],"wp:attachment":[{"href":"https:\/\/somo-sam.com\/index.php?rest_route=%2Fwp%2Fv2%2Fmedia&parent=30592"}],"wp:term":[{"taxonomy":"product_brand","embeddable":true,"href":"https:\/\/somo-sam.com\/index.php?rest_route=%2Fwp%2Fv2%2Fproduct_brand&post=30592"},{"taxonomy":"product_cat","embeddable":true,"href":"https:\/\/somo-sam.com\/index.php?rest_route=%2Fwp%2Fv2%2Fproduct_cat&post=30592"},{"taxonomy":"product_tag","embeddable":true,"href":"https:\/\/somo-sam.com\/index.php?rest_route=%2Fwp%2Fv2%2Fproduct_tag&post=30592"}],"curies":[{"name":"wp","href":"https:\/\/api.w.org\/{rel}","templated":true}]}}