{"id":30621,"date":"2025-03-19T16:50:52","date_gmt":"2025-03-19T15:50:52","guid":{"rendered":"https:\/\/somo-sam.com\/?post_type=product&#038;p=30621"},"modified":"2025-07-21T16:49:17","modified_gmt":"2025-07-21T14:49:17","slug":"electro-serrure-motorisee-avec-pene-avancant","status":"publish","type":"product","link":"https:\/\/somo-sam.com\/?product=electro-serrure-motorisee-avec-pene-avancant","title":{"rendered":"\u00c9lectro-serrure motoris\u00e9e avec p\u00eane avan\u00e7ant"},"content":{"rendered":"<p data-start=\"0\" data-end=\"50\"><strong data-start=\"0\" data-end=\"48\">\u00c9lectro-serrure motoris\u00e9e avec p\u00eane avan\u00e7ant<\/strong><\/p>\n<p data-start=\"52\" data-end=\"100\"><strong data-start=\"55\" data-end=\"71\">Installation<\/strong> : Encastr\u00e9e ou en applique<\/p>\n<h3 data-start=\"102\" data-end=\"139\"><strong data-start=\"106\" data-end=\"137\">Caract\u00e9ristiques techniques<\/strong><\/h3>\n<p data-start=\"140\" data-end=\"176\"><strong data-start=\"142\" data-end=\"172\">Mat\u00e9riaux haute r\u00e9sistance<\/strong> :<\/p>\n<ul data-start=\"177\" data-end=\"448\">\n<li data-start=\"177\" data-end=\"259\">Corps de serrure en acier chrom\u00e9 (R\u00e9f. N5501) ou acier verni noir (R\u00e9f. N5502)<\/li>\n<li data-start=\"260\" data-end=\"317\">T\u00eati\u00e8re en acier inox (30 mm) \u2013 uniquement pour N5501<\/li>\n<li data-start=\"318\" data-end=\"448\">Contre-plaque avec bille anti-rebond ajustable (course de 16 mm)\n<ul data-start=\"389\" data-end=\"448\">\n<li data-start=\"389\" data-end=\"414\">Acier inox pour N5501<\/li>\n<li data-start=\"417\" data-end=\"448\">Acier verni noir pour N5502<\/li>\n<\/ul>\n<\/li>\n<\/ul>\n<p data-start=\"450\" data-end=\"483\"><strong data-start=\"452\" data-end=\"479\">S\u00e9curit\u00e9 et performance<\/strong> :<\/p>\n<ul data-start=\"484\" data-end=\"769\">\n<li data-start=\"484\" data-end=\"554\">P\u00eane avan\u00e7ant en acier tremp\u00e9 (70 x 10 mm) avec extension de 30 mm<\/li>\n<li data-start=\"555\" data-end=\"609\">Blocage m\u00e9canique du p\u00eane en position de fermeture<\/li>\n<li data-start=\"610\" data-end=\"669\">Ouverture d\u2019urgence avec cl\u00e9 (fonctionnement m\u00e9canique)<\/li>\n<li data-start=\"670\" data-end=\"748\">D\u00e9verrouillage \u00e9lectrique par impulsion (n\u00e9cessite une armoire de gestion)<\/li>\n<li data-start=\"749\" data-end=\"769\">Montage vertical<\/li>\n<\/ul>\n<h3 data-start=\"771\" data-end=\"796\"><strong data-start=\"775\" data-end=\"794\">Contenu du pack<\/strong><\/h3>\n<p data-start=\"797\" data-end=\"814\"><strong data-start=\"800\" data-end=\"810\">Inclus<\/strong> :<\/p>\n<ul data-start=\"815\" data-end=\"922\">\n<li data-start=\"815\" data-end=\"834\">\u00c9lectro-serrure<\/li>\n<li data-start=\"835\" data-end=\"852\">Contre-plaque<\/li>\n<li data-start=\"853\" data-end=\"875\">Capteur magn\u00e9tique<\/li>\n<li data-start=\"876\" data-end=\"900\">G\u00e2che anti-arrachage<\/li>\n<li data-start=\"901\" data-end=\"922\">Notice de montage<\/li>\n<\/ul>\n<p data-start=\"924\" data-end=\"957\"><strong data-start=\"927\" data-end=\"953\">\u00c0 commander s\u00e9par\u00e9ment<\/strong> :<\/p>\n<ul data-start=\"958\" data-end=\"1048\">\n<li data-start=\"958\" data-end=\"999\">Armoire de gestion (R\u00e9f. N0455010000)<\/li>\n<li data-start=\"1000\" data-end=\"1035\">Alimentation (R\u00e9f. N0455083000)<\/li>\n<li data-start=\"1036\" data-end=\"1048\">Cylindre<\/li>\n<\/ul>\n","protected":false},"excerpt":{"rendered":"<h2><strong data-start=\"0\" data-end=\"48\">\u00c9lectro-serrure motoris\u00e9e avec p\u00eane avan\u00e7ant<\/strong><\/h2>\n","protected":false},"featured_media":30616,"template":"","meta":{"_acf_changed":false,"_monsterinsights_skip_tracking":false,"_monsterinsights_sitenote_active":false,"_monsterinsights_sitenote_note":"","_monsterinsights_sitenote_category":0},"product_brand":[],"product_cat":[267,266,256],"product_tag":[],"class_list":{"0":"post-30621","1":"product","2":"type-product","3":"status-publish","4":"has-post-thumbnail","6":"product_cat-a-mortaiser","7":"product_cat-serrures-portes-metalliques","8":"product_cat-technique-fermeture","10":"first","11":"instock","12":"taxable","13":"shipping-taxable","14":"purchasable","15":"product-type-variable","16":"add-to-wishlist-after_add_to_cart"},"acf":[],"yoast_head":"<!-- This site is optimized with the Yoast SEO plugin v23.6 - https:\/\/yoast.com\/wordpress\/plugins\/seo\/ -->\n<title>\u00c9lectro-serrure motoris\u00e9e avec p\u00eane avan\u00e7ant - SOMO S.A.M<\/title>\n<meta name=\"robots\" content=\"index, follow, max-snippet:-1, max-image-preview:large, max-video-preview:-1\" \/>\n<link rel=\"canonical\" href=\"https:\/\/somo-sam.com\/?product=electro-serrure-motorisee-avec-pene-avancant\" \/>\n<meta property=\"og:locale\" content=\"fr_FR\" \/>\n<meta property=\"og:type\" content=\"article\" \/>\n<meta property=\"og:title\" content=\"\u00c9lectro-serrure motoris\u00e9e avec p\u00eane avan\u00e7ant - SOMO S.A.M\" \/>\n<meta property=\"og:description\" content=\"\u00c9lectro-serrure motoris\u00e9e avec p\u00eane avan\u00e7ant\" \/>\n<meta property=\"og:url\" content=\"https:\/\/somo-sam.com\/?product=electro-serrure-motorisee-avec-pene-avancant\" \/>\n<meta property=\"og:site_name\" content=\"SOMO S.A.M\" \/>\n<meta property=\"article:modified_time\" content=\"2025-07-21T14:49:17+00:00\" \/>\n<meta property=\"og:image\" content=\"https:\/\/somo-sam.com\/wp-content\/uploads\/2025\/03\/Design-sans-titre-4-1.png\" \/>\n\t<meta property=\"og:image:width\" content=\"1080\" \/>\n\t<meta property=\"og:image:height\" content=\"1080\" \/>\n\t<meta property=\"og:image:type\" content=\"image\/png\" \/>\n<meta name=\"twitter:card\" content=\"summary_large_image\" \/>\n<meta name=\"twitter:label1\" content=\"Dur\u00e9e de lecture estim\u00e9e\" \/>\n\t<meta name=\"twitter:data1\" content=\"1 minute\" \/>\n<script type=\"application\/ld+json\" class=\"yoast-schema-graph\">{\"@context\":\"https:\/\/schema.org\",\"@graph\":[{\"@type\":\"WebPage\",\"@id\":\"https:\/\/somo-sam.com\/?product=electro-serrure-motorisee-avec-pene-avancant\",\"url\":\"https:\/\/somo-sam.com\/?product=electro-serrure-motorisee-avec-pene-avancant\",\"name\":\"\u00c9lectro-serrure motoris\u00e9e avec p\u00eane avan\u00e7ant - SOMO S.A.M\",\"isPartOf\":{\"@id\":\"http:\/\/somo-sam.com\/#website\"},\"primaryImageOfPage\":{\"@id\":\"https:\/\/somo-sam.com\/?product=electro-serrure-motorisee-avec-pene-avancant#primaryimage\"},\"image\":{\"@id\":\"https:\/\/somo-sam.com\/?product=electro-serrure-motorisee-avec-pene-avancant#primaryimage\"},\"thumbnailUrl\":\"https:\/\/somo-sam.com\/wp-content\/uploads\/2025\/03\/Design-sans-titre-4-1.png\",\"datePublished\":\"2025-03-19T15:50:52+00:00\",\"dateModified\":\"2025-07-21T14:49:17+00:00\",\"breadcrumb\":{\"@id\":\"https:\/\/somo-sam.com\/?product=electro-serrure-motorisee-avec-pene-avancant#breadcrumb\"},\"inLanguage\":\"fr-FR\",\"potentialAction\":[{\"@type\":\"ReadAction\",\"target\":[\"https:\/\/somo-sam.com\/?product=electro-serrure-motorisee-avec-pene-avancant\"]}]},{\"@type\":\"ImageObject\",\"inLanguage\":\"fr-FR\",\"@id\":\"https:\/\/somo-sam.com\/?product=electro-serrure-motorisee-avec-pene-avancant#primaryimage\",\"url\":\"https:\/\/somo-sam.com\/wp-content\/uploads\/2025\/03\/Design-sans-titre-4-1.png\",\"contentUrl\":\"https:\/\/somo-sam.com\/wp-content\/uploads\/2025\/03\/Design-sans-titre-4-1.png\",\"width\":1080,\"height\":1080},{\"@type\":\"BreadcrumbList\",\"@id\":\"https:\/\/somo-sam.com\/?product=electro-serrure-motorisee-avec-pene-avancant#breadcrumb\",\"itemListElement\":[{\"@type\":\"ListItem\",\"position\":1,\"name\":\"Accueil\",\"item\":\"http:\/\/somo-sam.com\/\"},{\"@type\":\"ListItem\",\"position\":2,\"name\":\"Shop\",\"item\":\"https:\/\/somo-sam.com\/?page_id=413\"},{\"@type\":\"ListItem\",\"position\":3,\"name\":\"\u00c9lectro-serrure motoris\u00e9e avec p\u00eane avan\u00e7ant\"}]},{\"@type\":\"WebSite\",\"@id\":\"http:\/\/somo-sam.com\/#website\",\"url\":\"http:\/\/somo-sam.com\/\",\"name\":\"SOMO S.A.M\",\"description\":\"Votre partenaire en \u00e9quipements h\u00f4teliers et de restauration\",\"potentialAction\":[{\"@type\":\"SearchAction\",\"target\":{\"@type\":\"EntryPoint\",\"urlTemplate\":\"http:\/\/somo-sam.com\/?s={search_term_string}\"},\"query-input\":{\"@type\":\"PropertyValueSpecification\",\"valueRequired\":true,\"valueName\":\"search_term_string\"}}],\"inLanguage\":\"fr-FR\"}]}<\/script>\n<!-- \/ Yoast SEO plugin. -->","yoast_head_json":{"title":"\u00c9lectro-serrure motoris\u00e9e avec p\u00eane avan\u00e7ant - SOMO S.A.M","robots":{"index":"index","follow":"follow","max-snippet":"max-snippet:-1","max-image-preview":"max-image-preview:large","max-video-preview":"max-video-preview:-1"},"canonical":"https:\/\/somo-sam.com\/?product=electro-serrure-motorisee-avec-pene-avancant","og_locale":"fr_FR","og_type":"article","og_title":"\u00c9lectro-serrure motoris\u00e9e avec p\u00eane avan\u00e7ant - SOMO S.A.M","og_description":"\u00c9lectro-serrure motoris\u00e9e avec p\u00eane avan\u00e7ant","og_url":"https:\/\/somo-sam.com\/?product=electro-serrure-motorisee-avec-pene-avancant","og_site_name":"SOMO S.A.M","article_modified_time":"2025-07-21T14:49:17+00:00","og_image":[{"width":1080,"height":1080,"url":"https:\/\/somo-sam.com\/wp-content\/uploads\/2025\/03\/Design-sans-titre-4-1.png","type":"image\/png"}],"twitter_card":"summary_large_image","twitter_misc":{"Dur\u00e9e de lecture estim\u00e9e":"1 minute"},"schema":{"@context":"https:\/\/schema.org","@graph":[{"@type":"WebPage","@id":"https:\/\/somo-sam.com\/?product=electro-serrure-motorisee-avec-pene-avancant","url":"https:\/\/somo-sam.com\/?product=electro-serrure-motorisee-avec-pene-avancant","name":"\u00c9lectro-serrure motoris\u00e9e avec p\u00eane avan\u00e7ant - SOMO S.A.M","isPartOf":{"@id":"http:\/\/somo-sam.com\/#website"},"primaryImageOfPage":{"@id":"https:\/\/somo-sam.com\/?product=electro-serrure-motorisee-avec-pene-avancant#primaryimage"},"image":{"@id":"https:\/\/somo-sam.com\/?product=electro-serrure-motorisee-avec-pene-avancant#primaryimage"},"thumbnailUrl":"https:\/\/somo-sam.com\/wp-content\/uploads\/2025\/03\/Design-sans-titre-4-1.png","datePublished":"2025-03-19T15:50:52+00:00","dateModified":"2025-07-21T14:49:17+00:00","breadcrumb":{"@id":"https:\/\/somo-sam.com\/?product=electro-serrure-motorisee-avec-pene-avancant#breadcrumb"},"inLanguage":"fr-FR","potentialAction":[{"@type":"ReadAction","target":["https:\/\/somo-sam.com\/?product=electro-serrure-motorisee-avec-pene-avancant"]}]},{"@type":"ImageObject","inLanguage":"fr-FR","@id":"https:\/\/somo-sam.com\/?product=electro-serrure-motorisee-avec-pene-avancant#primaryimage","url":"https:\/\/somo-sam.com\/wp-content\/uploads\/2025\/03\/Design-sans-titre-4-1.png","contentUrl":"https:\/\/somo-sam.com\/wp-content\/uploads\/2025\/03\/Design-sans-titre-4-1.png","width":1080,"height":1080},{"@type":"BreadcrumbList","@id":"https:\/\/somo-sam.com\/?product=electro-serrure-motorisee-avec-pene-avancant#breadcrumb","itemListElement":[{"@type":"ListItem","position":1,"name":"Accueil","item":"http:\/\/somo-sam.com\/"},{"@type":"ListItem","position":2,"name":"Shop","item":"https:\/\/somo-sam.com\/?page_id=413"},{"@type":"ListItem","position":3,"name":"\u00c9lectro-serrure motoris\u00e9e avec p\u00eane avan\u00e7ant"}]},{"@type":"WebSite","@id":"http:\/\/somo-sam.com\/#website","url":"http:\/\/somo-sam.com\/","name":"SOMO S.A.M","description":"Votre partenaire en \u00e9quipements h\u00f4teliers et de restauration","potentialAction":[{"@type":"SearchAction","target":{"@type":"EntryPoint","urlTemplate":"http:\/\/somo-sam.com\/?s={search_term_string}"},"query-input":{"@type":"PropertyValueSpecification","valueRequired":true,"valueName":"search_term_string"}}],"inLanguage":"fr-FR"}]}},"_links":{"self":[{"href":"https:\/\/somo-sam.com\/index.php?rest_route=\/wp\/v2\/product\/30621","targetHints":{"allow":["GET"]}}],"collection":[{"href":"https:\/\/somo-sam.com\/index.php?rest_route=\/wp\/v2\/product"}],"about":[{"href":"https:\/\/somo-sam.com\/index.php?rest_route=\/wp\/v2\/types\/product"}],"version-history":[{"count":1,"href":"https:\/\/somo-sam.com\/index.php?rest_route=\/wp\/v2\/product\/30621\/revisions"}],"predecessor-version":[{"id":30632,"href":"https:\/\/somo-sam.com\/index.php?rest_route=\/wp\/v2\/product\/30621\/revisions\/30632"}],"wp:featuredmedia":[{"embeddable":true,"href":"https:\/\/somo-sam.com\/index.php?rest_route=\/wp\/v2\/media\/30616"}],"wp:attachment":[{"href":"https:\/\/somo-sam.com\/index.php?rest_route=%2Fwp%2Fv2%2Fmedia&parent=30621"}],"wp:term":[{"taxonomy":"product_brand","embeddable":true,"href":"https:\/\/somo-sam.com\/index.php?rest_route=%2Fwp%2Fv2%2Fproduct_brand&post=30621"},{"taxonomy":"product_cat","embeddable":true,"href":"https:\/\/somo-sam.com\/index.php?rest_route=%2Fwp%2Fv2%2Fproduct_cat&post=30621"},{"taxonomy":"product_tag","embeddable":true,"href":"https:\/\/somo-sam.com\/index.php?rest_route=%2Fwp%2Fv2%2Fproduct_tag&post=30621"}],"curies":[{"name":"wp","href":"https:\/\/api.w.org\/{rel}","templated":true}]}}