{"id":30637,"date":"2025-03-19T17:10:00","date_gmt":"2025-03-19T16:10:00","guid":{"rendered":"https:\/\/somo-sam.com\/?post_type=product&#038;p=30637"},"modified":"2025-03-19T17:10:00","modified_gmt":"2025-03-19T16:10:00","slug":"serrures-a-pene-debrayable-555-plus-securite-et-fiabilite","status":"publish","type":"product","link":"https:\/\/somo-sam.com\/?product=serrures-a-pene-debrayable-555-plus-securite-et-fiabilite","title":{"rendered":"Serrures \u00e0 P\u00eane D\u00e9brayable 555 PLUS \u2013 S\u00e9curit\u00e9 et Fiabilit\u00e9"},"content":{"rendered":"<p data-start=\"67\" data-end=\"361\">Les serrures de la <strong data-start=\"86\" data-end=\"104\">s\u00e9rie 555 PLUS<\/strong> assurent une fermeture s\u00e9curis\u00e9e des portes int\u00e9rieures, m\u00eame en cas de panne de courant. Elles peuvent \u00eatre actionn\u00e9es <strong data-start=\"225\" data-end=\"242\">m\u00e9caniquement<\/strong> (cl\u00e9 ou bouton) ou <strong data-start=\"262\" data-end=\"282\">\u00e9lectroniquement<\/strong> (impulsion \u00e9lectrique) et s&#8217;installent <strong data-start=\"322\" data-end=\"358\">verticalement ou horizontalement<\/strong>.<\/p>\n<p data-start=\"363\" data-end=\"392\"><strong data-start=\"363\" data-end=\"390\">Caract\u00e9ristiques cl\u00e9s :<\/strong><\/p>\n<ul data-start=\"393\" data-end=\"889\" data-is-only-node=\"\" data-is-last-node=\"\">\n<li data-start=\"393\" data-end=\"477\"><strong data-start=\"395\" data-end=\"418\">Syst\u00e8me fail-secure<\/strong> : le verrouillage s\u2019active en cas de coupure de courant.<\/li>\n<li data-start=\"478\" data-end=\"522\"><strong data-start=\"480\" data-end=\"519\">Compatibilit\u00e9 cylindre Euro-profile<\/strong>.<\/li>\n<li data-start=\"523\" data-end=\"642\"><strong data-start=\"525\" data-end=\"582\">Deux types de p\u00eanes en acier carbonitrur\u00e9 anti-sciage<\/strong> :\n<ul data-start=\"589\" data-end=\"642\">\n<li data-start=\"589\" data-end=\"618\"><strong data-start=\"591\" data-end=\"616\">P\u00eane demi-cylindrique<\/strong><\/li>\n<li data-start=\"621\" data-end=\"642\"><strong data-start=\"623\" data-end=\"640\">P\u00eane \u00e0 loquet<\/strong><\/li>\n<\/ul>\n<\/li>\n<li data-start=\"643\" data-end=\"713\"><strong data-start=\"645\" data-end=\"675\">Capteur magn\u00e9tique int\u00e9gr\u00e9<\/strong> pour surveiller l\u2019\u00e9tat de la porte.<\/li>\n<li data-start=\"714\" data-end=\"782\"><strong data-start=\"716\" data-end=\"746\">Reverrouillage automatique<\/strong> ajustable (1 \u00e0 5 s ou 1 \u00e0 3 min).<\/li>\n<li data-start=\"783\" data-end=\"854\"><strong data-start=\"785\" data-end=\"809\">Connexion en cascade<\/strong> possible jusqu\u2019\u00e0 4 portes interconnect\u00e9es.<\/li>\n<li data-start=\"855\" data-end=\"889\" data-is-last-node=\"\"><strong data-start=\"857\" data-end=\"888\">Finition : acier inoxydable<\/strong>.<\/li>\n<\/ul>\n","protected":false},"excerpt":{"rendered":"<p>Les serrures de la s\u00e9rie 555 PLUS assurent une fermeture s\u00e9curis\u00e9e des portes int\u00e9rieures, m\u00eame en cas de panne de<\/p>\n","protected":false},"featured_media":30640,"template":"","meta":{"_acf_changed":false,"_monsterinsights_skip_tracking":false,"_monsterinsights_sitenote_active":false,"_monsterinsights_sitenote_note":"","_monsterinsights_sitenote_category":0},"product_brand":[286],"product_cat":[271,256],"product_tag":[],"class_list":{"0":"post-30637","1":"product","2":"type-product","3":"status-publish","4":"has-post-thumbnail","6":"product_brand-corni","7":"product_cat-electro-verrous-motorisees","8":"product_cat-technique-fermeture","10":"first","11":"instock","12":"taxable","13":"shipping-taxable","14":"purchasable","15":"product-type-variable","16":"add-to-wishlist-after_add_to_cart"},"acf":[],"yoast_head":"<!-- This site is optimized with the Yoast SEO plugin v23.6 - https:\/\/yoast.com\/wordpress\/plugins\/seo\/ -->\n<title>Serrures \u00e0 P\u00eane D\u00e9brayable 555 PLUS \u2013 S\u00e9curit\u00e9 et Fiabilit\u00e9 - SOMO S.A.M<\/title>\n<meta name=\"robots\" content=\"index, follow, max-snippet:-1, max-image-preview:large, max-video-preview:-1\" \/>\n<link rel=\"canonical\" href=\"https:\/\/somo-sam.com\/?product=serrures-a-pene-debrayable-555-plus-securite-et-fiabilite\" \/>\n<meta property=\"og:locale\" content=\"fr_FR\" \/>\n<meta property=\"og:type\" content=\"article\" \/>\n<meta property=\"og:title\" content=\"Serrures \u00e0 P\u00eane D\u00e9brayable 555 PLUS \u2013 S\u00e9curit\u00e9 et Fiabilit\u00e9 - SOMO S.A.M\" \/>\n<meta property=\"og:description\" content=\"Les serrures de la s\u00e9rie 555 PLUS assurent une fermeture s\u00e9curis\u00e9e des portes int\u00e9rieures, m\u00eame en cas de panne de\" \/>\n<meta property=\"og:url\" content=\"https:\/\/somo-sam.com\/?product=serrures-a-pene-debrayable-555-plus-securite-et-fiabilite\" \/>\n<meta property=\"og:site_name\" content=\"SOMO S.A.M\" \/>\n<meta property=\"og:image\" content=\"https:\/\/somo-sam.com\/wp-content\/uploads\/2025\/03\/555-series-security2_1x1.webp\" \/>\n\t<meta property=\"og:image:width\" content=\"760\" \/>\n\t<meta property=\"og:image:height\" content=\"760\" \/>\n\t<meta property=\"og:image:type\" content=\"image\/webp\" \/>\n<meta name=\"twitter:card\" content=\"summary_large_image\" \/>\n<meta name=\"twitter:label1\" content=\"Dur\u00e9e de lecture estim\u00e9e\" \/>\n\t<meta name=\"twitter:data1\" content=\"1 minute\" \/>\n<script type=\"application\/ld+json\" class=\"yoast-schema-graph\">{\"@context\":\"https:\/\/schema.org\",\"@graph\":[{\"@type\":\"WebPage\",\"@id\":\"https:\/\/somo-sam.com\/?product=serrures-a-pene-debrayable-555-plus-securite-et-fiabilite\",\"url\":\"https:\/\/somo-sam.com\/?product=serrures-a-pene-debrayable-555-plus-securite-et-fiabilite\",\"name\":\"Serrures \u00e0 P\u00eane D\u00e9brayable 555 PLUS \u2013 S\u00e9curit\u00e9 et Fiabilit\u00e9 - SOMO S.A.M\",\"isPartOf\":{\"@id\":\"https:\/\/somo-sam.com\/#website\"},\"primaryImageOfPage\":{\"@id\":\"https:\/\/somo-sam.com\/?product=serrures-a-pene-debrayable-555-plus-securite-et-fiabilite#primaryimage\"},\"image\":{\"@id\":\"https:\/\/somo-sam.com\/?product=serrures-a-pene-debrayable-555-plus-securite-et-fiabilite#primaryimage\"},\"thumbnailUrl\":\"https:\/\/somo-sam.com\/wp-content\/uploads\/2025\/03\/555-series-security2_1x1.webp\",\"datePublished\":\"2025-03-19T16:10:00+00:00\",\"dateModified\":\"2025-03-19T16:10:00+00:00\",\"breadcrumb\":{\"@id\":\"https:\/\/somo-sam.com\/?product=serrures-a-pene-debrayable-555-plus-securite-et-fiabilite#breadcrumb\"},\"inLanguage\":\"fr-FR\",\"potentialAction\":[{\"@type\":\"ReadAction\",\"target\":[\"https:\/\/somo-sam.com\/?product=serrures-a-pene-debrayable-555-plus-securite-et-fiabilite\"]}]},{\"@type\":\"ImageObject\",\"inLanguage\":\"fr-FR\",\"@id\":\"https:\/\/somo-sam.com\/?product=serrures-a-pene-debrayable-555-plus-securite-et-fiabilite#primaryimage\",\"url\":\"https:\/\/somo-sam.com\/wp-content\/uploads\/2025\/03\/555-series-security2_1x1.webp\",\"contentUrl\":\"https:\/\/somo-sam.com\/wp-content\/uploads\/2025\/03\/555-series-security2_1x1.webp\",\"width\":760,\"height\":760},{\"@type\":\"BreadcrumbList\",\"@id\":\"https:\/\/somo-sam.com\/?product=serrures-a-pene-debrayable-555-plus-securite-et-fiabilite#breadcrumb\",\"itemListElement\":[{\"@type\":\"ListItem\",\"position\":1,\"name\":\"Accueil\",\"item\":\"https:\/\/somo-sam.com\/\"},{\"@type\":\"ListItem\",\"position\":2,\"name\":\"Shop\",\"item\":\"https:\/\/somo-sam.com\/?page_id=413\"},{\"@type\":\"ListItem\",\"position\":3,\"name\":\"Serrures \u00e0 P\u00eane D\u00e9brayable 555 PLUS \u2013 S\u00e9curit\u00e9 et Fiabilit\u00e9\"}]},{\"@type\":\"WebSite\",\"@id\":\"https:\/\/somo-sam.com\/#website\",\"url\":\"https:\/\/somo-sam.com\/\",\"name\":\"SOMO S.A.M\",\"description\":\"Votre partenaire en \u00e9quipements h\u00f4teliers et de restauration\",\"potentialAction\":[{\"@type\":\"SearchAction\",\"target\":{\"@type\":\"EntryPoint\",\"urlTemplate\":\"https:\/\/somo-sam.com\/?s={search_term_string}\"},\"query-input\":{\"@type\":\"PropertyValueSpecification\",\"valueRequired\":true,\"valueName\":\"search_term_string\"}}],\"inLanguage\":\"fr-FR\"}]}<\/script>\n<!-- \/ Yoast SEO plugin. -->","yoast_head_json":{"title":"Serrures \u00e0 P\u00eane D\u00e9brayable 555 PLUS \u2013 S\u00e9curit\u00e9 et Fiabilit\u00e9 - SOMO S.A.M","robots":{"index":"index","follow":"follow","max-snippet":"max-snippet:-1","max-image-preview":"max-image-preview:large","max-video-preview":"max-video-preview:-1"},"canonical":"https:\/\/somo-sam.com\/?product=serrures-a-pene-debrayable-555-plus-securite-et-fiabilite","og_locale":"fr_FR","og_type":"article","og_title":"Serrures \u00e0 P\u00eane D\u00e9brayable 555 PLUS \u2013 S\u00e9curit\u00e9 et Fiabilit\u00e9 - SOMO S.A.M","og_description":"Les serrures de la s\u00e9rie 555 PLUS assurent une fermeture s\u00e9curis\u00e9e des portes int\u00e9rieures, m\u00eame en cas de panne de","og_url":"https:\/\/somo-sam.com\/?product=serrures-a-pene-debrayable-555-plus-securite-et-fiabilite","og_site_name":"SOMO S.A.M","og_image":[{"width":760,"height":760,"url":"https:\/\/somo-sam.com\/wp-content\/uploads\/2025\/03\/555-series-security2_1x1.webp","type":"image\/webp"}],"twitter_card":"summary_large_image","twitter_misc":{"Dur\u00e9e de lecture estim\u00e9e":"1 minute"},"schema":{"@context":"https:\/\/schema.org","@graph":[{"@type":"WebPage","@id":"https:\/\/somo-sam.com\/?product=serrures-a-pene-debrayable-555-plus-securite-et-fiabilite","url":"https:\/\/somo-sam.com\/?product=serrures-a-pene-debrayable-555-plus-securite-et-fiabilite","name":"Serrures \u00e0 P\u00eane D\u00e9brayable 555 PLUS \u2013 S\u00e9curit\u00e9 et Fiabilit\u00e9 - SOMO S.A.M","isPartOf":{"@id":"https:\/\/somo-sam.com\/#website"},"primaryImageOfPage":{"@id":"https:\/\/somo-sam.com\/?product=serrures-a-pene-debrayable-555-plus-securite-et-fiabilite#primaryimage"},"image":{"@id":"https:\/\/somo-sam.com\/?product=serrures-a-pene-debrayable-555-plus-securite-et-fiabilite#primaryimage"},"thumbnailUrl":"https:\/\/somo-sam.com\/wp-content\/uploads\/2025\/03\/555-series-security2_1x1.webp","datePublished":"2025-03-19T16:10:00+00:00","dateModified":"2025-03-19T16:10:00+00:00","breadcrumb":{"@id":"https:\/\/somo-sam.com\/?product=serrures-a-pene-debrayable-555-plus-securite-et-fiabilite#breadcrumb"},"inLanguage":"fr-FR","potentialAction":[{"@type":"ReadAction","target":["https:\/\/somo-sam.com\/?product=serrures-a-pene-debrayable-555-plus-securite-et-fiabilite"]}]},{"@type":"ImageObject","inLanguage":"fr-FR","@id":"https:\/\/somo-sam.com\/?product=serrures-a-pene-debrayable-555-plus-securite-et-fiabilite#primaryimage","url":"https:\/\/somo-sam.com\/wp-content\/uploads\/2025\/03\/555-series-security2_1x1.webp","contentUrl":"https:\/\/somo-sam.com\/wp-content\/uploads\/2025\/03\/555-series-security2_1x1.webp","width":760,"height":760},{"@type":"BreadcrumbList","@id":"https:\/\/somo-sam.com\/?product=serrures-a-pene-debrayable-555-plus-securite-et-fiabilite#breadcrumb","itemListElement":[{"@type":"ListItem","position":1,"name":"Accueil","item":"https:\/\/somo-sam.com\/"},{"@type":"ListItem","position":2,"name":"Shop","item":"https:\/\/somo-sam.com\/?page_id=413"},{"@type":"ListItem","position":3,"name":"Serrures \u00e0 P\u00eane D\u00e9brayable 555 PLUS \u2013 S\u00e9curit\u00e9 et Fiabilit\u00e9"}]},{"@type":"WebSite","@id":"https:\/\/somo-sam.com\/#website","url":"https:\/\/somo-sam.com\/","name":"SOMO S.A.M","description":"Votre partenaire en \u00e9quipements h\u00f4teliers et de restauration","potentialAction":[{"@type":"SearchAction","target":{"@type":"EntryPoint","urlTemplate":"https:\/\/somo-sam.com\/?s={search_term_string}"},"query-input":{"@type":"PropertyValueSpecification","valueRequired":true,"valueName":"search_term_string"}}],"inLanguage":"fr-FR"}]}},"_links":{"self":[{"href":"https:\/\/somo-sam.com\/index.php?rest_route=\/wp\/v2\/product\/30637","targetHints":{"allow":["GET"]}}],"collection":[{"href":"https:\/\/somo-sam.com\/index.php?rest_route=\/wp\/v2\/product"}],"about":[{"href":"https:\/\/somo-sam.com\/index.php?rest_route=\/wp\/v2\/types\/product"}],"version-history":[{"count":1,"href":"https:\/\/somo-sam.com\/index.php?rest_route=\/wp\/v2\/product\/30637\/revisions"}],"predecessor-version":[{"id":30645,"href":"https:\/\/somo-sam.com\/index.php?rest_route=\/wp\/v2\/product\/30637\/revisions\/30645"}],"wp:featuredmedia":[{"embeddable":true,"href":"https:\/\/somo-sam.com\/index.php?rest_route=\/wp\/v2\/media\/30640"}],"wp:attachment":[{"href":"https:\/\/somo-sam.com\/index.php?rest_route=%2Fwp%2Fv2%2Fmedia&parent=30637"}],"wp:term":[{"taxonomy":"product_brand","embeddable":true,"href":"https:\/\/somo-sam.com\/index.php?rest_route=%2Fwp%2Fv2%2Fproduct_brand&post=30637"},{"taxonomy":"product_cat","embeddable":true,"href":"https:\/\/somo-sam.com\/index.php?rest_route=%2Fwp%2Fv2%2Fproduct_cat&post=30637"},{"taxonomy":"product_tag","embeddable":true,"href":"https:\/\/somo-sam.com\/index.php?rest_route=%2Fwp%2Fv2%2Fproduct_tag&post=30637"}],"curies":[{"name":"wp","href":"https:\/\/api.w.org\/{rel}","templated":true}]}}