{"id":30774,"date":"2025-03-20T12:25:47","date_gmt":"2025-03-20T11:25:47","guid":{"rendered":"https:\/\/somo-sam.com\/?post_type=product&#038;p=30774"},"modified":"2025-03-20T12:25:48","modified_gmt":"2025-03-20T11:25:48","slug":"unlimited-pro-5000-eq-seche-cheveux-professionnel","status":"publish","type":"product","link":"https:\/\/somo-sam.com\/?product=unlimited-pro-5000-eq-seche-cheveux-professionnel","title":{"rendered":"Unlimited Pro 5000 eQ s\u00e8che-cheveux professionnel"},"content":{"rendered":"<h2>Performances extr\u00eames<\/h2>\n<p><b>2400 W<\/b><br \/>\nLe s\u00e8che-cheveux UNILIMITED PRO 5000 eQ, gr\u00e2ce \u00e0 son moteur num\u00e9rique sans balais, offre une long\u00e9vit\u00e9 extr\u00eame et des performances de s\u00e9chage in\u00e9gal\u00e9es. Id\u00e9al pour un usage intense.<\/p>\n<p>Vendu par lot de 3<\/p>\n","protected":false},"excerpt":{"rendered":"<p>Performances extr\u00eames 2400 W Le s\u00e8che-cheveux UNILIMITED PRO 5000 eQ, gr\u00e2ce \u00e0 son moteur num\u00e9rique sans balais, offre une long\u00e9vit\u00e9<\/p>\n","protected":false},"featured_media":30775,"template":"","meta":{"_acf_changed":false,"_monsterinsights_skip_tracking":false,"_monsterinsights_sitenote_active":false,"_monsterinsights_sitenote_note":"","_monsterinsights_sitenote_category":0},"product_brand":[279],"product_cat":[30],"product_tag":[],"class_list":{"0":"post-30774","1":"product","2":"type-product","3":"status-publish","4":"has-post-thumbnail","6":"product_brand-valera","7":"product_cat-accessoires-de-bains","9":"first","10":"instock","11":"taxable","12":"shipping-taxable","13":"purchasable","14":"product-type-simple","15":"add-to-wishlist-after_add_to_cart"},"acf":[],"yoast_head":"<!-- This site is optimized with the Yoast SEO plugin v23.6 - https:\/\/yoast.com\/wordpress\/plugins\/seo\/ -->\n<title>Unlimited Pro 5000 eQ s\u00e8che-cheveux professionnel - SOMO S.A.M<\/title>\n<meta name=\"robots\" content=\"index, follow, max-snippet:-1, max-image-preview:large, max-video-preview:-1\" \/>\n<link rel=\"canonical\" href=\"https:\/\/somo-sam.com\/?product=unlimited-pro-5000-eq-seche-cheveux-professionnel\" \/>\n<meta property=\"og:locale\" content=\"fr_FR\" \/>\n<meta property=\"og:type\" content=\"article\" \/>\n<meta property=\"og:title\" content=\"Unlimited Pro 5000 eQ s\u00e8che-cheveux professionnel - SOMO S.A.M\" \/>\n<meta property=\"og:description\" content=\"Performances extr\u00eames 2400 W Le s\u00e8che-cheveux UNILIMITED PRO 5000 eQ, gr\u00e2ce \u00e0 son moteur num\u00e9rique sans balais, offre une long\u00e9vit\u00e9\" \/>\n<meta property=\"og:url\" content=\"https:\/\/somo-sam.com\/?product=unlimited-pro-5000-eq-seche-cheveux-professionnel\" \/>\n<meta property=\"og:site_name\" content=\"SOMO S.A.M\" \/>\n<meta property=\"article:modified_time\" content=\"2025-03-20T11:25:48+00:00\" \/>\n<meta property=\"og:image\" content=\"https:\/\/somo-sam.com\/wp-content\/uploads\/2025\/03\/Design-sans-titre-13-1.png\" \/>\n\t<meta property=\"og:image:width\" content=\"1080\" \/>\n\t<meta property=\"og:image:height\" content=\"1080\" \/>\n\t<meta property=\"og:image:type\" content=\"image\/png\" \/>\n<meta name=\"twitter:card\" content=\"summary_large_image\" \/>\n<meta name=\"twitter:label1\" content=\"Dur\u00e9e de lecture estim\u00e9e\" \/>\n\t<meta name=\"twitter:data1\" content=\"1 minute\" \/>\n<script type=\"application\/ld+json\" class=\"yoast-schema-graph\">{\"@context\":\"https:\/\/schema.org\",\"@graph\":[{\"@type\":\"WebPage\",\"@id\":\"https:\/\/somo-sam.com\/?product=unlimited-pro-5000-eq-seche-cheveux-professionnel\",\"url\":\"https:\/\/somo-sam.com\/?product=unlimited-pro-5000-eq-seche-cheveux-professionnel\",\"name\":\"Unlimited Pro 5000 eQ s\u00e8che-cheveux professionnel - SOMO S.A.M\",\"isPartOf\":{\"@id\":\"https:\/\/somo-sam.com\/#website\"},\"primaryImageOfPage\":{\"@id\":\"https:\/\/somo-sam.com\/?product=unlimited-pro-5000-eq-seche-cheveux-professionnel#primaryimage\"},\"image\":{\"@id\":\"https:\/\/somo-sam.com\/?product=unlimited-pro-5000-eq-seche-cheveux-professionnel#primaryimage\"},\"thumbnailUrl\":\"https:\/\/somo-sam.com\/wp-content\/uploads\/2025\/03\/Design-sans-titre-13-1.png\",\"datePublished\":\"2025-03-20T11:25:47+00:00\",\"dateModified\":\"2025-03-20T11:25:48+00:00\",\"breadcrumb\":{\"@id\":\"https:\/\/somo-sam.com\/?product=unlimited-pro-5000-eq-seche-cheveux-professionnel#breadcrumb\"},\"inLanguage\":\"fr-FR\",\"potentialAction\":[{\"@type\":\"ReadAction\",\"target\":[\"https:\/\/somo-sam.com\/?product=unlimited-pro-5000-eq-seche-cheveux-professionnel\"]}]},{\"@type\":\"ImageObject\",\"inLanguage\":\"fr-FR\",\"@id\":\"https:\/\/somo-sam.com\/?product=unlimited-pro-5000-eq-seche-cheveux-professionnel#primaryimage\",\"url\":\"https:\/\/somo-sam.com\/wp-content\/uploads\/2025\/03\/Design-sans-titre-13-1.png\",\"contentUrl\":\"https:\/\/somo-sam.com\/wp-content\/uploads\/2025\/03\/Design-sans-titre-13-1.png\",\"width\":1080,\"height\":1080},{\"@type\":\"BreadcrumbList\",\"@id\":\"https:\/\/somo-sam.com\/?product=unlimited-pro-5000-eq-seche-cheveux-professionnel#breadcrumb\",\"itemListElement\":[{\"@type\":\"ListItem\",\"position\":1,\"name\":\"Accueil\",\"item\":\"https:\/\/somo-sam.com\/\"},{\"@type\":\"ListItem\",\"position\":2,\"name\":\"Shop\",\"item\":\"https:\/\/somo-sam.com\/?page_id=413\"},{\"@type\":\"ListItem\",\"position\":3,\"name\":\"Unlimited Pro 5000 eQ s\u00e8che-cheveux professionnel\"}]},{\"@type\":\"WebSite\",\"@id\":\"https:\/\/somo-sam.com\/#website\",\"url\":\"https:\/\/somo-sam.com\/\",\"name\":\"SOMO S.A.M\",\"description\":\"Votre partenaire en \u00e9quipements h\u00f4teliers et de restauration\",\"potentialAction\":[{\"@type\":\"SearchAction\",\"target\":{\"@type\":\"EntryPoint\",\"urlTemplate\":\"https:\/\/somo-sam.com\/?s={search_term_string}\"},\"query-input\":{\"@type\":\"PropertyValueSpecification\",\"valueRequired\":true,\"valueName\":\"search_term_string\"}}],\"inLanguage\":\"fr-FR\"}]}<\/script>\n<!-- \/ Yoast SEO plugin. -->","yoast_head_json":{"title":"Unlimited Pro 5000 eQ s\u00e8che-cheveux professionnel - SOMO S.A.M","robots":{"index":"index","follow":"follow","max-snippet":"max-snippet:-1","max-image-preview":"max-image-preview:large","max-video-preview":"max-video-preview:-1"},"canonical":"https:\/\/somo-sam.com\/?product=unlimited-pro-5000-eq-seche-cheveux-professionnel","og_locale":"fr_FR","og_type":"article","og_title":"Unlimited Pro 5000 eQ s\u00e8che-cheveux professionnel - SOMO S.A.M","og_description":"Performances extr\u00eames 2400 W Le s\u00e8che-cheveux UNILIMITED PRO 5000 eQ, gr\u00e2ce \u00e0 son moteur num\u00e9rique sans balais, offre une long\u00e9vit\u00e9","og_url":"https:\/\/somo-sam.com\/?product=unlimited-pro-5000-eq-seche-cheveux-professionnel","og_site_name":"SOMO S.A.M","article_modified_time":"2025-03-20T11:25:48+00:00","og_image":[{"width":1080,"height":1080,"url":"https:\/\/somo-sam.com\/wp-content\/uploads\/2025\/03\/Design-sans-titre-13-1.png","type":"image\/png"}],"twitter_card":"summary_large_image","twitter_misc":{"Dur\u00e9e de lecture estim\u00e9e":"1 minute"},"schema":{"@context":"https:\/\/schema.org","@graph":[{"@type":"WebPage","@id":"https:\/\/somo-sam.com\/?product=unlimited-pro-5000-eq-seche-cheveux-professionnel","url":"https:\/\/somo-sam.com\/?product=unlimited-pro-5000-eq-seche-cheveux-professionnel","name":"Unlimited Pro 5000 eQ s\u00e8che-cheveux professionnel - SOMO S.A.M","isPartOf":{"@id":"https:\/\/somo-sam.com\/#website"},"primaryImageOfPage":{"@id":"https:\/\/somo-sam.com\/?product=unlimited-pro-5000-eq-seche-cheveux-professionnel#primaryimage"},"image":{"@id":"https:\/\/somo-sam.com\/?product=unlimited-pro-5000-eq-seche-cheveux-professionnel#primaryimage"},"thumbnailUrl":"https:\/\/somo-sam.com\/wp-content\/uploads\/2025\/03\/Design-sans-titre-13-1.png","datePublished":"2025-03-20T11:25:47+00:00","dateModified":"2025-03-20T11:25:48+00:00","breadcrumb":{"@id":"https:\/\/somo-sam.com\/?product=unlimited-pro-5000-eq-seche-cheveux-professionnel#breadcrumb"},"inLanguage":"fr-FR","potentialAction":[{"@type":"ReadAction","target":["https:\/\/somo-sam.com\/?product=unlimited-pro-5000-eq-seche-cheveux-professionnel"]}]},{"@type":"ImageObject","inLanguage":"fr-FR","@id":"https:\/\/somo-sam.com\/?product=unlimited-pro-5000-eq-seche-cheveux-professionnel#primaryimage","url":"https:\/\/somo-sam.com\/wp-content\/uploads\/2025\/03\/Design-sans-titre-13-1.png","contentUrl":"https:\/\/somo-sam.com\/wp-content\/uploads\/2025\/03\/Design-sans-titre-13-1.png","width":1080,"height":1080},{"@type":"BreadcrumbList","@id":"https:\/\/somo-sam.com\/?product=unlimited-pro-5000-eq-seche-cheveux-professionnel#breadcrumb","itemListElement":[{"@type":"ListItem","position":1,"name":"Accueil","item":"https:\/\/somo-sam.com\/"},{"@type":"ListItem","position":2,"name":"Shop","item":"https:\/\/somo-sam.com\/?page_id=413"},{"@type":"ListItem","position":3,"name":"Unlimited Pro 5000 eQ s\u00e8che-cheveux professionnel"}]},{"@type":"WebSite","@id":"https:\/\/somo-sam.com\/#website","url":"https:\/\/somo-sam.com\/","name":"SOMO S.A.M","description":"Votre partenaire en \u00e9quipements h\u00f4teliers et de restauration","potentialAction":[{"@type":"SearchAction","target":{"@type":"EntryPoint","urlTemplate":"https:\/\/somo-sam.com\/?s={search_term_string}"},"query-input":{"@type":"PropertyValueSpecification","valueRequired":true,"valueName":"search_term_string"}}],"inLanguage":"fr-FR"}]}},"_links":{"self":[{"href":"https:\/\/somo-sam.com\/index.php?rest_route=\/wp\/v2\/product\/30774","targetHints":{"allow":["GET"]}}],"collection":[{"href":"https:\/\/somo-sam.com\/index.php?rest_route=\/wp\/v2\/product"}],"about":[{"href":"https:\/\/somo-sam.com\/index.php?rest_route=\/wp\/v2\/types\/product"}],"version-history":[{"count":1,"href":"https:\/\/somo-sam.com\/index.php?rest_route=\/wp\/v2\/product\/30774\/revisions"}],"predecessor-version":[{"id":30783,"href":"https:\/\/somo-sam.com\/index.php?rest_route=\/wp\/v2\/product\/30774\/revisions\/30783"}],"wp:featuredmedia":[{"embeddable":true,"href":"https:\/\/somo-sam.com\/index.php?rest_route=\/wp\/v2\/media\/30775"}],"wp:attachment":[{"href":"https:\/\/somo-sam.com\/index.php?rest_route=%2Fwp%2Fv2%2Fmedia&parent=30774"}],"wp:term":[{"taxonomy":"product_brand","embeddable":true,"href":"https:\/\/somo-sam.com\/index.php?rest_route=%2Fwp%2Fv2%2Fproduct_brand&post=30774"},{"taxonomy":"product_cat","embeddable":true,"href":"https:\/\/somo-sam.com\/index.php?rest_route=%2Fwp%2Fv2%2Fproduct_cat&post=30774"},{"taxonomy":"product_tag","embeddable":true,"href":"https:\/\/somo-sam.com\/index.php?rest_route=%2Fwp%2Fv2%2Fproduct_tag&post=30774"}],"curies":[{"name":"wp","href":"https:\/\/api.w.org\/{rel}","templated":true}]}}