{"id":30784,"date":"2025-03-20T12:33:33","date_gmt":"2025-03-20T11:33:33","guid":{"rendered":"https:\/\/somo-sam.com\/?post_type=product&#038;p=30784"},"modified":"2025-03-20T12:33:33","modified_gmt":"2025-03-20T11:33:33","slug":"dynamic-pro-4200-eq-seche-cheveux-professionnel","status":"publish","type":"product","link":"https:\/\/somo-sam.com\/?product=dynamic-pro-4200-eq-seche-cheveux-professionnel","title":{"rendered":"Dynamic Pro 4200 eQ s\u00e8che-cheveux professionnel"},"content":{"rendered":"<p><b>2400 W<\/b><\/p>\n<h2>Un styling sans limites<\/h2>\n<p>Le s\u00e8che-cheveux DYNAMIC PRO 4200 eQ permet un s\u00e9chage ultra-rapide gr\u00e2ce \u00e0 son moteur num\u00e9rique sans balais, pour un styling cr\u00e9atif gr\u00e2ce aux nombreuses prises en main possibles et \u00e0 son faible poids.<\/p>\n<p>&nbsp;<\/p>\n<p>Avec DYNAMIC PRO, Valera propose un s\u00e8che-cheveux laissant une totale libert\u00e9 aux coiffeurs-stylistes, tout en leur offrant une ergonomie optimale. Sa forme particuli\u00e8re, extra-longue et ultra-fine, assure une distance id\u00e9ale par rapport aux cheveux tout en offrant un champ de vision augment\u00e9 et cibl\u00e9. Ergonomique et antid\u00e9rapant, il tient parfaitement en main, en prise classique par la poign\u00e9e, ou bien par le corps ou le tube. Le tube long permet une technique particuli\u00e8re de s\u00e9chage. Le coiffeur peut l&#8217;utiliser pour enrouler plus rapidement les m\u00e8ches autour de la brosse ronde. Gr\u00e2ce \u00e0 son puissant moteur num\u00e9rique sans balais, DYNAMIC PRO 4200 atteint des sommets en terme de vitesse de s\u00e9chage et de long\u00e9vit\u00e9.<\/p>\n<p>Vendu par Lot de 3<\/p>\n","protected":false},"excerpt":{"rendered":"<p>2400 W Un styling sans limites Le s\u00e8che-cheveux DYNAMIC PRO 4200 eQ permet un s\u00e9chage ultra-rapide gr\u00e2ce \u00e0 son moteur<\/p>\n","protected":false},"featured_media":30787,"template":"","meta":{"_acf_changed":false,"_monsterinsights_skip_tracking":false,"_monsterinsights_sitenote_active":false,"_monsterinsights_sitenote_note":"","_monsterinsights_sitenote_category":0},"product_brand":[],"product_cat":[273,274],"product_tag":[],"class_list":{"0":"post-30784","1":"product","2":"type-product","3":"status-publish","4":"has-post-thumbnail","6":"product_cat-salon-coiffure-exslusive","7":"product_cat-seche-cheveux-pro","9":"first","10":"instock","11":"taxable","12":"shipping-taxable","13":"purchasable","14":"product-type-simple","15":"add-to-wishlist-after_add_to_cart"},"acf":[],"yoast_head":"<!-- This site is optimized with the Yoast SEO plugin v23.6 - https:\/\/yoast.com\/wordpress\/plugins\/seo\/ -->\n<title>Dynamic Pro 4200 eQ s\u00e8che-cheveux professionnel - SOMO S.A.M<\/title>\n<meta name=\"robots\" content=\"index, follow, max-snippet:-1, max-image-preview:large, max-video-preview:-1\" \/>\n<link rel=\"canonical\" href=\"https:\/\/somo-sam.com\/?product=dynamic-pro-4200-eq-seche-cheveux-professionnel\" \/>\n<meta property=\"og:locale\" content=\"fr_FR\" \/>\n<meta property=\"og:type\" content=\"article\" \/>\n<meta property=\"og:title\" content=\"Dynamic Pro 4200 eQ s\u00e8che-cheveux professionnel - SOMO S.A.M\" \/>\n<meta property=\"og:description\" content=\"2400 W Un styling sans limites Le s\u00e8che-cheveux DYNAMIC PRO 4200 eQ permet un s\u00e9chage ultra-rapide gr\u00e2ce \u00e0 son moteur\" \/>\n<meta property=\"og:url\" content=\"https:\/\/somo-sam.com\/?product=dynamic-pro-4200-eq-seche-cheveux-professionnel\" \/>\n<meta property=\"og:site_name\" content=\"SOMO S.A.M\" \/>\n<meta property=\"og:image\" content=\"https:\/\/somo-sam.com\/wp-content\/uploads\/2025\/03\/Design-sans-titre-14.png\" \/>\n\t<meta property=\"og:image:width\" content=\"1080\" \/>\n\t<meta property=\"og:image:height\" content=\"1080\" \/>\n\t<meta property=\"og:image:type\" content=\"image\/png\" \/>\n<meta name=\"twitter:card\" content=\"summary_large_image\" \/>\n<meta name=\"twitter:label1\" content=\"Dur\u00e9e de lecture estim\u00e9e\" \/>\n\t<meta name=\"twitter:data1\" content=\"2 minutes\" \/>\n<script type=\"application\/ld+json\" class=\"yoast-schema-graph\">{\"@context\":\"https:\/\/schema.org\",\"@graph\":[{\"@type\":\"WebPage\",\"@id\":\"https:\/\/somo-sam.com\/?product=dynamic-pro-4200-eq-seche-cheveux-professionnel\",\"url\":\"https:\/\/somo-sam.com\/?product=dynamic-pro-4200-eq-seche-cheveux-professionnel\",\"name\":\"Dynamic Pro 4200 eQ s\u00e8che-cheveux professionnel - SOMO S.A.M\",\"isPartOf\":{\"@id\":\"https:\/\/somo-sam.com\/#website\"},\"primaryImageOfPage\":{\"@id\":\"https:\/\/somo-sam.com\/?product=dynamic-pro-4200-eq-seche-cheveux-professionnel#primaryimage\"},\"image\":{\"@id\":\"https:\/\/somo-sam.com\/?product=dynamic-pro-4200-eq-seche-cheveux-professionnel#primaryimage\"},\"thumbnailUrl\":\"https:\/\/somo-sam.com\/wp-content\/uploads\/2025\/03\/Design-sans-titre-14.png\",\"datePublished\":\"2025-03-20T11:33:33+00:00\",\"dateModified\":\"2025-03-20T11:33:33+00:00\",\"breadcrumb\":{\"@id\":\"https:\/\/somo-sam.com\/?product=dynamic-pro-4200-eq-seche-cheveux-professionnel#breadcrumb\"},\"inLanguage\":\"fr-FR\",\"potentialAction\":[{\"@type\":\"ReadAction\",\"target\":[\"https:\/\/somo-sam.com\/?product=dynamic-pro-4200-eq-seche-cheveux-professionnel\"]}]},{\"@type\":\"ImageObject\",\"inLanguage\":\"fr-FR\",\"@id\":\"https:\/\/somo-sam.com\/?product=dynamic-pro-4200-eq-seche-cheveux-professionnel#primaryimage\",\"url\":\"https:\/\/somo-sam.com\/wp-content\/uploads\/2025\/03\/Design-sans-titre-14.png\",\"contentUrl\":\"https:\/\/somo-sam.com\/wp-content\/uploads\/2025\/03\/Design-sans-titre-14.png\",\"width\":1080,\"height\":1080},{\"@type\":\"BreadcrumbList\",\"@id\":\"https:\/\/somo-sam.com\/?product=dynamic-pro-4200-eq-seche-cheveux-professionnel#breadcrumb\",\"itemListElement\":[{\"@type\":\"ListItem\",\"position\":1,\"name\":\"Accueil\",\"item\":\"https:\/\/somo-sam.com\/\"},{\"@type\":\"ListItem\",\"position\":2,\"name\":\"Shop\",\"item\":\"https:\/\/somo-sam.com\/?page_id=413\"},{\"@type\":\"ListItem\",\"position\":3,\"name\":\"Dynamic Pro 4200 eQ s\u00e8che-cheveux professionnel\"}]},{\"@type\":\"WebSite\",\"@id\":\"https:\/\/somo-sam.com\/#website\",\"url\":\"https:\/\/somo-sam.com\/\",\"name\":\"SOMO S.A.M\",\"description\":\"Votre partenaire en \u00e9quipements h\u00f4teliers et de restauration\",\"potentialAction\":[{\"@type\":\"SearchAction\",\"target\":{\"@type\":\"EntryPoint\",\"urlTemplate\":\"https:\/\/somo-sam.com\/?s={search_term_string}\"},\"query-input\":{\"@type\":\"PropertyValueSpecification\",\"valueRequired\":true,\"valueName\":\"search_term_string\"}}],\"inLanguage\":\"fr-FR\"}]}<\/script>\n<!-- \/ Yoast SEO plugin. -->","yoast_head_json":{"title":"Dynamic Pro 4200 eQ s\u00e8che-cheveux professionnel - SOMO S.A.M","robots":{"index":"index","follow":"follow","max-snippet":"max-snippet:-1","max-image-preview":"max-image-preview:large","max-video-preview":"max-video-preview:-1"},"canonical":"https:\/\/somo-sam.com\/?product=dynamic-pro-4200-eq-seche-cheveux-professionnel","og_locale":"fr_FR","og_type":"article","og_title":"Dynamic Pro 4200 eQ s\u00e8che-cheveux professionnel - SOMO S.A.M","og_description":"2400 W Un styling sans limites Le s\u00e8che-cheveux DYNAMIC PRO 4200 eQ permet un s\u00e9chage ultra-rapide gr\u00e2ce \u00e0 son moteur","og_url":"https:\/\/somo-sam.com\/?product=dynamic-pro-4200-eq-seche-cheveux-professionnel","og_site_name":"SOMO S.A.M","og_image":[{"width":1080,"height":1080,"url":"https:\/\/somo-sam.com\/wp-content\/uploads\/2025\/03\/Design-sans-titre-14.png","type":"image\/png"}],"twitter_card":"summary_large_image","twitter_misc":{"Dur\u00e9e de lecture estim\u00e9e":"2 minutes"},"schema":{"@context":"https:\/\/schema.org","@graph":[{"@type":"WebPage","@id":"https:\/\/somo-sam.com\/?product=dynamic-pro-4200-eq-seche-cheveux-professionnel","url":"https:\/\/somo-sam.com\/?product=dynamic-pro-4200-eq-seche-cheveux-professionnel","name":"Dynamic Pro 4200 eQ s\u00e8che-cheveux professionnel - SOMO S.A.M","isPartOf":{"@id":"https:\/\/somo-sam.com\/#website"},"primaryImageOfPage":{"@id":"https:\/\/somo-sam.com\/?product=dynamic-pro-4200-eq-seche-cheveux-professionnel#primaryimage"},"image":{"@id":"https:\/\/somo-sam.com\/?product=dynamic-pro-4200-eq-seche-cheveux-professionnel#primaryimage"},"thumbnailUrl":"https:\/\/somo-sam.com\/wp-content\/uploads\/2025\/03\/Design-sans-titre-14.png","datePublished":"2025-03-20T11:33:33+00:00","dateModified":"2025-03-20T11:33:33+00:00","breadcrumb":{"@id":"https:\/\/somo-sam.com\/?product=dynamic-pro-4200-eq-seche-cheveux-professionnel#breadcrumb"},"inLanguage":"fr-FR","potentialAction":[{"@type":"ReadAction","target":["https:\/\/somo-sam.com\/?product=dynamic-pro-4200-eq-seche-cheveux-professionnel"]}]},{"@type":"ImageObject","inLanguage":"fr-FR","@id":"https:\/\/somo-sam.com\/?product=dynamic-pro-4200-eq-seche-cheveux-professionnel#primaryimage","url":"https:\/\/somo-sam.com\/wp-content\/uploads\/2025\/03\/Design-sans-titre-14.png","contentUrl":"https:\/\/somo-sam.com\/wp-content\/uploads\/2025\/03\/Design-sans-titre-14.png","width":1080,"height":1080},{"@type":"BreadcrumbList","@id":"https:\/\/somo-sam.com\/?product=dynamic-pro-4200-eq-seche-cheveux-professionnel#breadcrumb","itemListElement":[{"@type":"ListItem","position":1,"name":"Accueil","item":"https:\/\/somo-sam.com\/"},{"@type":"ListItem","position":2,"name":"Shop","item":"https:\/\/somo-sam.com\/?page_id=413"},{"@type":"ListItem","position":3,"name":"Dynamic Pro 4200 eQ s\u00e8che-cheveux professionnel"}]},{"@type":"WebSite","@id":"https:\/\/somo-sam.com\/#website","url":"https:\/\/somo-sam.com\/","name":"SOMO S.A.M","description":"Votre partenaire en \u00e9quipements h\u00f4teliers et de restauration","potentialAction":[{"@type":"SearchAction","target":{"@type":"EntryPoint","urlTemplate":"https:\/\/somo-sam.com\/?s={search_term_string}"},"query-input":{"@type":"PropertyValueSpecification","valueRequired":true,"valueName":"search_term_string"}}],"inLanguage":"fr-FR"}]}},"_links":{"self":[{"href":"https:\/\/somo-sam.com\/index.php?rest_route=\/wp\/v2\/product\/30784","targetHints":{"allow":["GET"]}}],"collection":[{"href":"https:\/\/somo-sam.com\/index.php?rest_route=\/wp\/v2\/product"}],"about":[{"href":"https:\/\/somo-sam.com\/index.php?rest_route=\/wp\/v2\/types\/product"}],"version-history":[{"count":1,"href":"https:\/\/somo-sam.com\/index.php?rest_route=\/wp\/v2\/product\/30784\/revisions"}],"predecessor-version":[{"id":30791,"href":"https:\/\/somo-sam.com\/index.php?rest_route=\/wp\/v2\/product\/30784\/revisions\/30791"}],"wp:featuredmedia":[{"embeddable":true,"href":"https:\/\/somo-sam.com\/index.php?rest_route=\/wp\/v2\/media\/30787"}],"wp:attachment":[{"href":"https:\/\/somo-sam.com\/index.php?rest_route=%2Fwp%2Fv2%2Fmedia&parent=30784"}],"wp:term":[{"taxonomy":"product_brand","embeddable":true,"href":"https:\/\/somo-sam.com\/index.php?rest_route=%2Fwp%2Fv2%2Fproduct_brand&post=30784"},{"taxonomy":"product_cat","embeddable":true,"href":"https:\/\/somo-sam.com\/index.php?rest_route=%2Fwp%2Fv2%2Fproduct_cat&post=30784"},{"taxonomy":"product_tag","embeddable":true,"href":"https:\/\/somo-sam.com\/index.php?rest_route=%2Fwp%2Fv2%2Fproduct_tag&post=30784"}],"curies":[{"name":"wp","href":"https:\/\/api.w.org\/{rel}","templated":true}]}}