{"id":30792,"date":"2025-03-20T12:37:50","date_gmt":"2025-03-20T11:37:50","guid":{"rendered":"https:\/\/somo-sam.com\/?post_type=product&#038;p=30792"},"modified":"2025-03-20T12:37:51","modified_gmt":"2025-03-20T11:37:51","slug":"metal-craft-pro-8-0-seche-cheveux-professionnel-en-acier","status":"publish","type":"product","link":"https:\/\/somo-sam.com\/?product=metal-craft-pro-8-0-seche-cheveux-professionnel-en-acier","title":{"rendered":"Metal Craft Pro 8.0 s\u00e8che-cheveux professionnel en acier"},"content":{"rendered":"<p><b>2200 W<\/b><\/p>\n<h2>Une technique de pointe au format r\u00e9tro<\/h2>\n<p>Avec son corps \u00e9l\u00e9gant en acier chrom\u00e9 noir, le s\u00e8che-cheveux METAL CRAFT PRO 8.0 associe d&#8217;excellentes performances \u00e0 un look r\u00e9tro unique. Son moteur num\u00e9rique sans balais lui offre une long\u00e9vit\u00e9 accrue m\u00eame en cas d&#8217;utilisation intensive.<\/p>\n","protected":false},"excerpt":{"rendered":"<p>2200 W Une technique de pointe au format r\u00e9tro Avec son corps \u00e9l\u00e9gant en acier chrom\u00e9 noir, le s\u00e8che-cheveux METAL<\/p>\n","protected":false},"featured_media":30795,"template":"","meta":{"_acf_changed":false,"_monsterinsights_skip_tracking":false,"_monsterinsights_sitenote_active":false,"_monsterinsights_sitenote_note":"","_monsterinsights_sitenote_category":0},"product_brand":[279],"product_cat":[273,274],"product_tag":[],"class_list":{"0":"post-30792","1":"product","2":"type-product","3":"status-publish","4":"has-post-thumbnail","6":"product_brand-valera","7":"product_cat-salon-coiffure-exslusive","8":"product_cat-seche-cheveux-pro","10":"first","11":"instock","12":"taxable","13":"shipping-taxable","14":"purchasable","15":"product-type-simple","16":"add-to-wishlist-after_add_to_cart"},"acf":[],"yoast_head":"<!-- This site is optimized with the Yoast SEO plugin v23.6 - https:\/\/yoast.com\/wordpress\/plugins\/seo\/ -->\n<title>Metal Craft Pro 8.0 s\u00e8che-cheveux professionnel en acier - SOMO S.A.M<\/title>\n<meta name=\"robots\" content=\"index, follow, max-snippet:-1, max-image-preview:large, max-video-preview:-1\" \/>\n<link rel=\"canonical\" href=\"http:\/\/somo-sam.com\/?product=metal-craft-pro-8-0-seche-cheveux-professionnel-en-acier\" \/>\n<meta property=\"og:locale\" content=\"fr_FR\" \/>\n<meta property=\"og:type\" content=\"article\" \/>\n<meta property=\"og:title\" content=\"Metal Craft Pro 8.0 s\u00e8che-cheveux professionnel en acier - SOMO S.A.M\" \/>\n<meta property=\"og:description\" content=\"2200 W Une technique de pointe au format r\u00e9tro Avec son corps \u00e9l\u00e9gant en acier chrom\u00e9 noir, le s\u00e8che-cheveux METAL\" \/>\n<meta property=\"og:url\" content=\"http:\/\/somo-sam.com\/?product=metal-craft-pro-8-0-seche-cheveux-professionnel-en-acier\" \/>\n<meta property=\"og:site_name\" content=\"SOMO S.A.M\" \/>\n<meta property=\"article:modified_time\" content=\"2025-03-20T11:37:51+00:00\" \/>\n<meta property=\"og:image\" content=\"http:\/\/somo-sam.com\/wp-content\/uploads\/2025\/03\/Design-sans-titre-18.png\" \/>\n\t<meta property=\"og:image:width\" content=\"1080\" \/>\n\t<meta property=\"og:image:height\" content=\"1080\" \/>\n\t<meta property=\"og:image:type\" content=\"image\/png\" \/>\n<meta name=\"twitter:card\" content=\"summary_large_image\" \/>\n<meta name=\"twitter:label1\" content=\"Dur\u00e9e de lecture estim\u00e9e\" \/>\n\t<meta name=\"twitter:data1\" content=\"1 minute\" \/>\n<script type=\"application\/ld+json\" class=\"yoast-schema-graph\">{\"@context\":\"https:\/\/schema.org\",\"@graph\":[{\"@type\":\"WebPage\",\"@id\":\"http:\/\/somo-sam.com\/?product=metal-craft-pro-8-0-seche-cheveux-professionnel-en-acier\",\"url\":\"http:\/\/somo-sam.com\/?product=metal-craft-pro-8-0-seche-cheveux-professionnel-en-acier\",\"name\":\"Metal Craft Pro 8.0 s\u00e8che-cheveux professionnel en acier - SOMO S.A.M\",\"isPartOf\":{\"@id\":\"https:\/\/somo-sam.com\/#website\"},\"primaryImageOfPage\":{\"@id\":\"http:\/\/somo-sam.com\/?product=metal-craft-pro-8-0-seche-cheveux-professionnel-en-acier#primaryimage\"},\"image\":{\"@id\":\"http:\/\/somo-sam.com\/?product=metal-craft-pro-8-0-seche-cheveux-professionnel-en-acier#primaryimage\"},\"thumbnailUrl\":\"https:\/\/somo-sam.com\/wp-content\/uploads\/2025\/03\/Design-sans-titre-18.png\",\"datePublished\":\"2025-03-20T11:37:50+00:00\",\"dateModified\":\"2025-03-20T11:37:51+00:00\",\"breadcrumb\":{\"@id\":\"http:\/\/somo-sam.com\/?product=metal-craft-pro-8-0-seche-cheveux-professionnel-en-acier#breadcrumb\"},\"inLanguage\":\"fr-FR\",\"potentialAction\":[{\"@type\":\"ReadAction\",\"target\":[\"http:\/\/somo-sam.com\/?product=metal-craft-pro-8-0-seche-cheveux-professionnel-en-acier\"]}]},{\"@type\":\"ImageObject\",\"inLanguage\":\"fr-FR\",\"@id\":\"http:\/\/somo-sam.com\/?product=metal-craft-pro-8-0-seche-cheveux-professionnel-en-acier#primaryimage\",\"url\":\"https:\/\/somo-sam.com\/wp-content\/uploads\/2025\/03\/Design-sans-titre-18.png\",\"contentUrl\":\"https:\/\/somo-sam.com\/wp-content\/uploads\/2025\/03\/Design-sans-titre-18.png\",\"width\":1080,\"height\":1080},{\"@type\":\"BreadcrumbList\",\"@id\":\"http:\/\/somo-sam.com\/?product=metal-craft-pro-8-0-seche-cheveux-professionnel-en-acier#breadcrumb\",\"itemListElement\":[{\"@type\":\"ListItem\",\"position\":1,\"name\":\"Accueil\",\"item\":\"https:\/\/somo-sam.com\/\"},{\"@type\":\"ListItem\",\"position\":2,\"name\":\"Shop\",\"item\":\"http:\/\/somo-sam.com\/?page_id=413\"},{\"@type\":\"ListItem\",\"position\":3,\"name\":\"Metal Craft Pro 8.0 s\u00e8che-cheveux professionnel en acier\"}]},{\"@type\":\"WebSite\",\"@id\":\"https:\/\/somo-sam.com\/#website\",\"url\":\"https:\/\/somo-sam.com\/\",\"name\":\"SOMO S.A.M\",\"description\":\"Votre partenaire en \u00e9quipements h\u00f4teliers et de restauration\",\"potentialAction\":[{\"@type\":\"SearchAction\",\"target\":{\"@type\":\"EntryPoint\",\"urlTemplate\":\"https:\/\/somo-sam.com\/?s={search_term_string}\"},\"query-input\":{\"@type\":\"PropertyValueSpecification\",\"valueRequired\":true,\"valueName\":\"search_term_string\"}}],\"inLanguage\":\"fr-FR\"}]}<\/script>\n<!-- \/ Yoast SEO plugin. -->","yoast_head_json":{"title":"Metal Craft Pro 8.0 s\u00e8che-cheveux professionnel en acier - SOMO S.A.M","robots":{"index":"index","follow":"follow","max-snippet":"max-snippet:-1","max-image-preview":"max-image-preview:large","max-video-preview":"max-video-preview:-1"},"canonical":"http:\/\/somo-sam.com\/?product=metal-craft-pro-8-0-seche-cheveux-professionnel-en-acier","og_locale":"fr_FR","og_type":"article","og_title":"Metal Craft Pro 8.0 s\u00e8che-cheveux professionnel en acier - SOMO S.A.M","og_description":"2200 W Une technique de pointe au format r\u00e9tro Avec son corps \u00e9l\u00e9gant en acier chrom\u00e9 noir, le s\u00e8che-cheveux METAL","og_url":"http:\/\/somo-sam.com\/?product=metal-craft-pro-8-0-seche-cheveux-professionnel-en-acier","og_site_name":"SOMO S.A.M","article_modified_time":"2025-03-20T11:37:51+00:00","og_image":[{"width":1080,"height":1080,"url":"http:\/\/somo-sam.com\/wp-content\/uploads\/2025\/03\/Design-sans-titre-18.png","type":"image\/png"}],"twitter_card":"summary_large_image","twitter_misc":{"Dur\u00e9e de lecture estim\u00e9e":"1 minute"},"schema":{"@context":"https:\/\/schema.org","@graph":[{"@type":"WebPage","@id":"http:\/\/somo-sam.com\/?product=metal-craft-pro-8-0-seche-cheveux-professionnel-en-acier","url":"http:\/\/somo-sam.com\/?product=metal-craft-pro-8-0-seche-cheveux-professionnel-en-acier","name":"Metal Craft Pro 8.0 s\u00e8che-cheveux professionnel en acier - SOMO S.A.M","isPartOf":{"@id":"https:\/\/somo-sam.com\/#website"},"primaryImageOfPage":{"@id":"http:\/\/somo-sam.com\/?product=metal-craft-pro-8-0-seche-cheveux-professionnel-en-acier#primaryimage"},"image":{"@id":"http:\/\/somo-sam.com\/?product=metal-craft-pro-8-0-seche-cheveux-professionnel-en-acier#primaryimage"},"thumbnailUrl":"https:\/\/somo-sam.com\/wp-content\/uploads\/2025\/03\/Design-sans-titre-18.png","datePublished":"2025-03-20T11:37:50+00:00","dateModified":"2025-03-20T11:37:51+00:00","breadcrumb":{"@id":"http:\/\/somo-sam.com\/?product=metal-craft-pro-8-0-seche-cheveux-professionnel-en-acier#breadcrumb"},"inLanguage":"fr-FR","potentialAction":[{"@type":"ReadAction","target":["http:\/\/somo-sam.com\/?product=metal-craft-pro-8-0-seche-cheveux-professionnel-en-acier"]}]},{"@type":"ImageObject","inLanguage":"fr-FR","@id":"http:\/\/somo-sam.com\/?product=metal-craft-pro-8-0-seche-cheveux-professionnel-en-acier#primaryimage","url":"https:\/\/somo-sam.com\/wp-content\/uploads\/2025\/03\/Design-sans-titre-18.png","contentUrl":"https:\/\/somo-sam.com\/wp-content\/uploads\/2025\/03\/Design-sans-titre-18.png","width":1080,"height":1080},{"@type":"BreadcrumbList","@id":"http:\/\/somo-sam.com\/?product=metal-craft-pro-8-0-seche-cheveux-professionnel-en-acier#breadcrumb","itemListElement":[{"@type":"ListItem","position":1,"name":"Accueil","item":"https:\/\/somo-sam.com\/"},{"@type":"ListItem","position":2,"name":"Shop","item":"http:\/\/somo-sam.com\/?page_id=413"},{"@type":"ListItem","position":3,"name":"Metal Craft Pro 8.0 s\u00e8che-cheveux professionnel en acier"}]},{"@type":"WebSite","@id":"https:\/\/somo-sam.com\/#website","url":"https:\/\/somo-sam.com\/","name":"SOMO S.A.M","description":"Votre partenaire en \u00e9quipements h\u00f4teliers et de restauration","potentialAction":[{"@type":"SearchAction","target":{"@type":"EntryPoint","urlTemplate":"https:\/\/somo-sam.com\/?s={search_term_string}"},"query-input":{"@type":"PropertyValueSpecification","valueRequired":true,"valueName":"search_term_string"}}],"inLanguage":"fr-FR"}]}},"_links":{"self":[{"href":"https:\/\/somo-sam.com\/index.php?rest_route=\/wp\/v2\/product\/30792","targetHints":{"allow":["GET"]}}],"collection":[{"href":"https:\/\/somo-sam.com\/index.php?rest_route=\/wp\/v2\/product"}],"about":[{"href":"https:\/\/somo-sam.com\/index.php?rest_route=\/wp\/v2\/types\/product"}],"version-history":[{"count":2,"href":"https:\/\/somo-sam.com\/index.php?rest_route=\/wp\/v2\/product\/30792\/revisions"}],"predecessor-version":[{"id":30798,"href":"https:\/\/somo-sam.com\/index.php?rest_route=\/wp\/v2\/product\/30792\/revisions\/30798"}],"wp:featuredmedia":[{"embeddable":true,"href":"https:\/\/somo-sam.com\/index.php?rest_route=\/wp\/v2\/media\/30795"}],"wp:attachment":[{"href":"https:\/\/somo-sam.com\/index.php?rest_route=%2Fwp%2Fv2%2Fmedia&parent=30792"}],"wp:term":[{"taxonomy":"product_brand","embeddable":true,"href":"https:\/\/somo-sam.com\/index.php?rest_route=%2Fwp%2Fv2%2Fproduct_brand&post=30792"},{"taxonomy":"product_cat","embeddable":true,"href":"https:\/\/somo-sam.com\/index.php?rest_route=%2Fwp%2Fv2%2Fproduct_cat&post=30792"},{"taxonomy":"product_tag","embeddable":true,"href":"https:\/\/somo-sam.com\/index.php?rest_route=%2Fwp%2Fv2%2Fproduct_tag&post=30792"}],"curies":[{"name":"wp","href":"https:\/\/api.w.org\/{rel}","templated":true}]}}