{"id":30811,"date":"2025-03-20T16:18:47","date_gmt":"2025-03-20T15:18:47","guid":{"rendered":"https:\/\/somo-sam.com\/?post_type=product&#038;p=30811"},"modified":"2025-03-20T16:19:56","modified_gmt":"2025-03-20T15:19:56","slug":"smart-energy-pro-5500-eq-seche-cheveux-professionnel","status":"publish","type":"product","link":"https:\/\/somo-sam.com\/?product=smart-energy-pro-5500-eq-seche-cheveux-professionnel","title":{"rendered":"Smart Energy Pro 5500 eQ s\u00e8che-cheveux professionnel"},"content":{"rendered":"<h2>\u00c9conomies tout confort<\/h2>\n<p>Le s\u00e8che-cheveux SMART ENERGY PRO 5500 eQ offre une pleine puissance de s\u00e9chage tout en consommant peu. Son poids \u00e9quilibr\u00e9 et sa poign\u00e9e ergonomique soulagent les \u00e9paules et les articulations. Le format moyen pour un coiffage tout confort et de grandes \u00e9conomies d&#8217;\u00e9lectricit\u00e9.<\/p>\n<p>Smart Energy Pro est la premi\u00e8re ligne de s\u00e8che-cheveux professionnels offrant d&#8217;excellentes performances pour une faible consommation. En effet, avec seulement 1600 watts, les appareils fournissent les m\u00eames performances de s\u00e9chage que les appareils courants ayant besoin de 2000 W. Le mod\u00e8le Smart Energy Pro 5500 eQ de taille moyenne est id\u00e9al pour un coiffage tout confort. Son poids \u00e9quilibr\u00e9 et sa poign\u00e9e ergonomique soulagent les \u00e9paules et les articulations. Ce s\u00e8che-cheveux moderne garantit un plaisir de coiffage maximal pour une consommation r\u00e9duite, une longue dur\u00e9e de vie et une activit\u00e9 durable.<\/p>\n","protected":false},"excerpt":{"rendered":"<h3 class=\"h3 vh3\">Smart Energy Pro 5500 eQ s\u00e8che-cheveux professionnel 1600w<\/h3>\n","protected":false},"featured_media":30812,"template":"","meta":{"_acf_changed":false,"_monsterinsights_skip_tracking":false,"_monsterinsights_sitenote_active":false,"_monsterinsights_sitenote_note":"","_monsterinsights_sitenote_category":0},"product_brand":[279],"product_cat":[273,274],"product_tag":[],"class_list":{"0":"post-30811","1":"product","2":"type-product","3":"status-publish","4":"has-post-thumbnail","6":"product_brand-valera","7":"product_cat-salon-coiffure-exslusive","8":"product_cat-seche-cheveux-pro","10":"first","11":"instock","12":"taxable","13":"shipping-taxable","14":"purchasable","15":"product-type-simple","16":"add-to-wishlist-after_add_to_cart"},"acf":[],"yoast_head":"<!-- This site is optimized with the Yoast SEO plugin v23.6 - https:\/\/yoast.com\/wordpress\/plugins\/seo\/ -->\n<title>Smart Energy Pro 5500 eQ s\u00e8che-cheveux professionnel - SOMO S.A.M<\/title>\n<meta name=\"robots\" content=\"index, follow, max-snippet:-1, max-image-preview:large, max-video-preview:-1\" \/>\n<link rel=\"canonical\" href=\"https:\/\/somo-sam.com\/?product=smart-energy-pro-5500-eq-seche-cheveux-professionnel\" \/>\n<meta property=\"og:locale\" content=\"fr_FR\" \/>\n<meta property=\"og:type\" content=\"article\" \/>\n<meta property=\"og:title\" content=\"Smart Energy Pro 5500 eQ s\u00e8che-cheveux professionnel - SOMO S.A.M\" \/>\n<meta property=\"og:description\" content=\"Smart Energy Pro 5500 eQ s\u00e8che-cheveux professionnel 1600w\" \/>\n<meta property=\"og:url\" content=\"https:\/\/somo-sam.com\/?product=smart-energy-pro-5500-eq-seche-cheveux-professionnel\" \/>\n<meta property=\"og:site_name\" content=\"SOMO S.A.M\" \/>\n<meta property=\"article:modified_time\" content=\"2025-03-20T15:19:56+00:00\" \/>\n<meta property=\"og:image\" content=\"https:\/\/somo-sam.com\/wp-content\/uploads\/2025\/03\/Design-sans-titre-3-4.png\" \/>\n\t<meta property=\"og:image:width\" content=\"1080\" \/>\n\t<meta property=\"og:image:height\" content=\"1080\" \/>\n\t<meta property=\"og:image:type\" content=\"image\/png\" \/>\n<meta name=\"twitter:card\" content=\"summary_large_image\" \/>\n<meta name=\"twitter:label1\" content=\"Dur\u00e9e de lecture estim\u00e9e\" \/>\n\t<meta name=\"twitter:data1\" content=\"1 minute\" \/>\n<script type=\"application\/ld+json\" class=\"yoast-schema-graph\">{\"@context\":\"https:\/\/schema.org\",\"@graph\":[{\"@type\":\"WebPage\",\"@id\":\"https:\/\/somo-sam.com\/?product=smart-energy-pro-5500-eq-seche-cheveux-professionnel\",\"url\":\"https:\/\/somo-sam.com\/?product=smart-energy-pro-5500-eq-seche-cheveux-professionnel\",\"name\":\"Smart Energy Pro 5500 eQ s\u00e8che-cheveux professionnel - SOMO S.A.M\",\"isPartOf\":{\"@id\":\"http:\/\/somo-sam.com\/#website\"},\"primaryImageOfPage\":{\"@id\":\"https:\/\/somo-sam.com\/?product=smart-energy-pro-5500-eq-seche-cheveux-professionnel#primaryimage\"},\"image\":{\"@id\":\"https:\/\/somo-sam.com\/?product=smart-energy-pro-5500-eq-seche-cheveux-professionnel#primaryimage\"},\"thumbnailUrl\":\"https:\/\/somo-sam.com\/wp-content\/uploads\/2025\/03\/Design-sans-titre-3-4.png\",\"datePublished\":\"2025-03-20T15:18:47+00:00\",\"dateModified\":\"2025-03-20T15:19:56+00:00\",\"breadcrumb\":{\"@id\":\"https:\/\/somo-sam.com\/?product=smart-energy-pro-5500-eq-seche-cheveux-professionnel#breadcrumb\"},\"inLanguage\":\"fr-FR\",\"potentialAction\":[{\"@type\":\"ReadAction\",\"target\":[\"https:\/\/somo-sam.com\/?product=smart-energy-pro-5500-eq-seche-cheveux-professionnel\"]}]},{\"@type\":\"ImageObject\",\"inLanguage\":\"fr-FR\",\"@id\":\"https:\/\/somo-sam.com\/?product=smart-energy-pro-5500-eq-seche-cheveux-professionnel#primaryimage\",\"url\":\"https:\/\/somo-sam.com\/wp-content\/uploads\/2025\/03\/Design-sans-titre-3-4.png\",\"contentUrl\":\"https:\/\/somo-sam.com\/wp-content\/uploads\/2025\/03\/Design-sans-titre-3-4.png\",\"width\":1080,\"height\":1080},{\"@type\":\"BreadcrumbList\",\"@id\":\"https:\/\/somo-sam.com\/?product=smart-energy-pro-5500-eq-seche-cheveux-professionnel#breadcrumb\",\"itemListElement\":[{\"@type\":\"ListItem\",\"position\":1,\"name\":\"Accueil\",\"item\":\"http:\/\/somo-sam.com\/\"},{\"@type\":\"ListItem\",\"position\":2,\"name\":\"Shop\",\"item\":\"https:\/\/somo-sam.com\/?page_id=413\"},{\"@type\":\"ListItem\",\"position\":3,\"name\":\"Smart Energy Pro 5500 eQ s\u00e8che-cheveux professionnel\"}]},{\"@type\":\"WebSite\",\"@id\":\"http:\/\/somo-sam.com\/#website\",\"url\":\"http:\/\/somo-sam.com\/\",\"name\":\"SOMO S.A.M\",\"description\":\"Votre partenaire en \u00e9quipements h\u00f4teliers et de restauration\",\"potentialAction\":[{\"@type\":\"SearchAction\",\"target\":{\"@type\":\"EntryPoint\",\"urlTemplate\":\"http:\/\/somo-sam.com\/?s={search_term_string}\"},\"query-input\":{\"@type\":\"PropertyValueSpecification\",\"valueRequired\":true,\"valueName\":\"search_term_string\"}}],\"inLanguage\":\"fr-FR\"}]}<\/script>\n<!-- \/ Yoast SEO plugin. -->","yoast_head_json":{"title":"Smart Energy Pro 5500 eQ s\u00e8che-cheveux professionnel - SOMO S.A.M","robots":{"index":"index","follow":"follow","max-snippet":"max-snippet:-1","max-image-preview":"max-image-preview:large","max-video-preview":"max-video-preview:-1"},"canonical":"https:\/\/somo-sam.com\/?product=smart-energy-pro-5500-eq-seche-cheveux-professionnel","og_locale":"fr_FR","og_type":"article","og_title":"Smart Energy Pro 5500 eQ s\u00e8che-cheveux professionnel - SOMO S.A.M","og_description":"Smart Energy Pro 5500 eQ s\u00e8che-cheveux professionnel 1600w","og_url":"https:\/\/somo-sam.com\/?product=smart-energy-pro-5500-eq-seche-cheveux-professionnel","og_site_name":"SOMO S.A.M","article_modified_time":"2025-03-20T15:19:56+00:00","og_image":[{"width":1080,"height":1080,"url":"https:\/\/somo-sam.com\/wp-content\/uploads\/2025\/03\/Design-sans-titre-3-4.png","type":"image\/png"}],"twitter_card":"summary_large_image","twitter_misc":{"Dur\u00e9e de lecture estim\u00e9e":"1 minute"},"schema":{"@context":"https:\/\/schema.org","@graph":[{"@type":"WebPage","@id":"https:\/\/somo-sam.com\/?product=smart-energy-pro-5500-eq-seche-cheveux-professionnel","url":"https:\/\/somo-sam.com\/?product=smart-energy-pro-5500-eq-seche-cheveux-professionnel","name":"Smart Energy Pro 5500 eQ s\u00e8che-cheveux professionnel - SOMO S.A.M","isPartOf":{"@id":"http:\/\/somo-sam.com\/#website"},"primaryImageOfPage":{"@id":"https:\/\/somo-sam.com\/?product=smart-energy-pro-5500-eq-seche-cheveux-professionnel#primaryimage"},"image":{"@id":"https:\/\/somo-sam.com\/?product=smart-energy-pro-5500-eq-seche-cheveux-professionnel#primaryimage"},"thumbnailUrl":"https:\/\/somo-sam.com\/wp-content\/uploads\/2025\/03\/Design-sans-titre-3-4.png","datePublished":"2025-03-20T15:18:47+00:00","dateModified":"2025-03-20T15:19:56+00:00","breadcrumb":{"@id":"https:\/\/somo-sam.com\/?product=smart-energy-pro-5500-eq-seche-cheveux-professionnel#breadcrumb"},"inLanguage":"fr-FR","potentialAction":[{"@type":"ReadAction","target":["https:\/\/somo-sam.com\/?product=smart-energy-pro-5500-eq-seche-cheveux-professionnel"]}]},{"@type":"ImageObject","inLanguage":"fr-FR","@id":"https:\/\/somo-sam.com\/?product=smart-energy-pro-5500-eq-seche-cheveux-professionnel#primaryimage","url":"https:\/\/somo-sam.com\/wp-content\/uploads\/2025\/03\/Design-sans-titre-3-4.png","contentUrl":"https:\/\/somo-sam.com\/wp-content\/uploads\/2025\/03\/Design-sans-titre-3-4.png","width":1080,"height":1080},{"@type":"BreadcrumbList","@id":"https:\/\/somo-sam.com\/?product=smart-energy-pro-5500-eq-seche-cheveux-professionnel#breadcrumb","itemListElement":[{"@type":"ListItem","position":1,"name":"Accueil","item":"http:\/\/somo-sam.com\/"},{"@type":"ListItem","position":2,"name":"Shop","item":"https:\/\/somo-sam.com\/?page_id=413"},{"@type":"ListItem","position":3,"name":"Smart Energy Pro 5500 eQ s\u00e8che-cheveux professionnel"}]},{"@type":"WebSite","@id":"http:\/\/somo-sam.com\/#website","url":"http:\/\/somo-sam.com\/","name":"SOMO S.A.M","description":"Votre partenaire en \u00e9quipements h\u00f4teliers et de restauration","potentialAction":[{"@type":"SearchAction","target":{"@type":"EntryPoint","urlTemplate":"http:\/\/somo-sam.com\/?s={search_term_string}"},"query-input":{"@type":"PropertyValueSpecification","valueRequired":true,"valueName":"search_term_string"}}],"inLanguage":"fr-FR"}]}},"_links":{"self":[{"href":"https:\/\/somo-sam.com\/index.php?rest_route=\/wp\/v2\/product\/30811","targetHints":{"allow":["GET"]}}],"collection":[{"href":"https:\/\/somo-sam.com\/index.php?rest_route=\/wp\/v2\/product"}],"about":[{"href":"https:\/\/somo-sam.com\/index.php?rest_route=\/wp\/v2\/types\/product"}],"version-history":[{"count":2,"href":"https:\/\/somo-sam.com\/index.php?rest_route=\/wp\/v2\/product\/30811\/revisions"}],"predecessor-version":[{"id":30815,"href":"https:\/\/somo-sam.com\/index.php?rest_route=\/wp\/v2\/product\/30811\/revisions\/30815"}],"wp:featuredmedia":[{"embeddable":true,"href":"https:\/\/somo-sam.com\/index.php?rest_route=\/wp\/v2\/media\/30812"}],"wp:attachment":[{"href":"https:\/\/somo-sam.com\/index.php?rest_route=%2Fwp%2Fv2%2Fmedia&parent=30811"}],"wp:term":[{"taxonomy":"product_brand","embeddable":true,"href":"https:\/\/somo-sam.com\/index.php?rest_route=%2Fwp%2Fv2%2Fproduct_brand&post=30811"},{"taxonomy":"product_cat","embeddable":true,"href":"https:\/\/somo-sam.com\/index.php?rest_route=%2Fwp%2Fv2%2Fproduct_cat&post=30811"},{"taxonomy":"product_tag","embeddable":true,"href":"https:\/\/somo-sam.com\/index.php?rest_route=%2Fwp%2Fv2%2Fproduct_tag&post=30811"}],"curies":[{"name":"wp","href":"https:\/\/api.w.org\/{rel}","templated":true}]}}