{"id":30818,"date":"2025-03-20T16:36:58","date_gmt":"2025-03-20T15:36:58","guid":{"rendered":"https:\/\/somo-sam.com\/?post_type=product&#038;p=30818"},"modified":"2025-03-20T16:36:59","modified_gmt":"2025-03-20T15:36:59","slug":"ultimate-ai-seche-cheveux-professionnel","status":"publish","type":"product","link":"https:\/\/somo-sam.com\/?product=ultimate-ai-seche-cheveux-professionnel","title":{"rendered":"Ultimate AI s\u00e8che-cheveux professionnel"},"content":{"rendered":"<p><b>2000 W<\/b><\/p>\n<h2>Le s\u00e8che-cheveux haute vitesse pour professionnels<\/h2>\n<p>Le s\u00e8che-cheveux Ultimate AI, champion de la vitesse, se distingue par son design \u00e0 la fois \u00e9l\u00e9gant et fonctionnel, garant de performance, de pr\u00e9cision, de contr\u00f4le et de confort.<\/p>\n<p>&nbsp;<\/p>\n<p>L&#8217;Ultimate AI est l&#8217;outil robuste super l\u00e9ger et ergonomique destin\u00e9 aux professionnels. Son moteur num\u00e9rique durable, le 120K-PAX, \u00e9l\u00e8ve les standards de performance : atteignant une vitesse de 118.000 tours par minute et offrant jusqu&#8217;\u00e0 7.000 heures d&#8217;utilisation, il g\u00e9n\u00e8re une pression d&#8217;air puissante et un d\u00e9bit d&#8217;air de 80 m3\/h, qui peut \u00eatre pouss\u00e9 \u00e0 90 m3\/h pendant deux minutes gr\u00e2ce \u00e0 la fonction TURBO BOOSTER. La technologie ABT &#8211; Air Boost Technology, gr\u00e2ce \u00e0 des entr\u00e9es d&#8217;air plac\u00e9es au-dessus de la poign\u00e9e, cr\u00e9e un effet multiplicateur impressionnant sur le flux d&#8217;air expuls\u00e9. La technologie CLEAN FILTER, une fonction de nettoyage automatique activ\u00e9e d&#8217;une simple pression, maintient le filtre d&#8217;entr\u00e9e d&#8217;air libre de toute impuret\u00e9. Pour chacun des deux r\u00e9glages pr\u00e9vus pour les types de cheveux (Care\/Max), trois niveaux de temp\u00e9rature et de souffle sont visuellement indiqu\u00e9s par des LED. Neuf combinaisons permettent au professionnel de choisir avec pr\u00e9cision, assurant un s\u00e9chage rapide et un styling cr\u00e9atif. L&#8217;Ultimate AI est fourni avec un diffuseur et trois embouts haut de gamme, r\u00e9pondant \u00e0 l&#8217;individualit\u00e9 de chaque utilisateur.<\/p>\n<p>&nbsp;<\/p>\n<p>Vendu par lot de 2<\/p>\n","protected":false},"excerpt":{"rendered":"<p>2000 W Le s\u00e8che-cheveux haute vitesse pour professionnels Le s\u00e8che-cheveux Ultimate AI, champion de la vitesse, se distingue par son<\/p>\n","protected":false},"featured_media":30819,"template":"","meta":{"_acf_changed":false,"_monsterinsights_skip_tracking":false,"_monsterinsights_sitenote_active":false,"_monsterinsights_sitenote_note":"","_monsterinsights_sitenote_category":0},"product_brand":[279],"product_cat":[273,274],"product_tag":[],"class_list":{"0":"post-30818","1":"product","2":"type-product","3":"status-publish","4":"has-post-thumbnail","6":"product_brand-valera","7":"product_cat-salon-coiffure-exslusive","8":"product_cat-seche-cheveux-pro","10":"first","11":"instock","12":"taxable","13":"shipping-taxable","14":"purchasable","15":"product-type-variable","16":"add-to-wishlist-after_add_to_cart"},"acf":[],"yoast_head":"<!-- This site is optimized with the Yoast SEO plugin v23.6 - https:\/\/yoast.com\/wordpress\/plugins\/seo\/ -->\n<title>Ultimate AI s\u00e8che-cheveux professionnel - SOMO S.A.M<\/title>\n<meta name=\"robots\" content=\"index, follow, max-snippet:-1, max-image-preview:large, max-video-preview:-1\" \/>\n<link rel=\"canonical\" href=\"https:\/\/somo-sam.com\/?product=ultimate-ai-seche-cheveux-professionnel\" \/>\n<meta property=\"og:locale\" content=\"fr_FR\" \/>\n<meta property=\"og:type\" content=\"article\" \/>\n<meta property=\"og:title\" content=\"Ultimate AI s\u00e8che-cheveux professionnel - SOMO S.A.M\" \/>\n<meta property=\"og:description\" content=\"2000 W Le s\u00e8che-cheveux haute vitesse pour professionnels Le s\u00e8che-cheveux Ultimate AI, champion de la vitesse, se distingue par son\" \/>\n<meta property=\"og:url\" content=\"https:\/\/somo-sam.com\/?product=ultimate-ai-seche-cheveux-professionnel\" \/>\n<meta property=\"og:site_name\" content=\"SOMO S.A.M\" \/>\n<meta property=\"article:modified_time\" content=\"2025-03-20T15:36:59+00:00\" \/>\n<meta property=\"og:image\" content=\"https:\/\/somo-sam.com\/wp-content\/uploads\/2025\/03\/501.00-UA-BC-Ultimate-AI-BlackChrome_03.webp\" \/>\n\t<meta property=\"og:image:width\" content=\"550\" \/>\n\t<meta property=\"og:image:height\" content=\"550\" \/>\n\t<meta property=\"og:image:type\" content=\"image\/webp\" \/>\n<meta name=\"twitter:card\" content=\"summary_large_image\" \/>\n<meta name=\"twitter:label1\" content=\"Dur\u00e9e de lecture estim\u00e9e\" \/>\n\t<meta name=\"twitter:data1\" content=\"2 minutes\" \/>\n<script type=\"application\/ld+json\" class=\"yoast-schema-graph\">{\"@context\":\"https:\/\/schema.org\",\"@graph\":[{\"@type\":\"WebPage\",\"@id\":\"https:\/\/somo-sam.com\/?product=ultimate-ai-seche-cheveux-professionnel\",\"url\":\"https:\/\/somo-sam.com\/?product=ultimate-ai-seche-cheveux-professionnel\",\"name\":\"Ultimate AI s\u00e8che-cheveux professionnel - SOMO S.A.M\",\"isPartOf\":{\"@id\":\"https:\/\/somo-sam.com\/#website\"},\"primaryImageOfPage\":{\"@id\":\"https:\/\/somo-sam.com\/?product=ultimate-ai-seche-cheveux-professionnel#primaryimage\"},\"image\":{\"@id\":\"https:\/\/somo-sam.com\/?product=ultimate-ai-seche-cheveux-professionnel#primaryimage\"},\"thumbnailUrl\":\"https:\/\/somo-sam.com\/wp-content\/uploads\/2025\/03\/501.00-UA-BC-Ultimate-AI-BlackChrome_03.webp\",\"datePublished\":\"2025-03-20T15:36:58+00:00\",\"dateModified\":\"2025-03-20T15:36:59+00:00\",\"breadcrumb\":{\"@id\":\"https:\/\/somo-sam.com\/?product=ultimate-ai-seche-cheveux-professionnel#breadcrumb\"},\"inLanguage\":\"fr-FR\",\"potentialAction\":[{\"@type\":\"ReadAction\",\"target\":[\"https:\/\/somo-sam.com\/?product=ultimate-ai-seche-cheveux-professionnel\"]}]},{\"@type\":\"ImageObject\",\"inLanguage\":\"fr-FR\",\"@id\":\"https:\/\/somo-sam.com\/?product=ultimate-ai-seche-cheveux-professionnel#primaryimage\",\"url\":\"https:\/\/somo-sam.com\/wp-content\/uploads\/2025\/03\/501.00-UA-BC-Ultimate-AI-BlackChrome_03.webp\",\"contentUrl\":\"https:\/\/somo-sam.com\/wp-content\/uploads\/2025\/03\/501.00-UA-BC-Ultimate-AI-BlackChrome_03.webp\",\"width\":550,\"height\":550},{\"@type\":\"BreadcrumbList\",\"@id\":\"https:\/\/somo-sam.com\/?product=ultimate-ai-seche-cheveux-professionnel#breadcrumb\",\"itemListElement\":[{\"@type\":\"ListItem\",\"position\":1,\"name\":\"Accueil\",\"item\":\"https:\/\/somo-sam.com\/\"},{\"@type\":\"ListItem\",\"position\":2,\"name\":\"Shop\",\"item\":\"https:\/\/somo-sam.com\/?page_id=413\"},{\"@type\":\"ListItem\",\"position\":3,\"name\":\"Ultimate AI s\u00e8che-cheveux professionnel\"}]},{\"@type\":\"WebSite\",\"@id\":\"https:\/\/somo-sam.com\/#website\",\"url\":\"https:\/\/somo-sam.com\/\",\"name\":\"SOMO S.A.M\",\"description\":\"Votre partenaire en \u00e9quipements h\u00f4teliers et de restauration\",\"potentialAction\":[{\"@type\":\"SearchAction\",\"target\":{\"@type\":\"EntryPoint\",\"urlTemplate\":\"https:\/\/somo-sam.com\/?s={search_term_string}\"},\"query-input\":{\"@type\":\"PropertyValueSpecification\",\"valueRequired\":true,\"valueName\":\"search_term_string\"}}],\"inLanguage\":\"fr-FR\"}]}<\/script>\n<!-- \/ Yoast SEO plugin. -->","yoast_head_json":{"title":"Ultimate AI s\u00e8che-cheveux professionnel - SOMO S.A.M","robots":{"index":"index","follow":"follow","max-snippet":"max-snippet:-1","max-image-preview":"max-image-preview:large","max-video-preview":"max-video-preview:-1"},"canonical":"https:\/\/somo-sam.com\/?product=ultimate-ai-seche-cheveux-professionnel","og_locale":"fr_FR","og_type":"article","og_title":"Ultimate AI s\u00e8che-cheveux professionnel - SOMO S.A.M","og_description":"2000 W Le s\u00e8che-cheveux haute vitesse pour professionnels Le s\u00e8che-cheveux Ultimate AI, champion de la vitesse, se distingue par son","og_url":"https:\/\/somo-sam.com\/?product=ultimate-ai-seche-cheveux-professionnel","og_site_name":"SOMO S.A.M","article_modified_time":"2025-03-20T15:36:59+00:00","og_image":[{"width":550,"height":550,"url":"https:\/\/somo-sam.com\/wp-content\/uploads\/2025\/03\/501.00-UA-BC-Ultimate-AI-BlackChrome_03.webp","type":"image\/webp"}],"twitter_card":"summary_large_image","twitter_misc":{"Dur\u00e9e de lecture estim\u00e9e":"2 minutes"},"schema":{"@context":"https:\/\/schema.org","@graph":[{"@type":"WebPage","@id":"https:\/\/somo-sam.com\/?product=ultimate-ai-seche-cheveux-professionnel","url":"https:\/\/somo-sam.com\/?product=ultimate-ai-seche-cheveux-professionnel","name":"Ultimate AI s\u00e8che-cheveux professionnel - SOMO S.A.M","isPartOf":{"@id":"https:\/\/somo-sam.com\/#website"},"primaryImageOfPage":{"@id":"https:\/\/somo-sam.com\/?product=ultimate-ai-seche-cheveux-professionnel#primaryimage"},"image":{"@id":"https:\/\/somo-sam.com\/?product=ultimate-ai-seche-cheveux-professionnel#primaryimage"},"thumbnailUrl":"https:\/\/somo-sam.com\/wp-content\/uploads\/2025\/03\/501.00-UA-BC-Ultimate-AI-BlackChrome_03.webp","datePublished":"2025-03-20T15:36:58+00:00","dateModified":"2025-03-20T15:36:59+00:00","breadcrumb":{"@id":"https:\/\/somo-sam.com\/?product=ultimate-ai-seche-cheveux-professionnel#breadcrumb"},"inLanguage":"fr-FR","potentialAction":[{"@type":"ReadAction","target":["https:\/\/somo-sam.com\/?product=ultimate-ai-seche-cheveux-professionnel"]}]},{"@type":"ImageObject","inLanguage":"fr-FR","@id":"https:\/\/somo-sam.com\/?product=ultimate-ai-seche-cheveux-professionnel#primaryimage","url":"https:\/\/somo-sam.com\/wp-content\/uploads\/2025\/03\/501.00-UA-BC-Ultimate-AI-BlackChrome_03.webp","contentUrl":"https:\/\/somo-sam.com\/wp-content\/uploads\/2025\/03\/501.00-UA-BC-Ultimate-AI-BlackChrome_03.webp","width":550,"height":550},{"@type":"BreadcrumbList","@id":"https:\/\/somo-sam.com\/?product=ultimate-ai-seche-cheveux-professionnel#breadcrumb","itemListElement":[{"@type":"ListItem","position":1,"name":"Accueil","item":"https:\/\/somo-sam.com\/"},{"@type":"ListItem","position":2,"name":"Shop","item":"https:\/\/somo-sam.com\/?page_id=413"},{"@type":"ListItem","position":3,"name":"Ultimate AI s\u00e8che-cheveux professionnel"}]},{"@type":"WebSite","@id":"https:\/\/somo-sam.com\/#website","url":"https:\/\/somo-sam.com\/","name":"SOMO S.A.M","description":"Votre partenaire en \u00e9quipements h\u00f4teliers et de restauration","potentialAction":[{"@type":"SearchAction","target":{"@type":"EntryPoint","urlTemplate":"https:\/\/somo-sam.com\/?s={search_term_string}"},"query-input":{"@type":"PropertyValueSpecification","valueRequired":true,"valueName":"search_term_string"}}],"inLanguage":"fr-FR"}]}},"_links":{"self":[{"href":"https:\/\/somo-sam.com\/index.php?rest_route=\/wp\/v2\/product\/30818","targetHints":{"allow":["GET"]}}],"collection":[{"href":"https:\/\/somo-sam.com\/index.php?rest_route=\/wp\/v2\/product"}],"about":[{"href":"https:\/\/somo-sam.com\/index.php?rest_route=\/wp\/v2\/types\/product"}],"version-history":[{"count":1,"href":"https:\/\/somo-sam.com\/index.php?rest_route=\/wp\/v2\/product\/30818\/revisions"}],"predecessor-version":[{"id":30839,"href":"https:\/\/somo-sam.com\/index.php?rest_route=\/wp\/v2\/product\/30818\/revisions\/30839"}],"wp:featuredmedia":[{"embeddable":true,"href":"https:\/\/somo-sam.com\/index.php?rest_route=\/wp\/v2\/media\/30819"}],"wp:attachment":[{"href":"https:\/\/somo-sam.com\/index.php?rest_route=%2Fwp%2Fv2%2Fmedia&parent=30818"}],"wp:term":[{"taxonomy":"product_brand","embeddable":true,"href":"https:\/\/somo-sam.com\/index.php?rest_route=%2Fwp%2Fv2%2Fproduct_brand&post=30818"},{"taxonomy":"product_cat","embeddable":true,"href":"https:\/\/somo-sam.com\/index.php?rest_route=%2Fwp%2Fv2%2Fproduct_cat&post=30818"},{"taxonomy":"product_tag","embeddable":true,"href":"https:\/\/somo-sam.com\/index.php?rest_route=%2Fwp%2Fv2%2Fproduct_tag&post=30818"}],"curies":[{"name":"wp","href":"https:\/\/api.w.org\/{rel}","templated":true}]}}