{"id":30876,"date":"2025-03-20T17:46:46","date_gmt":"2025-03-20T16:46:46","guid":{"rendered":"https:\/\/somo-sam.com\/?post_type=product&#038;p=30876"},"modified":"2025-03-20T18:07:46","modified_gmt":"2025-03-20T17:07:46","slug":"pulsa-200-lisseur-professionnel","status":"publish","type":"product","link":"https:\/\/somo-sam.com\/?product=pulsa-200-lisseur-professionnel","title":{"rendered":"Pulsa 200 lisseur professionnel"},"content":{"rendered":"<h2>Une coiffure intelligente gr\u00e2ce aux r\u00e9glages personnalis\u00e9s<\/h2>\n<p>SQ Pulsa 200 est un lisseur digital avec \u00ab Pulse Frequency System \u00bb et ionisateur pour un lissage et un bouclage professionnels. Pour une coiffure personnalis\u00e9e avec cinq niveaux de temp\u00e9rature et id\u00e9al pour les cheveux color\u00e9s.<\/p>\n<p>Le lisseur SQ Pulsa 200 permet une mise en forme intelligente et des r\u00e9sultats parfaits gr\u00e2ce au contr\u00f4le de la temp\u00e9rature par les capteurs sp\u00e9ciaux. La temp\u00e9rature des plaques de coiffage est mesur\u00e9e 200\u00a0fois par seconde, pour maintenir constante la temp\u00e9rature r\u00e9gl\u00e9e, afin d&#8217;\u00e9viter toute variation ou surchauffe, quelle que soit l&#8217;\u00e9paisseur de la chevelure, et ind\u00e9pendamment de la coiffure \u00e0 r\u00e9aliser, lisse ou boucl\u00e9e. Le syst\u00e8me de plaques flottantes assure un contact parfait et uniforme, et les 5\u00a0couches de rev\u00eatement c\u00e9ramique avec tourmaline permettent un lissage plus facile et plus d\u00e9licat pour le cheveu. Un ionisateur puissant \u00e9met constamment des ions n\u00e9gatifs pendant la coiffure pour maintenir l&#8217;hydratation des cheveux. Chauffage rapide avec fonction M\u00e9moire, indicateur de plaques chaudes, arr\u00eat automatique apr\u00e8s 60\u00a0minutes et cordon rotatif isol\u00e9 de trois\u00a0m\u00e8tres de long, en caoutchouc r\u00e9sistant \u00e0 la chaleur, pour une utilisation s\u00fbre et confortable.<\/p>\n<p>Vendu par lot de 3<\/p>\n","protected":false},"excerpt":{"rendered":"<p>Une coiffure intelligente gr\u00e2ce aux r\u00e9glages personnalis\u00e9s SQ Pulsa 200 est un lisseur digital avec \u00ab Pulse Frequency System \u00bb<\/p>\n","protected":false},"featured_media":30877,"template":"","meta":{"_acf_changed":false,"_monsterinsights_skip_tracking":false,"_monsterinsights_sitenote_active":false,"_monsterinsights_sitenote_note":"","_monsterinsights_sitenote_category":0},"product_brand":[279],"product_cat":[275,273],"product_tag":[],"class_list":{"0":"post-30876","1":"product","2":"type-product","3":"status-publish","4":"has-post-thumbnail","6":"product_brand-valera","7":"product_cat-lisseurs","8":"product_cat-salon-coiffure-exslusive","10":"first","11":"instock","12":"taxable","13":"shipping-taxable","14":"purchasable","15":"product-type-variable","16":"add-to-wishlist-after_add_to_cart"},"acf":[],"yoast_head":"<!-- This site is optimized with the Yoast SEO plugin v23.6 - https:\/\/yoast.com\/wordpress\/plugins\/seo\/ -->\n<title>Pulsa 200 lisseur professionnel - SOMO S.A.M<\/title>\n<meta name=\"robots\" content=\"index, follow, max-snippet:-1, max-image-preview:large, max-video-preview:-1\" \/>\n<link rel=\"canonical\" href=\"https:\/\/somo-sam.com\/?product=pulsa-200-lisseur-professionnel\" \/>\n<meta property=\"og:locale\" content=\"fr_FR\" \/>\n<meta property=\"og:type\" content=\"article\" \/>\n<meta property=\"og:title\" content=\"Pulsa 200 lisseur professionnel - SOMO S.A.M\" \/>\n<meta property=\"og:description\" content=\"Une coiffure intelligente gr\u00e2ce aux r\u00e9glages personnalis\u00e9s SQ Pulsa 200 est un lisseur digital avec \u00ab Pulse Frequency System \u00bb\" \/>\n<meta property=\"og:url\" content=\"https:\/\/somo-sam.com\/?product=pulsa-200-lisseur-professionnel\" \/>\n<meta property=\"og:site_name\" content=\"SOMO S.A.M\" \/>\n<meta property=\"article:modified_time\" content=\"2025-03-20T17:07:46+00:00\" \/>\n<meta property=\"og:image\" content=\"https:\/\/somo-sam.com\/wp-content\/uploads\/2025\/03\/Design-sans-titre-5-5.png\" \/>\n\t<meta property=\"og:image:width\" content=\"1080\" \/>\n\t<meta property=\"og:image:height\" content=\"1080\" \/>\n\t<meta property=\"og:image:type\" content=\"image\/png\" \/>\n<meta name=\"twitter:card\" content=\"summary_large_image\" \/>\n<meta name=\"twitter:label1\" content=\"Dur\u00e9e de lecture estim\u00e9e\" \/>\n\t<meta name=\"twitter:data1\" content=\"2 minutes\" \/>\n<script type=\"application\/ld+json\" class=\"yoast-schema-graph\">{\"@context\":\"https:\/\/schema.org\",\"@graph\":[{\"@type\":\"WebPage\",\"@id\":\"https:\/\/somo-sam.com\/?product=pulsa-200-lisseur-professionnel\",\"url\":\"https:\/\/somo-sam.com\/?product=pulsa-200-lisseur-professionnel\",\"name\":\"Pulsa 200 lisseur professionnel - SOMO S.A.M\",\"isPartOf\":{\"@id\":\"https:\/\/somo-sam.com\/#website\"},\"primaryImageOfPage\":{\"@id\":\"https:\/\/somo-sam.com\/?product=pulsa-200-lisseur-professionnel#primaryimage\"},\"image\":{\"@id\":\"https:\/\/somo-sam.com\/?product=pulsa-200-lisseur-professionnel#primaryimage\"},\"thumbnailUrl\":\"https:\/\/somo-sam.com\/wp-content\/uploads\/2025\/03\/Design-sans-titre-5-5.png\",\"datePublished\":\"2025-03-20T16:46:46+00:00\",\"dateModified\":\"2025-03-20T17:07:46+00:00\",\"breadcrumb\":{\"@id\":\"https:\/\/somo-sam.com\/?product=pulsa-200-lisseur-professionnel#breadcrumb\"},\"inLanguage\":\"fr-FR\",\"potentialAction\":[{\"@type\":\"ReadAction\",\"target\":[\"https:\/\/somo-sam.com\/?product=pulsa-200-lisseur-professionnel\"]}]},{\"@type\":\"ImageObject\",\"inLanguage\":\"fr-FR\",\"@id\":\"https:\/\/somo-sam.com\/?product=pulsa-200-lisseur-professionnel#primaryimage\",\"url\":\"https:\/\/somo-sam.com\/wp-content\/uploads\/2025\/03\/Design-sans-titre-5-5.png\",\"contentUrl\":\"https:\/\/somo-sam.com\/wp-content\/uploads\/2025\/03\/Design-sans-titre-5-5.png\",\"width\":1080,\"height\":1080},{\"@type\":\"BreadcrumbList\",\"@id\":\"https:\/\/somo-sam.com\/?product=pulsa-200-lisseur-professionnel#breadcrumb\",\"itemListElement\":[{\"@type\":\"ListItem\",\"position\":1,\"name\":\"Accueil\",\"item\":\"https:\/\/somo-sam.com\/\"},{\"@type\":\"ListItem\",\"position\":2,\"name\":\"Shop\",\"item\":\"https:\/\/somo-sam.com\/?page_id=413\"},{\"@type\":\"ListItem\",\"position\":3,\"name\":\"Pulsa 200 lisseur professionnel\"}]},{\"@type\":\"WebSite\",\"@id\":\"https:\/\/somo-sam.com\/#website\",\"url\":\"https:\/\/somo-sam.com\/\",\"name\":\"SOMO S.A.M\",\"description\":\"Votre partenaire en \u00e9quipements h\u00f4teliers et de restauration\",\"potentialAction\":[{\"@type\":\"SearchAction\",\"target\":{\"@type\":\"EntryPoint\",\"urlTemplate\":\"https:\/\/somo-sam.com\/?s={search_term_string}\"},\"query-input\":{\"@type\":\"PropertyValueSpecification\",\"valueRequired\":true,\"valueName\":\"search_term_string\"}}],\"inLanguage\":\"fr-FR\"}]}<\/script>\n<!-- \/ Yoast SEO plugin. -->","yoast_head_json":{"title":"Pulsa 200 lisseur professionnel - SOMO S.A.M","robots":{"index":"index","follow":"follow","max-snippet":"max-snippet:-1","max-image-preview":"max-image-preview:large","max-video-preview":"max-video-preview:-1"},"canonical":"https:\/\/somo-sam.com\/?product=pulsa-200-lisseur-professionnel","og_locale":"fr_FR","og_type":"article","og_title":"Pulsa 200 lisseur professionnel - SOMO S.A.M","og_description":"Une coiffure intelligente gr\u00e2ce aux r\u00e9glages personnalis\u00e9s SQ Pulsa 200 est un lisseur digital avec \u00ab Pulse Frequency System \u00bb","og_url":"https:\/\/somo-sam.com\/?product=pulsa-200-lisseur-professionnel","og_site_name":"SOMO S.A.M","article_modified_time":"2025-03-20T17:07:46+00:00","og_image":[{"width":1080,"height":1080,"url":"https:\/\/somo-sam.com\/wp-content\/uploads\/2025\/03\/Design-sans-titre-5-5.png","type":"image\/png"}],"twitter_card":"summary_large_image","twitter_misc":{"Dur\u00e9e de lecture estim\u00e9e":"2 minutes"},"schema":{"@context":"https:\/\/schema.org","@graph":[{"@type":"WebPage","@id":"https:\/\/somo-sam.com\/?product=pulsa-200-lisseur-professionnel","url":"https:\/\/somo-sam.com\/?product=pulsa-200-lisseur-professionnel","name":"Pulsa 200 lisseur professionnel - SOMO S.A.M","isPartOf":{"@id":"https:\/\/somo-sam.com\/#website"},"primaryImageOfPage":{"@id":"https:\/\/somo-sam.com\/?product=pulsa-200-lisseur-professionnel#primaryimage"},"image":{"@id":"https:\/\/somo-sam.com\/?product=pulsa-200-lisseur-professionnel#primaryimage"},"thumbnailUrl":"https:\/\/somo-sam.com\/wp-content\/uploads\/2025\/03\/Design-sans-titre-5-5.png","datePublished":"2025-03-20T16:46:46+00:00","dateModified":"2025-03-20T17:07:46+00:00","breadcrumb":{"@id":"https:\/\/somo-sam.com\/?product=pulsa-200-lisseur-professionnel#breadcrumb"},"inLanguage":"fr-FR","potentialAction":[{"@type":"ReadAction","target":["https:\/\/somo-sam.com\/?product=pulsa-200-lisseur-professionnel"]}]},{"@type":"ImageObject","inLanguage":"fr-FR","@id":"https:\/\/somo-sam.com\/?product=pulsa-200-lisseur-professionnel#primaryimage","url":"https:\/\/somo-sam.com\/wp-content\/uploads\/2025\/03\/Design-sans-titre-5-5.png","contentUrl":"https:\/\/somo-sam.com\/wp-content\/uploads\/2025\/03\/Design-sans-titre-5-5.png","width":1080,"height":1080},{"@type":"BreadcrumbList","@id":"https:\/\/somo-sam.com\/?product=pulsa-200-lisseur-professionnel#breadcrumb","itemListElement":[{"@type":"ListItem","position":1,"name":"Accueil","item":"https:\/\/somo-sam.com\/"},{"@type":"ListItem","position":2,"name":"Shop","item":"https:\/\/somo-sam.com\/?page_id=413"},{"@type":"ListItem","position":3,"name":"Pulsa 200 lisseur professionnel"}]},{"@type":"WebSite","@id":"https:\/\/somo-sam.com\/#website","url":"https:\/\/somo-sam.com\/","name":"SOMO S.A.M","description":"Votre partenaire en \u00e9quipements h\u00f4teliers et de restauration","potentialAction":[{"@type":"SearchAction","target":{"@type":"EntryPoint","urlTemplate":"https:\/\/somo-sam.com\/?s={search_term_string}"},"query-input":{"@type":"PropertyValueSpecification","valueRequired":true,"valueName":"search_term_string"}}],"inLanguage":"fr-FR"}]}},"_links":{"self":[{"href":"https:\/\/somo-sam.com\/index.php?rest_route=\/wp\/v2\/product\/30876","targetHints":{"allow":["GET"]}}],"collection":[{"href":"https:\/\/somo-sam.com\/index.php?rest_route=\/wp\/v2\/product"}],"about":[{"href":"https:\/\/somo-sam.com\/index.php?rest_route=\/wp\/v2\/types\/product"}],"version-history":[{"count":2,"href":"https:\/\/somo-sam.com\/index.php?rest_route=\/wp\/v2\/product\/30876\/revisions"}],"predecessor-version":[{"id":30918,"href":"https:\/\/somo-sam.com\/index.php?rest_route=\/wp\/v2\/product\/30876\/revisions\/30918"}],"wp:featuredmedia":[{"embeddable":true,"href":"https:\/\/somo-sam.com\/index.php?rest_route=\/wp\/v2\/media\/30877"}],"wp:attachment":[{"href":"https:\/\/somo-sam.com\/index.php?rest_route=%2Fwp%2Fv2%2Fmedia&parent=30876"}],"wp:term":[{"taxonomy":"product_brand","embeddable":true,"href":"https:\/\/somo-sam.com\/index.php?rest_route=%2Fwp%2Fv2%2Fproduct_brand&post=30876"},{"taxonomy":"product_cat","embeddable":true,"href":"https:\/\/somo-sam.com\/index.php?rest_route=%2Fwp%2Fv2%2Fproduct_cat&post=30876"},{"taxonomy":"product_tag","embeddable":true,"href":"https:\/\/somo-sam.com\/index.php?rest_route=%2Fwp%2Fv2%2Fproduct_tag&post=30876"}],"curies":[{"name":"wp","href":"https:\/\/api.w.org\/{rel}","templated":true}]}}