{"id":30898,"date":"2025-03-20T17:55:01","date_gmt":"2025-03-20T16:55:01","guid":{"rendered":"https:\/\/somo-sam.com\/?post_type=product&#038;p=30898"},"modified":"2025-03-20T18:07:28","modified_gmt":"2025-03-20T17:07:28","slug":"sq-slim-100-lisseur-professionnel-fin","status":"publish","type":"product","link":"https:\/\/somo-sam.com\/?product=sq-slim-100-lisseur-professionnel-fin","title":{"rendered":"SQ Slim 100 lisseur professionnel fin"},"content":{"rendered":"<h2>Pr\u00e9cision maximale pour les cheveux fins et courts<\/h2>\n<p>SQ Slim 100 est un lisseur professionnel extra fin. Avec une temp\u00e9rature constante et id\u00e9al pour un coiffage de pr\u00e9cision et la mise en plis des cheveux courts, des boucles fines et des franges.<\/p>\n<p>Avec le mini-lisseur SQ Slim 100, le coiffage des cheveux courts, des boucles fines et des franges devient un jeu d&#8217;enfant. Sa temp\u00e9rature constante et sa zone d&#8217;enroulement arrondie chaude assurent r\u00e9sultats de mise en forme impeccable, et la manipulation se fait en s\u00e9curit\u00e9 gr\u00e2ce \u00e0 ses embouts froids. La temp\u00e9rature de fonctionnement de 230\u00a0C est maintenue ind\u00e9pendamment de la coiffure \u00e0 r\u00e9aliser, lisse ou boucl\u00e9e. Le SQ Slim 100 permet une coiffure rapide et d\u00e9licate pour les cheveux, car son syst\u00e8me de plaques flottantes assure un contact parfait et uniforme, et les 5\u00a0couches de rev\u00eatement c\u00e9ramique avec tourmaline permettent un lissage plus facile et plus doux pour le cheveu. La s\u00e9curit\u00e9 et le confort ont eux aussi la part belle, avec un chauffage rapide et un c\u00e2ble rotatif de 3\u00a0m\u00e8tres en caoutchouc r\u00e9sistant \u00e0 la chaleur.<\/p>\n<p>Vendu par lot de 6<\/p>\n","protected":false},"excerpt":{"rendered":"<p>Pr\u00e9cision maximale pour les cheveux fins et courts SQ Slim 100 est un lisseur professionnel extra fin. Avec une temp\u00e9rature<\/p>\n","protected":false},"featured_media":30899,"template":"","meta":{"_acf_changed":false,"_monsterinsights_skip_tracking":false,"_monsterinsights_sitenote_active":false,"_monsterinsights_sitenote_note":"","_monsterinsights_sitenote_category":0},"product_brand":[279],"product_cat":[275,273],"product_tag":[],"class_list":{"0":"post-30898","1":"product","2":"type-product","3":"status-publish","4":"has-post-thumbnail","6":"product_brand-valera","7":"product_cat-lisseurs","8":"product_cat-salon-coiffure-exslusive","10":"first","11":"instock","12":"taxable","13":"shipping-taxable","14":"purchasable","15":"product-type-simple","16":"add-to-wishlist-after_add_to_cart"},"acf":[],"yoast_head":"<!-- This site is optimized with the Yoast SEO plugin v23.6 - https:\/\/yoast.com\/wordpress\/plugins\/seo\/ -->\n<title>SQ Slim 100 lisseur professionnel fin - SOMO S.A.M<\/title>\n<meta name=\"robots\" content=\"index, follow, max-snippet:-1, max-image-preview:large, max-video-preview:-1\" \/>\n<link rel=\"canonical\" href=\"https:\/\/somo-sam.com\/?product=sq-slim-100-lisseur-professionnel-fin\" \/>\n<meta property=\"og:locale\" content=\"fr_FR\" \/>\n<meta property=\"og:type\" content=\"article\" \/>\n<meta property=\"og:title\" content=\"SQ Slim 100 lisseur professionnel fin - SOMO S.A.M\" \/>\n<meta property=\"og:description\" content=\"Pr\u00e9cision maximale pour les cheveux fins et courts SQ Slim 100 est un lisseur professionnel extra fin. Avec une temp\u00e9rature\" \/>\n<meta property=\"og:url\" content=\"https:\/\/somo-sam.com\/?product=sq-slim-100-lisseur-professionnel-fin\" \/>\n<meta property=\"og:site_name\" content=\"SOMO S.A.M\" \/>\n<meta property=\"article:modified_time\" content=\"2025-03-20T17:07:28+00:00\" \/>\n<meta property=\"og:image\" content=\"https:\/\/somo-sam.com\/wp-content\/uploads\/2025\/03\/Design-sans-titre-10-3.png\" \/>\n\t<meta property=\"og:image:width\" content=\"1080\" \/>\n\t<meta property=\"og:image:height\" content=\"1080\" \/>\n\t<meta property=\"og:image:type\" content=\"image\/png\" \/>\n<meta name=\"twitter:card\" content=\"summary_large_image\" \/>\n<meta name=\"twitter:label1\" content=\"Dur\u00e9e de lecture estim\u00e9e\" \/>\n\t<meta name=\"twitter:data1\" content=\"2 minutes\" \/>\n<script type=\"application\/ld+json\" class=\"yoast-schema-graph\">{\"@context\":\"https:\/\/schema.org\",\"@graph\":[{\"@type\":\"WebPage\",\"@id\":\"https:\/\/somo-sam.com\/?product=sq-slim-100-lisseur-professionnel-fin\",\"url\":\"https:\/\/somo-sam.com\/?product=sq-slim-100-lisseur-professionnel-fin\",\"name\":\"SQ Slim 100 lisseur professionnel fin - SOMO S.A.M\",\"isPartOf\":{\"@id\":\"https:\/\/somo-sam.com\/#website\"},\"primaryImageOfPage\":{\"@id\":\"https:\/\/somo-sam.com\/?product=sq-slim-100-lisseur-professionnel-fin#primaryimage\"},\"image\":{\"@id\":\"https:\/\/somo-sam.com\/?product=sq-slim-100-lisseur-professionnel-fin#primaryimage\"},\"thumbnailUrl\":\"https:\/\/somo-sam.com\/wp-content\/uploads\/2025\/03\/Design-sans-titre-10-3.png\",\"datePublished\":\"2025-03-20T16:55:01+00:00\",\"dateModified\":\"2025-03-20T17:07:28+00:00\",\"breadcrumb\":{\"@id\":\"https:\/\/somo-sam.com\/?product=sq-slim-100-lisseur-professionnel-fin#breadcrumb\"},\"inLanguage\":\"fr-FR\",\"potentialAction\":[{\"@type\":\"ReadAction\",\"target\":[\"https:\/\/somo-sam.com\/?product=sq-slim-100-lisseur-professionnel-fin\"]}]},{\"@type\":\"ImageObject\",\"inLanguage\":\"fr-FR\",\"@id\":\"https:\/\/somo-sam.com\/?product=sq-slim-100-lisseur-professionnel-fin#primaryimage\",\"url\":\"https:\/\/somo-sam.com\/wp-content\/uploads\/2025\/03\/Design-sans-titre-10-3.png\",\"contentUrl\":\"https:\/\/somo-sam.com\/wp-content\/uploads\/2025\/03\/Design-sans-titre-10-3.png\",\"width\":1080,\"height\":1080},{\"@type\":\"BreadcrumbList\",\"@id\":\"https:\/\/somo-sam.com\/?product=sq-slim-100-lisseur-professionnel-fin#breadcrumb\",\"itemListElement\":[{\"@type\":\"ListItem\",\"position\":1,\"name\":\"Accueil\",\"item\":\"https:\/\/somo-sam.com\/\"},{\"@type\":\"ListItem\",\"position\":2,\"name\":\"Shop\",\"item\":\"https:\/\/somo-sam.com\/?page_id=413\"},{\"@type\":\"ListItem\",\"position\":3,\"name\":\"SQ Slim 100 lisseur professionnel fin\"}]},{\"@type\":\"WebSite\",\"@id\":\"https:\/\/somo-sam.com\/#website\",\"url\":\"https:\/\/somo-sam.com\/\",\"name\":\"SOMO S.A.M\",\"description\":\"Votre partenaire en \u00e9quipements h\u00f4teliers et de restauration\",\"potentialAction\":[{\"@type\":\"SearchAction\",\"target\":{\"@type\":\"EntryPoint\",\"urlTemplate\":\"https:\/\/somo-sam.com\/?s={search_term_string}\"},\"query-input\":{\"@type\":\"PropertyValueSpecification\",\"valueRequired\":true,\"valueName\":\"search_term_string\"}}],\"inLanguage\":\"fr-FR\"}]}<\/script>\n<!-- \/ Yoast SEO plugin. -->","yoast_head_json":{"title":"SQ Slim 100 lisseur professionnel fin - SOMO S.A.M","robots":{"index":"index","follow":"follow","max-snippet":"max-snippet:-1","max-image-preview":"max-image-preview:large","max-video-preview":"max-video-preview:-1"},"canonical":"https:\/\/somo-sam.com\/?product=sq-slim-100-lisseur-professionnel-fin","og_locale":"fr_FR","og_type":"article","og_title":"SQ Slim 100 lisseur professionnel fin - SOMO S.A.M","og_description":"Pr\u00e9cision maximale pour les cheveux fins et courts SQ Slim 100 est un lisseur professionnel extra fin. Avec une temp\u00e9rature","og_url":"https:\/\/somo-sam.com\/?product=sq-slim-100-lisseur-professionnel-fin","og_site_name":"SOMO S.A.M","article_modified_time":"2025-03-20T17:07:28+00:00","og_image":[{"width":1080,"height":1080,"url":"https:\/\/somo-sam.com\/wp-content\/uploads\/2025\/03\/Design-sans-titre-10-3.png","type":"image\/png"}],"twitter_card":"summary_large_image","twitter_misc":{"Dur\u00e9e de lecture estim\u00e9e":"2 minutes"},"schema":{"@context":"https:\/\/schema.org","@graph":[{"@type":"WebPage","@id":"https:\/\/somo-sam.com\/?product=sq-slim-100-lisseur-professionnel-fin","url":"https:\/\/somo-sam.com\/?product=sq-slim-100-lisseur-professionnel-fin","name":"SQ Slim 100 lisseur professionnel fin - SOMO S.A.M","isPartOf":{"@id":"https:\/\/somo-sam.com\/#website"},"primaryImageOfPage":{"@id":"https:\/\/somo-sam.com\/?product=sq-slim-100-lisseur-professionnel-fin#primaryimage"},"image":{"@id":"https:\/\/somo-sam.com\/?product=sq-slim-100-lisseur-professionnel-fin#primaryimage"},"thumbnailUrl":"https:\/\/somo-sam.com\/wp-content\/uploads\/2025\/03\/Design-sans-titre-10-3.png","datePublished":"2025-03-20T16:55:01+00:00","dateModified":"2025-03-20T17:07:28+00:00","breadcrumb":{"@id":"https:\/\/somo-sam.com\/?product=sq-slim-100-lisseur-professionnel-fin#breadcrumb"},"inLanguage":"fr-FR","potentialAction":[{"@type":"ReadAction","target":["https:\/\/somo-sam.com\/?product=sq-slim-100-lisseur-professionnel-fin"]}]},{"@type":"ImageObject","inLanguage":"fr-FR","@id":"https:\/\/somo-sam.com\/?product=sq-slim-100-lisseur-professionnel-fin#primaryimage","url":"https:\/\/somo-sam.com\/wp-content\/uploads\/2025\/03\/Design-sans-titre-10-3.png","contentUrl":"https:\/\/somo-sam.com\/wp-content\/uploads\/2025\/03\/Design-sans-titre-10-3.png","width":1080,"height":1080},{"@type":"BreadcrumbList","@id":"https:\/\/somo-sam.com\/?product=sq-slim-100-lisseur-professionnel-fin#breadcrumb","itemListElement":[{"@type":"ListItem","position":1,"name":"Accueil","item":"https:\/\/somo-sam.com\/"},{"@type":"ListItem","position":2,"name":"Shop","item":"https:\/\/somo-sam.com\/?page_id=413"},{"@type":"ListItem","position":3,"name":"SQ Slim 100 lisseur professionnel fin"}]},{"@type":"WebSite","@id":"https:\/\/somo-sam.com\/#website","url":"https:\/\/somo-sam.com\/","name":"SOMO S.A.M","description":"Votre partenaire en \u00e9quipements h\u00f4teliers et de restauration","potentialAction":[{"@type":"SearchAction","target":{"@type":"EntryPoint","urlTemplate":"https:\/\/somo-sam.com\/?s={search_term_string}"},"query-input":{"@type":"PropertyValueSpecification","valueRequired":true,"valueName":"search_term_string"}}],"inLanguage":"fr-FR"}]}},"_links":{"self":[{"href":"https:\/\/somo-sam.com\/index.php?rest_route=\/wp\/v2\/product\/30898","targetHints":{"allow":["GET"]}}],"collection":[{"href":"https:\/\/somo-sam.com\/index.php?rest_route=\/wp\/v2\/product"}],"about":[{"href":"https:\/\/somo-sam.com\/index.php?rest_route=\/wp\/v2\/types\/product"}],"version-history":[{"count":2,"href":"https:\/\/somo-sam.com\/index.php?rest_route=\/wp\/v2\/product\/30898\/revisions"}],"predecessor-version":[{"id":30917,"href":"https:\/\/somo-sam.com\/index.php?rest_route=\/wp\/v2\/product\/30898\/revisions\/30917"}],"wp:featuredmedia":[{"embeddable":true,"href":"https:\/\/somo-sam.com\/index.php?rest_route=\/wp\/v2\/media\/30899"}],"wp:attachment":[{"href":"https:\/\/somo-sam.com\/index.php?rest_route=%2Fwp%2Fv2%2Fmedia&parent=30898"}],"wp:term":[{"taxonomy":"product_brand","embeddable":true,"href":"https:\/\/somo-sam.com\/index.php?rest_route=%2Fwp%2Fv2%2Fproduct_brand&post=30898"},{"taxonomy":"product_cat","embeddable":true,"href":"https:\/\/somo-sam.com\/index.php?rest_route=%2Fwp%2Fv2%2Fproduct_cat&post=30898"},{"taxonomy":"product_tag","embeddable":true,"href":"https:\/\/somo-sam.com\/index.php?rest_route=%2Fwp%2Fv2%2Fproduct_tag&post=30898"}],"curies":[{"name":"wp","href":"https:\/\/api.w.org\/{rel}","templated":true}]}}