{"id":30912,"date":"2025-03-20T18:09:39","date_gmt":"2025-03-20T17:09:39","guid":{"rendered":"https:\/\/somo-sam.com\/?post_type=product&#038;p=30912"},"modified":"2025-03-20T18:09:39","modified_gmt":"2025-03-20T17:09:39","slug":"creator-tondeuse-professionnelle","status":"publish","type":"product","link":"https:\/\/somo-sam.com\/?product=creator-tondeuse-professionnelle","title":{"rendered":"Creator tondeuse professionnelle"},"content":{"rendered":"<h2>Qualit\u00e9 et pr\u00e9cision suisses<\/h2>\n<p>La tondeuse CREATOR offre aux coiffeurs-stylistes tout ce dont ils ont besoin pour leurs techniques de coupe cr\u00e9atives de grande pr\u00e9cision : des lames tranchantes en acier japonais aff\u00fbt\u00e9es au diamant et une batterie LFP Li-Ion puissante et durable.<\/p>\n<p>Creator, l&#8217;\u00e9l\u00e9gante tondeuse \u00e0 cheveux produite en Suisse, donne une inspiration \u00e0 la cr\u00e9ativit\u00e9. Les lames aff\u00fbt\u00e9es au diamant sont en acier japonais \u00e0 haute teneur en carbone. Cet acier est particuli\u00e8rement dur et r\u00e9sistant \u00e0 l&#8217;abrasion. Cinq longueurs de coupe (0,8, 1,3, 1,8, 2,4 et 3,0\u00a0mm) facilement r\u00e9glables par s\u00e9lecteur. Six peignes de coupe haut de gamme ultra-robustes et ultra-souples pour des longueurs de coupe suppl\u00e9mentaires de 3, 6, 9, 12, 16 et 20\u00a0mm sont fournis. La batterie LFP Li-Ion de derni\u00e8re g\u00e9n\u00e9ration offre une autonomie pouvant atteindre 120\u00a0minutes. L&#8217;\u00e9lectronique sp\u00e9ciale prot\u00e9geant la batterie maximise le nombre de cycles de d\u00e9charge-charge et r\u00e9duit quasiment \u00e0 z\u00e9ro la consommation en veille. Le moteur CC professionnel \u00e0 couple \u00e9lev\u00e9, \u00e0 vitesse constante de 5\u00a0500 tr\/min permet de travailler sans effort m\u00eame dans les chevelures \u00e9paisses et denses.<\/p>\n<p>Vendu par lot de 3<\/p>\n","protected":false},"excerpt":{"rendered":"<p>Qualit\u00e9 et pr\u00e9cision suisses La tondeuse CREATOR offre aux coiffeurs-stylistes tout ce dont ils ont besoin pour leurs techniques de<\/p>\n","protected":false},"featured_media":30913,"template":"","meta":{"_acf_changed":false,"_monsterinsights_skip_tracking":false,"_monsterinsights_sitenote_active":false,"_monsterinsights_sitenote_note":"","_monsterinsights_sitenote_category":0},"product_brand":[279],"product_cat":[273,276],"product_tag":[],"class_list":{"0":"post-30912","1":"product","2":"type-product","3":"status-publish","4":"has-post-thumbnail","6":"product_brand-valera","7":"product_cat-salon-coiffure-exslusive","8":"product_cat-tondeuse","10":"first","11":"instock","12":"taxable","13":"shipping-taxable","14":"purchasable","15":"product-type-simple","16":"add-to-wishlist-after_add_to_cart"},"acf":[],"yoast_head":"<!-- This site is optimized with the Yoast SEO plugin v23.6 - https:\/\/yoast.com\/wordpress\/plugins\/seo\/ -->\n<title>Creator tondeuse professionnelle - SOMO S.A.M<\/title>\n<meta name=\"robots\" content=\"index, follow, max-snippet:-1, max-image-preview:large, max-video-preview:-1\" \/>\n<link rel=\"canonical\" href=\"http:\/\/somo-sam.com\/?product=creator-tondeuse-professionnelle\" \/>\n<meta property=\"og:locale\" content=\"fr_FR\" \/>\n<meta property=\"og:type\" content=\"article\" \/>\n<meta property=\"og:title\" content=\"Creator tondeuse professionnelle - SOMO S.A.M\" \/>\n<meta property=\"og:description\" content=\"Qualit\u00e9 et pr\u00e9cision suisses La tondeuse CREATOR offre aux coiffeurs-stylistes tout ce dont ils ont besoin pour leurs techniques de\" \/>\n<meta property=\"og:url\" content=\"http:\/\/somo-sam.com\/?product=creator-tondeuse-professionnelle\" \/>\n<meta property=\"og:site_name\" content=\"SOMO S.A.M\" \/>\n<meta property=\"og:image\" content=\"http:\/\/somo-sam.com\/wp-content\/uploads\/2025\/03\/Design-sans-titre-13-2.png\" \/>\n\t<meta property=\"og:image:width\" content=\"1080\" \/>\n\t<meta property=\"og:image:height\" content=\"1080\" \/>\n\t<meta property=\"og:image:type\" content=\"image\/png\" \/>\n<meta name=\"twitter:card\" content=\"summary_large_image\" \/>\n<meta name=\"twitter:label1\" content=\"Dur\u00e9e de lecture estim\u00e9e\" \/>\n\t<meta name=\"twitter:data1\" content=\"2 minutes\" \/>\n<script type=\"application\/ld+json\" class=\"yoast-schema-graph\">{\"@context\":\"https:\/\/schema.org\",\"@graph\":[{\"@type\":\"WebPage\",\"@id\":\"http:\/\/somo-sam.com\/?product=creator-tondeuse-professionnelle\",\"url\":\"http:\/\/somo-sam.com\/?product=creator-tondeuse-professionnelle\",\"name\":\"Creator tondeuse professionnelle - SOMO S.A.M\",\"isPartOf\":{\"@id\":\"https:\/\/somo-sam.com\/#website\"},\"primaryImageOfPage\":{\"@id\":\"http:\/\/somo-sam.com\/?product=creator-tondeuse-professionnelle#primaryimage\"},\"image\":{\"@id\":\"http:\/\/somo-sam.com\/?product=creator-tondeuse-professionnelle#primaryimage\"},\"thumbnailUrl\":\"https:\/\/somo-sam.com\/wp-content\/uploads\/2025\/03\/Design-sans-titre-13-2.png\",\"datePublished\":\"2025-03-20T17:09:39+00:00\",\"dateModified\":\"2025-03-20T17:09:39+00:00\",\"breadcrumb\":{\"@id\":\"http:\/\/somo-sam.com\/?product=creator-tondeuse-professionnelle#breadcrumb\"},\"inLanguage\":\"fr-FR\",\"potentialAction\":[{\"@type\":\"ReadAction\",\"target\":[\"http:\/\/somo-sam.com\/?product=creator-tondeuse-professionnelle\"]}]},{\"@type\":\"ImageObject\",\"inLanguage\":\"fr-FR\",\"@id\":\"http:\/\/somo-sam.com\/?product=creator-tondeuse-professionnelle#primaryimage\",\"url\":\"https:\/\/somo-sam.com\/wp-content\/uploads\/2025\/03\/Design-sans-titre-13-2.png\",\"contentUrl\":\"https:\/\/somo-sam.com\/wp-content\/uploads\/2025\/03\/Design-sans-titre-13-2.png\",\"width\":1080,\"height\":1080},{\"@type\":\"BreadcrumbList\",\"@id\":\"http:\/\/somo-sam.com\/?product=creator-tondeuse-professionnelle#breadcrumb\",\"itemListElement\":[{\"@type\":\"ListItem\",\"position\":1,\"name\":\"Accueil\",\"item\":\"https:\/\/somo-sam.com\/\"},{\"@type\":\"ListItem\",\"position\":2,\"name\":\"Shop\",\"item\":\"http:\/\/somo-sam.com\/?page_id=413\"},{\"@type\":\"ListItem\",\"position\":3,\"name\":\"Creator tondeuse professionnelle\"}]},{\"@type\":\"WebSite\",\"@id\":\"https:\/\/somo-sam.com\/#website\",\"url\":\"https:\/\/somo-sam.com\/\",\"name\":\"SOMO S.A.M\",\"description\":\"Votre partenaire en \u00e9quipements h\u00f4teliers et de restauration\",\"potentialAction\":[{\"@type\":\"SearchAction\",\"target\":{\"@type\":\"EntryPoint\",\"urlTemplate\":\"https:\/\/somo-sam.com\/?s={search_term_string}\"},\"query-input\":{\"@type\":\"PropertyValueSpecification\",\"valueRequired\":true,\"valueName\":\"search_term_string\"}}],\"inLanguage\":\"fr-FR\"}]}<\/script>\n<!-- \/ Yoast SEO plugin. -->","yoast_head_json":{"title":"Creator tondeuse professionnelle - SOMO S.A.M","robots":{"index":"index","follow":"follow","max-snippet":"max-snippet:-1","max-image-preview":"max-image-preview:large","max-video-preview":"max-video-preview:-1"},"canonical":"http:\/\/somo-sam.com\/?product=creator-tondeuse-professionnelle","og_locale":"fr_FR","og_type":"article","og_title":"Creator tondeuse professionnelle - SOMO S.A.M","og_description":"Qualit\u00e9 et pr\u00e9cision suisses La tondeuse CREATOR offre aux coiffeurs-stylistes tout ce dont ils ont besoin pour leurs techniques de","og_url":"http:\/\/somo-sam.com\/?product=creator-tondeuse-professionnelle","og_site_name":"SOMO S.A.M","og_image":[{"width":1080,"height":1080,"url":"http:\/\/somo-sam.com\/wp-content\/uploads\/2025\/03\/Design-sans-titre-13-2.png","type":"image\/png"}],"twitter_card":"summary_large_image","twitter_misc":{"Dur\u00e9e de lecture estim\u00e9e":"2 minutes"},"schema":{"@context":"https:\/\/schema.org","@graph":[{"@type":"WebPage","@id":"http:\/\/somo-sam.com\/?product=creator-tondeuse-professionnelle","url":"http:\/\/somo-sam.com\/?product=creator-tondeuse-professionnelle","name":"Creator tondeuse professionnelle - SOMO S.A.M","isPartOf":{"@id":"https:\/\/somo-sam.com\/#website"},"primaryImageOfPage":{"@id":"http:\/\/somo-sam.com\/?product=creator-tondeuse-professionnelle#primaryimage"},"image":{"@id":"http:\/\/somo-sam.com\/?product=creator-tondeuse-professionnelle#primaryimage"},"thumbnailUrl":"https:\/\/somo-sam.com\/wp-content\/uploads\/2025\/03\/Design-sans-titre-13-2.png","datePublished":"2025-03-20T17:09:39+00:00","dateModified":"2025-03-20T17:09:39+00:00","breadcrumb":{"@id":"http:\/\/somo-sam.com\/?product=creator-tondeuse-professionnelle#breadcrumb"},"inLanguage":"fr-FR","potentialAction":[{"@type":"ReadAction","target":["http:\/\/somo-sam.com\/?product=creator-tondeuse-professionnelle"]}]},{"@type":"ImageObject","inLanguage":"fr-FR","@id":"http:\/\/somo-sam.com\/?product=creator-tondeuse-professionnelle#primaryimage","url":"https:\/\/somo-sam.com\/wp-content\/uploads\/2025\/03\/Design-sans-titre-13-2.png","contentUrl":"https:\/\/somo-sam.com\/wp-content\/uploads\/2025\/03\/Design-sans-titre-13-2.png","width":1080,"height":1080},{"@type":"BreadcrumbList","@id":"http:\/\/somo-sam.com\/?product=creator-tondeuse-professionnelle#breadcrumb","itemListElement":[{"@type":"ListItem","position":1,"name":"Accueil","item":"https:\/\/somo-sam.com\/"},{"@type":"ListItem","position":2,"name":"Shop","item":"http:\/\/somo-sam.com\/?page_id=413"},{"@type":"ListItem","position":3,"name":"Creator tondeuse professionnelle"}]},{"@type":"WebSite","@id":"https:\/\/somo-sam.com\/#website","url":"https:\/\/somo-sam.com\/","name":"SOMO S.A.M","description":"Votre partenaire en \u00e9quipements h\u00f4teliers et de restauration","potentialAction":[{"@type":"SearchAction","target":{"@type":"EntryPoint","urlTemplate":"https:\/\/somo-sam.com\/?s={search_term_string}"},"query-input":{"@type":"PropertyValueSpecification","valueRequired":true,"valueName":"search_term_string"}}],"inLanguage":"fr-FR"}]}},"_links":{"self":[{"href":"https:\/\/somo-sam.com\/index.php?rest_route=\/wp\/v2\/product\/30912","targetHints":{"allow":["GET"]}}],"collection":[{"href":"https:\/\/somo-sam.com\/index.php?rest_route=\/wp\/v2\/product"}],"about":[{"href":"https:\/\/somo-sam.com\/index.php?rest_route=\/wp\/v2\/types\/product"}],"version-history":[{"count":1,"href":"https:\/\/somo-sam.com\/index.php?rest_route=\/wp\/v2\/product\/30912\/revisions"}],"predecessor-version":[{"id":30923,"href":"https:\/\/somo-sam.com\/index.php?rest_route=\/wp\/v2\/product\/30912\/revisions\/30923"}],"wp:featuredmedia":[{"embeddable":true,"href":"https:\/\/somo-sam.com\/index.php?rest_route=\/wp\/v2\/media\/30913"}],"wp:attachment":[{"href":"https:\/\/somo-sam.com\/index.php?rest_route=%2Fwp%2Fv2%2Fmedia&parent=30912"}],"wp:term":[{"taxonomy":"product_brand","embeddable":true,"href":"https:\/\/somo-sam.com\/index.php?rest_route=%2Fwp%2Fv2%2Fproduct_brand&post=30912"},{"taxonomy":"product_cat","embeddable":true,"href":"https:\/\/somo-sam.com\/index.php?rest_route=%2Fwp%2Fv2%2Fproduct_cat&post=30912"},{"taxonomy":"product_tag","embeddable":true,"href":"https:\/\/somo-sam.com\/index.php?rest_route=%2Fwp%2Fv2%2Fproduct_tag&post=30912"}],"curies":[{"name":"wp","href":"https:\/\/api.w.org\/{rel}","templated":true}]}}