{"id":30933,"date":"2025-03-21T11:52:23","date_gmt":"2025-03-21T10:52:23","guid":{"rendered":"https:\/\/somo-sam.com\/?post_type=product&#038;p=30933"},"modified":"2025-03-21T11:52:23","modified_gmt":"2025-03-21T10:52:23","slug":"classic-1955-seche-cheveux-professionnel-en-acier-2100-w","status":"publish","type":"product","link":"https:\/\/somo-sam.com\/?product=classic-1955-seche-cheveux-professionnel-en-acier-2100-w","title":{"rendered":"Classic 1955 s\u00e8che-cheveux professionnel en acier 2100 W"},"content":{"rendered":"<h2>M\u00e9tal frais, grandes performances<\/h2>\n<p>Le s\u00e8che-cheveux CLASSIC 1955 apporte une touche vintage au salon avec sa forme iconique et son corps en acier chrom\u00e9. Pour les amateurs du style r\u00e9tro, mais dot\u00e9 de caract\u00e9ristiques modernes.<\/p>\n<p>Le Classic 1955, le v\u00e9ritable s\u00e8che-cheveux en m\u00e9tal professionnel, est un parfait \u00e9quilibre de style et de charme d\u00e9licieusement r\u00e9tro, conforme aux standards des coiffeurs professionnels. C&#8217;est un outil pour le salon en acier de qualit\u00e9 sup\u00e9rieure, chrom\u00e9, garanti Cool Touch, puissant et fiable gr\u00e2ce \u00e0 son moteur AC l\u00e9ger. Le Backstop System emp\u00eache que les cheveux ne se prennent dans le groupe ventilateur, afin d&#8217;\u00e9viter les dysfonctionnements du moteur. Pour compl\u00e9ter le tout, le syst\u00e8me Sanify de Valera assure un environnement plus s\u00fbr et sain au salon. Le Classic 1955 \u00e0 l&#8217;\u00e9l\u00e9gance r\u00e9tro, avec sa poign\u00e9e ergonomique bordeaux est un outil de classe particuli\u00e8rement appr\u00e9ci\u00e9 par les barbiers.<\/p>\n","protected":false},"excerpt":{"rendered":"<p>M\u00e9tal frais, grandes performances Le s\u00e8che-cheveux CLASSIC 1955 apporte une touche vintage au salon avec sa forme iconique et son<\/p>\n","protected":false},"featured_media":30934,"template":"","meta":{"_acf_changed":false,"_monsterinsights_skip_tracking":false,"_monsterinsights_sitenote_active":false,"_monsterinsights_sitenote_note":"","_monsterinsights_sitenote_category":0},"product_brand":[279],"product_cat":[273,274],"product_tag":[],"class_list":{"0":"post-30933","1":"product","2":"type-product","3":"status-publish","4":"has-post-thumbnail","6":"product_brand-valera","7":"product_cat-salon-coiffure-exslusive","8":"product_cat-seche-cheveux-pro","10":"first","11":"instock","12":"taxable","13":"shipping-taxable","14":"purchasable","15":"product-type-simple","16":"add-to-wishlist-after_add_to_cart"},"acf":[],"yoast_head":"<!-- This site is optimized with the Yoast SEO plugin v23.6 - https:\/\/yoast.com\/wordpress\/plugins\/seo\/ -->\n<title>Classic 1955 s\u00e8che-cheveux professionnel en acier 2100 W - SOMO S.A.M<\/title>\n<meta name=\"robots\" content=\"index, follow, max-snippet:-1, max-image-preview:large, max-video-preview:-1\" \/>\n<link rel=\"canonical\" href=\"https:\/\/somo-sam.com\/?product=classic-1955-seche-cheveux-professionnel-en-acier-2100-w\" \/>\n<meta property=\"og:locale\" content=\"fr_FR\" \/>\n<meta property=\"og:type\" content=\"article\" \/>\n<meta property=\"og:title\" content=\"Classic 1955 s\u00e8che-cheveux professionnel en acier 2100 W - SOMO S.A.M\" \/>\n<meta property=\"og:description\" content=\"M\u00e9tal frais, grandes performances Le s\u00e8che-cheveux CLASSIC 1955 apporte une touche vintage au salon avec sa forme iconique et son\" \/>\n<meta property=\"og:url\" content=\"https:\/\/somo-sam.com\/?product=classic-1955-seche-cheveux-professionnel-en-acier-2100-w\" \/>\n<meta property=\"og:site_name\" content=\"SOMO S.A.M\" \/>\n<meta property=\"og:image\" content=\"https:\/\/somo-sam.com\/wp-content\/uploads\/2025\/03\/Design-sans-titre-1-8.png\" \/>\n\t<meta property=\"og:image:width\" content=\"1080\" \/>\n\t<meta property=\"og:image:height\" content=\"1080\" \/>\n\t<meta property=\"og:image:type\" content=\"image\/png\" \/>\n<meta name=\"twitter:card\" content=\"summary_large_image\" \/>\n<meta name=\"twitter:label1\" content=\"Dur\u00e9e de lecture estim\u00e9e\" \/>\n\t<meta name=\"twitter:data1\" content=\"1 minute\" \/>\n<script type=\"application\/ld+json\" class=\"yoast-schema-graph\">{\"@context\":\"https:\/\/schema.org\",\"@graph\":[{\"@type\":\"WebPage\",\"@id\":\"https:\/\/somo-sam.com\/?product=classic-1955-seche-cheveux-professionnel-en-acier-2100-w\",\"url\":\"https:\/\/somo-sam.com\/?product=classic-1955-seche-cheveux-professionnel-en-acier-2100-w\",\"name\":\"Classic 1955 s\u00e8che-cheveux professionnel en acier 2100 W - SOMO S.A.M\",\"isPartOf\":{\"@id\":\"https:\/\/somo-sam.com\/#website\"},\"primaryImageOfPage\":{\"@id\":\"https:\/\/somo-sam.com\/?product=classic-1955-seche-cheveux-professionnel-en-acier-2100-w#primaryimage\"},\"image\":{\"@id\":\"https:\/\/somo-sam.com\/?product=classic-1955-seche-cheveux-professionnel-en-acier-2100-w#primaryimage\"},\"thumbnailUrl\":\"https:\/\/somo-sam.com\/wp-content\/uploads\/2025\/03\/Design-sans-titre-1-8.png\",\"datePublished\":\"2025-03-21T10:52:23+00:00\",\"dateModified\":\"2025-03-21T10:52:23+00:00\",\"breadcrumb\":{\"@id\":\"https:\/\/somo-sam.com\/?product=classic-1955-seche-cheveux-professionnel-en-acier-2100-w#breadcrumb\"},\"inLanguage\":\"fr-FR\",\"potentialAction\":[{\"@type\":\"ReadAction\",\"target\":[\"https:\/\/somo-sam.com\/?product=classic-1955-seche-cheveux-professionnel-en-acier-2100-w\"]}]},{\"@type\":\"ImageObject\",\"inLanguage\":\"fr-FR\",\"@id\":\"https:\/\/somo-sam.com\/?product=classic-1955-seche-cheveux-professionnel-en-acier-2100-w#primaryimage\",\"url\":\"https:\/\/somo-sam.com\/wp-content\/uploads\/2025\/03\/Design-sans-titre-1-8.png\",\"contentUrl\":\"https:\/\/somo-sam.com\/wp-content\/uploads\/2025\/03\/Design-sans-titre-1-8.png\",\"width\":1080,\"height\":1080},{\"@type\":\"BreadcrumbList\",\"@id\":\"https:\/\/somo-sam.com\/?product=classic-1955-seche-cheveux-professionnel-en-acier-2100-w#breadcrumb\",\"itemListElement\":[{\"@type\":\"ListItem\",\"position\":1,\"name\":\"Accueil\",\"item\":\"https:\/\/somo-sam.com\/\"},{\"@type\":\"ListItem\",\"position\":2,\"name\":\"Shop\",\"item\":\"https:\/\/somo-sam.com\/?page_id=413\"},{\"@type\":\"ListItem\",\"position\":3,\"name\":\"Classic 1955 s\u00e8che-cheveux professionnel en acier 2100 W\"}]},{\"@type\":\"WebSite\",\"@id\":\"https:\/\/somo-sam.com\/#website\",\"url\":\"https:\/\/somo-sam.com\/\",\"name\":\"SOMO S.A.M\",\"description\":\"Votre partenaire en \u00e9quipements h\u00f4teliers et de restauration\",\"potentialAction\":[{\"@type\":\"SearchAction\",\"target\":{\"@type\":\"EntryPoint\",\"urlTemplate\":\"https:\/\/somo-sam.com\/?s={search_term_string}\"},\"query-input\":{\"@type\":\"PropertyValueSpecification\",\"valueRequired\":true,\"valueName\":\"search_term_string\"}}],\"inLanguage\":\"fr-FR\"}]}<\/script>\n<!-- \/ Yoast SEO plugin. -->","yoast_head_json":{"title":"Classic 1955 s\u00e8che-cheveux professionnel en acier 2100 W - SOMO S.A.M","robots":{"index":"index","follow":"follow","max-snippet":"max-snippet:-1","max-image-preview":"max-image-preview:large","max-video-preview":"max-video-preview:-1"},"canonical":"https:\/\/somo-sam.com\/?product=classic-1955-seche-cheveux-professionnel-en-acier-2100-w","og_locale":"fr_FR","og_type":"article","og_title":"Classic 1955 s\u00e8che-cheveux professionnel en acier 2100 W - SOMO S.A.M","og_description":"M\u00e9tal frais, grandes performances Le s\u00e8che-cheveux CLASSIC 1955 apporte une touche vintage au salon avec sa forme iconique et son","og_url":"https:\/\/somo-sam.com\/?product=classic-1955-seche-cheveux-professionnel-en-acier-2100-w","og_site_name":"SOMO S.A.M","og_image":[{"width":1080,"height":1080,"url":"https:\/\/somo-sam.com\/wp-content\/uploads\/2025\/03\/Design-sans-titre-1-8.png","type":"image\/png"}],"twitter_card":"summary_large_image","twitter_misc":{"Dur\u00e9e de lecture estim\u00e9e":"1 minute"},"schema":{"@context":"https:\/\/schema.org","@graph":[{"@type":"WebPage","@id":"https:\/\/somo-sam.com\/?product=classic-1955-seche-cheveux-professionnel-en-acier-2100-w","url":"https:\/\/somo-sam.com\/?product=classic-1955-seche-cheveux-professionnel-en-acier-2100-w","name":"Classic 1955 s\u00e8che-cheveux professionnel en acier 2100 W - SOMO S.A.M","isPartOf":{"@id":"https:\/\/somo-sam.com\/#website"},"primaryImageOfPage":{"@id":"https:\/\/somo-sam.com\/?product=classic-1955-seche-cheveux-professionnel-en-acier-2100-w#primaryimage"},"image":{"@id":"https:\/\/somo-sam.com\/?product=classic-1955-seche-cheveux-professionnel-en-acier-2100-w#primaryimage"},"thumbnailUrl":"https:\/\/somo-sam.com\/wp-content\/uploads\/2025\/03\/Design-sans-titre-1-8.png","datePublished":"2025-03-21T10:52:23+00:00","dateModified":"2025-03-21T10:52:23+00:00","breadcrumb":{"@id":"https:\/\/somo-sam.com\/?product=classic-1955-seche-cheveux-professionnel-en-acier-2100-w#breadcrumb"},"inLanguage":"fr-FR","potentialAction":[{"@type":"ReadAction","target":["https:\/\/somo-sam.com\/?product=classic-1955-seche-cheveux-professionnel-en-acier-2100-w"]}]},{"@type":"ImageObject","inLanguage":"fr-FR","@id":"https:\/\/somo-sam.com\/?product=classic-1955-seche-cheveux-professionnel-en-acier-2100-w#primaryimage","url":"https:\/\/somo-sam.com\/wp-content\/uploads\/2025\/03\/Design-sans-titre-1-8.png","contentUrl":"https:\/\/somo-sam.com\/wp-content\/uploads\/2025\/03\/Design-sans-titre-1-8.png","width":1080,"height":1080},{"@type":"BreadcrumbList","@id":"https:\/\/somo-sam.com\/?product=classic-1955-seche-cheveux-professionnel-en-acier-2100-w#breadcrumb","itemListElement":[{"@type":"ListItem","position":1,"name":"Accueil","item":"https:\/\/somo-sam.com\/"},{"@type":"ListItem","position":2,"name":"Shop","item":"https:\/\/somo-sam.com\/?page_id=413"},{"@type":"ListItem","position":3,"name":"Classic 1955 s\u00e8che-cheveux professionnel en acier 2100 W"}]},{"@type":"WebSite","@id":"https:\/\/somo-sam.com\/#website","url":"https:\/\/somo-sam.com\/","name":"SOMO S.A.M","description":"Votre partenaire en \u00e9quipements h\u00f4teliers et de restauration","potentialAction":[{"@type":"SearchAction","target":{"@type":"EntryPoint","urlTemplate":"https:\/\/somo-sam.com\/?s={search_term_string}"},"query-input":{"@type":"PropertyValueSpecification","valueRequired":true,"valueName":"search_term_string"}}],"inLanguage":"fr-FR"}]}},"_links":{"self":[{"href":"https:\/\/somo-sam.com\/index.php?rest_route=\/wp\/v2\/product\/30933","targetHints":{"allow":["GET"]}}],"collection":[{"href":"https:\/\/somo-sam.com\/index.php?rest_route=\/wp\/v2\/product"}],"about":[{"href":"https:\/\/somo-sam.com\/index.php?rest_route=\/wp\/v2\/types\/product"}],"version-history":[{"count":1,"href":"https:\/\/somo-sam.com\/index.php?rest_route=\/wp\/v2\/product\/30933\/revisions"}],"predecessor-version":[{"id":30938,"href":"https:\/\/somo-sam.com\/index.php?rest_route=\/wp\/v2\/product\/30933\/revisions\/30938"}],"wp:featuredmedia":[{"embeddable":true,"href":"https:\/\/somo-sam.com\/index.php?rest_route=\/wp\/v2\/media\/30934"}],"wp:attachment":[{"href":"https:\/\/somo-sam.com\/index.php?rest_route=%2Fwp%2Fv2%2Fmedia&parent=30933"}],"wp:term":[{"taxonomy":"product_brand","embeddable":true,"href":"https:\/\/somo-sam.com\/index.php?rest_route=%2Fwp%2Fv2%2Fproduct_brand&post=30933"},{"taxonomy":"product_cat","embeddable":true,"href":"https:\/\/somo-sam.com\/index.php?rest_route=%2Fwp%2Fv2%2Fproduct_cat&post=30933"},{"taxonomy":"product_tag","embeddable":true,"href":"https:\/\/somo-sam.com\/index.php?rest_route=%2Fwp%2Fv2%2Fproduct_tag&post=30933"}],"curies":[{"name":"wp","href":"https:\/\/api.w.org\/{rel}","templated":true}]}}