{"id":31163,"date":"2025-03-25T14:53:29","date_gmt":"2025-03-25T13:53:29","guid":{"rendered":"https:\/\/somo-sam.com\/?post_type=product&#038;p=31163"},"modified":"2025-03-25T16:41:42","modified_gmt":"2025-03-25T15:41:42","slug":"k400","status":"publish","type":"product","link":"https:\/\/somo-sam.com\/?product=k400","title":{"rendered":"K400"},"content":{"rendered":"<p>\u2022 K400 est un op\u00e9rateur pour portails coulissants lourds<br \/>\njusqu&#8217;\u00e0 400 Kg.<br \/>\n\u2022 La vitesse du K400 est variable de 9 \u00e0 20 m\/min.<br \/>\n\u2022 Il est dot\u00e9 de sonde integr\u00e9e pour le chauffage avec<br \/>\ncapteur de temp\u00e9rature.<br \/>\n\u2022 La plaque de fixation dot\u00e9e permet le reglage en hauteur et<br \/>\nla fixation au sol avec des vis \u00e0 expansion ou \u00e0 travers la<br \/>\ncimentation des ses agrafes.<br \/>\n\u2022 D\u00e9blocage avec cl\u00e9 personalis\u00e9e.<br \/>\n\u2022 Ralentissement en phase d\u2019approche d\u2019ouverture et de<br \/>\nfermeture r\u00e9glable.<br \/>\n\u2022 Engrenage de traction en acier.<br \/>\n\u2022 Le d\u00e9blocage pour la manoeuvre manuelle est dot\u00e9<br \/>\nd\u2019interrupteur que au r\u00e9tablissement du fonctionnement,<br \/>\ncommande \u00e0 nouveau le positionnement automatique du<br \/>\nportail avec vitesse lente.<br \/>\n\u2022 K400 pendant le blackout peut faire 30 cycles avec 2<br \/>\nbatteries de 1,2 Ah.<br \/>\n\u2022 K400 est dot\u00e9 de encodeur pour la disposition de<br \/>\nl\u2019electricit\u00e9 afin de regler automatiquement la sensibilit\u00e9<br \/>\nd\u2019impact et afin de d\u00e9terminer correctement les phases<br \/>\ndu ralentissement.<br \/>\n\u2022 Dans le tableau L1 24-CRX integr\u00e9 la m\u00e9moire des codes des<br \/>\nt\u00e9l\u00e9commandes peut \u00eatre extraite pour une maintenance<br \/>\nplus simple.<br \/>\n\u2022 Le tableau L1 24V-CRX peut g\u00e9rer jusqu&#8217;\u00e0 1.000 entre<br \/>\nt\u00e9l\u00e9commandes SUN ou SUN PRO.<br \/>\n\u2022 Le tableau L1 24V-CRX peut \u00eatre g\u00e9r\u00e9 avec la carte<br \/>\nBluetooth APP ou la carte APP+<\/p>\n","protected":false},"excerpt":{"rendered":"<h3>K400 OP\u00c9RATEUR IRR\u00c9VERSIBLE<br \/>\nPOUR PORTAILS COULISSANTS INDUSTRIELS<\/h3>\n","protected":false},"featured_media":31172,"template":"","meta":{"_acf_changed":false,"_monsterinsights_skip_tracking":false,"_monsterinsights_sitenote_active":false,"_monsterinsights_sitenote_note":"","_monsterinsights_sitenote_category":0},"product_brand":[290],"product_cat":[134,135],"product_tag":[],"class_list":{"0":"post-31163","1":"product","2":"type-product","3":"status-publish","4":"has-post-thumbnail","6":"product_brand-rib","7":"product_cat-automatisme","8":"product_cat-portails-coulissant","10":"first","11":"instock","12":"taxable","13":"shipping-taxable","14":"purchasable","15":"product-type-variable","16":"add-to-wishlist-after_add_to_cart"},"acf":[],"yoast_head":"<!-- This site is optimized with the Yoast SEO plugin v23.6 - https:\/\/yoast.com\/wordpress\/plugins\/seo\/ -->\n<title>K400 - SOMO S.A.M<\/title>\n<meta name=\"robots\" content=\"index, follow, max-snippet:-1, max-image-preview:large, max-video-preview:-1\" \/>\n<link rel=\"canonical\" href=\"https:\/\/somo-sam.com\/?product=k400\" \/>\n<meta property=\"og:locale\" content=\"fr_FR\" \/>\n<meta property=\"og:type\" content=\"article\" \/>\n<meta property=\"og:title\" content=\"K400 - SOMO S.A.M\" \/>\n<meta property=\"og:description\" content=\"K400 OP\u00c9RATEUR IRR\u00c9VERSIBLE POUR PORTAILS COULISSANTS INDUSTRIELS\" \/>\n<meta property=\"og:url\" content=\"https:\/\/somo-sam.com\/?product=k400\" \/>\n<meta property=\"og:site_name\" content=\"SOMO S.A.M\" \/>\n<meta property=\"article:modified_time\" content=\"2025-03-25T15:41:42+00:00\" \/>\n<meta property=\"og:image\" content=\"https:\/\/somo-sam.com\/wp-content\/uploads\/2025\/03\/rib-automatismi-per-cancelli-motori-italia-prodotto-k400.jpg\" \/>\n\t<meta property=\"og:image:width\" content=\"269\" \/>\n\t<meta property=\"og:image:height\" content=\"347\" \/>\n\t<meta property=\"og:image:type\" content=\"image\/jpeg\" \/>\n<meta name=\"twitter:card\" content=\"summary_large_image\" \/>\n<meta name=\"twitter:label1\" content=\"Dur\u00e9e de lecture estim\u00e9e\" \/>\n\t<meta name=\"twitter:data1\" content=\"2 minutes\" \/>\n<script type=\"application\/ld+json\" class=\"yoast-schema-graph\">{\"@context\":\"https:\/\/schema.org\",\"@graph\":[{\"@type\":\"WebPage\",\"@id\":\"https:\/\/somo-sam.com\/?product=k400\",\"url\":\"https:\/\/somo-sam.com\/?product=k400\",\"name\":\"K400 - SOMO S.A.M\",\"isPartOf\":{\"@id\":\"http:\/\/somo-sam.com\/#website\"},\"primaryImageOfPage\":{\"@id\":\"https:\/\/somo-sam.com\/?product=k400#primaryimage\"},\"image\":{\"@id\":\"https:\/\/somo-sam.com\/?product=k400#primaryimage\"},\"thumbnailUrl\":\"https:\/\/somo-sam.com\/wp-content\/uploads\/2025\/03\/rib-automatismi-per-cancelli-motori-italia-prodotto-k400.jpg\",\"datePublished\":\"2025-03-25T13:53:29+00:00\",\"dateModified\":\"2025-03-25T15:41:42+00:00\",\"breadcrumb\":{\"@id\":\"https:\/\/somo-sam.com\/?product=k400#breadcrumb\"},\"inLanguage\":\"fr-FR\",\"potentialAction\":[{\"@type\":\"ReadAction\",\"target\":[\"https:\/\/somo-sam.com\/?product=k400\"]}]},{\"@type\":\"ImageObject\",\"inLanguage\":\"fr-FR\",\"@id\":\"https:\/\/somo-sam.com\/?product=k400#primaryimage\",\"url\":\"https:\/\/somo-sam.com\/wp-content\/uploads\/2025\/03\/rib-automatismi-per-cancelli-motori-italia-prodotto-k400.jpg\",\"contentUrl\":\"https:\/\/somo-sam.com\/wp-content\/uploads\/2025\/03\/rib-automatismi-per-cancelli-motori-italia-prodotto-k400.jpg\",\"width\":269,\"height\":347},{\"@type\":\"BreadcrumbList\",\"@id\":\"https:\/\/somo-sam.com\/?product=k400#breadcrumb\",\"itemListElement\":[{\"@type\":\"ListItem\",\"position\":1,\"name\":\"Accueil\",\"item\":\"http:\/\/somo-sam.com\/\"},{\"@type\":\"ListItem\",\"position\":2,\"name\":\"Shop\",\"item\":\"https:\/\/somo-sam.com\/?page_id=413\"},{\"@type\":\"ListItem\",\"position\":3,\"name\":\"K400\"}]},{\"@type\":\"WebSite\",\"@id\":\"http:\/\/somo-sam.com\/#website\",\"url\":\"http:\/\/somo-sam.com\/\",\"name\":\"SOMO S.A.M\",\"description\":\"Votre partenaire en \u00e9quipements h\u00f4teliers et de restauration\",\"potentialAction\":[{\"@type\":\"SearchAction\",\"target\":{\"@type\":\"EntryPoint\",\"urlTemplate\":\"http:\/\/somo-sam.com\/?s={search_term_string}\"},\"query-input\":{\"@type\":\"PropertyValueSpecification\",\"valueRequired\":true,\"valueName\":\"search_term_string\"}}],\"inLanguage\":\"fr-FR\"}]}<\/script>\n<!-- \/ Yoast SEO plugin. -->","yoast_head_json":{"title":"K400 - SOMO S.A.M","robots":{"index":"index","follow":"follow","max-snippet":"max-snippet:-1","max-image-preview":"max-image-preview:large","max-video-preview":"max-video-preview:-1"},"canonical":"https:\/\/somo-sam.com\/?product=k400","og_locale":"fr_FR","og_type":"article","og_title":"K400 - SOMO S.A.M","og_description":"K400 OP\u00c9RATEUR IRR\u00c9VERSIBLE POUR PORTAILS COULISSANTS INDUSTRIELS","og_url":"https:\/\/somo-sam.com\/?product=k400","og_site_name":"SOMO S.A.M","article_modified_time":"2025-03-25T15:41:42+00:00","og_image":[{"width":269,"height":347,"url":"https:\/\/somo-sam.com\/wp-content\/uploads\/2025\/03\/rib-automatismi-per-cancelli-motori-italia-prodotto-k400.jpg","type":"image\/jpeg"}],"twitter_card":"summary_large_image","twitter_misc":{"Dur\u00e9e de lecture estim\u00e9e":"2 minutes"},"schema":{"@context":"https:\/\/schema.org","@graph":[{"@type":"WebPage","@id":"https:\/\/somo-sam.com\/?product=k400","url":"https:\/\/somo-sam.com\/?product=k400","name":"K400 - SOMO S.A.M","isPartOf":{"@id":"http:\/\/somo-sam.com\/#website"},"primaryImageOfPage":{"@id":"https:\/\/somo-sam.com\/?product=k400#primaryimage"},"image":{"@id":"https:\/\/somo-sam.com\/?product=k400#primaryimage"},"thumbnailUrl":"https:\/\/somo-sam.com\/wp-content\/uploads\/2025\/03\/rib-automatismi-per-cancelli-motori-italia-prodotto-k400.jpg","datePublished":"2025-03-25T13:53:29+00:00","dateModified":"2025-03-25T15:41:42+00:00","breadcrumb":{"@id":"https:\/\/somo-sam.com\/?product=k400#breadcrumb"},"inLanguage":"fr-FR","potentialAction":[{"@type":"ReadAction","target":["https:\/\/somo-sam.com\/?product=k400"]}]},{"@type":"ImageObject","inLanguage":"fr-FR","@id":"https:\/\/somo-sam.com\/?product=k400#primaryimage","url":"https:\/\/somo-sam.com\/wp-content\/uploads\/2025\/03\/rib-automatismi-per-cancelli-motori-italia-prodotto-k400.jpg","contentUrl":"https:\/\/somo-sam.com\/wp-content\/uploads\/2025\/03\/rib-automatismi-per-cancelli-motori-italia-prodotto-k400.jpg","width":269,"height":347},{"@type":"BreadcrumbList","@id":"https:\/\/somo-sam.com\/?product=k400#breadcrumb","itemListElement":[{"@type":"ListItem","position":1,"name":"Accueil","item":"http:\/\/somo-sam.com\/"},{"@type":"ListItem","position":2,"name":"Shop","item":"https:\/\/somo-sam.com\/?page_id=413"},{"@type":"ListItem","position":3,"name":"K400"}]},{"@type":"WebSite","@id":"http:\/\/somo-sam.com\/#website","url":"http:\/\/somo-sam.com\/","name":"SOMO S.A.M","description":"Votre partenaire en \u00e9quipements h\u00f4teliers et de restauration","potentialAction":[{"@type":"SearchAction","target":{"@type":"EntryPoint","urlTemplate":"http:\/\/somo-sam.com\/?s={search_term_string}"},"query-input":{"@type":"PropertyValueSpecification","valueRequired":true,"valueName":"search_term_string"}}],"inLanguage":"fr-FR"}]}},"_links":{"self":[{"href":"https:\/\/somo-sam.com\/index.php?rest_route=\/wp\/v2\/product\/31163","targetHints":{"allow":["GET"]}}],"collection":[{"href":"https:\/\/somo-sam.com\/index.php?rest_route=\/wp\/v2\/product"}],"about":[{"href":"https:\/\/somo-sam.com\/index.php?rest_route=\/wp\/v2\/types\/product"}],"version-history":[{"count":3,"href":"https:\/\/somo-sam.com\/index.php?rest_route=\/wp\/v2\/product\/31163\/revisions"}],"predecessor-version":[{"id":31311,"href":"https:\/\/somo-sam.com\/index.php?rest_route=\/wp\/v2\/product\/31163\/revisions\/31311"}],"wp:featuredmedia":[{"embeddable":true,"href":"https:\/\/somo-sam.com\/index.php?rest_route=\/wp\/v2\/media\/31172"}],"wp:attachment":[{"href":"https:\/\/somo-sam.com\/index.php?rest_route=%2Fwp%2Fv2%2Fmedia&parent=31163"}],"wp:term":[{"taxonomy":"product_brand","embeddable":true,"href":"https:\/\/somo-sam.com\/index.php?rest_route=%2Fwp%2Fv2%2Fproduct_brand&post=31163"},{"taxonomy":"product_cat","embeddable":true,"href":"https:\/\/somo-sam.com\/index.php?rest_route=%2Fwp%2Fv2%2Fproduct_cat&post=31163"},{"taxonomy":"product_tag","embeddable":true,"href":"https:\/\/somo-sam.com\/index.php?rest_route=%2Fwp%2Fv2%2Fproduct_tag&post=31163"}],"curies":[{"name":"wp","href":"https:\/\/api.w.org\/{rel}","templated":true}]}}