{"id":31177,"date":"2025-03-25T14:59:04","date_gmt":"2025-03-25T13:59:04","guid":{"rendered":"https:\/\/somo-sam.com\/?post_type=product&#038;p=31177"},"modified":"2025-03-25T16:50:41","modified_gmt":"2025-03-25T15:50:41","slug":"k500","status":"publish","type":"product","link":"https:\/\/somo-sam.com\/?product=k500","title":{"rendered":"K500"},"content":{"rendered":"<div class=\"elem\">\n<div class=\"item\">\n<div>\n<ul>\n<li>La plaque de base fournie permet le r\u00e9glage en hauteur et la fixation au sol avec des vis \u00e0 expansion ou \u00e0 travers la cimentation de ses agrafes<\/li>\n<li>K500 peut \u00eatre install\u00e9 sur la m\u00eame plaque de fixation du mod\u00e8le K5 (hors production)<\/li>\n<li>D\u00e9blocage avec cl\u00e9 ersonnalis\u00e9e<\/li>\n<li>Engrenage de traction en acier fritt\u00e9<\/li>\n<li>Ralentissement en phase d<code>approche d<\/code>ouverture et de fermeture r\u00e9glable<\/li>\n<\/ul>\n<\/div>\n<\/div>\n<\/div>\n<div class=\"elem\">\n<div class=\"item\">\n<div>\n<ul>\n<li>R\u00e9cepteur 433 MHz int\u00e9gr\u00e9 dans la centrale K-CRX compatible avec les t\u00e9l\u00e9commandes SUN et MOON 433<\/li>\n<li>Toutes les versions avec tableau de contr\u00f4le peuvent accueillir la sonde thermique ACG4665 pour maintenir le moteur chaud m\u00eame \u00e0 -30\u00b0C et sont dot\u00e9es de l`Autotest des barres palpeuses conform\u00e9ment \u00e0 la normeEN12453<\/li>\n<\/ul>\n<\/div>\n<\/div>\n<\/div>\n","protected":false},"excerpt":{"rendered":"<h3><strong>K500 OP\u00c9RATEUR IRR\u00c9VERSIBLE<br \/>\nPOUR PORTAILS COULISSANTS R\u00c9SIDENTIELS<\/strong><\/h3>\n","protected":false},"featured_media":31178,"template":"","meta":{"_acf_changed":false,"_monsterinsights_skip_tracking":false,"_monsterinsights_sitenote_active":false,"_monsterinsights_sitenote_note":"","_monsterinsights_sitenote_category":0},"product_brand":[290],"product_cat":[134,135],"product_tag":[],"class_list":{"0":"post-31177","1":"product","2":"type-product","3":"status-publish","4":"has-post-thumbnail","6":"product_brand-rib","7":"product_cat-automatisme","8":"product_cat-portails-coulissant","10":"first","11":"instock","12":"taxable","13":"shipping-taxable","14":"purchasable","15":"product-type-variable","16":"add-to-wishlist-after_add_to_cart"},"acf":[],"yoast_head":"<!-- This site is optimized with the Yoast SEO plugin v23.6 - https:\/\/yoast.com\/wordpress\/plugins\/seo\/ -->\n<title>K500 - SOMO S.A.M<\/title>\n<meta name=\"robots\" content=\"index, follow, max-snippet:-1, max-image-preview:large, max-video-preview:-1\" \/>\n<link rel=\"canonical\" href=\"https:\/\/somo-sam.com\/?product=k500\" \/>\n<meta property=\"og:locale\" content=\"fr_FR\" \/>\n<meta property=\"og:type\" content=\"article\" \/>\n<meta property=\"og:title\" content=\"K500 - SOMO S.A.M\" \/>\n<meta property=\"og:description\" content=\"K500 OP\u00c9RATEUR IRR\u00c9VERSIBLE POUR PORTAILS COULISSANTS R\u00c9SIDENTIELS\" \/>\n<meta property=\"og:url\" content=\"https:\/\/somo-sam.com\/?product=k500\" \/>\n<meta property=\"og:site_name\" content=\"SOMO S.A.M\" \/>\n<meta property=\"article:modified_time\" content=\"2025-03-25T15:50:41+00:00\" \/>\n<meta property=\"og:image\" content=\"https:\/\/somo-sam.com\/wp-content\/uploads\/2025\/03\/k500-2023.jpg\" \/>\n\t<meta property=\"og:image:width\" content=\"322\" \/>\n\t<meta property=\"og:image:height\" content=\"403\" \/>\n\t<meta property=\"og:image:type\" content=\"image\/jpeg\" \/>\n<meta name=\"twitter:card\" content=\"summary_large_image\" \/>\n<meta name=\"twitter:label1\" content=\"Dur\u00e9e de lecture estim\u00e9e\" \/>\n\t<meta name=\"twitter:data1\" content=\"1 minute\" \/>\n<script type=\"application\/ld+json\" class=\"yoast-schema-graph\">{\"@context\":\"https:\/\/schema.org\",\"@graph\":[{\"@type\":\"WebPage\",\"@id\":\"https:\/\/somo-sam.com\/?product=k500\",\"url\":\"https:\/\/somo-sam.com\/?product=k500\",\"name\":\"K500 - SOMO S.A.M\",\"isPartOf\":{\"@id\":\"http:\/\/somo-sam.com\/#website\"},\"primaryImageOfPage\":{\"@id\":\"https:\/\/somo-sam.com\/?product=k500#primaryimage\"},\"image\":{\"@id\":\"https:\/\/somo-sam.com\/?product=k500#primaryimage\"},\"thumbnailUrl\":\"https:\/\/somo-sam.com\/wp-content\/uploads\/2025\/03\/k500-2023.jpg\",\"datePublished\":\"2025-03-25T13:59:04+00:00\",\"dateModified\":\"2025-03-25T15:50:41+00:00\",\"breadcrumb\":{\"@id\":\"https:\/\/somo-sam.com\/?product=k500#breadcrumb\"},\"inLanguage\":\"fr-FR\",\"potentialAction\":[{\"@type\":\"ReadAction\",\"target\":[\"https:\/\/somo-sam.com\/?product=k500\"]}]},{\"@type\":\"ImageObject\",\"inLanguage\":\"fr-FR\",\"@id\":\"https:\/\/somo-sam.com\/?product=k500#primaryimage\",\"url\":\"https:\/\/somo-sam.com\/wp-content\/uploads\/2025\/03\/k500-2023.jpg\",\"contentUrl\":\"https:\/\/somo-sam.com\/wp-content\/uploads\/2025\/03\/k500-2023.jpg\",\"width\":322,\"height\":403},{\"@type\":\"BreadcrumbList\",\"@id\":\"https:\/\/somo-sam.com\/?product=k500#breadcrumb\",\"itemListElement\":[{\"@type\":\"ListItem\",\"position\":1,\"name\":\"Accueil\",\"item\":\"http:\/\/somo-sam.com\/\"},{\"@type\":\"ListItem\",\"position\":2,\"name\":\"Shop\",\"item\":\"https:\/\/somo-sam.com\/?page_id=413\"},{\"@type\":\"ListItem\",\"position\":3,\"name\":\"K500\"}]},{\"@type\":\"WebSite\",\"@id\":\"http:\/\/somo-sam.com\/#website\",\"url\":\"http:\/\/somo-sam.com\/\",\"name\":\"SOMO S.A.M\",\"description\":\"Votre partenaire en \u00e9quipements h\u00f4teliers et de restauration\",\"potentialAction\":[{\"@type\":\"SearchAction\",\"target\":{\"@type\":\"EntryPoint\",\"urlTemplate\":\"http:\/\/somo-sam.com\/?s={search_term_string}\"},\"query-input\":{\"@type\":\"PropertyValueSpecification\",\"valueRequired\":true,\"valueName\":\"search_term_string\"}}],\"inLanguage\":\"fr-FR\"}]}<\/script>\n<!-- \/ Yoast SEO plugin. -->","yoast_head_json":{"title":"K500 - SOMO S.A.M","robots":{"index":"index","follow":"follow","max-snippet":"max-snippet:-1","max-image-preview":"max-image-preview:large","max-video-preview":"max-video-preview:-1"},"canonical":"https:\/\/somo-sam.com\/?product=k500","og_locale":"fr_FR","og_type":"article","og_title":"K500 - SOMO S.A.M","og_description":"K500 OP\u00c9RATEUR IRR\u00c9VERSIBLE POUR PORTAILS COULISSANTS R\u00c9SIDENTIELS","og_url":"https:\/\/somo-sam.com\/?product=k500","og_site_name":"SOMO S.A.M","article_modified_time":"2025-03-25T15:50:41+00:00","og_image":[{"width":322,"height":403,"url":"https:\/\/somo-sam.com\/wp-content\/uploads\/2025\/03\/k500-2023.jpg","type":"image\/jpeg"}],"twitter_card":"summary_large_image","twitter_misc":{"Dur\u00e9e de lecture estim\u00e9e":"1 minute"},"schema":{"@context":"https:\/\/schema.org","@graph":[{"@type":"WebPage","@id":"https:\/\/somo-sam.com\/?product=k500","url":"https:\/\/somo-sam.com\/?product=k500","name":"K500 - SOMO S.A.M","isPartOf":{"@id":"http:\/\/somo-sam.com\/#website"},"primaryImageOfPage":{"@id":"https:\/\/somo-sam.com\/?product=k500#primaryimage"},"image":{"@id":"https:\/\/somo-sam.com\/?product=k500#primaryimage"},"thumbnailUrl":"https:\/\/somo-sam.com\/wp-content\/uploads\/2025\/03\/k500-2023.jpg","datePublished":"2025-03-25T13:59:04+00:00","dateModified":"2025-03-25T15:50:41+00:00","breadcrumb":{"@id":"https:\/\/somo-sam.com\/?product=k500#breadcrumb"},"inLanguage":"fr-FR","potentialAction":[{"@type":"ReadAction","target":["https:\/\/somo-sam.com\/?product=k500"]}]},{"@type":"ImageObject","inLanguage":"fr-FR","@id":"https:\/\/somo-sam.com\/?product=k500#primaryimage","url":"https:\/\/somo-sam.com\/wp-content\/uploads\/2025\/03\/k500-2023.jpg","contentUrl":"https:\/\/somo-sam.com\/wp-content\/uploads\/2025\/03\/k500-2023.jpg","width":322,"height":403},{"@type":"BreadcrumbList","@id":"https:\/\/somo-sam.com\/?product=k500#breadcrumb","itemListElement":[{"@type":"ListItem","position":1,"name":"Accueil","item":"http:\/\/somo-sam.com\/"},{"@type":"ListItem","position":2,"name":"Shop","item":"https:\/\/somo-sam.com\/?page_id=413"},{"@type":"ListItem","position":3,"name":"K500"}]},{"@type":"WebSite","@id":"http:\/\/somo-sam.com\/#website","url":"http:\/\/somo-sam.com\/","name":"SOMO S.A.M","description":"Votre partenaire en \u00e9quipements h\u00f4teliers et de restauration","potentialAction":[{"@type":"SearchAction","target":{"@type":"EntryPoint","urlTemplate":"http:\/\/somo-sam.com\/?s={search_term_string}"},"query-input":{"@type":"PropertyValueSpecification","valueRequired":true,"valueName":"search_term_string"}}],"inLanguage":"fr-FR"}]}},"_links":{"self":[{"href":"https:\/\/somo-sam.com\/index.php?rest_route=\/wp\/v2\/product\/31177","targetHints":{"allow":["GET"]}}],"collection":[{"href":"https:\/\/somo-sam.com\/index.php?rest_route=\/wp\/v2\/product"}],"about":[{"href":"https:\/\/somo-sam.com\/index.php?rest_route=\/wp\/v2\/types\/product"}],"version-history":[{"count":1,"href":"https:\/\/somo-sam.com\/index.php?rest_route=\/wp\/v2\/product\/31177\/revisions"}],"predecessor-version":[{"id":31192,"href":"https:\/\/somo-sam.com\/index.php?rest_route=\/wp\/v2\/product\/31177\/revisions\/31192"}],"wp:featuredmedia":[{"embeddable":true,"href":"https:\/\/somo-sam.com\/index.php?rest_route=\/wp\/v2\/media\/31178"}],"wp:attachment":[{"href":"https:\/\/somo-sam.com\/index.php?rest_route=%2Fwp%2Fv2%2Fmedia&parent=31177"}],"wp:term":[{"taxonomy":"product_brand","embeddable":true,"href":"https:\/\/somo-sam.com\/index.php?rest_route=%2Fwp%2Fv2%2Fproduct_brand&post=31177"},{"taxonomy":"product_cat","embeddable":true,"href":"https:\/\/somo-sam.com\/index.php?rest_route=%2Fwp%2Fv2%2Fproduct_cat&post=31177"},{"taxonomy":"product_tag","embeddable":true,"href":"https:\/\/somo-sam.com\/index.php?rest_route=%2Fwp%2Fv2%2Fproduct_tag&post=31177"}],"curies":[{"name":"wp","href":"https:\/\/api.w.org\/{rel}","templated":true}]}}