{"id":31193,"date":"2025-03-25T15:06:56","date_gmt":"2025-03-25T14:06:56","guid":{"rendered":"https:\/\/somo-sam.com\/?post_type=product&#038;p=31193"},"modified":"2025-03-25T15:06:56","modified_gmt":"2025-03-25T14:06:56","slug":"k800","status":"publish","type":"product","link":"https:\/\/somo-sam.com\/?product=k800","title":{"rendered":"K800"},"content":{"rendered":"<div class=\"elem\">\n<div class=\"item\">\n<div>\n<ul>\n<li>Dot\u00e9 d\u2019une centrale de commande int\u00e9gr\u00e9e, avec d\u00e9part progressif, r\u00e9glage de la force \u00e9lectronique, ralentissement en phase d\u2019approche et frein \u00e9lectronique (de s\u00e9rie).<\/li>\n<li>Toute la s\u00e9rie K est dot\u00e9e d\u2019un ralentissement du portail en phase d\u2019approche, en donnant au mouvement une sensation de s\u00e9curit\u00e9 et fluidit\u00e9 maximales.<\/li>\n<li>K800 24V FCM FAST pendant le blackout peut faire 30 cycles avec 2 batteries \u00e0 2,2 Ah.<\/li>\n<li>D\u00e9blocage manuel avec cl\u00e9 personnalis\u00e9e.<\/li>\n<li>Les versions avec tableaux L1-CRX peuvent accueillir la sonde thermique ACG4665 pour maintenir le moteur chaud m\u00eame \u00e0 -30\u00b0C et sont dot\u00e9es de l\u2019Autotest des photocellules conform\u00e9ment \u00e0 la norme EN 12453:2017.<\/li>\n<\/ul>\n<\/div>\n<\/div>\n<\/div>\n<div class=\"elem\">\n<div class=\"item\">\n<div>\n<ul>\n<li>Dans le tableau L1-CRX integr\u00e9 la m\u00e9moire des codes des t\u00e9l\u00e9commandes peut \u00eatre extraite pour une maintenance plus simple.<\/li>\n<li>Le tableau L1-CRX peut g\u00e9rer jusqu\u2019\u00e0 1000 entre t\u00e9l\u00e9commandes SUN ou SUN PRO.<\/li>\n<li>Le tableau L1-CRX peut \u00eatre g\u00e9r\u00e9 avec la carte Bluetooth APP ou la carte APP+.<\/li>\n<li><strong>Les op\u00e9rateurs K sont maintenant disponibles aussi dans la version avec fin de course magn\u00e9tique, au m\u00eame prix de la version avec fin de course \u00e9lectrom\u00e9canique.<\/strong><\/li>\n<\/ul>\n<\/div>\n<\/div>\n<\/div>\n","protected":false},"excerpt":{"rendered":"<h3>K800 OP\u00c9RATEUR IRR\u00c9VERSIBLE POUR PORTAILS COULISSANTS<\/h3>\n","protected":false},"featured_media":31194,"template":"","meta":{"_acf_changed":false,"_monsterinsights_skip_tracking":false,"_monsterinsights_sitenote_active":false,"_monsterinsights_sitenote_note":"","_monsterinsights_sitenote_category":0},"product_brand":[290],"product_cat":[134,135],"product_tag":[],"class_list":{"0":"post-31193","1":"product","2":"type-product","3":"status-publish","4":"has-post-thumbnail","6":"product_brand-rib","7":"product_cat-automatisme","8":"product_cat-portails-coulissant","10":"first","11":"instock","12":"taxable","13":"shipping-taxable","14":"purchasable","15":"product-type-variable","16":"add-to-wishlist-after_add_to_cart"},"acf":[],"yoast_head":"<!-- This site is optimized with the Yoast SEO plugin v23.6 - https:\/\/yoast.com\/wordpress\/plugins\/seo\/ -->\n<title>K800 - SOMO S.A.M<\/title>\n<meta name=\"robots\" content=\"index, follow, max-snippet:-1, max-image-preview:large, max-video-preview:-1\" \/>\n<link rel=\"canonical\" href=\"https:\/\/somo-sam.com\/?product=k800\" \/>\n<meta property=\"og:locale\" content=\"fr_FR\" \/>\n<meta property=\"og:type\" content=\"article\" \/>\n<meta property=\"og:title\" content=\"K800 - SOMO S.A.M\" \/>\n<meta property=\"og:description\" content=\"K800 OP\u00c9RATEUR IRR\u00c9VERSIBLE POUR PORTAILS COULISSANTS\" \/>\n<meta property=\"og:url\" content=\"https:\/\/somo-sam.com\/?product=k800\" \/>\n<meta property=\"og:site_name\" content=\"SOMO S.A.M\" \/>\n<meta property=\"og:image\" content=\"https:\/\/somo-sam.com\/wp-content\/uploads\/2025\/03\/k-2023.jpg\" \/>\n\t<meta property=\"og:image:width\" content=\"322\" \/>\n\t<meta property=\"og:image:height\" content=\"411\" \/>\n\t<meta property=\"og:image:type\" content=\"image\/jpeg\" \/>\n<meta name=\"twitter:card\" content=\"summary_large_image\" \/>\n<meta name=\"twitter:label1\" content=\"Dur\u00e9e de lecture estim\u00e9e\" \/>\n\t<meta name=\"twitter:data1\" content=\"2 minutes\" \/>\n<script type=\"application\/ld+json\" class=\"yoast-schema-graph\">{\"@context\":\"https:\/\/schema.org\",\"@graph\":[{\"@type\":\"WebPage\",\"@id\":\"https:\/\/somo-sam.com\/?product=k800\",\"url\":\"https:\/\/somo-sam.com\/?product=k800\",\"name\":\"K800 - SOMO S.A.M\",\"isPartOf\":{\"@id\":\"http:\/\/somo-sam.com\/#website\"},\"primaryImageOfPage\":{\"@id\":\"https:\/\/somo-sam.com\/?product=k800#primaryimage\"},\"image\":{\"@id\":\"https:\/\/somo-sam.com\/?product=k800#primaryimage\"},\"thumbnailUrl\":\"https:\/\/somo-sam.com\/wp-content\/uploads\/2025\/03\/k-2023.jpg\",\"datePublished\":\"2025-03-25T14:06:56+00:00\",\"dateModified\":\"2025-03-25T14:06:56+00:00\",\"breadcrumb\":{\"@id\":\"https:\/\/somo-sam.com\/?product=k800#breadcrumb\"},\"inLanguage\":\"fr-FR\",\"potentialAction\":[{\"@type\":\"ReadAction\",\"target\":[\"https:\/\/somo-sam.com\/?product=k800\"]}]},{\"@type\":\"ImageObject\",\"inLanguage\":\"fr-FR\",\"@id\":\"https:\/\/somo-sam.com\/?product=k800#primaryimage\",\"url\":\"https:\/\/somo-sam.com\/wp-content\/uploads\/2025\/03\/k-2023.jpg\",\"contentUrl\":\"https:\/\/somo-sam.com\/wp-content\/uploads\/2025\/03\/k-2023.jpg\",\"width\":322,\"height\":411},{\"@type\":\"BreadcrumbList\",\"@id\":\"https:\/\/somo-sam.com\/?product=k800#breadcrumb\",\"itemListElement\":[{\"@type\":\"ListItem\",\"position\":1,\"name\":\"Accueil\",\"item\":\"http:\/\/somo-sam.com\/\"},{\"@type\":\"ListItem\",\"position\":2,\"name\":\"Shop\",\"item\":\"https:\/\/somo-sam.com\/?page_id=413\"},{\"@type\":\"ListItem\",\"position\":3,\"name\":\"K800\"}]},{\"@type\":\"WebSite\",\"@id\":\"http:\/\/somo-sam.com\/#website\",\"url\":\"http:\/\/somo-sam.com\/\",\"name\":\"SOMO S.A.M\",\"description\":\"Votre partenaire en \u00e9quipements h\u00f4teliers et de restauration\",\"potentialAction\":[{\"@type\":\"SearchAction\",\"target\":{\"@type\":\"EntryPoint\",\"urlTemplate\":\"http:\/\/somo-sam.com\/?s={search_term_string}\"},\"query-input\":{\"@type\":\"PropertyValueSpecification\",\"valueRequired\":true,\"valueName\":\"search_term_string\"}}],\"inLanguage\":\"fr-FR\"}]}<\/script>\n<!-- \/ Yoast SEO plugin. -->","yoast_head_json":{"title":"K800 - SOMO S.A.M","robots":{"index":"index","follow":"follow","max-snippet":"max-snippet:-1","max-image-preview":"max-image-preview:large","max-video-preview":"max-video-preview:-1"},"canonical":"https:\/\/somo-sam.com\/?product=k800","og_locale":"fr_FR","og_type":"article","og_title":"K800 - SOMO S.A.M","og_description":"K800 OP\u00c9RATEUR IRR\u00c9VERSIBLE POUR PORTAILS COULISSANTS","og_url":"https:\/\/somo-sam.com\/?product=k800","og_site_name":"SOMO S.A.M","og_image":[{"width":322,"height":411,"url":"https:\/\/somo-sam.com\/wp-content\/uploads\/2025\/03\/k-2023.jpg","type":"image\/jpeg"}],"twitter_card":"summary_large_image","twitter_misc":{"Dur\u00e9e de lecture estim\u00e9e":"2 minutes"},"schema":{"@context":"https:\/\/schema.org","@graph":[{"@type":"WebPage","@id":"https:\/\/somo-sam.com\/?product=k800","url":"https:\/\/somo-sam.com\/?product=k800","name":"K800 - SOMO S.A.M","isPartOf":{"@id":"http:\/\/somo-sam.com\/#website"},"primaryImageOfPage":{"@id":"https:\/\/somo-sam.com\/?product=k800#primaryimage"},"image":{"@id":"https:\/\/somo-sam.com\/?product=k800#primaryimage"},"thumbnailUrl":"https:\/\/somo-sam.com\/wp-content\/uploads\/2025\/03\/k-2023.jpg","datePublished":"2025-03-25T14:06:56+00:00","dateModified":"2025-03-25T14:06:56+00:00","breadcrumb":{"@id":"https:\/\/somo-sam.com\/?product=k800#breadcrumb"},"inLanguage":"fr-FR","potentialAction":[{"@type":"ReadAction","target":["https:\/\/somo-sam.com\/?product=k800"]}]},{"@type":"ImageObject","inLanguage":"fr-FR","@id":"https:\/\/somo-sam.com\/?product=k800#primaryimage","url":"https:\/\/somo-sam.com\/wp-content\/uploads\/2025\/03\/k-2023.jpg","contentUrl":"https:\/\/somo-sam.com\/wp-content\/uploads\/2025\/03\/k-2023.jpg","width":322,"height":411},{"@type":"BreadcrumbList","@id":"https:\/\/somo-sam.com\/?product=k800#breadcrumb","itemListElement":[{"@type":"ListItem","position":1,"name":"Accueil","item":"http:\/\/somo-sam.com\/"},{"@type":"ListItem","position":2,"name":"Shop","item":"https:\/\/somo-sam.com\/?page_id=413"},{"@type":"ListItem","position":3,"name":"K800"}]},{"@type":"WebSite","@id":"http:\/\/somo-sam.com\/#website","url":"http:\/\/somo-sam.com\/","name":"SOMO S.A.M","description":"Votre partenaire en \u00e9quipements h\u00f4teliers et de restauration","potentialAction":[{"@type":"SearchAction","target":{"@type":"EntryPoint","urlTemplate":"http:\/\/somo-sam.com\/?s={search_term_string}"},"query-input":{"@type":"PropertyValueSpecification","valueRequired":true,"valueName":"search_term_string"}}],"inLanguage":"fr-FR"}]}},"_links":{"self":[{"href":"https:\/\/somo-sam.com\/index.php?rest_route=\/wp\/v2\/product\/31193","targetHints":{"allow":["GET"]}}],"collection":[{"href":"https:\/\/somo-sam.com\/index.php?rest_route=\/wp\/v2\/product"}],"about":[{"href":"https:\/\/somo-sam.com\/index.php?rest_route=\/wp\/v2\/types\/product"}],"version-history":[{"count":1,"href":"https:\/\/somo-sam.com\/index.php?rest_route=\/wp\/v2\/product\/31193\/revisions"}],"predecessor-version":[{"id":31215,"href":"https:\/\/somo-sam.com\/index.php?rest_route=\/wp\/v2\/product\/31193\/revisions\/31215"}],"wp:featuredmedia":[{"embeddable":true,"href":"https:\/\/somo-sam.com\/index.php?rest_route=\/wp\/v2\/media\/31194"}],"wp:attachment":[{"href":"https:\/\/somo-sam.com\/index.php?rest_route=%2Fwp%2Fv2%2Fmedia&parent=31193"}],"wp:term":[{"taxonomy":"product_brand","embeddable":true,"href":"https:\/\/somo-sam.com\/index.php?rest_route=%2Fwp%2Fv2%2Fproduct_brand&post=31193"},{"taxonomy":"product_cat","embeddable":true,"href":"https:\/\/somo-sam.com\/index.php?rest_route=%2Fwp%2Fv2%2Fproduct_cat&post=31193"},{"taxonomy":"product_tag","embeddable":true,"href":"https:\/\/somo-sam.com\/index.php?rest_route=%2Fwp%2Fv2%2Fproduct_tag&post=31193"}],"curies":[{"name":"wp","href":"https:\/\/api.w.org\/{rel}","templated":true}]}}