{"id":31255,"date":"2025-03-25T15:47:32","date_gmt":"2025-03-25T14:47:32","guid":{"rendered":"https:\/\/somo-sam.com\/?post_type=product&#038;p=31255"},"modified":"2025-03-25T15:47:33","modified_gmt":"2025-03-25T14:47:33","slug":"super-2200","status":"publish","type":"product","link":"https:\/\/somo-sam.com\/?product=super-2200","title":{"rendered":"SUPER 2200"},"content":{"rendered":"<p>SUPER 2200 est dot\u00e9 d&#8217;une centrale de commande int\u00e9gr\u00e9e, avec d\u00e9part progressif, r\u00e9glage de la force \u00e9lectronique,<br \/>\nralentissement en phase d&#8217;approche et frein \u00e9lectronique.<br \/>\n\u2022 SUPER 2200 est une exceptionnelle unit\u00e9 de puissance \u00e0 l&#8217;int\u00e9rieur de laquelle se trouvent le moteur \u00e9lectrique ventil\u00e9 prot\u00e9g\u00e9<br \/>\npar des capteurs thermiques, le r\u00e9ducteur avec ses composants m\u00e9caniques immerg\u00e9s en bain d&#8217;huile et un syst\u00e8me de fins<br \/>\nde course \u00e0 r\u00e9glage microm\u00e9trique de haute pr\u00e9cision qui permet une course maximale de 10,5 m (SUPER 2200 FCE) ou sans<br \/>\nlimitation de longueur avec fin de course magn\u00e9tique (SUPER 2200 FCM &#8211; SUPER 2200 INV FCM).<br \/>\n\u2022 Les op\u00e9rateurs SUPER 2200 sont maintenant disponibles aussi dans la version avec fin de course magn\u00e9tique FCM, au m\u00eame<br \/>\nprix de la version avec fin de course \u00e9lectrom\u00e9canique.<br \/>\n\u2022 L\u2019op\u00e9rateur SUPER 2200 INV FCM a une vitesse variable de 10,2 \u00e0 19,8 m\/min. Il est recommand\u00e9 de choisir l\u2019application o\u00f9 la<br \/>\npartie mobile ferme en coulissant \u00e0 c\u00f4t\u00e9 du pilier.<br \/>\n\u2022 Dans le tableau L1-CRX integr\u00e9 la m\u00e9moire des codes des t\u00e9l\u00e9commandes peut \u00eatre extraite pour une maintenance plus simple.<br \/>\n\u2022 Le tableau L1-CRX peut g\u00e9rer jusqu&#8217;\u00e0 1.000 entre t\u00e9l\u00e9commandes SUN ou SUN PRO.<br \/>\n\u2022 Le tableau L1-CRX peut \u00eatre g\u00e9r\u00e9 avec la carte Bluetooth APP ou la carte APP+.<br \/>\n\u2022 Le tableau L1-CRX peut accueillir la sonde ACG4665 pour maintenir le moteur chaud m\u00eame \u00e0 -30\u00b0C et est dot\u00e9e de l\u2019Autotest<br \/>\ndes photocellules et des barres palpeuses conform\u00e9ment \u00e0 la norme EN 12453:2017+A1:2021<\/p>\n","protected":false},"excerpt":{"rendered":"<h3>SUPER 2200 OP\u00c9RATEUR IRR\u00c9VERSIBLE<br \/>\nPOUR PORTAILS COULISSANTS INDUSTRIELS<\/h3>\n","protected":false},"featured_media":31263,"template":"","meta":{"_acf_changed":false,"_monsterinsights_skip_tracking":false,"_monsterinsights_sitenote_active":false,"_monsterinsights_sitenote_note":"","_monsterinsights_sitenote_category":0},"product_brand":[290],"product_cat":[134,135],"product_tag":[],"class_list":{"0":"post-31255","1":"product","2":"type-product","3":"status-publish","4":"has-post-thumbnail","6":"product_brand-rib","7":"product_cat-automatisme","8":"product_cat-portails-coulissant","10":"first","11":"instock","12":"taxable","13":"shipping-taxable","14":"purchasable","15":"product-type-variable","16":"add-to-wishlist-after_add_to_cart"},"acf":[],"yoast_head":"<!-- This site is optimized with the Yoast SEO plugin v23.6 - https:\/\/yoast.com\/wordpress\/plugins\/seo\/ -->\n<title>SUPER 2200 - SOMO S.A.M<\/title>\n<meta name=\"robots\" content=\"index, follow, max-snippet:-1, max-image-preview:large, max-video-preview:-1\" \/>\n<link rel=\"canonical\" href=\"https:\/\/somo-sam.com\/?product=super-2200\" \/>\n<meta property=\"og:locale\" content=\"fr_FR\" \/>\n<meta property=\"og:type\" content=\"article\" \/>\n<meta property=\"og:title\" content=\"SUPER 2200 - SOMO S.A.M\" \/>\n<meta property=\"og:description\" content=\"SUPER 2200 OP\u00c9RATEUR IRR\u00c9VERSIBLE POUR PORTAILS COULISSANTS INDUSTRIELS\" \/>\n<meta property=\"og:url\" content=\"https:\/\/somo-sam.com\/?product=super-2200\" \/>\n<meta property=\"og:site_name\" content=\"SOMO S.A.M\" \/>\n<meta property=\"article:modified_time\" content=\"2025-03-25T14:47:33+00:00\" \/>\n<meta property=\"og:image\" content=\"https:\/\/somo-sam.com\/wp-content\/uploads\/2025\/03\/super-2200-fcm.jpg\" \/>\n\t<meta property=\"og:image:width\" content=\"322\" \/>\n\t<meta property=\"og:image:height\" content=\"285\" \/>\n\t<meta property=\"og:image:type\" content=\"image\/jpeg\" \/>\n<meta name=\"twitter:card\" content=\"summary_large_image\" \/>\n<meta name=\"twitter:label1\" content=\"Dur\u00e9e de lecture estim\u00e9e\" \/>\n\t<meta name=\"twitter:data1\" content=\"2 minutes\" \/>\n<script type=\"application\/ld+json\" class=\"yoast-schema-graph\">{\"@context\":\"https:\/\/schema.org\",\"@graph\":[{\"@type\":\"WebPage\",\"@id\":\"https:\/\/somo-sam.com\/?product=super-2200\",\"url\":\"https:\/\/somo-sam.com\/?product=super-2200\",\"name\":\"SUPER 2200 - SOMO S.A.M\",\"isPartOf\":{\"@id\":\"http:\/\/somo-sam.com\/#website\"},\"primaryImageOfPage\":{\"@id\":\"https:\/\/somo-sam.com\/?product=super-2200#primaryimage\"},\"image\":{\"@id\":\"https:\/\/somo-sam.com\/?product=super-2200#primaryimage\"},\"thumbnailUrl\":\"https:\/\/somo-sam.com\/wp-content\/uploads\/2025\/03\/super-2200-fcm.jpg\",\"datePublished\":\"2025-03-25T14:47:32+00:00\",\"dateModified\":\"2025-03-25T14:47:33+00:00\",\"breadcrumb\":{\"@id\":\"https:\/\/somo-sam.com\/?product=super-2200#breadcrumb\"},\"inLanguage\":\"fr-FR\",\"potentialAction\":[{\"@type\":\"ReadAction\",\"target\":[\"https:\/\/somo-sam.com\/?product=super-2200\"]}]},{\"@type\":\"ImageObject\",\"inLanguage\":\"fr-FR\",\"@id\":\"https:\/\/somo-sam.com\/?product=super-2200#primaryimage\",\"url\":\"https:\/\/somo-sam.com\/wp-content\/uploads\/2025\/03\/super-2200-fcm.jpg\",\"contentUrl\":\"https:\/\/somo-sam.com\/wp-content\/uploads\/2025\/03\/super-2200-fcm.jpg\",\"width\":322,\"height\":285},{\"@type\":\"BreadcrumbList\",\"@id\":\"https:\/\/somo-sam.com\/?product=super-2200#breadcrumb\",\"itemListElement\":[{\"@type\":\"ListItem\",\"position\":1,\"name\":\"Accueil\",\"item\":\"http:\/\/somo-sam.com\/\"},{\"@type\":\"ListItem\",\"position\":2,\"name\":\"Shop\",\"item\":\"https:\/\/somo-sam.com\/?page_id=413\"},{\"@type\":\"ListItem\",\"position\":3,\"name\":\"SUPER 2200\"}]},{\"@type\":\"WebSite\",\"@id\":\"http:\/\/somo-sam.com\/#website\",\"url\":\"http:\/\/somo-sam.com\/\",\"name\":\"SOMO S.A.M\",\"description\":\"Votre partenaire en \u00e9quipements h\u00f4teliers et de restauration\",\"potentialAction\":[{\"@type\":\"SearchAction\",\"target\":{\"@type\":\"EntryPoint\",\"urlTemplate\":\"http:\/\/somo-sam.com\/?s={search_term_string}\"},\"query-input\":{\"@type\":\"PropertyValueSpecification\",\"valueRequired\":true,\"valueName\":\"search_term_string\"}}],\"inLanguage\":\"fr-FR\"}]}<\/script>\n<!-- \/ Yoast SEO plugin. -->","yoast_head_json":{"title":"SUPER 2200 - SOMO S.A.M","robots":{"index":"index","follow":"follow","max-snippet":"max-snippet:-1","max-image-preview":"max-image-preview:large","max-video-preview":"max-video-preview:-1"},"canonical":"https:\/\/somo-sam.com\/?product=super-2200","og_locale":"fr_FR","og_type":"article","og_title":"SUPER 2200 - SOMO S.A.M","og_description":"SUPER 2200 OP\u00c9RATEUR IRR\u00c9VERSIBLE POUR PORTAILS COULISSANTS INDUSTRIELS","og_url":"https:\/\/somo-sam.com\/?product=super-2200","og_site_name":"SOMO S.A.M","article_modified_time":"2025-03-25T14:47:33+00:00","og_image":[{"width":322,"height":285,"url":"https:\/\/somo-sam.com\/wp-content\/uploads\/2025\/03\/super-2200-fcm.jpg","type":"image\/jpeg"}],"twitter_card":"summary_large_image","twitter_misc":{"Dur\u00e9e de lecture estim\u00e9e":"2 minutes"},"schema":{"@context":"https:\/\/schema.org","@graph":[{"@type":"WebPage","@id":"https:\/\/somo-sam.com\/?product=super-2200","url":"https:\/\/somo-sam.com\/?product=super-2200","name":"SUPER 2200 - SOMO S.A.M","isPartOf":{"@id":"http:\/\/somo-sam.com\/#website"},"primaryImageOfPage":{"@id":"https:\/\/somo-sam.com\/?product=super-2200#primaryimage"},"image":{"@id":"https:\/\/somo-sam.com\/?product=super-2200#primaryimage"},"thumbnailUrl":"https:\/\/somo-sam.com\/wp-content\/uploads\/2025\/03\/super-2200-fcm.jpg","datePublished":"2025-03-25T14:47:32+00:00","dateModified":"2025-03-25T14:47:33+00:00","breadcrumb":{"@id":"https:\/\/somo-sam.com\/?product=super-2200#breadcrumb"},"inLanguage":"fr-FR","potentialAction":[{"@type":"ReadAction","target":["https:\/\/somo-sam.com\/?product=super-2200"]}]},{"@type":"ImageObject","inLanguage":"fr-FR","@id":"https:\/\/somo-sam.com\/?product=super-2200#primaryimage","url":"https:\/\/somo-sam.com\/wp-content\/uploads\/2025\/03\/super-2200-fcm.jpg","contentUrl":"https:\/\/somo-sam.com\/wp-content\/uploads\/2025\/03\/super-2200-fcm.jpg","width":322,"height":285},{"@type":"BreadcrumbList","@id":"https:\/\/somo-sam.com\/?product=super-2200#breadcrumb","itemListElement":[{"@type":"ListItem","position":1,"name":"Accueil","item":"http:\/\/somo-sam.com\/"},{"@type":"ListItem","position":2,"name":"Shop","item":"https:\/\/somo-sam.com\/?page_id=413"},{"@type":"ListItem","position":3,"name":"SUPER 2200"}]},{"@type":"WebSite","@id":"http:\/\/somo-sam.com\/#website","url":"http:\/\/somo-sam.com\/","name":"SOMO S.A.M","description":"Votre partenaire en \u00e9quipements h\u00f4teliers et de restauration","potentialAction":[{"@type":"SearchAction","target":{"@type":"EntryPoint","urlTemplate":"http:\/\/somo-sam.com\/?s={search_term_string}"},"query-input":{"@type":"PropertyValueSpecification","valueRequired":true,"valueName":"search_term_string"}}],"inLanguage":"fr-FR"}]}},"_links":{"self":[{"href":"https:\/\/somo-sam.com\/index.php?rest_route=\/wp\/v2\/product\/31255","targetHints":{"allow":["GET"]}}],"collection":[{"href":"https:\/\/somo-sam.com\/index.php?rest_route=\/wp\/v2\/product"}],"about":[{"href":"https:\/\/somo-sam.com\/index.php?rest_route=\/wp\/v2\/types\/product"}],"version-history":[{"count":1,"href":"https:\/\/somo-sam.com\/index.php?rest_route=\/wp\/v2\/product\/31255\/revisions"}],"predecessor-version":[{"id":31285,"href":"https:\/\/somo-sam.com\/index.php?rest_route=\/wp\/v2\/product\/31255\/revisions\/31285"}],"wp:featuredmedia":[{"embeddable":true,"href":"https:\/\/somo-sam.com\/index.php?rest_route=\/wp\/v2\/media\/31263"}],"wp:attachment":[{"href":"https:\/\/somo-sam.com\/index.php?rest_route=%2Fwp%2Fv2%2Fmedia&parent=31255"}],"wp:term":[{"taxonomy":"product_brand","embeddable":true,"href":"https:\/\/somo-sam.com\/index.php?rest_route=%2Fwp%2Fv2%2Fproduct_brand&post=31255"},{"taxonomy":"product_cat","embeddable":true,"href":"https:\/\/somo-sam.com\/index.php?rest_route=%2Fwp%2Fv2%2Fproduct_cat&post=31255"},{"taxonomy":"product_tag","embeddable":true,"href":"https:\/\/somo-sam.com\/index.php?rest_route=%2Fwp%2Fv2%2Fproduct_tag&post=31255"}],"curies":[{"name":"wp","href":"https:\/\/api.w.org\/{rel}","templated":true}]}}