{"id":31326,"date":"2025-03-26T10:59:55","date_gmt":"2025-03-26T09:59:55","guid":{"rendered":"https:\/\/somo-sam.com\/?post_type=product&#038;p=31326"},"modified":"2025-03-26T10:59:55","modified_gmt":"2025-03-26T09:59:55","slug":"super-8000-inv","status":"publish","type":"product","link":"https:\/\/somo-sam.com\/?product=super-8000-inv","title":{"rendered":"SUPER 8000 INV"},"content":{"rendered":"<div class=\"elem\">\n<ul>\n<li>SUPER 8000 INV est le nouvel op\u00e9rateur \u00e0 haute vitesse capable de g\u00e9rer des portails coulissants extr\u00e8mement longs et lourds. Il est dot\u00e9 d\u2019onduleur et de centrale de commande qui permettent d\u2019obtenir un d\u00e9part progressif, une haute vitesse et une rallentissement progressif en phase de rapproche \u00e0 fin de la manoeuvre.<\/li>\n<li>SUPER 8000 INV est con\u00e7u pour d\u00e9placer des portails lourds jusqu\u2019\u00e0 8 tonnes. C\u2019est pour cette raison que le SUPER 8000 INV est le moteur pour portails coulissants industriels le PLUS puissant au monde.<\/li>\n<li>Gr\u00e2ce \u00e0 sa m\u00e9canique les mod\u00e8les SUPER permettent une utilisation intense.<\/li>\n<li>En 45 ans d\u2019histoire, SUPER n\u2019a subi que des variations minimes et reste actuellement l\u2019un des produits RIB les PLUS connus \u00e0 travers le monde.<\/li>\n<\/ul>\n<\/div>\n<div class=\"elem\">\n<ul>\n<li>Le tableau L1-CRX est dot\u00e9 de r\u00e9cepteur radio integr\u00e9 et est dot\u00e9e de l\u2019Autotest des photocellules conform\u00e9ment \u00e0 la norme EN 12453:2017.<\/li>\n<li>Dans le tableau L1-CRX integr\u00e9 la m\u00e9moire des codes des t\u00e9l\u00e9commandes peut \u00eatre extraite pour une maintenance plus simple.<\/li>\n<li>Le tableau L1-CRX peut g\u00e9rer jusqu\u2019\u00e0 1000 entre t\u00e9l\u00e9commandes SUN ou SUN PRO.<\/li>\n<li>Le tableau L1-CRX peut \u00eatre g\u00e9r\u00e9 avec la carte Bluetooth APP ou la carte APP+.<\/li>\n<\/ul>\n<\/div>\n","protected":false},"excerpt":{"rendered":"<h3><strong>SUPER 8000 INV\u00a0 OP\u00c9RATEUR IRR\u00c9VERSIBLE<br \/>\nPOUR PORTAILS COULISSANTS INDUSTRIELS<\/strong><\/h3>\n","protected":false},"featured_media":31329,"template":"","meta":{"_acf_changed":false,"_monsterinsights_skip_tracking":false,"_monsterinsights_sitenote_active":false,"_monsterinsights_sitenote_note":"","_monsterinsights_sitenote_category":0},"product_brand":[290],"product_cat":[134,135],"product_tag":[],"class_list":{"0":"post-31326","1":"product","2":"type-product","3":"status-publish","4":"has-post-thumbnail","6":"product_brand-rib","7":"product_cat-automatisme","8":"product_cat-portails-coulissant","10":"first","11":"instock","12":"taxable","13":"shipping-taxable","14":"purchasable","15":"product-type-simple","16":"add-to-wishlist-after_add_to_cart"},"acf":[],"yoast_head":"<!-- This site is optimized with the Yoast SEO plugin v23.6 - https:\/\/yoast.com\/wordpress\/plugins\/seo\/ -->\n<title>SUPER 8000 INV - SOMO S.A.M<\/title>\n<meta name=\"robots\" content=\"index, follow, max-snippet:-1, max-image-preview:large, max-video-preview:-1\" \/>\n<link rel=\"canonical\" href=\"https:\/\/somo-sam.com\/?product=super-8000-inv\" \/>\n<meta property=\"og:locale\" content=\"fr_FR\" \/>\n<meta property=\"og:type\" content=\"article\" \/>\n<meta property=\"og:title\" content=\"SUPER 8000 INV - SOMO S.A.M\" \/>\n<meta property=\"og:description\" content=\"SUPER 8000 INV\u00a0 OP\u00c9RATEUR IRR\u00c9VERSIBLE POUR PORTAILS COULISSANTS INDUSTRIELS\" \/>\n<meta property=\"og:url\" content=\"https:\/\/somo-sam.com\/?product=super-8000-inv\" \/>\n<meta property=\"og:site_name\" content=\"SOMO S.A.M\" \/>\n<meta property=\"og:image\" content=\"https:\/\/somo-sam.com\/wp-content\/uploads\/2025\/03\/rib-automatismi-per-cancelli-motori-italia-prodotto-super6000-8000.jpg\" \/>\n\t<meta property=\"og:image:width\" content=\"317\" \/>\n\t<meta property=\"og:image:height\" content=\"339\" \/>\n\t<meta property=\"og:image:type\" content=\"image\/jpeg\" \/>\n<meta name=\"twitter:card\" content=\"summary_large_image\" \/>\n<meta name=\"twitter:label1\" content=\"Dur\u00e9e de lecture estim\u00e9e\" \/>\n\t<meta name=\"twitter:data1\" content=\"2 minutes\" \/>\n<script type=\"application\/ld+json\" class=\"yoast-schema-graph\">{\"@context\":\"https:\/\/schema.org\",\"@graph\":[{\"@type\":\"WebPage\",\"@id\":\"https:\/\/somo-sam.com\/?product=super-8000-inv\",\"url\":\"https:\/\/somo-sam.com\/?product=super-8000-inv\",\"name\":\"SUPER 8000 INV - SOMO S.A.M\",\"isPartOf\":{\"@id\":\"http:\/\/somo-sam.com\/#website\"},\"primaryImageOfPage\":{\"@id\":\"https:\/\/somo-sam.com\/?product=super-8000-inv#primaryimage\"},\"image\":{\"@id\":\"https:\/\/somo-sam.com\/?product=super-8000-inv#primaryimage\"},\"thumbnailUrl\":\"https:\/\/somo-sam.com\/wp-content\/uploads\/2025\/03\/rib-automatismi-per-cancelli-motori-italia-prodotto-super6000-8000.jpg\",\"datePublished\":\"2025-03-26T09:59:55+00:00\",\"dateModified\":\"2025-03-26T09:59:55+00:00\",\"breadcrumb\":{\"@id\":\"https:\/\/somo-sam.com\/?product=super-8000-inv#breadcrumb\"},\"inLanguage\":\"fr-FR\",\"potentialAction\":[{\"@type\":\"ReadAction\",\"target\":[\"https:\/\/somo-sam.com\/?product=super-8000-inv\"]}]},{\"@type\":\"ImageObject\",\"inLanguage\":\"fr-FR\",\"@id\":\"https:\/\/somo-sam.com\/?product=super-8000-inv#primaryimage\",\"url\":\"https:\/\/somo-sam.com\/wp-content\/uploads\/2025\/03\/rib-automatismi-per-cancelli-motori-italia-prodotto-super6000-8000.jpg\",\"contentUrl\":\"https:\/\/somo-sam.com\/wp-content\/uploads\/2025\/03\/rib-automatismi-per-cancelli-motori-italia-prodotto-super6000-8000.jpg\",\"width\":317,\"height\":339},{\"@type\":\"BreadcrumbList\",\"@id\":\"https:\/\/somo-sam.com\/?product=super-8000-inv#breadcrumb\",\"itemListElement\":[{\"@type\":\"ListItem\",\"position\":1,\"name\":\"Accueil\",\"item\":\"http:\/\/somo-sam.com\/\"},{\"@type\":\"ListItem\",\"position\":2,\"name\":\"Shop\",\"item\":\"https:\/\/somo-sam.com\/?page_id=413\"},{\"@type\":\"ListItem\",\"position\":3,\"name\":\"SUPER 8000 INV\"}]},{\"@type\":\"WebSite\",\"@id\":\"http:\/\/somo-sam.com\/#website\",\"url\":\"http:\/\/somo-sam.com\/\",\"name\":\"SOMO S.A.M\",\"description\":\"Votre partenaire en \u00e9quipements h\u00f4teliers et de restauration\",\"potentialAction\":[{\"@type\":\"SearchAction\",\"target\":{\"@type\":\"EntryPoint\",\"urlTemplate\":\"http:\/\/somo-sam.com\/?s={search_term_string}\"},\"query-input\":{\"@type\":\"PropertyValueSpecification\",\"valueRequired\":true,\"valueName\":\"search_term_string\"}}],\"inLanguage\":\"fr-FR\"}]}<\/script>\n<!-- \/ Yoast SEO plugin. -->","yoast_head_json":{"title":"SUPER 8000 INV - SOMO S.A.M","robots":{"index":"index","follow":"follow","max-snippet":"max-snippet:-1","max-image-preview":"max-image-preview:large","max-video-preview":"max-video-preview:-1"},"canonical":"https:\/\/somo-sam.com\/?product=super-8000-inv","og_locale":"fr_FR","og_type":"article","og_title":"SUPER 8000 INV - SOMO S.A.M","og_description":"SUPER 8000 INV\u00a0 OP\u00c9RATEUR IRR\u00c9VERSIBLE POUR PORTAILS COULISSANTS INDUSTRIELS","og_url":"https:\/\/somo-sam.com\/?product=super-8000-inv","og_site_name":"SOMO S.A.M","og_image":[{"width":317,"height":339,"url":"https:\/\/somo-sam.com\/wp-content\/uploads\/2025\/03\/rib-automatismi-per-cancelli-motori-italia-prodotto-super6000-8000.jpg","type":"image\/jpeg"}],"twitter_card":"summary_large_image","twitter_misc":{"Dur\u00e9e de lecture estim\u00e9e":"2 minutes"},"schema":{"@context":"https:\/\/schema.org","@graph":[{"@type":"WebPage","@id":"https:\/\/somo-sam.com\/?product=super-8000-inv","url":"https:\/\/somo-sam.com\/?product=super-8000-inv","name":"SUPER 8000 INV - SOMO S.A.M","isPartOf":{"@id":"http:\/\/somo-sam.com\/#website"},"primaryImageOfPage":{"@id":"https:\/\/somo-sam.com\/?product=super-8000-inv#primaryimage"},"image":{"@id":"https:\/\/somo-sam.com\/?product=super-8000-inv#primaryimage"},"thumbnailUrl":"https:\/\/somo-sam.com\/wp-content\/uploads\/2025\/03\/rib-automatismi-per-cancelli-motori-italia-prodotto-super6000-8000.jpg","datePublished":"2025-03-26T09:59:55+00:00","dateModified":"2025-03-26T09:59:55+00:00","breadcrumb":{"@id":"https:\/\/somo-sam.com\/?product=super-8000-inv#breadcrumb"},"inLanguage":"fr-FR","potentialAction":[{"@type":"ReadAction","target":["https:\/\/somo-sam.com\/?product=super-8000-inv"]}]},{"@type":"ImageObject","inLanguage":"fr-FR","@id":"https:\/\/somo-sam.com\/?product=super-8000-inv#primaryimage","url":"https:\/\/somo-sam.com\/wp-content\/uploads\/2025\/03\/rib-automatismi-per-cancelli-motori-italia-prodotto-super6000-8000.jpg","contentUrl":"https:\/\/somo-sam.com\/wp-content\/uploads\/2025\/03\/rib-automatismi-per-cancelli-motori-italia-prodotto-super6000-8000.jpg","width":317,"height":339},{"@type":"BreadcrumbList","@id":"https:\/\/somo-sam.com\/?product=super-8000-inv#breadcrumb","itemListElement":[{"@type":"ListItem","position":1,"name":"Accueil","item":"http:\/\/somo-sam.com\/"},{"@type":"ListItem","position":2,"name":"Shop","item":"https:\/\/somo-sam.com\/?page_id=413"},{"@type":"ListItem","position":3,"name":"SUPER 8000 INV"}]},{"@type":"WebSite","@id":"http:\/\/somo-sam.com\/#website","url":"http:\/\/somo-sam.com\/","name":"SOMO S.A.M","description":"Votre partenaire en \u00e9quipements h\u00f4teliers et de restauration","potentialAction":[{"@type":"SearchAction","target":{"@type":"EntryPoint","urlTemplate":"http:\/\/somo-sam.com\/?s={search_term_string}"},"query-input":{"@type":"PropertyValueSpecification","valueRequired":true,"valueName":"search_term_string"}}],"inLanguage":"fr-FR"}]}},"_links":{"self":[{"href":"https:\/\/somo-sam.com\/index.php?rest_route=\/wp\/v2\/product\/31326","targetHints":{"allow":["GET"]}}],"collection":[{"href":"https:\/\/somo-sam.com\/index.php?rest_route=\/wp\/v2\/product"}],"about":[{"href":"https:\/\/somo-sam.com\/index.php?rest_route=\/wp\/v2\/types\/product"}],"version-history":[{"count":1,"href":"https:\/\/somo-sam.com\/index.php?rest_route=\/wp\/v2\/product\/31326\/revisions"}],"predecessor-version":[{"id":31339,"href":"https:\/\/somo-sam.com\/index.php?rest_route=\/wp\/v2\/product\/31326\/revisions\/31339"}],"wp:featuredmedia":[{"embeddable":true,"href":"https:\/\/somo-sam.com\/index.php?rest_route=\/wp\/v2\/media\/31329"}],"wp:attachment":[{"href":"https:\/\/somo-sam.com\/index.php?rest_route=%2Fwp%2Fv2%2Fmedia&parent=31326"}],"wp:term":[{"taxonomy":"product_brand","embeddable":true,"href":"https:\/\/somo-sam.com\/index.php?rest_route=%2Fwp%2Fv2%2Fproduct_brand&post=31326"},{"taxonomy":"product_cat","embeddable":true,"href":"https:\/\/somo-sam.com\/index.php?rest_route=%2Fwp%2Fv2%2Fproduct_cat&post=31326"},{"taxonomy":"product_tag","embeddable":true,"href":"https:\/\/somo-sam.com\/index.php?rest_route=%2Fwp%2Fv2%2Fproduct_tag&post=31326"}],"curies":[{"name":"wp","href":"https:\/\/api.w.org\/{rel}","templated":true}]}}