{"id":31360,"date":"2025-03-26T11:39:40","date_gmt":"2025-03-26T10:39:40","guid":{"rendered":"https:\/\/somo-sam.com\/?post_type=product&#038;p=31360"},"modified":"2025-07-21T16:48:14","modified_gmt":"2025-07-21T14:48:14","slug":"king-evo","status":"publish","type":"product","link":"https:\/\/somo-sam.com\/?product=king-evo","title":{"rendered":"KING EVO"},"content":{"rendered":"<div class=\"elem\">\n<div class=\"item\">\n<div>\n<ul>\n<li>KING EVO est disponible en diff\u00e9rentes versions pour \u00eatre utilis\u00e9 de mani\u00e8re simple et fonctionnelle, \u00e0 partir des entr\u00e9es des maisons mono-familiales jusqu\u2019aux copropri\u00e9t\u00e9s.<\/li>\n<li>Un ensemble de composants con\u00e7us pour fonctionner dans le silence et garantir une r\u00e9sistance dans le temps. La m\u00e9canique, avec les composants lubrifi\u00e9s \u00e0 la graisse synth\u00e9tique, la grosse vis sans fin de 20 mm \u00e0 4 d\u00e9parts, a \u00e9t\u00e9 con\u00e7ue pour garantir un maximum de silence, robustesse et fiabilit\u00e9. C\u2019est gr\u00e2ce \u00e0 ces caract\u00e9ristiques sp\u00e9ciales que KING EVO peut \u00eatre install\u00e9 aussi sur des portails de grandes tailles.<\/li>\n<\/ul>\n<\/div>\n<\/div>\n<\/div>\n<div class=\"elem\">\n<div class=\"item\">\n<div>\n<ul>\n<li>Le tableau B2-CRX, reli\u00e9 \u00e0 KING EVO ICE, maintient le moteur chaud m\u00eame \u00e0 -30\u00b0C.<\/li>\n<li>KING EVO 24V avec les batteries tampon permet meme d\u2019oublier les coupures de courant. Il est en effet possible d\u2019accomplir jusqu\u2019\u00e0 40 cycles cons\u00e9cutifs lors d\u2019une coupure de courant. KING EVO 24V peut m\u00eame fonctionner sans batteries. Gr\u00e2ce \u00e0 la m\u00e9canique surdimensionn\u00e9e et au moteur 24V, il est id\u00e9al pour etre utilis\u00e9 sur les portails fr\u00e9quemment utilis\u00e9s comme dans les copropri\u00e9t\u00e9s.<\/li>\n<li>Toutes les versions sont dot\u00e9es d\u2019un fins de course m\u00e9canique en ouverture.<\/li>\n<\/ul>\n<\/div>\n<\/div>\n<\/div>\n","protected":false},"excerpt":{"rendered":"<h3>KING EVO OP\u00c9RATEUR IRR\u00c9VERSIBLE<br \/>\nPOUR PORTAILS \u00c0 BATTANT<\/h3>\n","protected":false},"featured_media":31365,"template":"","meta":{"_acf_changed":false,"_monsterinsights_skip_tracking":false,"_monsterinsights_sitenote_active":false,"_monsterinsights_sitenote_note":"","_monsterinsights_sitenote_category":0},"product_brand":[290],"product_cat":[134,136],"product_tag":[],"class_list":{"0":"post-31360","1":"product","2":"type-product","3":"status-publish","4":"has-post-thumbnail","6":"product_brand-rib","7":"product_cat-automatisme","8":"product_cat-automatismes-portes-automatiques","10":"first","11":"instock","12":"taxable","13":"shipping-taxable","14":"purchasable","15":"product-type-variable","16":"add-to-wishlist-after_add_to_cart"},"acf":[],"yoast_head":"<!-- This site is optimized with the Yoast SEO plugin v23.6 - https:\/\/yoast.com\/wordpress\/plugins\/seo\/ -->\n<title>KING EVO - SOMO S.A.M<\/title>\n<meta name=\"robots\" content=\"index, follow, max-snippet:-1, max-image-preview:large, max-video-preview:-1\" \/>\n<link rel=\"canonical\" href=\"https:\/\/somo-sam.com\/?product=king-evo\" \/>\n<meta property=\"og:locale\" content=\"fr_FR\" \/>\n<meta property=\"og:type\" content=\"article\" \/>\n<meta property=\"og:title\" content=\"KING EVO - SOMO S.A.M\" \/>\n<meta property=\"og:description\" content=\"KING EVO OP\u00c9RATEUR IRR\u00c9VERSIBLE POUR PORTAILS \u00c0 BATTANT\" \/>\n<meta property=\"og:url\" content=\"https:\/\/somo-sam.com\/?product=king-evo\" \/>\n<meta property=\"og:site_name\" content=\"SOMO S.A.M\" \/>\n<meta property=\"article:modified_time\" content=\"2025-07-21T14:48:14+00:00\" \/>\n<meta property=\"og:image\" content=\"https:\/\/somo-sam.com\/wp-content\/uploads\/2025\/03\/Design-sans-titre-22.png\" \/>\n\t<meta property=\"og:image:width\" content=\"1080\" \/>\n\t<meta property=\"og:image:height\" content=\"1080\" \/>\n\t<meta property=\"og:image:type\" content=\"image\/png\" \/>\n<meta name=\"twitter:card\" content=\"summary_large_image\" \/>\n<meta name=\"twitter:label1\" content=\"Dur\u00e9e de lecture estim\u00e9e\" \/>\n\t<meta name=\"twitter:data1\" content=\"2 minutes\" \/>\n<script type=\"application\/ld+json\" class=\"yoast-schema-graph\">{\"@context\":\"https:\/\/schema.org\",\"@graph\":[{\"@type\":\"WebPage\",\"@id\":\"https:\/\/somo-sam.com\/?product=king-evo\",\"url\":\"https:\/\/somo-sam.com\/?product=king-evo\",\"name\":\"KING EVO - SOMO S.A.M\",\"isPartOf\":{\"@id\":\"http:\/\/somo-sam.com\/#website\"},\"primaryImageOfPage\":{\"@id\":\"https:\/\/somo-sam.com\/?product=king-evo#primaryimage\"},\"image\":{\"@id\":\"https:\/\/somo-sam.com\/?product=king-evo#primaryimage\"},\"thumbnailUrl\":\"https:\/\/somo-sam.com\/wp-content\/uploads\/2025\/03\/Design-sans-titre-22.png\",\"datePublished\":\"2025-03-26T10:39:40+00:00\",\"dateModified\":\"2025-07-21T14:48:14+00:00\",\"breadcrumb\":{\"@id\":\"https:\/\/somo-sam.com\/?product=king-evo#breadcrumb\"},\"inLanguage\":\"fr-FR\",\"potentialAction\":[{\"@type\":\"ReadAction\",\"target\":[\"https:\/\/somo-sam.com\/?product=king-evo\"]}]},{\"@type\":\"ImageObject\",\"inLanguage\":\"fr-FR\",\"@id\":\"https:\/\/somo-sam.com\/?product=king-evo#primaryimage\",\"url\":\"https:\/\/somo-sam.com\/wp-content\/uploads\/2025\/03\/Design-sans-titre-22.png\",\"contentUrl\":\"https:\/\/somo-sam.com\/wp-content\/uploads\/2025\/03\/Design-sans-titre-22.png\",\"width\":1080,\"height\":1080},{\"@type\":\"BreadcrumbList\",\"@id\":\"https:\/\/somo-sam.com\/?product=king-evo#breadcrumb\",\"itemListElement\":[{\"@type\":\"ListItem\",\"position\":1,\"name\":\"Accueil\",\"item\":\"http:\/\/somo-sam.com\/\"},{\"@type\":\"ListItem\",\"position\":2,\"name\":\"Shop\",\"item\":\"https:\/\/somo-sam.com\/?page_id=413\"},{\"@type\":\"ListItem\",\"position\":3,\"name\":\"KING EVO\"}]},{\"@type\":\"WebSite\",\"@id\":\"http:\/\/somo-sam.com\/#website\",\"url\":\"http:\/\/somo-sam.com\/\",\"name\":\"SOMO S.A.M\",\"description\":\"Votre partenaire en \u00e9quipements h\u00f4teliers et de restauration\",\"potentialAction\":[{\"@type\":\"SearchAction\",\"target\":{\"@type\":\"EntryPoint\",\"urlTemplate\":\"http:\/\/somo-sam.com\/?s={search_term_string}\"},\"query-input\":{\"@type\":\"PropertyValueSpecification\",\"valueRequired\":true,\"valueName\":\"search_term_string\"}}],\"inLanguage\":\"fr-FR\"}]}<\/script>\n<!-- \/ Yoast SEO plugin. -->","yoast_head_json":{"title":"KING EVO - SOMO S.A.M","robots":{"index":"index","follow":"follow","max-snippet":"max-snippet:-1","max-image-preview":"max-image-preview:large","max-video-preview":"max-video-preview:-1"},"canonical":"https:\/\/somo-sam.com\/?product=king-evo","og_locale":"fr_FR","og_type":"article","og_title":"KING EVO - SOMO S.A.M","og_description":"KING EVO OP\u00c9RATEUR IRR\u00c9VERSIBLE POUR PORTAILS \u00c0 BATTANT","og_url":"https:\/\/somo-sam.com\/?product=king-evo","og_site_name":"SOMO S.A.M","article_modified_time":"2025-07-21T14:48:14+00:00","og_image":[{"width":1080,"height":1080,"url":"https:\/\/somo-sam.com\/wp-content\/uploads\/2025\/03\/Design-sans-titre-22.png","type":"image\/png"}],"twitter_card":"summary_large_image","twitter_misc":{"Dur\u00e9e de lecture estim\u00e9e":"2 minutes"},"schema":{"@context":"https:\/\/schema.org","@graph":[{"@type":"WebPage","@id":"https:\/\/somo-sam.com\/?product=king-evo","url":"https:\/\/somo-sam.com\/?product=king-evo","name":"KING EVO - SOMO S.A.M","isPartOf":{"@id":"http:\/\/somo-sam.com\/#website"},"primaryImageOfPage":{"@id":"https:\/\/somo-sam.com\/?product=king-evo#primaryimage"},"image":{"@id":"https:\/\/somo-sam.com\/?product=king-evo#primaryimage"},"thumbnailUrl":"https:\/\/somo-sam.com\/wp-content\/uploads\/2025\/03\/Design-sans-titre-22.png","datePublished":"2025-03-26T10:39:40+00:00","dateModified":"2025-07-21T14:48:14+00:00","breadcrumb":{"@id":"https:\/\/somo-sam.com\/?product=king-evo#breadcrumb"},"inLanguage":"fr-FR","potentialAction":[{"@type":"ReadAction","target":["https:\/\/somo-sam.com\/?product=king-evo"]}]},{"@type":"ImageObject","inLanguage":"fr-FR","@id":"https:\/\/somo-sam.com\/?product=king-evo#primaryimage","url":"https:\/\/somo-sam.com\/wp-content\/uploads\/2025\/03\/Design-sans-titre-22.png","contentUrl":"https:\/\/somo-sam.com\/wp-content\/uploads\/2025\/03\/Design-sans-titre-22.png","width":1080,"height":1080},{"@type":"BreadcrumbList","@id":"https:\/\/somo-sam.com\/?product=king-evo#breadcrumb","itemListElement":[{"@type":"ListItem","position":1,"name":"Accueil","item":"http:\/\/somo-sam.com\/"},{"@type":"ListItem","position":2,"name":"Shop","item":"https:\/\/somo-sam.com\/?page_id=413"},{"@type":"ListItem","position":3,"name":"KING EVO"}]},{"@type":"WebSite","@id":"http:\/\/somo-sam.com\/#website","url":"http:\/\/somo-sam.com\/","name":"SOMO S.A.M","description":"Votre partenaire en \u00e9quipements h\u00f4teliers et de restauration","potentialAction":[{"@type":"SearchAction","target":{"@type":"EntryPoint","urlTemplate":"http:\/\/somo-sam.com\/?s={search_term_string}"},"query-input":{"@type":"PropertyValueSpecification","valueRequired":true,"valueName":"search_term_string"}}],"inLanguage":"fr-FR"}]}},"_links":{"self":[{"href":"https:\/\/somo-sam.com\/index.php?rest_route=\/wp\/v2\/product\/31360","targetHints":{"allow":["GET"]}}],"collection":[{"href":"https:\/\/somo-sam.com\/index.php?rest_route=\/wp\/v2\/product"}],"about":[{"href":"https:\/\/somo-sam.com\/index.php?rest_route=\/wp\/v2\/types\/product"}],"version-history":[{"count":1,"href":"https:\/\/somo-sam.com\/index.php?rest_route=\/wp\/v2\/product\/31360\/revisions"}],"predecessor-version":[{"id":31384,"href":"https:\/\/somo-sam.com\/index.php?rest_route=\/wp\/v2\/product\/31360\/revisions\/31384"}],"wp:featuredmedia":[{"embeddable":true,"href":"https:\/\/somo-sam.com\/index.php?rest_route=\/wp\/v2\/media\/31365"}],"wp:attachment":[{"href":"https:\/\/somo-sam.com\/index.php?rest_route=%2Fwp%2Fv2%2Fmedia&parent=31360"}],"wp:term":[{"taxonomy":"product_brand","embeddable":true,"href":"https:\/\/somo-sam.com\/index.php?rest_route=%2Fwp%2Fv2%2Fproduct_brand&post=31360"},{"taxonomy":"product_cat","embeddable":true,"href":"https:\/\/somo-sam.com\/index.php?rest_route=%2Fwp%2Fv2%2Fproduct_cat&post=31360"},{"taxonomy":"product_tag","embeddable":true,"href":"https:\/\/somo-sam.com\/index.php?rest_route=%2Fwp%2Fv2%2Fproduct_tag&post=31360"}],"curies":[{"name":"wp","href":"https:\/\/api.w.org\/{rel}","templated":true}]}}