{"id":31385,"date":"2025-03-26T11:50:57","date_gmt":"2025-03-26T10:50:57","guid":{"rendered":"https:\/\/somo-sam.com\/?post_type=product&#038;p=31385"},"modified":"2025-03-26T11:50:57","modified_gmt":"2025-03-26T10:50:57","slug":"premier","status":"publish","type":"product","link":"https:\/\/somo-sam.com\/?product=premier","title":{"rendered":"PREMIER"},"content":{"rendered":"<div class=\"elem\">\n<div class=\"item\">\n<div>\n<ul>\n<li>PREMIER est un actionneur irr\u00e9versible \u00e9lectrom\u00e9canique con\u00e7u pour d\u00e9placer les portails \u00e0 battant qui ont les charni\u00e8res \u00e9loign\u00e9es du bord interne du pilier et permet l\u2019ouverture du vantail jusqu\u2019\u00e0 105\u00b0<\/li>\n<li>S\u00c9CURIT\u00c9 ANTI-INTRUSION &#8211; Sur le levier d\u2019entra\u00eenement se trouve un syst\u00e8me de blocage anti-intrusion m\u00e9canique capable d\u2019emp\u00eacher, \u00e0 portail ferm\u00e9, le mouvement du levier si le vantail est pouss\u00e9 de l\u2019ext\u00e9rieur<\/li>\n<li>S\u00c9CURIT\u00c9 ANTI-\u00c9CRASEMENT &#8211; PREMIER est dot\u00e9 d\u2019un d\u00e9tecteur d\u2019impact r\u00e9glable pour fonctionner en toute s\u00e9curit\u00e9 et d\u2019un ralentissement en phase d\u2019approche r\u00e9glable pour obtemp\u00e9rer \u00e0 la r\u00e8glementation EN12453:2017<\/li>\n<li>FONCTIONNEMENT AVEC BATTERIE &#8211; En cas de fr\u00e9quentes coupures de courant, il est possible, au lieu de proc\u00e9der au d\u00e9blocage du Moteur avec la cl\u00e9 fournie, d\u2019\u00e9quiper le produit de deux batteries. Celles-ci agissent seulement durant l\u2019absence de d\u2019alimentation et se rechargent automatiquement d\u00e8s le retour de la tension. Pour obtenir cette fonction, il suffit de raccorder au produit les accessoires Carte de recharge Batterie (code ACG4774) et deux Batteries 12V (code ACG9515). Avec ces deux batteries, il est possible d\u2019effectuer jusqu\u2019\u00e0 90 cycles cons\u00e9cutifs<\/li>\n<\/ul>\n<\/div>\n<\/div>\n<\/div>\n<div class=\"elem\">\n<div class=\"item\">\n<div>\n<ul>\n<li>R\u00c9GLAGES \u00c9LECTRONIQUES SIMPLES ET RAPIDES &#8211; B2 24V-CRX est le tableau \u00e9lectronique RIB sp\u00e9cialement con\u00e7u pour PREMIER. Outre \u00e0 avoir une programmation simple, il est dot\u00e9 d\u2019une ouverture pi\u00e9tons, r\u00e9glage du ralentissement en ouverture et fermeture, r\u00e9cepteur radio 433MHz nt\u00e9gr\u00e9, d\u00e9tecteur d\u2019impact r\u00e9glablepour chaque vantail, et Autotest des photocellules en conformit\u00e9 avec la norme EN12453:2017<\/li>\n<li>D\u00c9BLOCAGE FACILIT\u00c9 &#8211; En cas de coupure de courant, il est tr\u00e8s simple et rapide de d\u00e9bloquer PREMIER avec la cl\u00e9 sp\u00e9cifique. Il suffit de la tourner de 180\u00b0 pour rendre le Moteur compl\u00e8tement r\u00e9versible et permettre le d\u00e9placement manuel du vantail<\/li>\n<li>FINS DE COURSE M\u00c9CANIQUES INT\u00c9GR\u00c9S &#8211; Dans la partie inf\u00e9rieure de PREMIER, se trouvent, en s\u00e9rie, deux fins de course m\u00e9caniques, faciles \u00e0 r\u00e9gler. De plus, ils permettent de d\u00e9terminer de fa\u00e7on tr\u00e8s pr\u00e9cise les degr\u00e9s d\u2019ouverture et de fermeture du vantail gr\u00e2ce \u00e0 leur fin moletage.<\/li>\n<\/ul>\n<\/div>\n<\/div>\n<\/div>\n","protected":false},"excerpt":{"rendered":"<h3>PREMIER\u00a0 OP\u00c9RATEUR<br \/>\nPOUR PORTAILS \u00c0 BATTANT<\/h3>\n","protected":false},"featured_media":31386,"template":"","meta":{"_acf_changed":false,"_monsterinsights_skip_tracking":false,"_monsterinsights_sitenote_active":false,"_monsterinsights_sitenote_note":"","_monsterinsights_sitenote_category":0},"product_brand":[290],"product_cat":[134,295],"product_tag":[],"class_list":{"0":"post-31385","1":"product","2":"type-product","3":"status-publish","4":"has-post-thumbnail","6":"product_brand-rib","7":"product_cat-automatisme","8":"product_cat-portails-a-battant","10":"first","11":"instock","12":"taxable","13":"shipping-taxable","14":"purchasable","15":"product-type-variable","16":"add-to-wishlist-after_add_to_cart"},"acf":[],"yoast_head":"<!-- This site is optimized with the Yoast SEO plugin v23.6 - https:\/\/yoast.com\/wordpress\/plugins\/seo\/ -->\n<title>PREMIER - SOMO S.A.M<\/title>\n<meta name=\"robots\" content=\"index, follow, max-snippet:-1, max-image-preview:large, max-video-preview:-1\" \/>\n<link rel=\"canonical\" href=\"https:\/\/somo-sam.com\/?product=premier\" \/>\n<meta property=\"og:locale\" content=\"fr_FR\" \/>\n<meta property=\"og:type\" content=\"article\" \/>\n<meta property=\"og:title\" content=\"PREMIER - SOMO S.A.M\" \/>\n<meta property=\"og:description\" content=\"PREMIER\u00a0 OP\u00c9RATEUR POUR PORTAILS \u00c0 BATTANT\" \/>\n<meta property=\"og:url\" content=\"https:\/\/somo-sam.com\/?product=premier\" \/>\n<meta property=\"og:site_name\" content=\"SOMO S.A.M\" \/>\n<meta property=\"og:image\" content=\"https:\/\/somo-sam.com\/wp-content\/uploads\/2025\/03\/Design-sans-titre-23.png\" \/>\n\t<meta property=\"og:image:width\" content=\"1080\" \/>\n\t<meta property=\"og:image:height\" content=\"1080\" \/>\n\t<meta property=\"og:image:type\" content=\"image\/png\" \/>\n<meta name=\"twitter:card\" content=\"summary_large_image\" \/>\n<meta name=\"twitter:label1\" content=\"Dur\u00e9e de lecture estim\u00e9e\" \/>\n\t<meta name=\"twitter:data1\" content=\"2 minutes\" \/>\n<script type=\"application\/ld+json\" class=\"yoast-schema-graph\">{\"@context\":\"https:\/\/schema.org\",\"@graph\":[{\"@type\":\"WebPage\",\"@id\":\"https:\/\/somo-sam.com\/?product=premier\",\"url\":\"https:\/\/somo-sam.com\/?product=premier\",\"name\":\"PREMIER - SOMO S.A.M\",\"isPartOf\":{\"@id\":\"http:\/\/somo-sam.com\/#website\"},\"primaryImageOfPage\":{\"@id\":\"https:\/\/somo-sam.com\/?product=premier#primaryimage\"},\"image\":{\"@id\":\"https:\/\/somo-sam.com\/?product=premier#primaryimage\"},\"thumbnailUrl\":\"https:\/\/somo-sam.com\/wp-content\/uploads\/2025\/03\/Design-sans-titre-23.png\",\"datePublished\":\"2025-03-26T10:50:57+00:00\",\"dateModified\":\"2025-03-26T10:50:57+00:00\",\"breadcrumb\":{\"@id\":\"https:\/\/somo-sam.com\/?product=premier#breadcrumb\"},\"inLanguage\":\"fr-FR\",\"potentialAction\":[{\"@type\":\"ReadAction\",\"target\":[\"https:\/\/somo-sam.com\/?product=premier\"]}]},{\"@type\":\"ImageObject\",\"inLanguage\":\"fr-FR\",\"@id\":\"https:\/\/somo-sam.com\/?product=premier#primaryimage\",\"url\":\"https:\/\/somo-sam.com\/wp-content\/uploads\/2025\/03\/Design-sans-titre-23.png\",\"contentUrl\":\"https:\/\/somo-sam.com\/wp-content\/uploads\/2025\/03\/Design-sans-titre-23.png\",\"width\":1080,\"height\":1080},{\"@type\":\"BreadcrumbList\",\"@id\":\"https:\/\/somo-sam.com\/?product=premier#breadcrumb\",\"itemListElement\":[{\"@type\":\"ListItem\",\"position\":1,\"name\":\"Accueil\",\"item\":\"http:\/\/somo-sam.com\/\"},{\"@type\":\"ListItem\",\"position\":2,\"name\":\"Shop\",\"item\":\"https:\/\/somo-sam.com\/?page_id=413\"},{\"@type\":\"ListItem\",\"position\":3,\"name\":\"PREMIER\"}]},{\"@type\":\"WebSite\",\"@id\":\"http:\/\/somo-sam.com\/#website\",\"url\":\"http:\/\/somo-sam.com\/\",\"name\":\"SOMO S.A.M\",\"description\":\"Votre partenaire en \u00e9quipements h\u00f4teliers et de restauration\",\"potentialAction\":[{\"@type\":\"SearchAction\",\"target\":{\"@type\":\"EntryPoint\",\"urlTemplate\":\"http:\/\/somo-sam.com\/?s={search_term_string}\"},\"query-input\":{\"@type\":\"PropertyValueSpecification\",\"valueRequired\":true,\"valueName\":\"search_term_string\"}}],\"inLanguage\":\"fr-FR\"}]}<\/script>\n<!-- \/ Yoast SEO plugin. -->","yoast_head_json":{"title":"PREMIER - SOMO S.A.M","robots":{"index":"index","follow":"follow","max-snippet":"max-snippet:-1","max-image-preview":"max-image-preview:large","max-video-preview":"max-video-preview:-1"},"canonical":"https:\/\/somo-sam.com\/?product=premier","og_locale":"fr_FR","og_type":"article","og_title":"PREMIER - SOMO S.A.M","og_description":"PREMIER\u00a0 OP\u00c9RATEUR POUR PORTAILS \u00c0 BATTANT","og_url":"https:\/\/somo-sam.com\/?product=premier","og_site_name":"SOMO S.A.M","og_image":[{"width":1080,"height":1080,"url":"https:\/\/somo-sam.com\/wp-content\/uploads\/2025\/03\/Design-sans-titre-23.png","type":"image\/png"}],"twitter_card":"summary_large_image","twitter_misc":{"Dur\u00e9e de lecture estim\u00e9e":"2 minutes"},"schema":{"@context":"https:\/\/schema.org","@graph":[{"@type":"WebPage","@id":"https:\/\/somo-sam.com\/?product=premier","url":"https:\/\/somo-sam.com\/?product=premier","name":"PREMIER - SOMO S.A.M","isPartOf":{"@id":"http:\/\/somo-sam.com\/#website"},"primaryImageOfPage":{"@id":"https:\/\/somo-sam.com\/?product=premier#primaryimage"},"image":{"@id":"https:\/\/somo-sam.com\/?product=premier#primaryimage"},"thumbnailUrl":"https:\/\/somo-sam.com\/wp-content\/uploads\/2025\/03\/Design-sans-titre-23.png","datePublished":"2025-03-26T10:50:57+00:00","dateModified":"2025-03-26T10:50:57+00:00","breadcrumb":{"@id":"https:\/\/somo-sam.com\/?product=premier#breadcrumb"},"inLanguage":"fr-FR","potentialAction":[{"@type":"ReadAction","target":["https:\/\/somo-sam.com\/?product=premier"]}]},{"@type":"ImageObject","inLanguage":"fr-FR","@id":"https:\/\/somo-sam.com\/?product=premier#primaryimage","url":"https:\/\/somo-sam.com\/wp-content\/uploads\/2025\/03\/Design-sans-titre-23.png","contentUrl":"https:\/\/somo-sam.com\/wp-content\/uploads\/2025\/03\/Design-sans-titre-23.png","width":1080,"height":1080},{"@type":"BreadcrumbList","@id":"https:\/\/somo-sam.com\/?product=premier#breadcrumb","itemListElement":[{"@type":"ListItem","position":1,"name":"Accueil","item":"http:\/\/somo-sam.com\/"},{"@type":"ListItem","position":2,"name":"Shop","item":"https:\/\/somo-sam.com\/?page_id=413"},{"@type":"ListItem","position":3,"name":"PREMIER"}]},{"@type":"WebSite","@id":"http:\/\/somo-sam.com\/#website","url":"http:\/\/somo-sam.com\/","name":"SOMO S.A.M","description":"Votre partenaire en \u00e9quipements h\u00f4teliers et de restauration","potentialAction":[{"@type":"SearchAction","target":{"@type":"EntryPoint","urlTemplate":"http:\/\/somo-sam.com\/?s={search_term_string}"},"query-input":{"@type":"PropertyValueSpecification","valueRequired":true,"valueName":"search_term_string"}}],"inLanguage":"fr-FR"}]}},"_links":{"self":[{"href":"https:\/\/somo-sam.com\/index.php?rest_route=\/wp\/v2\/product\/31385","targetHints":{"allow":["GET"]}}],"collection":[{"href":"https:\/\/somo-sam.com\/index.php?rest_route=\/wp\/v2\/product"}],"about":[{"href":"https:\/\/somo-sam.com\/index.php?rest_route=\/wp\/v2\/types\/product"}],"version-history":[{"count":1,"href":"https:\/\/somo-sam.com\/index.php?rest_route=\/wp\/v2\/product\/31385\/revisions"}],"predecessor-version":[{"id":31410,"href":"https:\/\/somo-sam.com\/index.php?rest_route=\/wp\/v2\/product\/31385\/revisions\/31410"}],"wp:featuredmedia":[{"embeddable":true,"href":"https:\/\/somo-sam.com\/index.php?rest_route=\/wp\/v2\/media\/31386"}],"wp:attachment":[{"href":"https:\/\/somo-sam.com\/index.php?rest_route=%2Fwp%2Fv2%2Fmedia&parent=31385"}],"wp:term":[{"taxonomy":"product_brand","embeddable":true,"href":"https:\/\/somo-sam.com\/index.php?rest_route=%2Fwp%2Fv2%2Fproduct_brand&post=31385"},{"taxonomy":"product_cat","embeddable":true,"href":"https:\/\/somo-sam.com\/index.php?rest_route=%2Fwp%2Fv2%2Fproduct_cat&post=31385"},{"taxonomy":"product_tag","embeddable":true,"href":"https:\/\/somo-sam.com\/index.php?rest_route=%2Fwp%2Fv2%2Fproduct_tag&post=31385"}],"curies":[{"name":"wp","href":"https:\/\/api.w.org\/{rel}","templated":true}]}}