{"id":31411,"date":"2025-03-26T11:59:35","date_gmt":"2025-03-26T10:59:35","guid":{"rendered":"https:\/\/somo-sam.com\/?post_type=product&#038;p=31411"},"modified":"2025-03-26T11:59:35","modified_gmt":"2025-03-26T10:59:35","slug":"magic-105-180","status":"publish","type":"product","link":"https:\/\/somo-sam.com\/?product=magic-105-180","title":{"rendered":"MAGIC 105\u00b0\/180\u00b0"},"content":{"rendered":"<div class=\"elem\">\n<ul>\n<li>Une fois install\u00e9, l\u2019entretien est pratiquement inexistant. Le couvercle carrossable, la m\u00e9canique des divers composants et le traitement anti-corrosif par CATAPHOR\u00c8SE le prot\u00e8gent de l\u2019eau, la poussi\u00e8re et la rouille<\/li>\n<li>MAGIC est dot\u00e9 d\u2019un embrayage m\u00e9canique et \u00e9tant r\u00e9versible, il n\u00e9cessite de l\u2019installation d\u2019une serrure \u00e9lectrique sur le portail. En cas de coupure de courant, il suffit d\u2019agir avec la cl\u00e9 sp\u00e9cifique sur la serrure \u00e9lectrique et de pousser manuellement le portail<\/li>\n<\/ul>\n<\/div>\n<div class=\"elem\">\n<ul>\n<li>Les Fins de course r\u00e9glables int\u00e9gr\u00e9s d\u00e9terminent la position exacte du vantail en ouverture et en fermeture. Il n\u2019est donc pas n\u00e9cessaire d\u2019utiliser des but\u00e9es m\u00e9caniques au sol ou des fins de course \u00e9lectriques internes.<\/li>\n<\/ul>\n<\/div>\n","protected":false},"excerpt":{"rendered":"<h3>MAGIC 105\u00b0180\u00b0 Op\u00e9rateur enterr\u00e9 r\u00e9versible pour portails a battant (des vantaux longs jusqu&#8217;\u00e0 2,5 m et lourds jusqu&#8217;\u00e0 350 kg)<\/h3>\n","protected":false},"featured_media":31416,"template":"","meta":{"_acf_changed":false,"_monsterinsights_skip_tracking":false,"_monsterinsights_sitenote_active":false,"_monsterinsights_sitenote_note":"","_monsterinsights_sitenote_category":0},"product_brand":[290],"product_cat":[134,295],"product_tag":[],"class_list":{"0":"post-31411","1":"product","2":"type-product","3":"status-publish","4":"has-post-thumbnail","6":"product_brand-rib","7":"product_cat-automatisme","8":"product_cat-portails-a-battant","10":"first","11":"instock","12":"taxable","13":"shipping-taxable","14":"purchasable","15":"product-type-simple","16":"add-to-wishlist-after_add_to_cart"},"acf":[],"yoast_head":"<!-- This site is optimized with the Yoast SEO plugin v23.6 - https:\/\/yoast.com\/wordpress\/plugins\/seo\/ -->\n<title>MAGIC 105\u00b0\/180\u00b0 - SOMO S.A.M<\/title>\n<meta name=\"robots\" content=\"index, follow, max-snippet:-1, max-image-preview:large, max-video-preview:-1\" \/>\n<link rel=\"canonical\" href=\"https:\/\/somo-sam.com\/?product=magic-105-180\" \/>\n<meta property=\"og:locale\" content=\"fr_FR\" \/>\n<meta property=\"og:type\" content=\"article\" \/>\n<meta property=\"og:title\" content=\"MAGIC 105\u00b0\/180\u00b0 - SOMO S.A.M\" \/>\n<meta property=\"og:description\" content=\"MAGIC 105\u00b0180\u00b0 Op\u00e9rateur enterr\u00e9 r\u00e9versible pour portails a battant (des vantaux longs jusqu&#039;\u00e0 2,5 m et lourds jusqu&#039;\u00e0 350 kg)\" \/>\n<meta property=\"og:url\" content=\"https:\/\/somo-sam.com\/?product=magic-105-180\" \/>\n<meta property=\"og:site_name\" content=\"SOMO S.A.M\" \/>\n<meta property=\"og:image\" content=\"https:\/\/somo-sam.com\/wp-content\/uploads\/2025\/03\/Design-sans-titre-24.png\" \/>\n\t<meta property=\"og:image:width\" content=\"1080\" \/>\n\t<meta property=\"og:image:height\" content=\"1080\" \/>\n\t<meta property=\"og:image:type\" content=\"image\/png\" \/>\n<meta name=\"twitter:card\" content=\"summary_large_image\" \/>\n<meta name=\"twitter:label1\" content=\"Dur\u00e9e de lecture estim\u00e9e\" \/>\n\t<meta name=\"twitter:data1\" content=\"1 minute\" \/>\n<script type=\"application\/ld+json\" class=\"yoast-schema-graph\">{\"@context\":\"https:\/\/schema.org\",\"@graph\":[{\"@type\":\"WebPage\",\"@id\":\"https:\/\/somo-sam.com\/?product=magic-105-180\",\"url\":\"https:\/\/somo-sam.com\/?product=magic-105-180\",\"name\":\"MAGIC 105\u00b0\/180\u00b0 - SOMO S.A.M\",\"isPartOf\":{\"@id\":\"http:\/\/somo-sam.com\/#website\"},\"primaryImageOfPage\":{\"@id\":\"https:\/\/somo-sam.com\/?product=magic-105-180#primaryimage\"},\"image\":{\"@id\":\"https:\/\/somo-sam.com\/?product=magic-105-180#primaryimage\"},\"thumbnailUrl\":\"https:\/\/somo-sam.com\/wp-content\/uploads\/2025\/03\/Design-sans-titre-24.png\",\"datePublished\":\"2025-03-26T10:59:35+00:00\",\"dateModified\":\"2025-03-26T10:59:35+00:00\",\"breadcrumb\":{\"@id\":\"https:\/\/somo-sam.com\/?product=magic-105-180#breadcrumb\"},\"inLanguage\":\"fr-FR\",\"potentialAction\":[{\"@type\":\"ReadAction\",\"target\":[\"https:\/\/somo-sam.com\/?product=magic-105-180\"]}]},{\"@type\":\"ImageObject\",\"inLanguage\":\"fr-FR\",\"@id\":\"https:\/\/somo-sam.com\/?product=magic-105-180#primaryimage\",\"url\":\"https:\/\/somo-sam.com\/wp-content\/uploads\/2025\/03\/Design-sans-titre-24.png\",\"contentUrl\":\"https:\/\/somo-sam.com\/wp-content\/uploads\/2025\/03\/Design-sans-titre-24.png\",\"width\":1080,\"height\":1080},{\"@type\":\"BreadcrumbList\",\"@id\":\"https:\/\/somo-sam.com\/?product=magic-105-180#breadcrumb\",\"itemListElement\":[{\"@type\":\"ListItem\",\"position\":1,\"name\":\"Accueil\",\"item\":\"http:\/\/somo-sam.com\/\"},{\"@type\":\"ListItem\",\"position\":2,\"name\":\"Shop\",\"item\":\"https:\/\/somo-sam.com\/?page_id=413\"},{\"@type\":\"ListItem\",\"position\":3,\"name\":\"MAGIC 105\u00b0\/180\u00b0\"}]},{\"@type\":\"WebSite\",\"@id\":\"http:\/\/somo-sam.com\/#website\",\"url\":\"http:\/\/somo-sam.com\/\",\"name\":\"SOMO S.A.M\",\"description\":\"Votre partenaire en \u00e9quipements h\u00f4teliers et de restauration\",\"potentialAction\":[{\"@type\":\"SearchAction\",\"target\":{\"@type\":\"EntryPoint\",\"urlTemplate\":\"http:\/\/somo-sam.com\/?s={search_term_string}\"},\"query-input\":{\"@type\":\"PropertyValueSpecification\",\"valueRequired\":true,\"valueName\":\"search_term_string\"}}],\"inLanguage\":\"fr-FR\"}]}<\/script>\n<!-- \/ Yoast SEO plugin. -->","yoast_head_json":{"title":"MAGIC 105\u00b0\/180\u00b0 - SOMO S.A.M","robots":{"index":"index","follow":"follow","max-snippet":"max-snippet:-1","max-image-preview":"max-image-preview:large","max-video-preview":"max-video-preview:-1"},"canonical":"https:\/\/somo-sam.com\/?product=magic-105-180","og_locale":"fr_FR","og_type":"article","og_title":"MAGIC 105\u00b0\/180\u00b0 - SOMO S.A.M","og_description":"MAGIC 105\u00b0180\u00b0 Op\u00e9rateur enterr\u00e9 r\u00e9versible pour portails a battant (des vantaux longs jusqu'\u00e0 2,5 m et lourds jusqu'\u00e0 350 kg)","og_url":"https:\/\/somo-sam.com\/?product=magic-105-180","og_site_name":"SOMO S.A.M","og_image":[{"width":1080,"height":1080,"url":"https:\/\/somo-sam.com\/wp-content\/uploads\/2025\/03\/Design-sans-titre-24.png","type":"image\/png"}],"twitter_card":"summary_large_image","twitter_misc":{"Dur\u00e9e de lecture estim\u00e9e":"1 minute"},"schema":{"@context":"https:\/\/schema.org","@graph":[{"@type":"WebPage","@id":"https:\/\/somo-sam.com\/?product=magic-105-180","url":"https:\/\/somo-sam.com\/?product=magic-105-180","name":"MAGIC 105\u00b0\/180\u00b0 - SOMO S.A.M","isPartOf":{"@id":"http:\/\/somo-sam.com\/#website"},"primaryImageOfPage":{"@id":"https:\/\/somo-sam.com\/?product=magic-105-180#primaryimage"},"image":{"@id":"https:\/\/somo-sam.com\/?product=magic-105-180#primaryimage"},"thumbnailUrl":"https:\/\/somo-sam.com\/wp-content\/uploads\/2025\/03\/Design-sans-titre-24.png","datePublished":"2025-03-26T10:59:35+00:00","dateModified":"2025-03-26T10:59:35+00:00","breadcrumb":{"@id":"https:\/\/somo-sam.com\/?product=magic-105-180#breadcrumb"},"inLanguage":"fr-FR","potentialAction":[{"@type":"ReadAction","target":["https:\/\/somo-sam.com\/?product=magic-105-180"]}]},{"@type":"ImageObject","inLanguage":"fr-FR","@id":"https:\/\/somo-sam.com\/?product=magic-105-180#primaryimage","url":"https:\/\/somo-sam.com\/wp-content\/uploads\/2025\/03\/Design-sans-titre-24.png","contentUrl":"https:\/\/somo-sam.com\/wp-content\/uploads\/2025\/03\/Design-sans-titre-24.png","width":1080,"height":1080},{"@type":"BreadcrumbList","@id":"https:\/\/somo-sam.com\/?product=magic-105-180#breadcrumb","itemListElement":[{"@type":"ListItem","position":1,"name":"Accueil","item":"http:\/\/somo-sam.com\/"},{"@type":"ListItem","position":2,"name":"Shop","item":"https:\/\/somo-sam.com\/?page_id=413"},{"@type":"ListItem","position":3,"name":"MAGIC 105\u00b0\/180\u00b0"}]},{"@type":"WebSite","@id":"http:\/\/somo-sam.com\/#website","url":"http:\/\/somo-sam.com\/","name":"SOMO S.A.M","description":"Votre partenaire en \u00e9quipements h\u00f4teliers et de restauration","potentialAction":[{"@type":"SearchAction","target":{"@type":"EntryPoint","urlTemplate":"http:\/\/somo-sam.com\/?s={search_term_string}"},"query-input":{"@type":"PropertyValueSpecification","valueRequired":true,"valueName":"search_term_string"}}],"inLanguage":"fr-FR"}]}},"_links":{"self":[{"href":"https:\/\/somo-sam.com\/index.php?rest_route=\/wp\/v2\/product\/31411","targetHints":{"allow":["GET"]}}],"collection":[{"href":"https:\/\/somo-sam.com\/index.php?rest_route=\/wp\/v2\/product"}],"about":[{"href":"https:\/\/somo-sam.com\/index.php?rest_route=\/wp\/v2\/types\/product"}],"version-history":[{"count":1,"href":"https:\/\/somo-sam.com\/index.php?rest_route=\/wp\/v2\/product\/31411\/revisions"}],"predecessor-version":[{"id":31428,"href":"https:\/\/somo-sam.com\/index.php?rest_route=\/wp\/v2\/product\/31411\/revisions\/31428"}],"wp:featuredmedia":[{"embeddable":true,"href":"https:\/\/somo-sam.com\/index.php?rest_route=\/wp\/v2\/media\/31416"}],"wp:attachment":[{"href":"https:\/\/somo-sam.com\/index.php?rest_route=%2Fwp%2Fv2%2Fmedia&parent=31411"}],"wp:term":[{"taxonomy":"product_brand","embeddable":true,"href":"https:\/\/somo-sam.com\/index.php?rest_route=%2Fwp%2Fv2%2Fproduct_brand&post=31411"},{"taxonomy":"product_cat","embeddable":true,"href":"https:\/\/somo-sam.com\/index.php?rest_route=%2Fwp%2Fv2%2Fproduct_cat&post=31411"},{"taxonomy":"product_tag","embeddable":true,"href":"https:\/\/somo-sam.com\/index.php?rest_route=%2Fwp%2Fv2%2Fproduct_tag&post=31411"}],"curies":[{"name":"wp","href":"https:\/\/api.w.org\/{rel}","templated":true}]}}