{"id":31429,"date":"2025-03-26T16:56:02","date_gmt":"2025-03-26T15:56:02","guid":{"rendered":"https:\/\/somo-sam.com\/?post_type=product&#038;p=31429"},"modified":"2025-03-26T16:56:02","modified_gmt":"2025-03-26T15:56:02","slug":"duke","status":"publish","type":"product","link":"https:\/\/somo-sam.com\/?product=duke","title":{"rendered":"DUKE"},"content":{"rendered":"<div class=\"elem\">\n<div class=\"item\">\n<div>\n<ul>\n<li>DUKE est le op\u00e9rateur RIB de m\u00e9canique et puissance surdimensionn\u00e9es pour automatiser en toute s\u00e9curit\u00e9 les portails les plus importants<\/li>\n<li>Une fois install\u00e9, l\u2019entretien est pratiquement inexistant. Le couvercle carrossable, la m\u00e9canique des divers composants et le traitement anticorrosif par CATAPHOR\u00c8SE le prot\u00e8gent de l\u2019eau, la poussi\u00e8re et la rouille<\/li>\n<li>En cas de coupure de courant, agir sur le d\u00e9blocage pour d\u00e9placer manuellement les vantaux<\/li>\n<\/ul>\n<\/div>\n<\/div>\n<\/div>\n<div class=\"elem\">\n<div class=\"item\">\n<div>\n<ul>\n<li>Les fins de course r\u00e9glables int\u00e9gr\u00e9s d\u00e9terminentla position exacte du vantail en ouverture et en fermeture. Il n\u2019est donc pas n\u00e9cessaire d\u2019utiliser des but\u00e9es m\u00e9caniques au sol ou des fins de course \u00e9lectriques<\/li>\n<li>La m\u00e9canique interne, enti\u00e8rement con\u00e7ue et produite chez RIB, permet un mouvement extr\u00eamement silencieux et pr\u00e9cis.<\/li>\n<\/ul>\n<\/div>\n<\/div>\n<\/div>\n","protected":false},"excerpt":{"rendered":"<h3>Operateur enterr\u00e9 irreversible pour portails a battant (des vantaux longs jusqu&#8217;\u00e0 3,5 m et lourds jusqu&#8217;\u00e0 800 kg)<\/h3>\n","protected":false},"featured_media":31450,"template":"","meta":{"_acf_changed":false,"_monsterinsights_skip_tracking":false,"_monsterinsights_sitenote_active":false,"_monsterinsights_sitenote_note":"","_monsterinsights_sitenote_category":0},"product_brand":[290],"product_cat":[134,295],"product_tag":[],"class_list":{"0":"post-31429","1":"product","2":"type-product","3":"status-publish","4":"has-post-thumbnail","6":"product_brand-rib","7":"product_cat-automatisme","8":"product_cat-portails-a-battant","10":"first","11":"instock","12":"taxable","13":"shipping-taxable","14":"purchasable","15":"product-type-variable","16":"add-to-wishlist-after_add_to_cart"},"acf":[],"yoast_head":"<!-- This site is optimized with the Yoast SEO plugin v23.6 - https:\/\/yoast.com\/wordpress\/plugins\/seo\/ -->\n<title>DUKE - SOMO S.A.M<\/title>\n<meta name=\"robots\" content=\"index, follow, max-snippet:-1, max-image-preview:large, max-video-preview:-1\" \/>\n<link rel=\"canonical\" href=\"https:\/\/somo-sam.com\/?product=duke\" \/>\n<meta property=\"og:locale\" content=\"fr_FR\" \/>\n<meta property=\"og:type\" content=\"article\" \/>\n<meta property=\"og:title\" content=\"DUKE - SOMO S.A.M\" \/>\n<meta property=\"og:description\" content=\"Operateur enterr\u00e9 irreversible pour portails a battant (des vantaux longs jusqu&#039;\u00e0 3,5 m et lourds jusqu&#039;\u00e0 800 kg)\" \/>\n<meta property=\"og:url\" content=\"https:\/\/somo-sam.com\/?product=duke\" \/>\n<meta property=\"og:site_name\" content=\"SOMO S.A.M\" \/>\n<meta property=\"og:image\" content=\"https:\/\/somo-sam.com\/wp-content\/uploads\/2025\/03\/Design-sans-titre-6-6.png\" \/>\n\t<meta property=\"og:image:width\" content=\"1080\" \/>\n\t<meta property=\"og:image:height\" content=\"1080\" \/>\n\t<meta property=\"og:image:type\" content=\"image\/png\" \/>\n<meta name=\"twitter:card\" content=\"summary_large_image\" \/>\n<meta name=\"twitter:label1\" content=\"Dur\u00e9e de lecture estim\u00e9e\" \/>\n\t<meta name=\"twitter:data1\" content=\"1 minute\" \/>\n<script type=\"application\/ld+json\" class=\"yoast-schema-graph\">{\"@context\":\"https:\/\/schema.org\",\"@graph\":[{\"@type\":\"WebPage\",\"@id\":\"https:\/\/somo-sam.com\/?product=duke\",\"url\":\"https:\/\/somo-sam.com\/?product=duke\",\"name\":\"DUKE - SOMO S.A.M\",\"isPartOf\":{\"@id\":\"http:\/\/somo-sam.com\/#website\"},\"primaryImageOfPage\":{\"@id\":\"https:\/\/somo-sam.com\/?product=duke#primaryimage\"},\"image\":{\"@id\":\"https:\/\/somo-sam.com\/?product=duke#primaryimage\"},\"thumbnailUrl\":\"https:\/\/somo-sam.com\/wp-content\/uploads\/2025\/03\/Design-sans-titre-6-6.png\",\"datePublished\":\"2025-03-26T15:56:02+00:00\",\"dateModified\":\"2025-03-26T15:56:02+00:00\",\"breadcrumb\":{\"@id\":\"https:\/\/somo-sam.com\/?product=duke#breadcrumb\"},\"inLanguage\":\"fr-FR\",\"potentialAction\":[{\"@type\":\"ReadAction\",\"target\":[\"https:\/\/somo-sam.com\/?product=duke\"]}]},{\"@type\":\"ImageObject\",\"inLanguage\":\"fr-FR\",\"@id\":\"https:\/\/somo-sam.com\/?product=duke#primaryimage\",\"url\":\"https:\/\/somo-sam.com\/wp-content\/uploads\/2025\/03\/Design-sans-titre-6-6.png\",\"contentUrl\":\"https:\/\/somo-sam.com\/wp-content\/uploads\/2025\/03\/Design-sans-titre-6-6.png\",\"width\":1080,\"height\":1080},{\"@type\":\"BreadcrumbList\",\"@id\":\"https:\/\/somo-sam.com\/?product=duke#breadcrumb\",\"itemListElement\":[{\"@type\":\"ListItem\",\"position\":1,\"name\":\"Accueil\",\"item\":\"http:\/\/somo-sam.com\/\"},{\"@type\":\"ListItem\",\"position\":2,\"name\":\"Shop\",\"item\":\"https:\/\/somo-sam.com\/?page_id=413\"},{\"@type\":\"ListItem\",\"position\":3,\"name\":\"DUKE\"}]},{\"@type\":\"WebSite\",\"@id\":\"http:\/\/somo-sam.com\/#website\",\"url\":\"http:\/\/somo-sam.com\/\",\"name\":\"SOMO S.A.M\",\"description\":\"Votre partenaire en \u00e9quipements h\u00f4teliers et de restauration\",\"potentialAction\":[{\"@type\":\"SearchAction\",\"target\":{\"@type\":\"EntryPoint\",\"urlTemplate\":\"http:\/\/somo-sam.com\/?s={search_term_string}\"},\"query-input\":{\"@type\":\"PropertyValueSpecification\",\"valueRequired\":true,\"valueName\":\"search_term_string\"}}],\"inLanguage\":\"fr-FR\"}]}<\/script>\n<!-- \/ Yoast SEO plugin. -->","yoast_head_json":{"title":"DUKE - SOMO S.A.M","robots":{"index":"index","follow":"follow","max-snippet":"max-snippet:-1","max-image-preview":"max-image-preview:large","max-video-preview":"max-video-preview:-1"},"canonical":"https:\/\/somo-sam.com\/?product=duke","og_locale":"fr_FR","og_type":"article","og_title":"DUKE - SOMO S.A.M","og_description":"Operateur enterr\u00e9 irreversible pour portails a battant (des vantaux longs jusqu'\u00e0 3,5 m et lourds jusqu'\u00e0 800 kg)","og_url":"https:\/\/somo-sam.com\/?product=duke","og_site_name":"SOMO S.A.M","og_image":[{"width":1080,"height":1080,"url":"https:\/\/somo-sam.com\/wp-content\/uploads\/2025\/03\/Design-sans-titre-6-6.png","type":"image\/png"}],"twitter_card":"summary_large_image","twitter_misc":{"Dur\u00e9e de lecture estim\u00e9e":"1 minute"},"schema":{"@context":"https:\/\/schema.org","@graph":[{"@type":"WebPage","@id":"https:\/\/somo-sam.com\/?product=duke","url":"https:\/\/somo-sam.com\/?product=duke","name":"DUKE - SOMO S.A.M","isPartOf":{"@id":"http:\/\/somo-sam.com\/#website"},"primaryImageOfPage":{"@id":"https:\/\/somo-sam.com\/?product=duke#primaryimage"},"image":{"@id":"https:\/\/somo-sam.com\/?product=duke#primaryimage"},"thumbnailUrl":"https:\/\/somo-sam.com\/wp-content\/uploads\/2025\/03\/Design-sans-titre-6-6.png","datePublished":"2025-03-26T15:56:02+00:00","dateModified":"2025-03-26T15:56:02+00:00","breadcrumb":{"@id":"https:\/\/somo-sam.com\/?product=duke#breadcrumb"},"inLanguage":"fr-FR","potentialAction":[{"@type":"ReadAction","target":["https:\/\/somo-sam.com\/?product=duke"]}]},{"@type":"ImageObject","inLanguage":"fr-FR","@id":"https:\/\/somo-sam.com\/?product=duke#primaryimage","url":"https:\/\/somo-sam.com\/wp-content\/uploads\/2025\/03\/Design-sans-titre-6-6.png","contentUrl":"https:\/\/somo-sam.com\/wp-content\/uploads\/2025\/03\/Design-sans-titre-6-6.png","width":1080,"height":1080},{"@type":"BreadcrumbList","@id":"https:\/\/somo-sam.com\/?product=duke#breadcrumb","itemListElement":[{"@type":"ListItem","position":1,"name":"Accueil","item":"http:\/\/somo-sam.com\/"},{"@type":"ListItem","position":2,"name":"Shop","item":"https:\/\/somo-sam.com\/?page_id=413"},{"@type":"ListItem","position":3,"name":"DUKE"}]},{"@type":"WebSite","@id":"http:\/\/somo-sam.com\/#website","url":"http:\/\/somo-sam.com\/","name":"SOMO S.A.M","description":"Votre partenaire en \u00e9quipements h\u00f4teliers et de restauration","potentialAction":[{"@type":"SearchAction","target":{"@type":"EntryPoint","urlTemplate":"http:\/\/somo-sam.com\/?s={search_term_string}"},"query-input":{"@type":"PropertyValueSpecification","valueRequired":true,"valueName":"search_term_string"}}],"inLanguage":"fr-FR"}]}},"_links":{"self":[{"href":"https:\/\/somo-sam.com\/index.php?rest_route=\/wp\/v2\/product\/31429","targetHints":{"allow":["GET"]}}],"collection":[{"href":"https:\/\/somo-sam.com\/index.php?rest_route=\/wp\/v2\/product"}],"about":[{"href":"https:\/\/somo-sam.com\/index.php?rest_route=\/wp\/v2\/types\/product"}],"version-history":[{"count":1,"href":"https:\/\/somo-sam.com\/index.php?rest_route=\/wp\/v2\/product\/31429\/revisions"}],"predecessor-version":[{"id":31472,"href":"https:\/\/somo-sam.com\/index.php?rest_route=\/wp\/v2\/product\/31429\/revisions\/31472"}],"wp:featuredmedia":[{"embeddable":true,"href":"https:\/\/somo-sam.com\/index.php?rest_route=\/wp\/v2\/media\/31450"}],"wp:attachment":[{"href":"https:\/\/somo-sam.com\/index.php?rest_route=%2Fwp%2Fv2%2Fmedia&parent=31429"}],"wp:term":[{"taxonomy":"product_brand","embeddable":true,"href":"https:\/\/somo-sam.com\/index.php?rest_route=%2Fwp%2Fv2%2Fproduct_brand&post=31429"},{"taxonomy":"product_cat","embeddable":true,"href":"https:\/\/somo-sam.com\/index.php?rest_route=%2Fwp%2Fv2%2Fproduct_cat&post=31429"},{"taxonomy":"product_tag","embeddable":true,"href":"https:\/\/somo-sam.com\/index.php?rest_route=%2Fwp%2Fv2%2Fproduct_tag&post=31429"}],"curies":[{"name":"wp","href":"https:\/\/api.w.org\/{rel}","templated":true}]}}