{"id":31486,"date":"2025-03-26T17:14:07","date_gmt":"2025-03-26T16:14:07","guid":{"rendered":"https:\/\/somo-sam.com\/?post_type=product&#038;p=31486"},"modified":"2025-03-26T17:14:07","modified_gmt":"2025-03-26T16:14:07","slug":"r50-r60","status":"publish","type":"product","link":"https:\/\/somo-sam.com\/?product=r50-r60","title":{"rendered":"R50 R60"},"content":{"rendered":"<div class=\"elem\">\n<ul>\n<li>R50 et R60 permettent l\u2019automatisme de portes et portails de grandes Dimensionso\u00f9 les actionneurs standards ne peuvent \u00eatre install\u00e9s<\/li>\n<li>Avec R50, en cas de Black-out, il est possible, en agissant sur le levier, de d\u00e9placer la porte manuellement<\/li>\n<\/ul>\n<\/div>\n<div class=\"elem\">\n<ul>\n<li>Le R50, install\u00e9 \u00e0 l\u2019extr\u00e9mit\u00e9 de la porte, gr\u00e2ce \u00e0 son amortisseur, permet de surmonter des d\u00e9nivel\u00e9s jusqu\u2019\u00e0 6 cm<\/li>\n<li>Le R60, install\u00e9 \u00e0 l\u2019extr\u00e9mit\u00e9 de la porte, gr\u00e2ce \u00e0 ses mortisseurs, permet de surmonter des d\u00e9nivel\u00e9s jusqu\u2019\u00e0 10 cm<\/li>\n<li>R60 est l\u2019op\u00e9rateur pour portails \u00e0 battant le plus puissant au monde; Tous les moteurs sont ventil\u00e9s.<\/li>\n<\/ul>\n<\/div>\n","protected":false},"excerpt":{"rendered":"<h3>R50 R60 OP\u00c9RATEUR POUR PORTAILS \u00c0 BATTANT ET<br \/>\nCOULISSANTS TELESCOPIQUES INDUSTRIELS<\/h3>\n","protected":false},"featured_media":31505,"template":"","meta":{"_acf_changed":false,"_monsterinsights_skip_tracking":false,"_monsterinsights_sitenote_active":false,"_monsterinsights_sitenote_note":"","_monsterinsights_sitenote_category":0},"product_brand":[290],"product_cat":[134,295,135],"product_tag":[],"class_list":{"0":"post-31486","1":"product","2":"type-product","3":"status-publish","4":"has-post-thumbnail","6":"product_brand-rib","7":"product_cat-automatisme","8":"product_cat-portails-a-battant","9":"product_cat-portails-coulissant","11":"first","12":"instock","13":"taxable","14":"shipping-taxable","15":"purchasable","16":"product-type-variable","17":"add-to-wishlist-after_add_to_cart"},"acf":[],"yoast_head":"<!-- This site is optimized with the Yoast SEO plugin v23.6 - https:\/\/yoast.com\/wordpress\/plugins\/seo\/ -->\n<title>R50 R60 - SOMO S.A.M<\/title>\n<meta name=\"robots\" content=\"index, follow, max-snippet:-1, max-image-preview:large, max-video-preview:-1\" \/>\n<link rel=\"canonical\" href=\"https:\/\/somo-sam.com\/?product=r50-r60\" \/>\n<meta property=\"og:locale\" content=\"fr_FR\" \/>\n<meta property=\"og:type\" content=\"article\" \/>\n<meta property=\"og:title\" content=\"R50 R60 - SOMO S.A.M\" \/>\n<meta property=\"og:description\" content=\"R50 R60 OP\u00c9RATEUR POUR PORTAILS \u00c0 BATTANT ET COULISSANTS TELESCOPIQUES INDUSTRIELS\" \/>\n<meta property=\"og:url\" content=\"https:\/\/somo-sam.com\/?product=r50-r60\" \/>\n<meta property=\"og:site_name\" content=\"SOMO S.A.M\" \/>\n<meta property=\"og:image\" content=\"https:\/\/somo-sam.com\/wp-content\/uploads\/2025\/03\/rib-automatismi-per-cancelli-motori-italia-cancelli-battente-prodotto-r60.jpg\" \/>\n\t<meta property=\"og:image:width\" content=\"314\" \/>\n\t<meta property=\"og:image:height\" content=\"345\" \/>\n\t<meta property=\"og:image:type\" content=\"image\/jpeg\" \/>\n<meta name=\"twitter:card\" content=\"summary_large_image\" \/>\n<meta name=\"twitter:label1\" content=\"Dur\u00e9e de lecture estim\u00e9e\" \/>\n\t<meta name=\"twitter:data1\" content=\"1 minute\" \/>\n<script type=\"application\/ld+json\" class=\"yoast-schema-graph\">{\"@context\":\"https:\/\/schema.org\",\"@graph\":[{\"@type\":\"WebPage\",\"@id\":\"https:\/\/somo-sam.com\/?product=r50-r60\",\"url\":\"https:\/\/somo-sam.com\/?product=r50-r60\",\"name\":\"R50 R60 - SOMO S.A.M\",\"isPartOf\":{\"@id\":\"http:\/\/somo-sam.com\/#website\"},\"primaryImageOfPage\":{\"@id\":\"https:\/\/somo-sam.com\/?product=r50-r60#primaryimage\"},\"image\":{\"@id\":\"https:\/\/somo-sam.com\/?product=r50-r60#primaryimage\"},\"thumbnailUrl\":\"https:\/\/somo-sam.com\/wp-content\/uploads\/2025\/03\/rib-automatismi-per-cancelli-motori-italia-cancelli-battente-prodotto-r60.jpg\",\"datePublished\":\"2025-03-26T16:14:07+00:00\",\"dateModified\":\"2025-03-26T16:14:07+00:00\",\"breadcrumb\":{\"@id\":\"https:\/\/somo-sam.com\/?product=r50-r60#breadcrumb\"},\"inLanguage\":\"fr-FR\",\"potentialAction\":[{\"@type\":\"ReadAction\",\"target\":[\"https:\/\/somo-sam.com\/?product=r50-r60\"]}]},{\"@type\":\"ImageObject\",\"inLanguage\":\"fr-FR\",\"@id\":\"https:\/\/somo-sam.com\/?product=r50-r60#primaryimage\",\"url\":\"https:\/\/somo-sam.com\/wp-content\/uploads\/2025\/03\/rib-automatismi-per-cancelli-motori-italia-cancelli-battente-prodotto-r60.jpg\",\"contentUrl\":\"https:\/\/somo-sam.com\/wp-content\/uploads\/2025\/03\/rib-automatismi-per-cancelli-motori-italia-cancelli-battente-prodotto-r60.jpg\",\"width\":314,\"height\":345},{\"@type\":\"BreadcrumbList\",\"@id\":\"https:\/\/somo-sam.com\/?product=r50-r60#breadcrumb\",\"itemListElement\":[{\"@type\":\"ListItem\",\"position\":1,\"name\":\"Accueil\",\"item\":\"http:\/\/somo-sam.com\/\"},{\"@type\":\"ListItem\",\"position\":2,\"name\":\"Shop\",\"item\":\"https:\/\/somo-sam.com\/?page_id=413\"},{\"@type\":\"ListItem\",\"position\":3,\"name\":\"R50 R60\"}]},{\"@type\":\"WebSite\",\"@id\":\"http:\/\/somo-sam.com\/#website\",\"url\":\"http:\/\/somo-sam.com\/\",\"name\":\"SOMO S.A.M\",\"description\":\"Votre partenaire en \u00e9quipements h\u00f4teliers et de restauration\",\"potentialAction\":[{\"@type\":\"SearchAction\",\"target\":{\"@type\":\"EntryPoint\",\"urlTemplate\":\"http:\/\/somo-sam.com\/?s={search_term_string}\"},\"query-input\":{\"@type\":\"PropertyValueSpecification\",\"valueRequired\":true,\"valueName\":\"search_term_string\"}}],\"inLanguage\":\"fr-FR\"}]}<\/script>\n<!-- \/ Yoast SEO plugin. -->","yoast_head_json":{"title":"R50 R60 - SOMO S.A.M","robots":{"index":"index","follow":"follow","max-snippet":"max-snippet:-1","max-image-preview":"max-image-preview:large","max-video-preview":"max-video-preview:-1"},"canonical":"https:\/\/somo-sam.com\/?product=r50-r60","og_locale":"fr_FR","og_type":"article","og_title":"R50 R60 - SOMO S.A.M","og_description":"R50 R60 OP\u00c9RATEUR POUR PORTAILS \u00c0 BATTANT ET COULISSANTS TELESCOPIQUES INDUSTRIELS","og_url":"https:\/\/somo-sam.com\/?product=r50-r60","og_site_name":"SOMO S.A.M","og_image":[{"width":314,"height":345,"url":"https:\/\/somo-sam.com\/wp-content\/uploads\/2025\/03\/rib-automatismi-per-cancelli-motori-italia-cancelli-battente-prodotto-r60.jpg","type":"image\/jpeg"}],"twitter_card":"summary_large_image","twitter_misc":{"Dur\u00e9e de lecture estim\u00e9e":"1 minute"},"schema":{"@context":"https:\/\/schema.org","@graph":[{"@type":"WebPage","@id":"https:\/\/somo-sam.com\/?product=r50-r60","url":"https:\/\/somo-sam.com\/?product=r50-r60","name":"R50 R60 - SOMO S.A.M","isPartOf":{"@id":"http:\/\/somo-sam.com\/#website"},"primaryImageOfPage":{"@id":"https:\/\/somo-sam.com\/?product=r50-r60#primaryimage"},"image":{"@id":"https:\/\/somo-sam.com\/?product=r50-r60#primaryimage"},"thumbnailUrl":"https:\/\/somo-sam.com\/wp-content\/uploads\/2025\/03\/rib-automatismi-per-cancelli-motori-italia-cancelli-battente-prodotto-r60.jpg","datePublished":"2025-03-26T16:14:07+00:00","dateModified":"2025-03-26T16:14:07+00:00","breadcrumb":{"@id":"https:\/\/somo-sam.com\/?product=r50-r60#breadcrumb"},"inLanguage":"fr-FR","potentialAction":[{"@type":"ReadAction","target":["https:\/\/somo-sam.com\/?product=r50-r60"]}]},{"@type":"ImageObject","inLanguage":"fr-FR","@id":"https:\/\/somo-sam.com\/?product=r50-r60#primaryimage","url":"https:\/\/somo-sam.com\/wp-content\/uploads\/2025\/03\/rib-automatismi-per-cancelli-motori-italia-cancelli-battente-prodotto-r60.jpg","contentUrl":"https:\/\/somo-sam.com\/wp-content\/uploads\/2025\/03\/rib-automatismi-per-cancelli-motori-italia-cancelli-battente-prodotto-r60.jpg","width":314,"height":345},{"@type":"BreadcrumbList","@id":"https:\/\/somo-sam.com\/?product=r50-r60#breadcrumb","itemListElement":[{"@type":"ListItem","position":1,"name":"Accueil","item":"http:\/\/somo-sam.com\/"},{"@type":"ListItem","position":2,"name":"Shop","item":"https:\/\/somo-sam.com\/?page_id=413"},{"@type":"ListItem","position":3,"name":"R50 R60"}]},{"@type":"WebSite","@id":"http:\/\/somo-sam.com\/#website","url":"http:\/\/somo-sam.com\/","name":"SOMO S.A.M","description":"Votre partenaire en \u00e9quipements h\u00f4teliers et de restauration","potentialAction":[{"@type":"SearchAction","target":{"@type":"EntryPoint","urlTemplate":"http:\/\/somo-sam.com\/?s={search_term_string}"},"query-input":{"@type":"PropertyValueSpecification","valueRequired":true,"valueName":"search_term_string"}}],"inLanguage":"fr-FR"}]}},"_links":{"self":[{"href":"https:\/\/somo-sam.com\/index.php?rest_route=\/wp\/v2\/product\/31486","targetHints":{"allow":["GET"]}}],"collection":[{"href":"https:\/\/somo-sam.com\/index.php?rest_route=\/wp\/v2\/product"}],"about":[{"href":"https:\/\/somo-sam.com\/index.php?rest_route=\/wp\/v2\/types\/product"}],"version-history":[{"count":1,"href":"https:\/\/somo-sam.com\/index.php?rest_route=\/wp\/v2\/product\/31486\/revisions"}],"predecessor-version":[{"id":31511,"href":"https:\/\/somo-sam.com\/index.php?rest_route=\/wp\/v2\/product\/31486\/revisions\/31511"}],"wp:featuredmedia":[{"embeddable":true,"href":"https:\/\/somo-sam.com\/index.php?rest_route=\/wp\/v2\/media\/31505"}],"wp:attachment":[{"href":"https:\/\/somo-sam.com\/index.php?rest_route=%2Fwp%2Fv2%2Fmedia&parent=31486"}],"wp:term":[{"taxonomy":"product_brand","embeddable":true,"href":"https:\/\/somo-sam.com\/index.php?rest_route=%2Fwp%2Fv2%2Fproduct_brand&post=31486"},{"taxonomy":"product_cat","embeddable":true,"href":"https:\/\/somo-sam.com\/index.php?rest_route=%2Fwp%2Fv2%2Fproduct_cat&post=31486"},{"taxonomy":"product_tag","embeddable":true,"href":"https:\/\/somo-sam.com\/index.php?rest_route=%2Fwp%2Fv2%2Fproduct_tag&post=31486"}],"curies":[{"name":"wp","href":"https:\/\/api.w.org\/{rel}","templated":true}]}}