{"id":31541,"date":"2025-03-27T12:10:19","date_gmt":"2025-03-27T11:10:19","guid":{"rendered":"https:\/\/somo-sam.com\/?post_type=product&#038;p=31541"},"modified":"2025-03-27T12:10:19","modified_gmt":"2025-03-27T11:10:19","slug":"rapid","status":"publish","type":"product","link":"https:\/\/somo-sam.com\/?product=rapid","title":{"rendered":"RAPID"},"content":{"rendered":"<div class=\"elem\">\n<ul>\n<li>RAPID est une s\u00e9rie de barri\u00e8res \u00e9lectro-m\u00e9caniques con\u00e7ues pour un contr\u00f4le des acc\u00e8s rapide et intensif \u00e0 l\u2019int\u00e9rieur de parkings, centres r\u00e9sidentiels, etc<\/li>\n<li>Les piliers sont fournis avec traitement en cataphor\u00e8se et peinture thermodurcissable<\/li>\n<li>Il est souvent n\u00e9cessaire dans les parkings de d\u00e9placer continuellement la barri\u00e8re, et la s\u00e9rie RAPID est dot\u00e9e, en plus d\u2019une remarquable m\u00e9canique, d\u2019un moteur ventil\u00e9 qui permet un usage particuli\u00e8rement intensif<\/li>\n<li>Le r\u00e9glage du nouveau syst\u00e8me de fin de course est simple et rapide et permet le ralentissement en ouverture et fermeture<\/li>\n<\/ul>\n<\/div>\n<div class=\"elem\">\n<ul>\n<li>Tableau \u00e9lectronique P1-CRX int\u00e9gr\u00e9e, pr\u00e9dispos\u00e9e pour denombreuses fonctions activables<\/li>\n<li>Dans le tableau P1-CRX integr\u00e9 la m\u00e9moire des codes des t\u00e9l\u00e9commandes peut \u00eatre extraite pour une maintenance plus simple.<\/li>\n<li>Le tableau P1-CRX peut g\u00e9rer jusqu\u2019\u00e0 1000 entre t\u00e9l\u00e9commandes SUN ou SUN PRO.<\/li>\n<li>Le tableau P1-CRX peut \u00eatre g\u00e9r\u00e9 avec la carte Bluetooth APP ou la carte APP+.<\/li>\n<\/ul>\n<\/div>\n","protected":false},"excerpt":{"rendered":"<h3>RAPID Operateur pour contr\u00f4le des acc\u00e8s avec tableau \u00e9lectronique (lisse longue jusqu&#8217;\u00e0 5 &#8211; 6* m &#8211; ouvre en 6 secondes)<\/h3>\n","protected":false},"featured_media":31546,"template":"","meta":{"_acf_changed":false,"_monsterinsights_skip_tracking":false,"_monsterinsights_sitenote_active":false,"_monsterinsights_sitenote_note":"","_monsterinsights_sitenote_category":0},"product_brand":[290],"product_cat":[134,301],"product_tag":[],"class_list":{"0":"post-31541","1":"product","2":"type-product","3":"status-publish","4":"has-post-thumbnail","6":"product_brand-rib","7":"product_cat-automatisme","8":"product_cat-barrieres-automatique","10":"first","11":"instock","12":"taxable","13":"shipping-taxable","14":"purchasable","15":"product-type-variable","16":"add-to-wishlist-after_add_to_cart"},"acf":[],"yoast_head":"<!-- This site is optimized with the Yoast SEO plugin v23.6 - https:\/\/yoast.com\/wordpress\/plugins\/seo\/ -->\n<title>RAPID - SOMO S.A.M<\/title>\n<meta name=\"robots\" content=\"index, follow, max-snippet:-1, max-image-preview:large, max-video-preview:-1\" \/>\n<link rel=\"canonical\" href=\"https:\/\/somo-sam.com\/?product=rapid\" \/>\n<meta property=\"og:locale\" content=\"fr_FR\" \/>\n<meta property=\"og:type\" content=\"article\" \/>\n<meta property=\"og:title\" content=\"RAPID - SOMO S.A.M\" \/>\n<meta property=\"og:description\" content=\"RAPID Operateur pour contr\u00f4le des acc\u00e8s avec tableau \u00e9lectronique (lisse longue jusqu&#039;\u00e0 5 - 6* m - ouvre en 6 secondes)\" \/>\n<meta property=\"og:url\" content=\"https:\/\/somo-sam.com\/?product=rapid\" \/>\n<meta property=\"og:site_name\" content=\"SOMO S.A.M\" \/>\n<meta property=\"og:image\" content=\"https:\/\/somo-sam.com\/wp-content\/uploads\/2025\/03\/Design-sans-titre-2-10.png\" \/>\n\t<meta property=\"og:image:width\" content=\"1080\" \/>\n\t<meta property=\"og:image:height\" content=\"1080\" \/>\n\t<meta property=\"og:image:type\" content=\"image\/png\" \/>\n<meta name=\"twitter:card\" content=\"summary_large_image\" \/>\n<meta name=\"twitter:label1\" content=\"Dur\u00e9e de lecture estim\u00e9e\" \/>\n\t<meta name=\"twitter:data1\" content=\"1 minute\" \/>\n<script type=\"application\/ld+json\" class=\"yoast-schema-graph\">{\"@context\":\"https:\/\/schema.org\",\"@graph\":[{\"@type\":\"WebPage\",\"@id\":\"https:\/\/somo-sam.com\/?product=rapid\",\"url\":\"https:\/\/somo-sam.com\/?product=rapid\",\"name\":\"RAPID - SOMO S.A.M\",\"isPartOf\":{\"@id\":\"http:\/\/somo-sam.com\/#website\"},\"primaryImageOfPage\":{\"@id\":\"https:\/\/somo-sam.com\/?product=rapid#primaryimage\"},\"image\":{\"@id\":\"https:\/\/somo-sam.com\/?product=rapid#primaryimage\"},\"thumbnailUrl\":\"https:\/\/somo-sam.com\/wp-content\/uploads\/2025\/03\/Design-sans-titre-2-10.png\",\"datePublished\":\"2025-03-27T11:10:19+00:00\",\"dateModified\":\"2025-03-27T11:10:19+00:00\",\"breadcrumb\":{\"@id\":\"https:\/\/somo-sam.com\/?product=rapid#breadcrumb\"},\"inLanguage\":\"fr-FR\",\"potentialAction\":[{\"@type\":\"ReadAction\",\"target\":[\"https:\/\/somo-sam.com\/?product=rapid\"]}]},{\"@type\":\"ImageObject\",\"inLanguage\":\"fr-FR\",\"@id\":\"https:\/\/somo-sam.com\/?product=rapid#primaryimage\",\"url\":\"https:\/\/somo-sam.com\/wp-content\/uploads\/2025\/03\/Design-sans-titre-2-10.png\",\"contentUrl\":\"https:\/\/somo-sam.com\/wp-content\/uploads\/2025\/03\/Design-sans-titre-2-10.png\",\"width\":1080,\"height\":1080},{\"@type\":\"BreadcrumbList\",\"@id\":\"https:\/\/somo-sam.com\/?product=rapid#breadcrumb\",\"itemListElement\":[{\"@type\":\"ListItem\",\"position\":1,\"name\":\"Accueil\",\"item\":\"http:\/\/somo-sam.com\/\"},{\"@type\":\"ListItem\",\"position\":2,\"name\":\"Shop\",\"item\":\"https:\/\/somo-sam.com\/?page_id=413\"},{\"@type\":\"ListItem\",\"position\":3,\"name\":\"RAPID\"}]},{\"@type\":\"WebSite\",\"@id\":\"http:\/\/somo-sam.com\/#website\",\"url\":\"http:\/\/somo-sam.com\/\",\"name\":\"SOMO S.A.M\",\"description\":\"Votre partenaire en \u00e9quipements h\u00f4teliers et de restauration\",\"potentialAction\":[{\"@type\":\"SearchAction\",\"target\":{\"@type\":\"EntryPoint\",\"urlTemplate\":\"http:\/\/somo-sam.com\/?s={search_term_string}\"},\"query-input\":{\"@type\":\"PropertyValueSpecification\",\"valueRequired\":true,\"valueName\":\"search_term_string\"}}],\"inLanguage\":\"fr-FR\"}]}<\/script>\n<!-- \/ Yoast SEO plugin. -->","yoast_head_json":{"title":"RAPID - SOMO S.A.M","robots":{"index":"index","follow":"follow","max-snippet":"max-snippet:-1","max-image-preview":"max-image-preview:large","max-video-preview":"max-video-preview:-1"},"canonical":"https:\/\/somo-sam.com\/?product=rapid","og_locale":"fr_FR","og_type":"article","og_title":"RAPID - SOMO S.A.M","og_description":"RAPID Operateur pour contr\u00f4le des acc\u00e8s avec tableau \u00e9lectronique (lisse longue jusqu'\u00e0 5 - 6* m - ouvre en 6 secondes)","og_url":"https:\/\/somo-sam.com\/?product=rapid","og_site_name":"SOMO S.A.M","og_image":[{"width":1080,"height":1080,"url":"https:\/\/somo-sam.com\/wp-content\/uploads\/2025\/03\/Design-sans-titre-2-10.png","type":"image\/png"}],"twitter_card":"summary_large_image","twitter_misc":{"Dur\u00e9e de lecture estim\u00e9e":"1 minute"},"schema":{"@context":"https:\/\/schema.org","@graph":[{"@type":"WebPage","@id":"https:\/\/somo-sam.com\/?product=rapid","url":"https:\/\/somo-sam.com\/?product=rapid","name":"RAPID - SOMO S.A.M","isPartOf":{"@id":"http:\/\/somo-sam.com\/#website"},"primaryImageOfPage":{"@id":"https:\/\/somo-sam.com\/?product=rapid#primaryimage"},"image":{"@id":"https:\/\/somo-sam.com\/?product=rapid#primaryimage"},"thumbnailUrl":"https:\/\/somo-sam.com\/wp-content\/uploads\/2025\/03\/Design-sans-titre-2-10.png","datePublished":"2025-03-27T11:10:19+00:00","dateModified":"2025-03-27T11:10:19+00:00","breadcrumb":{"@id":"https:\/\/somo-sam.com\/?product=rapid#breadcrumb"},"inLanguage":"fr-FR","potentialAction":[{"@type":"ReadAction","target":["https:\/\/somo-sam.com\/?product=rapid"]}]},{"@type":"ImageObject","inLanguage":"fr-FR","@id":"https:\/\/somo-sam.com\/?product=rapid#primaryimage","url":"https:\/\/somo-sam.com\/wp-content\/uploads\/2025\/03\/Design-sans-titre-2-10.png","contentUrl":"https:\/\/somo-sam.com\/wp-content\/uploads\/2025\/03\/Design-sans-titre-2-10.png","width":1080,"height":1080},{"@type":"BreadcrumbList","@id":"https:\/\/somo-sam.com\/?product=rapid#breadcrumb","itemListElement":[{"@type":"ListItem","position":1,"name":"Accueil","item":"http:\/\/somo-sam.com\/"},{"@type":"ListItem","position":2,"name":"Shop","item":"https:\/\/somo-sam.com\/?page_id=413"},{"@type":"ListItem","position":3,"name":"RAPID"}]},{"@type":"WebSite","@id":"http:\/\/somo-sam.com\/#website","url":"http:\/\/somo-sam.com\/","name":"SOMO S.A.M","description":"Votre partenaire en \u00e9quipements h\u00f4teliers et de restauration","potentialAction":[{"@type":"SearchAction","target":{"@type":"EntryPoint","urlTemplate":"http:\/\/somo-sam.com\/?s={search_term_string}"},"query-input":{"@type":"PropertyValueSpecification","valueRequired":true,"valueName":"search_term_string"}}],"inLanguage":"fr-FR"}]}},"_links":{"self":[{"href":"https:\/\/somo-sam.com\/index.php?rest_route=\/wp\/v2\/product\/31541","targetHints":{"allow":["GET"]}}],"collection":[{"href":"https:\/\/somo-sam.com\/index.php?rest_route=\/wp\/v2\/product"}],"about":[{"href":"https:\/\/somo-sam.com\/index.php?rest_route=\/wp\/v2\/types\/product"}],"version-history":[{"count":1,"href":"https:\/\/somo-sam.com\/index.php?rest_route=\/wp\/v2\/product\/31541\/revisions"}],"predecessor-version":[{"id":31572,"href":"https:\/\/somo-sam.com\/index.php?rest_route=\/wp\/v2\/product\/31541\/revisions\/31572"}],"wp:featuredmedia":[{"embeddable":true,"href":"https:\/\/somo-sam.com\/index.php?rest_route=\/wp\/v2\/media\/31546"}],"wp:attachment":[{"href":"https:\/\/somo-sam.com\/index.php?rest_route=%2Fwp%2Fv2%2Fmedia&parent=31541"}],"wp:term":[{"taxonomy":"product_brand","embeddable":true,"href":"https:\/\/somo-sam.com\/index.php?rest_route=%2Fwp%2Fv2%2Fproduct_brand&post=31541"},{"taxonomy":"product_cat","embeddable":true,"href":"https:\/\/somo-sam.com\/index.php?rest_route=%2Fwp%2Fv2%2Fproduct_cat&post=31541"},{"taxonomy":"product_tag","embeddable":true,"href":"https:\/\/somo-sam.com\/index.php?rest_route=%2Fwp%2Fv2%2Fproduct_tag&post=31541"}],"curies":[{"name":"wp","href":"https:\/\/api.w.org\/{rel}","templated":true}]}}