{"id":31573,"date":"2025-03-27T12:18:44","date_gmt":"2025-03-27T11:18:44","guid":{"rendered":"https:\/\/somo-sam.com\/?post_type=product&#038;p=31573"},"modified":"2025-03-27T12:18:44","modified_gmt":"2025-03-27T11:18:44","slug":"normal","status":"publish","type":"product","link":"https:\/\/somo-sam.com\/?product=normal","title":{"rendered":"NORMAL"},"content":{"rendered":"<div class=\"elem\">\n<ul>\n<li>NORMAL est une barri\u00e8re \u00e9lectrom\u00e9canique automatique pour entr\u00e9es industrielles.<\/li>\n<li>Complet avec panneau \u00e9lectronique, fins de course \u00e9lectriques et ressorts d\u2019\u00e9quilibrage<\/li>\n<li>En cas de panne de courant, une manivelle pratique permet de d\u00e9placer la tige manuellement<\/li>\n<li>En production depuis plus de 20 ans, NORMAL est l\u2019un des produits RIB les plus r\u00e9put\u00e9s gr\u00e2ce \u00e0 sa grande fiabilit\u00e9 m\u00e9canique<\/li>\n<\/ul>\n<\/div>\n<div class=\"elem\">\n<ul>\n<li>Tableau \u00e9lectronique P1-CRX int\u00e9gr\u00e9e, pr\u00e9dispos\u00e9e pour denombreuses fonctions activables<\/li>\n<li>Dans le tableau P1-CRX integr\u00e9 la m\u00e9moire des codes des t\u00e9l\u00e9commandes peut \u00eatre extraite pour une maintenance plus simple.<\/li>\n<li>Le tableau P1-CRX peut g\u00e9rer jusqu\u2019\u00e0 1000 entre t\u00e9l\u00e9commandes SUN ou SUN PRO.<\/li>\n<li>Le tableau P1-CRX peut \u00eatre g\u00e9r\u00e9 avec la carte Bluetooth APP ou la carte APP+.<\/li>\n<\/ul>\n<\/div>\n","protected":false},"excerpt":{"rendered":"<p>NORMAL Operateur pour contr\u00f4le des acc\u00e8s avec tableau \u00e9lectronique<\/p>\n","protected":false},"featured_media":31576,"template":"","meta":{"_acf_changed":false,"_monsterinsights_skip_tracking":false,"_monsterinsights_sitenote_active":false,"_monsterinsights_sitenote_note":"","_monsterinsights_sitenote_category":0},"product_brand":[290],"product_cat":[134,301],"product_tag":[],"class_list":{"0":"post-31573","1":"product","2":"type-product","3":"status-publish","4":"has-post-thumbnail","6":"product_brand-rib","7":"product_cat-automatisme","8":"product_cat-barrieres-automatique","10":"first","11":"instock","12":"taxable","13":"shipping-taxable","14":"purchasable","15":"product-type-simple","16":"add-to-wishlist-after_add_to_cart"},"acf":[],"yoast_head":"<!-- This site is optimized with the Yoast SEO plugin v23.6 - https:\/\/yoast.com\/wordpress\/plugins\/seo\/ -->\n<title>NORMAL - SOMO S.A.M<\/title>\n<meta name=\"robots\" content=\"index, follow, max-snippet:-1, max-image-preview:large, max-video-preview:-1\" \/>\n<link rel=\"canonical\" href=\"https:\/\/somo-sam.com\/?product=normal\" \/>\n<meta property=\"og:locale\" content=\"fr_FR\" \/>\n<meta property=\"og:type\" content=\"article\" \/>\n<meta property=\"og:title\" content=\"NORMAL - SOMO S.A.M\" \/>\n<meta property=\"og:description\" content=\"NORMAL Operateur pour contr\u00f4le des acc\u00e8s avec tableau \u00e9lectronique\" \/>\n<meta property=\"og:url\" content=\"https:\/\/somo-sam.com\/?product=normal\" \/>\n<meta property=\"og:site_name\" content=\"SOMO S.A.M\" \/>\n<meta property=\"og:image\" content=\"https:\/\/somo-sam.com\/wp-content\/uploads\/2025\/03\/Design-sans-titre-29.png\" \/>\n\t<meta property=\"og:image:width\" content=\"1080\" \/>\n\t<meta property=\"og:image:height\" content=\"1080\" \/>\n\t<meta property=\"og:image:type\" content=\"image\/png\" \/>\n<meta name=\"twitter:card\" content=\"summary_large_image\" \/>\n<meta name=\"twitter:label1\" content=\"Dur\u00e9e de lecture estim\u00e9e\" \/>\n\t<meta name=\"twitter:data1\" content=\"1 minute\" \/>\n<script type=\"application\/ld+json\" class=\"yoast-schema-graph\">{\"@context\":\"https:\/\/schema.org\",\"@graph\":[{\"@type\":\"WebPage\",\"@id\":\"https:\/\/somo-sam.com\/?product=normal\",\"url\":\"https:\/\/somo-sam.com\/?product=normal\",\"name\":\"NORMAL - SOMO S.A.M\",\"isPartOf\":{\"@id\":\"http:\/\/somo-sam.com\/#website\"},\"primaryImageOfPage\":{\"@id\":\"https:\/\/somo-sam.com\/?product=normal#primaryimage\"},\"image\":{\"@id\":\"https:\/\/somo-sam.com\/?product=normal#primaryimage\"},\"thumbnailUrl\":\"https:\/\/somo-sam.com\/wp-content\/uploads\/2025\/03\/Design-sans-titre-29.png\",\"datePublished\":\"2025-03-27T11:18:44+00:00\",\"dateModified\":\"2025-03-27T11:18:44+00:00\",\"breadcrumb\":{\"@id\":\"https:\/\/somo-sam.com\/?product=normal#breadcrumb\"},\"inLanguage\":\"fr-FR\",\"potentialAction\":[{\"@type\":\"ReadAction\",\"target\":[\"https:\/\/somo-sam.com\/?product=normal\"]}]},{\"@type\":\"ImageObject\",\"inLanguage\":\"fr-FR\",\"@id\":\"https:\/\/somo-sam.com\/?product=normal#primaryimage\",\"url\":\"https:\/\/somo-sam.com\/wp-content\/uploads\/2025\/03\/Design-sans-titre-29.png\",\"contentUrl\":\"https:\/\/somo-sam.com\/wp-content\/uploads\/2025\/03\/Design-sans-titre-29.png\",\"width\":1080,\"height\":1080},{\"@type\":\"BreadcrumbList\",\"@id\":\"https:\/\/somo-sam.com\/?product=normal#breadcrumb\",\"itemListElement\":[{\"@type\":\"ListItem\",\"position\":1,\"name\":\"Accueil\",\"item\":\"http:\/\/somo-sam.com\/\"},{\"@type\":\"ListItem\",\"position\":2,\"name\":\"Shop\",\"item\":\"https:\/\/somo-sam.com\/?page_id=413\"},{\"@type\":\"ListItem\",\"position\":3,\"name\":\"NORMAL\"}]},{\"@type\":\"WebSite\",\"@id\":\"http:\/\/somo-sam.com\/#website\",\"url\":\"http:\/\/somo-sam.com\/\",\"name\":\"SOMO S.A.M\",\"description\":\"Votre partenaire en \u00e9quipements h\u00f4teliers et de restauration\",\"potentialAction\":[{\"@type\":\"SearchAction\",\"target\":{\"@type\":\"EntryPoint\",\"urlTemplate\":\"http:\/\/somo-sam.com\/?s={search_term_string}\"},\"query-input\":{\"@type\":\"PropertyValueSpecification\",\"valueRequired\":true,\"valueName\":\"search_term_string\"}}],\"inLanguage\":\"fr-FR\"}]}<\/script>\n<!-- \/ Yoast SEO plugin. -->","yoast_head_json":{"title":"NORMAL - SOMO S.A.M","robots":{"index":"index","follow":"follow","max-snippet":"max-snippet:-1","max-image-preview":"max-image-preview:large","max-video-preview":"max-video-preview:-1"},"canonical":"https:\/\/somo-sam.com\/?product=normal","og_locale":"fr_FR","og_type":"article","og_title":"NORMAL - SOMO S.A.M","og_description":"NORMAL Operateur pour contr\u00f4le des acc\u00e8s avec tableau \u00e9lectronique","og_url":"https:\/\/somo-sam.com\/?product=normal","og_site_name":"SOMO S.A.M","og_image":[{"width":1080,"height":1080,"url":"https:\/\/somo-sam.com\/wp-content\/uploads\/2025\/03\/Design-sans-titre-29.png","type":"image\/png"}],"twitter_card":"summary_large_image","twitter_misc":{"Dur\u00e9e de lecture estim\u00e9e":"1 minute"},"schema":{"@context":"https:\/\/schema.org","@graph":[{"@type":"WebPage","@id":"https:\/\/somo-sam.com\/?product=normal","url":"https:\/\/somo-sam.com\/?product=normal","name":"NORMAL - SOMO S.A.M","isPartOf":{"@id":"http:\/\/somo-sam.com\/#website"},"primaryImageOfPage":{"@id":"https:\/\/somo-sam.com\/?product=normal#primaryimage"},"image":{"@id":"https:\/\/somo-sam.com\/?product=normal#primaryimage"},"thumbnailUrl":"https:\/\/somo-sam.com\/wp-content\/uploads\/2025\/03\/Design-sans-titre-29.png","datePublished":"2025-03-27T11:18:44+00:00","dateModified":"2025-03-27T11:18:44+00:00","breadcrumb":{"@id":"https:\/\/somo-sam.com\/?product=normal#breadcrumb"},"inLanguage":"fr-FR","potentialAction":[{"@type":"ReadAction","target":["https:\/\/somo-sam.com\/?product=normal"]}]},{"@type":"ImageObject","inLanguage":"fr-FR","@id":"https:\/\/somo-sam.com\/?product=normal#primaryimage","url":"https:\/\/somo-sam.com\/wp-content\/uploads\/2025\/03\/Design-sans-titre-29.png","contentUrl":"https:\/\/somo-sam.com\/wp-content\/uploads\/2025\/03\/Design-sans-titre-29.png","width":1080,"height":1080},{"@type":"BreadcrumbList","@id":"https:\/\/somo-sam.com\/?product=normal#breadcrumb","itemListElement":[{"@type":"ListItem","position":1,"name":"Accueil","item":"http:\/\/somo-sam.com\/"},{"@type":"ListItem","position":2,"name":"Shop","item":"https:\/\/somo-sam.com\/?page_id=413"},{"@type":"ListItem","position":3,"name":"NORMAL"}]},{"@type":"WebSite","@id":"http:\/\/somo-sam.com\/#website","url":"http:\/\/somo-sam.com\/","name":"SOMO S.A.M","description":"Votre partenaire en \u00e9quipements h\u00f4teliers et de restauration","potentialAction":[{"@type":"SearchAction","target":{"@type":"EntryPoint","urlTemplate":"http:\/\/somo-sam.com\/?s={search_term_string}"},"query-input":{"@type":"PropertyValueSpecification","valueRequired":true,"valueName":"search_term_string"}}],"inLanguage":"fr-FR"}]}},"_links":{"self":[{"href":"https:\/\/somo-sam.com\/index.php?rest_route=\/wp\/v2\/product\/31573","targetHints":{"allow":["GET"]}}],"collection":[{"href":"https:\/\/somo-sam.com\/index.php?rest_route=\/wp\/v2\/product"}],"about":[{"href":"https:\/\/somo-sam.com\/index.php?rest_route=\/wp\/v2\/types\/product"}],"version-history":[{"count":1,"href":"https:\/\/somo-sam.com\/index.php?rest_route=\/wp\/v2\/product\/31573\/revisions"}],"predecessor-version":[{"id":31590,"href":"https:\/\/somo-sam.com\/index.php?rest_route=\/wp\/v2\/product\/31573\/revisions\/31590"}],"wp:featuredmedia":[{"embeddable":true,"href":"https:\/\/somo-sam.com\/index.php?rest_route=\/wp\/v2\/media\/31576"}],"wp:attachment":[{"href":"https:\/\/somo-sam.com\/index.php?rest_route=%2Fwp%2Fv2%2Fmedia&parent=31573"}],"wp:term":[{"taxonomy":"product_brand","embeddable":true,"href":"https:\/\/somo-sam.com\/index.php?rest_route=%2Fwp%2Fv2%2Fproduct_brand&post=31573"},{"taxonomy":"product_cat","embeddable":true,"href":"https:\/\/somo-sam.com\/index.php?rest_route=%2Fwp%2Fv2%2Fproduct_cat&post=31573"},{"taxonomy":"product_tag","embeddable":true,"href":"https:\/\/somo-sam.com\/index.php?rest_route=%2Fwp%2Fv2%2Fproduct_tag&post=31573"}],"curies":[{"name":"wp","href":"https:\/\/api.w.org\/{rel}","templated":true}]}}