{"id":31611,"date":"2025-03-27T12:51:11","date_gmt":"2025-03-27T11:51:11","guid":{"rendered":"https:\/\/somo-sam.com\/?post_type=product&#038;p=31611"},"modified":"2025-03-27T12:51:11","modified_gmt":"2025-03-27T11:51:11","slug":"stopper","status":"publish","type":"product","link":"https:\/\/somo-sam.com\/?product=stopper","title":{"rendered":"STOPPER"},"content":{"rendered":"<div class=\"elem\">\n<ul>\n<li>STOPPER est la nouvelle barri\u00e8re automatique \u00e0 cha\u00eene qui peut d\u00e9limiter les passages pour jusqu\u2019\u00e0 20 m<\/li>\n<li>Le syst\u00e8me complet STOPPER (1 STOPPER MASTER+1 STOPPER SLAVE) est dot\u00e9 d\u2019un double moteur \u00e0 24V qui permet de soulever des cha\u00eenes jusqu\u2019\u00e0 un poids de 60 kg<\/li>\n<li>STOPPER est dot\u00e9e d\u2019un capteur d\u2019impact pour garantir une s\u00e9curit\u00e9 de fonctionnement maximale<\/li>\n<li>Il est conseill\u00e9 d\u2019ajouter le guide au sol ACG5481 dans lequel est ins\u00e9r\u00e9e la cha\u00eene une fois descendue.<\/li>\n<\/ul>\n<\/div>\n<div class=\"elem\">\n<p>Le tableau STOPPER int\u00e9gr\u00e9 en STOPPER MASTER:<\/p>\n<ul>\n<li>il g\u00e8re 1 STOPPER MASTER + 1 STOPPER SLAVE<\/li>\n<li>capteur d\u2019impact<\/li>\n<li>apprentissage course et temps<\/li>\n<li>ralentissement en phase d\u2019approche<\/li>\n<li>fins de course \u00e9lectronique<\/li>\n<li>force des moteurs<\/li>\n<li>fermeture automatique<\/li>\n<li>il g\u00e8re des photocellules, s\u00e9lecteurs \u00e0 cl\u00e9, chargeur de batterie, clignotants 24V<\/li>\n<li>ne contient pas de r\u00e9cepteur radio<\/li>\n<li>commande simple pas-\u00e0-pas (ouvre-stop-ferme)<\/li>\n<\/ul>\n<\/div>\n","protected":false},"excerpt":{"rendered":"<h3>STOPPER Barri\u00e8re \u00e0 cha\u00eene longue jusqu&#8217;\u00e0 20 m (ouvre en 15 secondes)<\/h3>\n","protected":false},"featured_media":31612,"template":"","meta":{"_acf_changed":false,"_monsterinsights_skip_tracking":false,"_monsterinsights_sitenote_active":false,"_monsterinsights_sitenote_note":"","_monsterinsights_sitenote_category":0},"product_brand":[290],"product_cat":[134,300,302],"product_tag":[],"class_list":{"0":"post-31611","1":"product","2":"type-product","3":"status-publish","4":"has-post-thumbnail","6":"product_brand-rib","7":"product_cat-automatisme","8":"product_cat-barrieres","9":"product_cat-barrieres-a-chaine","11":"first","12":"instock","13":"taxable","14":"shipping-taxable","15":"purchasable","16":"product-type-variable","17":"add-to-wishlist-after_add_to_cart"},"acf":[],"yoast_head":"<!-- This site is optimized with the Yoast SEO plugin v23.6 - https:\/\/yoast.com\/wordpress\/plugins\/seo\/ -->\n<title>STOPPER - SOMO S.A.M<\/title>\n<meta name=\"robots\" content=\"index, follow, max-snippet:-1, max-image-preview:large, max-video-preview:-1\" \/>\n<link rel=\"canonical\" href=\"https:\/\/somo-sam.com\/?product=stopper\" \/>\n<meta property=\"og:locale\" content=\"fr_FR\" \/>\n<meta property=\"og:type\" content=\"article\" \/>\n<meta property=\"og:title\" content=\"STOPPER - SOMO S.A.M\" \/>\n<meta property=\"og:description\" content=\"STOPPER Barri\u00e8re \u00e0 cha\u00eene longue jusqu&#039;\u00e0 20 m (ouvre en 15 secondes)\" \/>\n<meta property=\"og:url\" content=\"https:\/\/somo-sam.com\/?product=stopper\" \/>\n<meta property=\"og:site_name\" content=\"SOMO S.A.M\" \/>\n<meta property=\"og:image\" content=\"https:\/\/somo-sam.com\/wp-content\/uploads\/2025\/03\/Design-sans-titre-31.png\" \/>\n\t<meta property=\"og:image:width\" content=\"1080\" \/>\n\t<meta property=\"og:image:height\" content=\"1080\" \/>\n\t<meta property=\"og:image:type\" content=\"image\/png\" \/>\n<meta name=\"twitter:card\" content=\"summary_large_image\" \/>\n<meta name=\"twitter:label1\" content=\"Dur\u00e9e de lecture estim\u00e9e\" \/>\n\t<meta name=\"twitter:data1\" content=\"1 minute\" \/>\n<script type=\"application\/ld+json\" class=\"yoast-schema-graph\">{\"@context\":\"https:\/\/schema.org\",\"@graph\":[{\"@type\":\"WebPage\",\"@id\":\"https:\/\/somo-sam.com\/?product=stopper\",\"url\":\"https:\/\/somo-sam.com\/?product=stopper\",\"name\":\"STOPPER - SOMO S.A.M\",\"isPartOf\":{\"@id\":\"http:\/\/somo-sam.com\/#website\"},\"primaryImageOfPage\":{\"@id\":\"https:\/\/somo-sam.com\/?product=stopper#primaryimage\"},\"image\":{\"@id\":\"https:\/\/somo-sam.com\/?product=stopper#primaryimage\"},\"thumbnailUrl\":\"https:\/\/somo-sam.com\/wp-content\/uploads\/2025\/03\/Design-sans-titre-31.png\",\"datePublished\":\"2025-03-27T11:51:11+00:00\",\"dateModified\":\"2025-03-27T11:51:11+00:00\",\"breadcrumb\":{\"@id\":\"https:\/\/somo-sam.com\/?product=stopper#breadcrumb\"},\"inLanguage\":\"fr-FR\",\"potentialAction\":[{\"@type\":\"ReadAction\",\"target\":[\"https:\/\/somo-sam.com\/?product=stopper\"]}]},{\"@type\":\"ImageObject\",\"inLanguage\":\"fr-FR\",\"@id\":\"https:\/\/somo-sam.com\/?product=stopper#primaryimage\",\"url\":\"https:\/\/somo-sam.com\/wp-content\/uploads\/2025\/03\/Design-sans-titre-31.png\",\"contentUrl\":\"https:\/\/somo-sam.com\/wp-content\/uploads\/2025\/03\/Design-sans-titre-31.png\",\"width\":1080,\"height\":1080},{\"@type\":\"BreadcrumbList\",\"@id\":\"https:\/\/somo-sam.com\/?product=stopper#breadcrumb\",\"itemListElement\":[{\"@type\":\"ListItem\",\"position\":1,\"name\":\"Accueil\",\"item\":\"http:\/\/somo-sam.com\/\"},{\"@type\":\"ListItem\",\"position\":2,\"name\":\"Shop\",\"item\":\"https:\/\/somo-sam.com\/?page_id=413\"},{\"@type\":\"ListItem\",\"position\":3,\"name\":\"STOPPER\"}]},{\"@type\":\"WebSite\",\"@id\":\"http:\/\/somo-sam.com\/#website\",\"url\":\"http:\/\/somo-sam.com\/\",\"name\":\"SOMO S.A.M\",\"description\":\"Votre partenaire en \u00e9quipements h\u00f4teliers et de restauration\",\"potentialAction\":[{\"@type\":\"SearchAction\",\"target\":{\"@type\":\"EntryPoint\",\"urlTemplate\":\"http:\/\/somo-sam.com\/?s={search_term_string}\"},\"query-input\":{\"@type\":\"PropertyValueSpecification\",\"valueRequired\":true,\"valueName\":\"search_term_string\"}}],\"inLanguage\":\"fr-FR\"}]}<\/script>\n<!-- \/ Yoast SEO plugin. -->","yoast_head_json":{"title":"STOPPER - SOMO S.A.M","robots":{"index":"index","follow":"follow","max-snippet":"max-snippet:-1","max-image-preview":"max-image-preview:large","max-video-preview":"max-video-preview:-1"},"canonical":"https:\/\/somo-sam.com\/?product=stopper","og_locale":"fr_FR","og_type":"article","og_title":"STOPPER - SOMO S.A.M","og_description":"STOPPER Barri\u00e8re \u00e0 cha\u00eene longue jusqu'\u00e0 20 m (ouvre en 15 secondes)","og_url":"https:\/\/somo-sam.com\/?product=stopper","og_site_name":"SOMO S.A.M","og_image":[{"width":1080,"height":1080,"url":"https:\/\/somo-sam.com\/wp-content\/uploads\/2025\/03\/Design-sans-titre-31.png","type":"image\/png"}],"twitter_card":"summary_large_image","twitter_misc":{"Dur\u00e9e de lecture estim\u00e9e":"1 minute"},"schema":{"@context":"https:\/\/schema.org","@graph":[{"@type":"WebPage","@id":"https:\/\/somo-sam.com\/?product=stopper","url":"https:\/\/somo-sam.com\/?product=stopper","name":"STOPPER - SOMO S.A.M","isPartOf":{"@id":"http:\/\/somo-sam.com\/#website"},"primaryImageOfPage":{"@id":"https:\/\/somo-sam.com\/?product=stopper#primaryimage"},"image":{"@id":"https:\/\/somo-sam.com\/?product=stopper#primaryimage"},"thumbnailUrl":"https:\/\/somo-sam.com\/wp-content\/uploads\/2025\/03\/Design-sans-titre-31.png","datePublished":"2025-03-27T11:51:11+00:00","dateModified":"2025-03-27T11:51:11+00:00","breadcrumb":{"@id":"https:\/\/somo-sam.com\/?product=stopper#breadcrumb"},"inLanguage":"fr-FR","potentialAction":[{"@type":"ReadAction","target":["https:\/\/somo-sam.com\/?product=stopper"]}]},{"@type":"ImageObject","inLanguage":"fr-FR","@id":"https:\/\/somo-sam.com\/?product=stopper#primaryimage","url":"https:\/\/somo-sam.com\/wp-content\/uploads\/2025\/03\/Design-sans-titre-31.png","contentUrl":"https:\/\/somo-sam.com\/wp-content\/uploads\/2025\/03\/Design-sans-titre-31.png","width":1080,"height":1080},{"@type":"BreadcrumbList","@id":"https:\/\/somo-sam.com\/?product=stopper#breadcrumb","itemListElement":[{"@type":"ListItem","position":1,"name":"Accueil","item":"http:\/\/somo-sam.com\/"},{"@type":"ListItem","position":2,"name":"Shop","item":"https:\/\/somo-sam.com\/?page_id=413"},{"@type":"ListItem","position":3,"name":"STOPPER"}]},{"@type":"WebSite","@id":"http:\/\/somo-sam.com\/#website","url":"http:\/\/somo-sam.com\/","name":"SOMO S.A.M","description":"Votre partenaire en \u00e9quipements h\u00f4teliers et de restauration","potentialAction":[{"@type":"SearchAction","target":{"@type":"EntryPoint","urlTemplate":"http:\/\/somo-sam.com\/?s={search_term_string}"},"query-input":{"@type":"PropertyValueSpecification","valueRequired":true,"valueName":"search_term_string"}}],"inLanguage":"fr-FR"}]}},"_links":{"self":[{"href":"https:\/\/somo-sam.com\/index.php?rest_route=\/wp\/v2\/product\/31611","targetHints":{"allow":["GET"]}}],"collection":[{"href":"https:\/\/somo-sam.com\/index.php?rest_route=\/wp\/v2\/product"}],"about":[{"href":"https:\/\/somo-sam.com\/index.php?rest_route=\/wp\/v2\/types\/product"}],"version-history":[{"count":1,"href":"https:\/\/somo-sam.com\/index.php?rest_route=\/wp\/v2\/product\/31611\/revisions"}],"predecessor-version":[{"id":31622,"href":"https:\/\/somo-sam.com\/index.php?rest_route=\/wp\/v2\/product\/31611\/revisions\/31622"}],"wp:featuredmedia":[{"embeddable":true,"href":"https:\/\/somo-sam.com\/index.php?rest_route=\/wp\/v2\/media\/31612"}],"wp:attachment":[{"href":"https:\/\/somo-sam.com\/index.php?rest_route=%2Fwp%2Fv2%2Fmedia&parent=31611"}],"wp:term":[{"taxonomy":"product_brand","embeddable":true,"href":"https:\/\/somo-sam.com\/index.php?rest_route=%2Fwp%2Fv2%2Fproduct_brand&post=31611"},{"taxonomy":"product_cat","embeddable":true,"href":"https:\/\/somo-sam.com\/index.php?rest_route=%2Fwp%2Fv2%2Fproduct_cat&post=31611"},{"taxonomy":"product_tag","embeddable":true,"href":"https:\/\/somo-sam.com\/index.php?rest_route=%2Fwp%2Fv2%2Fproduct_tag&post=31611"}],"curies":[{"name":"wp","href":"https:\/\/api.w.org\/{rel}","templated":true}]}}