{"id":31658,"date":"2025-03-28T12:04:03","date_gmt":"2025-03-28T11:04:03","guid":{"rendered":"https:\/\/somo-sam.com\/?post_type=product&#038;p=31658"},"modified":"2025-03-28T12:04:04","modified_gmt":"2025-03-28T11:04:04","slug":"jolly-big","status":"publish","type":"product","link":"https:\/\/somo-sam.com\/?product=jolly-big","title":{"rendered":"JOLLY BIG"},"content":{"rendered":"<div class=\"elem\">\n<ul>\n<li>JOLLY BIG na\u00eet de l\u2019exp\u00e9rience trentenaire de RIB dans les motorisations pour rideaux. Il a un fin de course innovant, de r\u00e9glage simple et rapide qui facilite le travail de l\u2019installateur<\/li>\n<li>JOLLY BIG peut \u00eatre utilis\u00e9, avec les adaptateurs sp\u00e9ciaux, sur des poteaux de \u00d8 76 mm et sur des poteaux de \u00d8 102 mm et avec des ressorts \u00d8 240 ou \u00d8 280 mm<\/li>\n<\/ul>\n<\/div>\n<div class=\"elem\">\n<ul>\n<li>JOLLY BIG est disponible dans les versions ONE et TWO, avec un ou deux moteurs \u00e9lectriques pour enrouler des rideaux de grandes dimensions<\/li>\n<li>Pour supporter des rideaux de grande dimensions, JOLLY BIG est dot\u00e9 de 8 roulements en acier sur lesquels tourne la poulie d\u2019entra\u00eenement.<\/li>\n<\/ul>\n<\/div>\n","protected":false},"excerpt":{"rendered":"<h3>JOLLY BIG OP\u00c9RATEURS POUR RIDEAUX \u00c0 ENROULEMENT<br \/>\n\u00c9QUILIBR\u00c9S AVEC RESSORTS<\/h3>\n","protected":false},"featured_media":31669,"template":"","meta":{"_acf_changed":false,"_monsterinsights_skip_tracking":false,"_monsterinsights_sitenote_active":false,"_monsterinsights_sitenote_note":"","_monsterinsights_sitenote_category":0},"product_brand":[290],"product_cat":[134,137],"product_tag":[],"class_list":{"0":"post-31658","1":"product","2":"type-product","3":"status-publish","4":"has-post-thumbnail","6":"product_brand-rib","7":"product_cat-automatisme","8":"product_cat-rideaux-a-enroulement","10":"first","11":"instock","12":"taxable","13":"shipping-taxable","14":"purchasable","15":"product-type-variable","16":"add-to-wishlist-after_add_to_cart"},"acf":[],"yoast_head":"<!-- This site is optimized with the Yoast SEO plugin v23.6 - https:\/\/yoast.com\/wordpress\/plugins\/seo\/ -->\n<title>JOLLY BIG - SOMO S.A.M<\/title>\n<meta name=\"robots\" content=\"index, follow, max-snippet:-1, max-image-preview:large, max-video-preview:-1\" \/>\n<link rel=\"canonical\" href=\"https:\/\/somo-sam.com\/?product=jolly-big\" \/>\n<meta property=\"og:locale\" content=\"fr_FR\" \/>\n<meta property=\"og:type\" content=\"article\" \/>\n<meta property=\"og:title\" content=\"JOLLY BIG - SOMO S.A.M\" \/>\n<meta property=\"og:description\" content=\"JOLLY BIG OP\u00c9RATEURS POUR RIDEAUX \u00c0 ENROULEMENT \u00c9QUILIBR\u00c9S AVEC RESSORTS\" \/>\n<meta property=\"og:url\" content=\"https:\/\/somo-sam.com\/?product=jolly-big\" \/>\n<meta property=\"og:site_name\" content=\"SOMO S.A.M\" \/>\n<meta property=\"article:modified_time\" content=\"2025-03-28T11:04:04+00:00\" \/>\n<meta property=\"og:image\" content=\"https:\/\/somo-sam.com\/wp-content\/uploads\/2025\/03\/Design-sans-titre-34.png\" \/>\n\t<meta property=\"og:image:width\" content=\"1080\" \/>\n\t<meta property=\"og:image:height\" content=\"1080\" \/>\n\t<meta property=\"og:image:type\" content=\"image\/png\" \/>\n<meta name=\"twitter:card\" content=\"summary_large_image\" \/>\n<meta name=\"twitter:label1\" content=\"Dur\u00e9e de lecture estim\u00e9e\" \/>\n\t<meta name=\"twitter:data1\" content=\"1 minute\" \/>\n<script type=\"application\/ld+json\" class=\"yoast-schema-graph\">{\"@context\":\"https:\/\/schema.org\",\"@graph\":[{\"@type\":\"WebPage\",\"@id\":\"https:\/\/somo-sam.com\/?product=jolly-big\",\"url\":\"https:\/\/somo-sam.com\/?product=jolly-big\",\"name\":\"JOLLY BIG - SOMO S.A.M\",\"isPartOf\":{\"@id\":\"http:\/\/somo-sam.com\/#website\"},\"primaryImageOfPage\":{\"@id\":\"https:\/\/somo-sam.com\/?product=jolly-big#primaryimage\"},\"image\":{\"@id\":\"https:\/\/somo-sam.com\/?product=jolly-big#primaryimage\"},\"thumbnailUrl\":\"https:\/\/somo-sam.com\/wp-content\/uploads\/2025\/03\/Design-sans-titre-34.png\",\"datePublished\":\"2025-03-28T11:04:03+00:00\",\"dateModified\":\"2025-03-28T11:04:04+00:00\",\"breadcrumb\":{\"@id\":\"https:\/\/somo-sam.com\/?product=jolly-big#breadcrumb\"},\"inLanguage\":\"fr-FR\",\"potentialAction\":[{\"@type\":\"ReadAction\",\"target\":[\"https:\/\/somo-sam.com\/?product=jolly-big\"]}]},{\"@type\":\"ImageObject\",\"inLanguage\":\"fr-FR\",\"@id\":\"https:\/\/somo-sam.com\/?product=jolly-big#primaryimage\",\"url\":\"https:\/\/somo-sam.com\/wp-content\/uploads\/2025\/03\/Design-sans-titre-34.png\",\"contentUrl\":\"https:\/\/somo-sam.com\/wp-content\/uploads\/2025\/03\/Design-sans-titre-34.png\",\"width\":1080,\"height\":1080},{\"@type\":\"BreadcrumbList\",\"@id\":\"https:\/\/somo-sam.com\/?product=jolly-big#breadcrumb\",\"itemListElement\":[{\"@type\":\"ListItem\",\"position\":1,\"name\":\"Accueil\",\"item\":\"http:\/\/somo-sam.com\/\"},{\"@type\":\"ListItem\",\"position\":2,\"name\":\"Shop\",\"item\":\"https:\/\/somo-sam.com\/?page_id=413\"},{\"@type\":\"ListItem\",\"position\":3,\"name\":\"JOLLY BIG\"}]},{\"@type\":\"WebSite\",\"@id\":\"http:\/\/somo-sam.com\/#website\",\"url\":\"http:\/\/somo-sam.com\/\",\"name\":\"SOMO S.A.M\",\"description\":\"Votre partenaire en \u00e9quipements h\u00f4teliers et de restauration\",\"potentialAction\":[{\"@type\":\"SearchAction\",\"target\":{\"@type\":\"EntryPoint\",\"urlTemplate\":\"http:\/\/somo-sam.com\/?s={search_term_string}\"},\"query-input\":{\"@type\":\"PropertyValueSpecification\",\"valueRequired\":true,\"valueName\":\"search_term_string\"}}],\"inLanguage\":\"fr-FR\"}]}<\/script>\n<!-- \/ Yoast SEO plugin. -->","yoast_head_json":{"title":"JOLLY BIG - SOMO S.A.M","robots":{"index":"index","follow":"follow","max-snippet":"max-snippet:-1","max-image-preview":"max-image-preview:large","max-video-preview":"max-video-preview:-1"},"canonical":"https:\/\/somo-sam.com\/?product=jolly-big","og_locale":"fr_FR","og_type":"article","og_title":"JOLLY BIG - SOMO S.A.M","og_description":"JOLLY BIG OP\u00c9RATEURS POUR RIDEAUX \u00c0 ENROULEMENT \u00c9QUILIBR\u00c9S AVEC RESSORTS","og_url":"https:\/\/somo-sam.com\/?product=jolly-big","og_site_name":"SOMO S.A.M","article_modified_time":"2025-03-28T11:04:04+00:00","og_image":[{"width":1080,"height":1080,"url":"https:\/\/somo-sam.com\/wp-content\/uploads\/2025\/03\/Design-sans-titre-34.png","type":"image\/png"}],"twitter_card":"summary_large_image","twitter_misc":{"Dur\u00e9e de lecture estim\u00e9e":"1 minute"},"schema":{"@context":"https:\/\/schema.org","@graph":[{"@type":"WebPage","@id":"https:\/\/somo-sam.com\/?product=jolly-big","url":"https:\/\/somo-sam.com\/?product=jolly-big","name":"JOLLY BIG - SOMO S.A.M","isPartOf":{"@id":"http:\/\/somo-sam.com\/#website"},"primaryImageOfPage":{"@id":"https:\/\/somo-sam.com\/?product=jolly-big#primaryimage"},"image":{"@id":"https:\/\/somo-sam.com\/?product=jolly-big#primaryimage"},"thumbnailUrl":"https:\/\/somo-sam.com\/wp-content\/uploads\/2025\/03\/Design-sans-titre-34.png","datePublished":"2025-03-28T11:04:03+00:00","dateModified":"2025-03-28T11:04:04+00:00","breadcrumb":{"@id":"https:\/\/somo-sam.com\/?product=jolly-big#breadcrumb"},"inLanguage":"fr-FR","potentialAction":[{"@type":"ReadAction","target":["https:\/\/somo-sam.com\/?product=jolly-big"]}]},{"@type":"ImageObject","inLanguage":"fr-FR","@id":"https:\/\/somo-sam.com\/?product=jolly-big#primaryimage","url":"https:\/\/somo-sam.com\/wp-content\/uploads\/2025\/03\/Design-sans-titre-34.png","contentUrl":"https:\/\/somo-sam.com\/wp-content\/uploads\/2025\/03\/Design-sans-titre-34.png","width":1080,"height":1080},{"@type":"BreadcrumbList","@id":"https:\/\/somo-sam.com\/?product=jolly-big#breadcrumb","itemListElement":[{"@type":"ListItem","position":1,"name":"Accueil","item":"http:\/\/somo-sam.com\/"},{"@type":"ListItem","position":2,"name":"Shop","item":"https:\/\/somo-sam.com\/?page_id=413"},{"@type":"ListItem","position":3,"name":"JOLLY BIG"}]},{"@type":"WebSite","@id":"http:\/\/somo-sam.com\/#website","url":"http:\/\/somo-sam.com\/","name":"SOMO S.A.M","description":"Votre partenaire en \u00e9quipements h\u00f4teliers et de restauration","potentialAction":[{"@type":"SearchAction","target":{"@type":"EntryPoint","urlTemplate":"http:\/\/somo-sam.com\/?s={search_term_string}"},"query-input":{"@type":"PropertyValueSpecification","valueRequired":true,"valueName":"search_term_string"}}],"inLanguage":"fr-FR"}]}},"_links":{"self":[{"href":"https:\/\/somo-sam.com\/index.php?rest_route=\/wp\/v2\/product\/31658","targetHints":{"allow":["GET"]}}],"collection":[{"href":"https:\/\/somo-sam.com\/index.php?rest_route=\/wp\/v2\/product"}],"about":[{"href":"https:\/\/somo-sam.com\/index.php?rest_route=\/wp\/v2\/types\/product"}],"version-history":[{"count":1,"href":"https:\/\/somo-sam.com\/index.php?rest_route=\/wp\/v2\/product\/31658\/revisions"}],"predecessor-version":[{"id":31679,"href":"https:\/\/somo-sam.com\/index.php?rest_route=\/wp\/v2\/product\/31658\/revisions\/31679"}],"wp:featuredmedia":[{"embeddable":true,"href":"https:\/\/somo-sam.com\/index.php?rest_route=\/wp\/v2\/media\/31669"}],"wp:attachment":[{"href":"https:\/\/somo-sam.com\/index.php?rest_route=%2Fwp%2Fv2%2Fmedia&parent=31658"}],"wp:term":[{"taxonomy":"product_brand","embeddable":true,"href":"https:\/\/somo-sam.com\/index.php?rest_route=%2Fwp%2Fv2%2Fproduct_brand&post=31658"},{"taxonomy":"product_cat","embeddable":true,"href":"https:\/\/somo-sam.com\/index.php?rest_route=%2Fwp%2Fv2%2Fproduct_cat&post=31658"},{"taxonomy":"product_tag","embeddable":true,"href":"https:\/\/somo-sam.com\/index.php?rest_route=%2Fwp%2Fv2%2Fproduct_tag&post=31658"}],"curies":[{"name":"wp","href":"https:\/\/api.w.org\/{rel}","templated":true}]}}