{"id":31680,"date":"2025-03-28T12:13:48","date_gmt":"2025-03-28T11:13:48","guid":{"rendered":"https:\/\/somo-sam.com\/?post_type=product&#038;p=31680"},"modified":"2026-03-06T15:58:04","modified_gmt":"2026-03-06T14:58:04","slug":"boss","status":"publish","type":"product","link":"https:\/\/somo-sam.com\/?product=boss","title":{"rendered":"BOSS"},"content":{"rendered":"<div class=\"elem\">\n<div class=\"item\">\n<ul>\n<li>Op\u00e9rateur irr\u00e9versible pour porte basculante \u00e0 \u00e9clairage \u00e0 led, au lieu de l&#8217;ampoule \u00e0 incandescence : c&#8217;est le premier au monde<\/li>\n<li>R\u00e9glage automatique du capteur d\u2019impact avec auto-programmation \u00e0 chaque cycle afin de pr\u00e9voir l\u2019augmentation des frottements dans le temps et inverser toujours la course en cas d\u2019impact durant la phase de ralentissement, conform\u00e9ment aux valeurs indiqu\u00e9es par la norme<\/li>\n<li>Conforme aux EN12453:2022 relativement aux impacts et permet de r\u00e9aliser une installation conforme aux EN13241, sans l\u2019usage de barres palpeuses de s\u00e9curit\u00e9, \u00e0 pivotement \u00e9quilibr\u00e9<\/li>\n<li>Touche de commande pas-\u00e0-pas (fonct. ouvre, stop, ferme, stop, \u2026) de s\u00e9rie sur le carter<\/li>\n<\/ul>\n<\/div>\n<\/div>\n<div class=\"elem\">\n<div class=\"item\">\n<ul>\n<li>Programmation rapide de la centrale et des t\u00e9l\u00e9commandes avec le Moteur install\u00e9 et \u00e9teint, en utilisant seulement la touche pr\u00e9sente sur le carter<\/li>\n<li>Tube tableau traversant le Moteur, pour une installation plus rapide, \u00e9conomique et sans soudure<\/li>\n<li>Les engrenages internes sont en acier C40, aluminium et bronze, aucun \u00e9l\u00e9ment en t\u00e9flon, nylon ou plastique. En outre, pour limiter les in\u00e9vitables jeux internes et avoir une \u00e9lasticit\u00e9 qui permette de prot\u00e9ger la m\u00e9canique des d\u00e9chirures, BOSS est pourvu d\u2019une courroie sp\u00e9ciale interne (brevet n\u00b0 0000267203) qui permet un mouvement extr\u00eamement silencieux, fluide et s\u00fbr.<\/li>\n<\/ul>\n<\/div>\n<\/div>\n","protected":false},"excerpt":{"rendered":"<h3>BOSS Operateur irreversible pour portes basculantes<\/h3>\n","protected":false},"featured_media":31683,"template":"","meta":{"_acf_changed":false,"_monsterinsights_skip_tracking":false,"_monsterinsights_sitenote_active":false,"_monsterinsights_sitenote_note":"","_monsterinsights_sitenote_category":0},"product_brand":[290],"product_cat":[134,296],"product_tag":[],"class_list":{"0":"post-31680","1":"product","2":"type-product","3":"status-publish","4":"has-post-thumbnail","6":"product_brand-rib","7":"product_cat-automatisme","8":"product_cat-portes-basculantes-et-sectionnelles","10":"first","11":"onbackorder","12":"taxable","13":"shipping-taxable","14":"purchasable","15":"product-type-variable","16":"add-to-wishlist-after_add_to_cart"},"acf":[],"yoast_head":"<!-- This site is optimized with the Yoast SEO plugin v23.6 - https:\/\/yoast.com\/wordpress\/plugins\/seo\/ -->\n<title>BOSS - SOMO S.A.M<\/title>\n<meta name=\"robots\" content=\"index, follow, max-snippet:-1, max-image-preview:large, max-video-preview:-1\" \/>\n<link rel=\"canonical\" href=\"https:\/\/somo-sam.com\/?product=boss\" \/>\n<meta property=\"og:locale\" content=\"fr_FR\" \/>\n<meta property=\"og:type\" content=\"article\" \/>\n<meta property=\"og:title\" content=\"BOSS - SOMO S.A.M\" \/>\n<meta property=\"og:description\" content=\"BOSS Operateur irreversible pour portes basculantes\" \/>\n<meta property=\"og:url\" content=\"https:\/\/somo-sam.com\/?product=boss\" \/>\n<meta property=\"og:site_name\" content=\"SOMO S.A.M\" \/>\n<meta property=\"article:modified_time\" content=\"2026-03-06T14:58:04+00:00\" \/>\n<meta property=\"og:image\" content=\"https:\/\/somo-sam.com\/wp-content\/uploads\/2025\/03\/Design-sans-titre-35.png\" \/>\n\t<meta property=\"og:image:width\" content=\"1080\" \/>\n\t<meta property=\"og:image:height\" content=\"1080\" \/>\n\t<meta property=\"og:image:type\" content=\"image\/png\" \/>\n<meta name=\"twitter:card\" content=\"summary_large_image\" \/>\n<meta name=\"twitter:label1\" content=\"Dur\u00e9e de lecture estim\u00e9e\" \/>\n\t<meta name=\"twitter:data1\" content=\"2 minutes\" \/>\n<script type=\"application\/ld+json\" class=\"yoast-schema-graph\">{\"@context\":\"https:\/\/schema.org\",\"@graph\":[{\"@type\":\"WebPage\",\"@id\":\"https:\/\/somo-sam.com\/?product=boss\",\"url\":\"https:\/\/somo-sam.com\/?product=boss\",\"name\":\"BOSS - SOMO S.A.M\",\"isPartOf\":{\"@id\":\"http:\/\/somo-sam.com\/#website\"},\"primaryImageOfPage\":{\"@id\":\"https:\/\/somo-sam.com\/?product=boss#primaryimage\"},\"image\":{\"@id\":\"https:\/\/somo-sam.com\/?product=boss#primaryimage\"},\"thumbnailUrl\":\"https:\/\/somo-sam.com\/wp-content\/uploads\/2025\/03\/Design-sans-titre-35.png\",\"datePublished\":\"2025-03-28T11:13:48+00:00\",\"dateModified\":\"2026-03-06T14:58:04+00:00\",\"breadcrumb\":{\"@id\":\"https:\/\/somo-sam.com\/?product=boss#breadcrumb\"},\"inLanguage\":\"fr-FR\",\"potentialAction\":[{\"@type\":\"ReadAction\",\"target\":[\"https:\/\/somo-sam.com\/?product=boss\"]}]},{\"@type\":\"ImageObject\",\"inLanguage\":\"fr-FR\",\"@id\":\"https:\/\/somo-sam.com\/?product=boss#primaryimage\",\"url\":\"https:\/\/somo-sam.com\/wp-content\/uploads\/2025\/03\/Design-sans-titre-35.png\",\"contentUrl\":\"https:\/\/somo-sam.com\/wp-content\/uploads\/2025\/03\/Design-sans-titre-35.png\",\"width\":1080,\"height\":1080},{\"@type\":\"BreadcrumbList\",\"@id\":\"https:\/\/somo-sam.com\/?product=boss#breadcrumb\",\"itemListElement\":[{\"@type\":\"ListItem\",\"position\":1,\"name\":\"Accueil\",\"item\":\"http:\/\/somo-sam.com\/\"},{\"@type\":\"ListItem\",\"position\":2,\"name\":\"Shop\",\"item\":\"https:\/\/somo-sam.com\/?page_id=413\"},{\"@type\":\"ListItem\",\"position\":3,\"name\":\"BOSS\"}]},{\"@type\":\"WebSite\",\"@id\":\"http:\/\/somo-sam.com\/#website\",\"url\":\"http:\/\/somo-sam.com\/\",\"name\":\"SOMO S.A.M\",\"description\":\"Votre partenaire en \u00e9quipements h\u00f4teliers et de restauration\",\"potentialAction\":[{\"@type\":\"SearchAction\",\"target\":{\"@type\":\"EntryPoint\",\"urlTemplate\":\"http:\/\/somo-sam.com\/?s={search_term_string}\"},\"query-input\":{\"@type\":\"PropertyValueSpecification\",\"valueRequired\":true,\"valueName\":\"search_term_string\"}}],\"inLanguage\":\"fr-FR\"}]}<\/script>\n<!-- \/ Yoast SEO plugin. -->","yoast_head_json":{"title":"BOSS - SOMO S.A.M","robots":{"index":"index","follow":"follow","max-snippet":"max-snippet:-1","max-image-preview":"max-image-preview:large","max-video-preview":"max-video-preview:-1"},"canonical":"https:\/\/somo-sam.com\/?product=boss","og_locale":"fr_FR","og_type":"article","og_title":"BOSS - SOMO S.A.M","og_description":"BOSS Operateur irreversible pour portes basculantes","og_url":"https:\/\/somo-sam.com\/?product=boss","og_site_name":"SOMO S.A.M","article_modified_time":"2026-03-06T14:58:04+00:00","og_image":[{"width":1080,"height":1080,"url":"https:\/\/somo-sam.com\/wp-content\/uploads\/2025\/03\/Design-sans-titre-35.png","type":"image\/png"}],"twitter_card":"summary_large_image","twitter_misc":{"Dur\u00e9e de lecture estim\u00e9e":"2 minutes"},"schema":{"@context":"https:\/\/schema.org","@graph":[{"@type":"WebPage","@id":"https:\/\/somo-sam.com\/?product=boss","url":"https:\/\/somo-sam.com\/?product=boss","name":"BOSS - SOMO S.A.M","isPartOf":{"@id":"http:\/\/somo-sam.com\/#website"},"primaryImageOfPage":{"@id":"https:\/\/somo-sam.com\/?product=boss#primaryimage"},"image":{"@id":"https:\/\/somo-sam.com\/?product=boss#primaryimage"},"thumbnailUrl":"https:\/\/somo-sam.com\/wp-content\/uploads\/2025\/03\/Design-sans-titre-35.png","datePublished":"2025-03-28T11:13:48+00:00","dateModified":"2026-03-06T14:58:04+00:00","breadcrumb":{"@id":"https:\/\/somo-sam.com\/?product=boss#breadcrumb"},"inLanguage":"fr-FR","potentialAction":[{"@type":"ReadAction","target":["https:\/\/somo-sam.com\/?product=boss"]}]},{"@type":"ImageObject","inLanguage":"fr-FR","@id":"https:\/\/somo-sam.com\/?product=boss#primaryimage","url":"https:\/\/somo-sam.com\/wp-content\/uploads\/2025\/03\/Design-sans-titre-35.png","contentUrl":"https:\/\/somo-sam.com\/wp-content\/uploads\/2025\/03\/Design-sans-titre-35.png","width":1080,"height":1080},{"@type":"BreadcrumbList","@id":"https:\/\/somo-sam.com\/?product=boss#breadcrumb","itemListElement":[{"@type":"ListItem","position":1,"name":"Accueil","item":"http:\/\/somo-sam.com\/"},{"@type":"ListItem","position":2,"name":"Shop","item":"https:\/\/somo-sam.com\/?page_id=413"},{"@type":"ListItem","position":3,"name":"BOSS"}]},{"@type":"WebSite","@id":"http:\/\/somo-sam.com\/#website","url":"http:\/\/somo-sam.com\/","name":"SOMO S.A.M","description":"Votre partenaire en \u00e9quipements h\u00f4teliers et de restauration","potentialAction":[{"@type":"SearchAction","target":{"@type":"EntryPoint","urlTemplate":"http:\/\/somo-sam.com\/?s={search_term_string}"},"query-input":{"@type":"PropertyValueSpecification","valueRequired":true,"valueName":"search_term_string"}}],"inLanguage":"fr-FR"}]}},"_links":{"self":[{"href":"https:\/\/somo-sam.com\/index.php?rest_route=\/wp\/v2\/product\/31680","targetHints":{"allow":["GET"]}}],"collection":[{"href":"https:\/\/somo-sam.com\/index.php?rest_route=\/wp\/v2\/product"}],"about":[{"href":"https:\/\/somo-sam.com\/index.php?rest_route=\/wp\/v2\/types\/product"}],"version-history":[{"count":3,"href":"https:\/\/somo-sam.com\/index.php?rest_route=\/wp\/v2\/product\/31680\/revisions"}],"predecessor-version":[{"id":32189,"href":"https:\/\/somo-sam.com\/index.php?rest_route=\/wp\/v2\/product\/31680\/revisions\/32189"}],"wp:featuredmedia":[{"embeddable":true,"href":"https:\/\/somo-sam.com\/index.php?rest_route=\/wp\/v2\/media\/31683"}],"wp:attachment":[{"href":"https:\/\/somo-sam.com\/index.php?rest_route=%2Fwp%2Fv2%2Fmedia&parent=31680"}],"wp:term":[{"taxonomy":"product_brand","embeddable":true,"href":"https:\/\/somo-sam.com\/index.php?rest_route=%2Fwp%2Fv2%2Fproduct_brand&post=31680"},{"taxonomy":"product_cat","embeddable":true,"href":"https:\/\/somo-sam.com\/index.php?rest_route=%2Fwp%2Fv2%2Fproduct_cat&post=31680"},{"taxonomy":"product_tag","embeddable":true,"href":"https:\/\/somo-sam.com\/index.php?rest_route=%2Fwp%2Fv2%2Fproduct_tag&post=31680"}],"curies":[{"name":"wp","href":"https:\/\/api.w.org\/{rel}","templated":true}]}}