{"id":31702,"date":"2025-03-28T12:42:08","date_gmt":"2025-03-28T11:42:08","guid":{"rendered":"https:\/\/somo-sam.com\/?post_type=product&#038;p=31702"},"modified":"2026-03-06T11:56:25","modified_gmt":"2026-03-06T10:56:25","slug":"premier-big","status":"publish","type":"product","link":"https:\/\/somo-sam.com\/?product=premier-big","title":{"rendered":"PREMIER BIG"},"content":{"rendered":"<div class=\"elem\">\n<div class=\"item\">\n<div>\n<ul>\n<li>PREMIER BIG est un op\u00e9rateur \u00e9lectrom\u00e9canique irr\u00e9versible con\u00e7u pour d\u00e9placer les portes pliantes \u00e0 deux vantaux.<\/li>\n<\/ul>\n<\/div>\n<\/div>\n<\/div>\n<div class=\"elem\">\n<div class=\"item\">\n<ul>\n<li>R\u00c9GLAGES \u00c9LECTRONIQUES SIMPLES ET RAPIDES &#8211; B2-CRX outre \u00e0 avoir une programmation simple, il est dot\u00e9 d\u2019une ouverture pi\u00e9tons, r\u00e9glage du ralentissement en ouverture et fermeture, r\u00e9cepteur radio 433MHz nt\u00e9gr\u00e9, et Autotest des photocellules en conformit\u00e9 avec la norme EN12453:2022.<\/li>\n<li>D\u00c9BLOCAGE FACILIT\u00c9 &#8211; En cas de panne de courant, le d\u00e9verrouillage de PREMIER BIB est simple et rapide avec le d\u00e9blocage appropri\u00e9 ou avec l&#8217;un des coffres-forts en option. Il suffit de le faire pivoter pour rendre le moteur compl\u00e8tement r\u00e9versible et permettre le mouvement manuel de la porte.\n<ul>\n<li><em><strong>ACCESSOIRES<\/strong><\/em> :<\/li>\n<li>ABB2050 : Tableau (pour 1 ou 2 PREMIER BIG) avec r\u00e9glage de puissance et r\u00e9cepteur radio 433MHz. Avec conteneur IP55<\/li>\n<li>ACG8570 : Jeux de fins de cours \u00e9lectriques<\/li>\n<li>ACG8574 : Levier t\u00e9lescopique 1005+1011<\/li>\n<li>ACG8572 : Levier coulissant 600+550<\/li>\n<li>ACG8573 : D\u00e9blocage de d\u00e9gagement avec c\u00e2ble ACG8022<\/li>\n<li>ACG8022 : C\u00e2ble pour d\u00e9blocage depuis l&#8217;ext\u00e9rieur \u00e0 raccorder au coffre-fort ACJ9071 et ACJ9078<\/li>\n<li>ACJ9078 : Stone &#8211; Coffre-fort encastrable pour c\u00e2ble ACG8022 avec touche ouvre\/ferme, bouton de d\u00e9blocage, cl\u00e9 tubulaire et protection IP 54<\/li>\n<li>ACJ9071 : Flat &#8211; Coffre-fort mural pour c\u00e2ble ACG8022 avec touche ouvre\/ferme, bouton de d\u00e9blocage, cl\u00e9 tubulaire et protection IP54<\/li>\n<\/ul>\n<\/li>\n<\/ul>\n<\/div>\n<\/div>\n","protected":false},"excerpt":{"rendered":"<h3>PREMIER BIG Op\u00e9rateur pour deux portes pliantes jusqu&#8217;\u00e0 4 m de long et pesant jusqu&#8217;\u00e0 600 kg<\/h3>\n","protected":false},"featured_media":31705,"template":"","meta":{"_acf_changed":false,"_monsterinsights_skip_tracking":false,"_monsterinsights_sitenote_active":false,"_monsterinsights_sitenote_note":"","_monsterinsights_sitenote_category":0},"product_brand":[290],"product_cat":[134,297],"product_tag":[],"class_list":{"0":"post-31702","1":"product","2":"type-product","3":"status-publish","4":"has-post-thumbnail","6":"product_brand-rib","7":"product_cat-automatisme","8":"product_cat-portes-pliantes","10":"first","11":"onbackorder","12":"taxable","13":"shipping-taxable","14":"purchasable","15":"product-type-variable","16":"add-to-wishlist-after_add_to_cart"},"acf":[],"yoast_head":"<!-- This site is optimized with the Yoast SEO plugin v23.6 - https:\/\/yoast.com\/wordpress\/plugins\/seo\/ -->\n<title>PREMIER BIG - SOMO S.A.M<\/title>\n<meta name=\"robots\" content=\"index, follow, max-snippet:-1, max-image-preview:large, max-video-preview:-1\" \/>\n<link rel=\"canonical\" href=\"https:\/\/somo-sam.com\/?product=premier-big\" \/>\n<meta property=\"og:locale\" content=\"fr_FR\" \/>\n<meta property=\"og:type\" content=\"article\" \/>\n<meta property=\"og:title\" content=\"PREMIER BIG - SOMO S.A.M\" \/>\n<meta property=\"og:description\" content=\"PREMIER BIG Op\u00e9rateur pour deux portes pliantes jusqu&#039;\u00e0 4 m de long et pesant jusqu&#039;\u00e0 600 kg\" \/>\n<meta property=\"og:url\" content=\"https:\/\/somo-sam.com\/?product=premier-big\" \/>\n<meta property=\"og:site_name\" content=\"SOMO S.A.M\" \/>\n<meta property=\"article:modified_time\" content=\"2026-03-06T10:56:25+00:00\" \/>\n<meta property=\"og:image\" content=\"https:\/\/somo-sam.com\/wp-content\/uploads\/2025\/03\/Design-sans-titre-2-11.png\" \/>\n\t<meta property=\"og:image:width\" content=\"1080\" \/>\n\t<meta property=\"og:image:height\" content=\"1080\" \/>\n\t<meta property=\"og:image:type\" content=\"image\/png\" \/>\n<meta name=\"twitter:card\" content=\"summary_large_image\" \/>\n<meta name=\"twitter:label1\" content=\"Dur\u00e9e de lecture estim\u00e9e\" \/>\n\t<meta name=\"twitter:data1\" content=\"2 minutes\" \/>\n<script type=\"application\/ld+json\" class=\"yoast-schema-graph\">{\"@context\":\"https:\/\/schema.org\",\"@graph\":[{\"@type\":\"WebPage\",\"@id\":\"https:\/\/somo-sam.com\/?product=premier-big\",\"url\":\"https:\/\/somo-sam.com\/?product=premier-big\",\"name\":\"PREMIER BIG - SOMO S.A.M\",\"isPartOf\":{\"@id\":\"http:\/\/somo-sam.com\/#website\"},\"primaryImageOfPage\":{\"@id\":\"https:\/\/somo-sam.com\/?product=premier-big#primaryimage\"},\"image\":{\"@id\":\"https:\/\/somo-sam.com\/?product=premier-big#primaryimage\"},\"thumbnailUrl\":\"https:\/\/somo-sam.com\/wp-content\/uploads\/2025\/03\/Design-sans-titre-2-11.png\",\"datePublished\":\"2025-03-28T11:42:08+00:00\",\"dateModified\":\"2026-03-06T10:56:25+00:00\",\"breadcrumb\":{\"@id\":\"https:\/\/somo-sam.com\/?product=premier-big#breadcrumb\"},\"inLanguage\":\"fr-FR\",\"potentialAction\":[{\"@type\":\"ReadAction\",\"target\":[\"https:\/\/somo-sam.com\/?product=premier-big\"]}]},{\"@type\":\"ImageObject\",\"inLanguage\":\"fr-FR\",\"@id\":\"https:\/\/somo-sam.com\/?product=premier-big#primaryimage\",\"url\":\"https:\/\/somo-sam.com\/wp-content\/uploads\/2025\/03\/Design-sans-titre-2-11.png\",\"contentUrl\":\"https:\/\/somo-sam.com\/wp-content\/uploads\/2025\/03\/Design-sans-titre-2-11.png\",\"width\":1080,\"height\":1080},{\"@type\":\"BreadcrumbList\",\"@id\":\"https:\/\/somo-sam.com\/?product=premier-big#breadcrumb\",\"itemListElement\":[{\"@type\":\"ListItem\",\"position\":1,\"name\":\"Accueil\",\"item\":\"http:\/\/somo-sam.com\/\"},{\"@type\":\"ListItem\",\"position\":2,\"name\":\"Shop\",\"item\":\"https:\/\/somo-sam.com\/?page_id=413\"},{\"@type\":\"ListItem\",\"position\":3,\"name\":\"PREMIER BIG\"}]},{\"@type\":\"WebSite\",\"@id\":\"http:\/\/somo-sam.com\/#website\",\"url\":\"http:\/\/somo-sam.com\/\",\"name\":\"SOMO S.A.M\",\"description\":\"Votre partenaire en \u00e9quipements h\u00f4teliers et de restauration\",\"potentialAction\":[{\"@type\":\"SearchAction\",\"target\":{\"@type\":\"EntryPoint\",\"urlTemplate\":\"http:\/\/somo-sam.com\/?s={search_term_string}\"},\"query-input\":{\"@type\":\"PropertyValueSpecification\",\"valueRequired\":true,\"valueName\":\"search_term_string\"}}],\"inLanguage\":\"fr-FR\"}]}<\/script>\n<!-- \/ Yoast SEO plugin. -->","yoast_head_json":{"title":"PREMIER BIG - SOMO S.A.M","robots":{"index":"index","follow":"follow","max-snippet":"max-snippet:-1","max-image-preview":"max-image-preview:large","max-video-preview":"max-video-preview:-1"},"canonical":"https:\/\/somo-sam.com\/?product=premier-big","og_locale":"fr_FR","og_type":"article","og_title":"PREMIER BIG - SOMO S.A.M","og_description":"PREMIER BIG Op\u00e9rateur pour deux portes pliantes jusqu'\u00e0 4 m de long et pesant jusqu'\u00e0 600 kg","og_url":"https:\/\/somo-sam.com\/?product=premier-big","og_site_name":"SOMO S.A.M","article_modified_time":"2026-03-06T10:56:25+00:00","og_image":[{"width":1080,"height":1080,"url":"https:\/\/somo-sam.com\/wp-content\/uploads\/2025\/03\/Design-sans-titre-2-11.png","type":"image\/png"}],"twitter_card":"summary_large_image","twitter_misc":{"Dur\u00e9e de lecture estim\u00e9e":"2 minutes"},"schema":{"@context":"https:\/\/schema.org","@graph":[{"@type":"WebPage","@id":"https:\/\/somo-sam.com\/?product=premier-big","url":"https:\/\/somo-sam.com\/?product=premier-big","name":"PREMIER BIG - SOMO S.A.M","isPartOf":{"@id":"http:\/\/somo-sam.com\/#website"},"primaryImageOfPage":{"@id":"https:\/\/somo-sam.com\/?product=premier-big#primaryimage"},"image":{"@id":"https:\/\/somo-sam.com\/?product=premier-big#primaryimage"},"thumbnailUrl":"https:\/\/somo-sam.com\/wp-content\/uploads\/2025\/03\/Design-sans-titre-2-11.png","datePublished":"2025-03-28T11:42:08+00:00","dateModified":"2026-03-06T10:56:25+00:00","breadcrumb":{"@id":"https:\/\/somo-sam.com\/?product=premier-big#breadcrumb"},"inLanguage":"fr-FR","potentialAction":[{"@type":"ReadAction","target":["https:\/\/somo-sam.com\/?product=premier-big"]}]},{"@type":"ImageObject","inLanguage":"fr-FR","@id":"https:\/\/somo-sam.com\/?product=premier-big#primaryimage","url":"https:\/\/somo-sam.com\/wp-content\/uploads\/2025\/03\/Design-sans-titre-2-11.png","contentUrl":"https:\/\/somo-sam.com\/wp-content\/uploads\/2025\/03\/Design-sans-titre-2-11.png","width":1080,"height":1080},{"@type":"BreadcrumbList","@id":"https:\/\/somo-sam.com\/?product=premier-big#breadcrumb","itemListElement":[{"@type":"ListItem","position":1,"name":"Accueil","item":"http:\/\/somo-sam.com\/"},{"@type":"ListItem","position":2,"name":"Shop","item":"https:\/\/somo-sam.com\/?page_id=413"},{"@type":"ListItem","position":3,"name":"PREMIER BIG"}]},{"@type":"WebSite","@id":"http:\/\/somo-sam.com\/#website","url":"http:\/\/somo-sam.com\/","name":"SOMO S.A.M","description":"Votre partenaire en \u00e9quipements h\u00f4teliers et de restauration","potentialAction":[{"@type":"SearchAction","target":{"@type":"EntryPoint","urlTemplate":"http:\/\/somo-sam.com\/?s={search_term_string}"},"query-input":{"@type":"PropertyValueSpecification","valueRequired":true,"valueName":"search_term_string"}}],"inLanguage":"fr-FR"}]}},"_links":{"self":[{"href":"https:\/\/somo-sam.com\/index.php?rest_route=\/wp\/v2\/product\/31702","targetHints":{"allow":["GET"]}}],"collection":[{"href":"https:\/\/somo-sam.com\/index.php?rest_route=\/wp\/v2\/product"}],"about":[{"href":"https:\/\/somo-sam.com\/index.php?rest_route=\/wp\/v2\/types\/product"}],"version-history":[{"count":4,"href":"https:\/\/somo-sam.com\/index.php?rest_route=\/wp\/v2\/product\/31702\/revisions"}],"predecessor-version":[{"id":32184,"href":"https:\/\/somo-sam.com\/index.php?rest_route=\/wp\/v2\/product\/31702\/revisions\/32184"}],"wp:featuredmedia":[{"embeddable":true,"href":"https:\/\/somo-sam.com\/index.php?rest_route=\/wp\/v2\/media\/31705"}],"wp:attachment":[{"href":"https:\/\/somo-sam.com\/index.php?rest_route=%2Fwp%2Fv2%2Fmedia&parent=31702"}],"wp:term":[{"taxonomy":"product_brand","embeddable":true,"href":"https:\/\/somo-sam.com\/index.php?rest_route=%2Fwp%2Fv2%2Fproduct_brand&post=31702"},{"taxonomy":"product_cat","embeddable":true,"href":"https:\/\/somo-sam.com\/index.php?rest_route=%2Fwp%2Fv2%2Fproduct_cat&post=31702"},{"taxonomy":"product_tag","embeddable":true,"href":"https:\/\/somo-sam.com\/index.php?rest_route=%2Fwp%2Fv2%2Fproduct_tag&post=31702"}],"curies":[{"name":"wp","href":"https:\/\/api.w.org\/{rel}","templated":true}]}}