{"id":31720,"date":"2025-03-28T15:38:37","date_gmt":"2025-03-28T14:38:37","guid":{"rendered":"https:\/\/somo-sam.com\/?post_type=product&#038;p=31720"},"modified":"2026-03-03T17:39:08","modified_gmt":"2026-03-03T16:39:08","slug":"up-2-0","status":"publish","type":"product","link":"https:\/\/somo-sam.com\/?product=up-2-0","title":{"rendered":"UP 2.0"},"content":{"rendered":"<div class=\"elem\">\n<ul>\n<li>Elle permet une installation conforme aux nouvelles normes EN16005 et une remarquable \u00e9conomie d\u2019\u00e9nergie pour l\u2019utilisateur en stand-by (seulement 3W) et durant le fonctionnement.<\/li>\n<li>Elle est dot\u00e9e de centrale \u00e9lectronique \u00e0 la programmation facile et rapide.<\/li>\n<li>La pr\u00e9sence de l\u2019encodeur en outre, permet de d\u00e9tecter avec pr\u00e9cision la position du vantail et la pr\u00e9sence d\u2019obstacles.<\/li>\n<li>UP 2.0 peut d\u00e9placer une porte qui s\u2019ouvre vers la droite et vers la gauche, \u00e0 l\u2019int\u00e9rieur et \u00e0 l\u2019ext\u00e9rieur.<\/li>\n<\/ul>\n<\/div>\n<div class=\"elem\">\n<ul>\n<li><strong>CARACT\u00c9RISTIQUES TECHNIQUES :<\/strong><br \/>\nModularit\u00e9 et compacit\u00e9. Un syst\u00e8me \u201ceasy-to-install\u201d qui rend l\u2019installation plus coulissante.<\/li>\n<li>Caract\u00e9ristiques techniques qui permettent une utilisation plus intuitive et performante.<\/li>\n<li>Vis de blocage anti-desserrage.<\/li>\n<li>R\u00e9versibilit\u00e9 de l\u2019unit\u00e9 de renvoi et du motor\u00e9ducuteur.<\/li>\n<li>Borniers de raccordement de simple acc\u00e8s.<\/li>\n<li>Leds visibles pour la diagnose des s\u00e9curit\u00e9s et des commandes d\u2019ouverture.<\/li>\n<li>Alimentation avec technologie switching full-range 100\u00f7240V 50\/60 Hz.<\/li>\n<li>Basse consommation : Seulement 3W en stand-by !<\/li>\n<li>Auto-apprentissage des param\u00e8tres g\u00e9n\u00e9raux de tarage et fonctionnement.<\/li>\n<li>Chargeur de batterie int\u00e9gr\u00e9.<\/li>\n<li>Gestion synchronis\u00e9e de l\u2019\u00e9lectrobloc \u00e0 faible absorption.<\/li>\n<li>Encodeur de positionnement et d\u00e9tection des obstacles.<\/li>\n<li>Il permet la r\u00e9alisation d\u2019un syst\u00e8me conforme \u00e0 la norme EN16005 en combinaison avec des accessoires de s\u00e9curit\u00e9 certifi\u00e9s EN13849-1 PL&#8221;c&#8221;CAT 2 et EN12978.<\/li>\n<\/ul>\n<\/div>\n","protected":false},"excerpt":{"rendered":"<p>UP 2.0 PORTE AUTOMATIQUE \u00c0 BATTANT<\/p>\n","protected":false},"featured_media":31725,"template":"","meta":{"_acf_changed":false,"_monsterinsights_skip_tracking":false,"_monsterinsights_sitenote_active":false,"_monsterinsights_sitenote_note":"","_monsterinsights_sitenote_category":0},"product_brand":[290],"product_cat":[134,295],"product_tag":[],"class_list":{"0":"post-31720","1":"product","2":"type-product","3":"status-publish","4":"has-post-thumbnail","6":"product_brand-rib","7":"product_cat-automatisme","8":"product_cat-portails-a-battant","10":"first","11":"onbackorder","12":"taxable","13":"shipping-taxable","14":"purchasable","15":"product-type-variable","16":"add-to-wishlist-after_add_to_cart"},"acf":[],"yoast_head":"<!-- This site is optimized with the Yoast SEO plugin v23.6 - https:\/\/yoast.com\/wordpress\/plugins\/seo\/ -->\n<title>UP 2.0 - SOMO S.A.M<\/title>\n<meta name=\"robots\" content=\"index, follow, max-snippet:-1, max-image-preview:large, max-video-preview:-1\" \/>\n<link rel=\"canonical\" href=\"https:\/\/somo-sam.com\/?product=up-2-0\" \/>\n<meta property=\"og:locale\" content=\"fr_FR\" \/>\n<meta property=\"og:type\" content=\"article\" \/>\n<meta property=\"og:title\" content=\"UP 2.0 - SOMO S.A.M\" \/>\n<meta property=\"og:description\" content=\"UP 2.0 PORTE AUTOMATIQUE \u00c0 BATTANT\" \/>\n<meta property=\"og:url\" content=\"https:\/\/somo-sam.com\/?product=up-2-0\" \/>\n<meta property=\"og:site_name\" content=\"SOMO S.A.M\" \/>\n<meta property=\"article:modified_time\" content=\"2026-03-03T16:39:08+00:00\" \/>\n<meta property=\"og:image\" content=\"https:\/\/somo-sam.com\/wp-content\/uploads\/2025\/03\/Design-sans-titre-37.png\" \/>\n\t<meta property=\"og:image:width\" content=\"1080\" \/>\n\t<meta property=\"og:image:height\" content=\"1080\" \/>\n\t<meta property=\"og:image:type\" content=\"image\/png\" \/>\n<meta name=\"twitter:card\" content=\"summary_large_image\" \/>\n<meta name=\"twitter:label1\" content=\"Dur\u00e9e de lecture estim\u00e9e\" \/>\n\t<meta name=\"twitter:data1\" content=\"2 minutes\" \/>\n<script type=\"application\/ld+json\" class=\"yoast-schema-graph\">{\"@context\":\"https:\/\/schema.org\",\"@graph\":[{\"@type\":\"WebPage\",\"@id\":\"https:\/\/somo-sam.com\/?product=up-2-0\",\"url\":\"https:\/\/somo-sam.com\/?product=up-2-0\",\"name\":\"UP 2.0 - SOMO S.A.M\",\"isPartOf\":{\"@id\":\"http:\/\/somo-sam.com\/#website\"},\"primaryImageOfPage\":{\"@id\":\"https:\/\/somo-sam.com\/?product=up-2-0#primaryimage\"},\"image\":{\"@id\":\"https:\/\/somo-sam.com\/?product=up-2-0#primaryimage\"},\"thumbnailUrl\":\"https:\/\/somo-sam.com\/wp-content\/uploads\/2025\/03\/Design-sans-titre-37.png\",\"datePublished\":\"2025-03-28T14:38:37+00:00\",\"dateModified\":\"2026-03-03T16:39:08+00:00\",\"breadcrumb\":{\"@id\":\"https:\/\/somo-sam.com\/?product=up-2-0#breadcrumb\"},\"inLanguage\":\"fr-FR\",\"potentialAction\":[{\"@type\":\"ReadAction\",\"target\":[\"https:\/\/somo-sam.com\/?product=up-2-0\"]}]},{\"@type\":\"ImageObject\",\"inLanguage\":\"fr-FR\",\"@id\":\"https:\/\/somo-sam.com\/?product=up-2-0#primaryimage\",\"url\":\"https:\/\/somo-sam.com\/wp-content\/uploads\/2025\/03\/Design-sans-titre-37.png\",\"contentUrl\":\"https:\/\/somo-sam.com\/wp-content\/uploads\/2025\/03\/Design-sans-titre-37.png\",\"width\":1080,\"height\":1080},{\"@type\":\"BreadcrumbList\",\"@id\":\"https:\/\/somo-sam.com\/?product=up-2-0#breadcrumb\",\"itemListElement\":[{\"@type\":\"ListItem\",\"position\":1,\"name\":\"Accueil\",\"item\":\"http:\/\/somo-sam.com\/\"},{\"@type\":\"ListItem\",\"position\":2,\"name\":\"Shop\",\"item\":\"https:\/\/somo-sam.com\/?page_id=413\"},{\"@type\":\"ListItem\",\"position\":3,\"name\":\"UP 2.0\"}]},{\"@type\":\"WebSite\",\"@id\":\"http:\/\/somo-sam.com\/#website\",\"url\":\"http:\/\/somo-sam.com\/\",\"name\":\"SOMO S.A.M\",\"description\":\"Votre partenaire en \u00e9quipements h\u00f4teliers et de restauration\",\"potentialAction\":[{\"@type\":\"SearchAction\",\"target\":{\"@type\":\"EntryPoint\",\"urlTemplate\":\"http:\/\/somo-sam.com\/?s={search_term_string}\"},\"query-input\":{\"@type\":\"PropertyValueSpecification\",\"valueRequired\":true,\"valueName\":\"search_term_string\"}}],\"inLanguage\":\"fr-FR\"}]}<\/script>\n<!-- \/ Yoast SEO plugin. -->","yoast_head_json":{"title":"UP 2.0 - SOMO S.A.M","robots":{"index":"index","follow":"follow","max-snippet":"max-snippet:-1","max-image-preview":"max-image-preview:large","max-video-preview":"max-video-preview:-1"},"canonical":"https:\/\/somo-sam.com\/?product=up-2-0","og_locale":"fr_FR","og_type":"article","og_title":"UP 2.0 - SOMO S.A.M","og_description":"UP 2.0 PORTE AUTOMATIQUE \u00c0 BATTANT","og_url":"https:\/\/somo-sam.com\/?product=up-2-0","og_site_name":"SOMO S.A.M","article_modified_time":"2026-03-03T16:39:08+00:00","og_image":[{"width":1080,"height":1080,"url":"https:\/\/somo-sam.com\/wp-content\/uploads\/2025\/03\/Design-sans-titre-37.png","type":"image\/png"}],"twitter_card":"summary_large_image","twitter_misc":{"Dur\u00e9e de lecture estim\u00e9e":"2 minutes"},"schema":{"@context":"https:\/\/schema.org","@graph":[{"@type":"WebPage","@id":"https:\/\/somo-sam.com\/?product=up-2-0","url":"https:\/\/somo-sam.com\/?product=up-2-0","name":"UP 2.0 - SOMO S.A.M","isPartOf":{"@id":"http:\/\/somo-sam.com\/#website"},"primaryImageOfPage":{"@id":"https:\/\/somo-sam.com\/?product=up-2-0#primaryimage"},"image":{"@id":"https:\/\/somo-sam.com\/?product=up-2-0#primaryimage"},"thumbnailUrl":"https:\/\/somo-sam.com\/wp-content\/uploads\/2025\/03\/Design-sans-titre-37.png","datePublished":"2025-03-28T14:38:37+00:00","dateModified":"2026-03-03T16:39:08+00:00","breadcrumb":{"@id":"https:\/\/somo-sam.com\/?product=up-2-0#breadcrumb"},"inLanguage":"fr-FR","potentialAction":[{"@type":"ReadAction","target":["https:\/\/somo-sam.com\/?product=up-2-0"]}]},{"@type":"ImageObject","inLanguage":"fr-FR","@id":"https:\/\/somo-sam.com\/?product=up-2-0#primaryimage","url":"https:\/\/somo-sam.com\/wp-content\/uploads\/2025\/03\/Design-sans-titre-37.png","contentUrl":"https:\/\/somo-sam.com\/wp-content\/uploads\/2025\/03\/Design-sans-titre-37.png","width":1080,"height":1080},{"@type":"BreadcrumbList","@id":"https:\/\/somo-sam.com\/?product=up-2-0#breadcrumb","itemListElement":[{"@type":"ListItem","position":1,"name":"Accueil","item":"http:\/\/somo-sam.com\/"},{"@type":"ListItem","position":2,"name":"Shop","item":"https:\/\/somo-sam.com\/?page_id=413"},{"@type":"ListItem","position":3,"name":"UP 2.0"}]},{"@type":"WebSite","@id":"http:\/\/somo-sam.com\/#website","url":"http:\/\/somo-sam.com\/","name":"SOMO S.A.M","description":"Votre partenaire en \u00e9quipements h\u00f4teliers et de restauration","potentialAction":[{"@type":"SearchAction","target":{"@type":"EntryPoint","urlTemplate":"http:\/\/somo-sam.com\/?s={search_term_string}"},"query-input":{"@type":"PropertyValueSpecification","valueRequired":true,"valueName":"search_term_string"}}],"inLanguage":"fr-FR"}]}},"_links":{"self":[{"href":"https:\/\/somo-sam.com\/index.php?rest_route=\/wp\/v2\/product\/31720","targetHints":{"allow":["GET"]}}],"collection":[{"href":"https:\/\/somo-sam.com\/index.php?rest_route=\/wp\/v2\/product"}],"about":[{"href":"https:\/\/somo-sam.com\/index.php?rest_route=\/wp\/v2\/types\/product"}],"version-history":[{"count":3,"href":"https:\/\/somo-sam.com\/index.php?rest_route=\/wp\/v2\/product\/31720\/revisions"}],"predecessor-version":[{"id":32178,"href":"https:\/\/somo-sam.com\/index.php?rest_route=\/wp\/v2\/product\/31720\/revisions\/32178"}],"wp:featuredmedia":[{"embeddable":true,"href":"https:\/\/somo-sam.com\/index.php?rest_route=\/wp\/v2\/media\/31725"}],"wp:attachment":[{"href":"https:\/\/somo-sam.com\/index.php?rest_route=%2Fwp%2Fv2%2Fmedia&parent=31720"}],"wp:term":[{"taxonomy":"product_brand","embeddable":true,"href":"https:\/\/somo-sam.com\/index.php?rest_route=%2Fwp%2Fv2%2Fproduct_brand&post=31720"},{"taxonomy":"product_cat","embeddable":true,"href":"https:\/\/somo-sam.com\/index.php?rest_route=%2Fwp%2Fv2%2Fproduct_cat&post=31720"},{"taxonomy":"product_tag","embeddable":true,"href":"https:\/\/somo-sam.com\/index.php?rest_route=%2Fwp%2Fv2%2Fproduct_tag&post=31720"}],"curies":[{"name":"wp","href":"https:\/\/api.w.org\/{rel}","templated":true}]}}