{"id":31742,"date":"2025-03-28T15:53:35","date_gmt":"2025-03-28T14:53:35","guid":{"rendered":"https:\/\/somo-sam.com\/?post_type=product&#038;p=31742"},"modified":"2026-02-27T15:22:16","modified_gmt":"2026-02-27T14:22:16","slug":"tower","status":"publish","type":"product","link":"https:\/\/somo-sam.com\/?product=tower","title":{"rendered":"TOWER"},"content":{"rendered":"<div class=\"elem\">\n<div class=\"item\">\n<div>\n<ul>\n<li>TOWER 10 est le nouveau motor\u00e9ducteur irr\u00e9versible 24 Vcc avec centrale et radio r\u00e9cepteur incorpor\u00e9s, capable d\u2019actionner des portes sectionnelles et basculantes.<\/li>\n<li>TOWER 10 est pour portes qui n\u00e9cessitent une force pouss\u00e9e\/traction jusqu\u2019\u00e0 1.200 N.<\/li>\n<li>TOWER 10 est dot\u00e9 d&#8217;un dispositif de d\u00e9tection d&#8217;obstacles et d&#8217;une lumi\u00e8re de courtoisie \u00e0 LED.<\/li>\n<li>Diverses versions de rail de conduite en acier zinqu\u00e9 sont pr\u00e9vues pour actionner des portes d\u2019une hauteur jusqu\u2019\u00e0 3,5 m.<\/li>\n<li>Le rail de guidage \u00e0 courroie permet une installation plus rapide et un coulissement silencieux et est dot\u00e9e d\u2019un dispositif de d\u00e9blocage rapide et intuitif.<\/li>\n<li>Il est possible de d\u00e9verrouiller l\u2019op\u00e9rateur de l\u2019ext\u00e9rieur gr\u00e2ce aux accessoires ACG8231 et ACZ9018.<\/li>\n<li>30 codes de t\u00e9l\u00e9commande peuvent \u00eatre enregistr\u00e9s. Par exemple, 15 codes pour la commande du moteur et 15 codes pour la commande de l&#8217;\u00e9clairage de courtoisie.<\/li>\n<\/ul>\n<\/div>\n<\/div>\n<\/div>\n<div class=\"elem\">\n<div class=\"item\">\n<div><\/div>\n<\/div>\n<\/div>\n","protected":false},"excerpt":{"rendered":"<h3>OP\u00c9RATEUR IRR\u00c9VERSIBLE POUR<br \/>\nPORTES SECTIONNELLES ET BASCULANTES<\/h3>\n","protected":false},"featured_media":31743,"template":"","meta":{"_acf_changed":false,"_monsterinsights_skip_tracking":false,"_monsterinsights_sitenote_active":false,"_monsterinsights_sitenote_note":"","_monsterinsights_sitenote_category":0},"product_brand":[],"product_cat":[134,296],"product_tag":[],"class_list":{"0":"post-31742","1":"product","2":"type-product","3":"status-publish","4":"has-post-thumbnail","6":"product_cat-automatisme","7":"product_cat-portes-basculantes-et-sectionnelles","9":"first","10":"onbackorder","11":"taxable","12":"shipping-taxable","13":"purchasable","14":"product-type-simple","15":"add-to-wishlist-after_add_to_cart"},"acf":[],"yoast_head":"<!-- This site is optimized with the Yoast SEO plugin v23.6 - https:\/\/yoast.com\/wordpress\/plugins\/seo\/ -->\n<title>TOWER - SOMO S.A.M<\/title>\n<meta name=\"robots\" content=\"index, follow, max-snippet:-1, max-image-preview:large, max-video-preview:-1\" \/>\n<link rel=\"canonical\" href=\"https:\/\/somo-sam.com\/?product=tower\" \/>\n<meta property=\"og:locale\" content=\"fr_FR\" \/>\n<meta property=\"og:type\" content=\"article\" \/>\n<meta property=\"og:title\" content=\"TOWER - SOMO S.A.M\" \/>\n<meta property=\"og:description\" content=\"OP\u00c9RATEUR IRR\u00c9VERSIBLE POUR PORTES SECTIONNELLES ET BASCULANTES\" \/>\n<meta property=\"og:url\" content=\"https:\/\/somo-sam.com\/?product=tower\" \/>\n<meta property=\"og:site_name\" content=\"SOMO S.A.M\" \/>\n<meta property=\"article:modified_time\" content=\"2026-02-27T14:22:16+00:00\" \/>\n<meta property=\"og:image\" content=\"https:\/\/somo-sam.com\/wp-content\/uploads\/2025\/03\/Design-sans-titre-1-24.png\" \/>\n\t<meta property=\"og:image:width\" content=\"1080\" \/>\n\t<meta property=\"og:image:height\" content=\"1080\" \/>\n\t<meta property=\"og:image:type\" content=\"image\/png\" \/>\n<meta name=\"twitter:card\" content=\"summary_large_image\" \/>\n<meta name=\"twitter:label1\" content=\"Dur\u00e9e de lecture estim\u00e9e\" \/>\n\t<meta name=\"twitter:data1\" content=\"1 minute\" \/>\n<script type=\"application\/ld+json\" class=\"yoast-schema-graph\">{\"@context\":\"https:\/\/schema.org\",\"@graph\":[{\"@type\":\"WebPage\",\"@id\":\"https:\/\/somo-sam.com\/?product=tower\",\"url\":\"https:\/\/somo-sam.com\/?product=tower\",\"name\":\"TOWER - SOMO S.A.M\",\"isPartOf\":{\"@id\":\"http:\/\/somo-sam.com\/#website\"},\"primaryImageOfPage\":{\"@id\":\"https:\/\/somo-sam.com\/?product=tower#primaryimage\"},\"image\":{\"@id\":\"https:\/\/somo-sam.com\/?product=tower#primaryimage\"},\"thumbnailUrl\":\"https:\/\/somo-sam.com\/wp-content\/uploads\/2025\/03\/Design-sans-titre-1-24.png\",\"datePublished\":\"2025-03-28T14:53:35+00:00\",\"dateModified\":\"2026-02-27T14:22:16+00:00\",\"breadcrumb\":{\"@id\":\"https:\/\/somo-sam.com\/?product=tower#breadcrumb\"},\"inLanguage\":\"fr-FR\",\"potentialAction\":[{\"@type\":\"ReadAction\",\"target\":[\"https:\/\/somo-sam.com\/?product=tower\"]}]},{\"@type\":\"ImageObject\",\"inLanguage\":\"fr-FR\",\"@id\":\"https:\/\/somo-sam.com\/?product=tower#primaryimage\",\"url\":\"https:\/\/somo-sam.com\/wp-content\/uploads\/2025\/03\/Design-sans-titre-1-24.png\",\"contentUrl\":\"https:\/\/somo-sam.com\/wp-content\/uploads\/2025\/03\/Design-sans-titre-1-24.png\",\"width\":1080,\"height\":1080},{\"@type\":\"BreadcrumbList\",\"@id\":\"https:\/\/somo-sam.com\/?product=tower#breadcrumb\",\"itemListElement\":[{\"@type\":\"ListItem\",\"position\":1,\"name\":\"Accueil\",\"item\":\"http:\/\/somo-sam.com\/\"},{\"@type\":\"ListItem\",\"position\":2,\"name\":\"Shop\",\"item\":\"https:\/\/somo-sam.com\/?page_id=413\"},{\"@type\":\"ListItem\",\"position\":3,\"name\":\"TOWER\"}]},{\"@type\":\"WebSite\",\"@id\":\"http:\/\/somo-sam.com\/#website\",\"url\":\"http:\/\/somo-sam.com\/\",\"name\":\"SOMO S.A.M\",\"description\":\"Votre partenaire en \u00e9quipements h\u00f4teliers et de restauration\",\"potentialAction\":[{\"@type\":\"SearchAction\",\"target\":{\"@type\":\"EntryPoint\",\"urlTemplate\":\"http:\/\/somo-sam.com\/?s={search_term_string}\"},\"query-input\":{\"@type\":\"PropertyValueSpecification\",\"valueRequired\":true,\"valueName\":\"search_term_string\"}}],\"inLanguage\":\"fr-FR\"}]}<\/script>\n<!-- \/ Yoast SEO plugin. -->","yoast_head_json":{"title":"TOWER - SOMO S.A.M","robots":{"index":"index","follow":"follow","max-snippet":"max-snippet:-1","max-image-preview":"max-image-preview:large","max-video-preview":"max-video-preview:-1"},"canonical":"https:\/\/somo-sam.com\/?product=tower","og_locale":"fr_FR","og_type":"article","og_title":"TOWER - SOMO S.A.M","og_description":"OP\u00c9RATEUR IRR\u00c9VERSIBLE POUR PORTES SECTIONNELLES ET BASCULANTES","og_url":"https:\/\/somo-sam.com\/?product=tower","og_site_name":"SOMO S.A.M","article_modified_time":"2026-02-27T14:22:16+00:00","og_image":[{"width":1080,"height":1080,"url":"https:\/\/somo-sam.com\/wp-content\/uploads\/2025\/03\/Design-sans-titre-1-24.png","type":"image\/png"}],"twitter_card":"summary_large_image","twitter_misc":{"Dur\u00e9e de lecture estim\u00e9e":"1 minute"},"schema":{"@context":"https:\/\/schema.org","@graph":[{"@type":"WebPage","@id":"https:\/\/somo-sam.com\/?product=tower","url":"https:\/\/somo-sam.com\/?product=tower","name":"TOWER - SOMO S.A.M","isPartOf":{"@id":"http:\/\/somo-sam.com\/#website"},"primaryImageOfPage":{"@id":"https:\/\/somo-sam.com\/?product=tower#primaryimage"},"image":{"@id":"https:\/\/somo-sam.com\/?product=tower#primaryimage"},"thumbnailUrl":"https:\/\/somo-sam.com\/wp-content\/uploads\/2025\/03\/Design-sans-titre-1-24.png","datePublished":"2025-03-28T14:53:35+00:00","dateModified":"2026-02-27T14:22:16+00:00","breadcrumb":{"@id":"https:\/\/somo-sam.com\/?product=tower#breadcrumb"},"inLanguage":"fr-FR","potentialAction":[{"@type":"ReadAction","target":["https:\/\/somo-sam.com\/?product=tower"]}]},{"@type":"ImageObject","inLanguage":"fr-FR","@id":"https:\/\/somo-sam.com\/?product=tower#primaryimage","url":"https:\/\/somo-sam.com\/wp-content\/uploads\/2025\/03\/Design-sans-titre-1-24.png","contentUrl":"https:\/\/somo-sam.com\/wp-content\/uploads\/2025\/03\/Design-sans-titre-1-24.png","width":1080,"height":1080},{"@type":"BreadcrumbList","@id":"https:\/\/somo-sam.com\/?product=tower#breadcrumb","itemListElement":[{"@type":"ListItem","position":1,"name":"Accueil","item":"http:\/\/somo-sam.com\/"},{"@type":"ListItem","position":2,"name":"Shop","item":"https:\/\/somo-sam.com\/?page_id=413"},{"@type":"ListItem","position":3,"name":"TOWER"}]},{"@type":"WebSite","@id":"http:\/\/somo-sam.com\/#website","url":"http:\/\/somo-sam.com\/","name":"SOMO S.A.M","description":"Votre partenaire en \u00e9quipements h\u00f4teliers et de restauration","potentialAction":[{"@type":"SearchAction","target":{"@type":"EntryPoint","urlTemplate":"http:\/\/somo-sam.com\/?s={search_term_string}"},"query-input":{"@type":"PropertyValueSpecification","valueRequired":true,"valueName":"search_term_string"}}],"inLanguage":"fr-FR"}]}},"_links":{"self":[{"href":"https:\/\/somo-sam.com\/index.php?rest_route=\/wp\/v2\/product\/31742","targetHints":{"allow":["GET"]}}],"collection":[{"href":"https:\/\/somo-sam.com\/index.php?rest_route=\/wp\/v2\/product"}],"about":[{"href":"https:\/\/somo-sam.com\/index.php?rest_route=\/wp\/v2\/types\/product"}],"version-history":[{"count":3,"href":"https:\/\/somo-sam.com\/index.php?rest_route=\/wp\/v2\/product\/31742\/revisions"}],"predecessor-version":[{"id":32157,"href":"https:\/\/somo-sam.com\/index.php?rest_route=\/wp\/v2\/product\/31742\/revisions\/32157"}],"wp:featuredmedia":[{"embeddable":true,"href":"https:\/\/somo-sam.com\/index.php?rest_route=\/wp\/v2\/media\/31743"}],"wp:attachment":[{"href":"https:\/\/somo-sam.com\/index.php?rest_route=%2Fwp%2Fv2%2Fmedia&parent=31742"}],"wp:term":[{"taxonomy":"product_brand","embeddable":true,"href":"https:\/\/somo-sam.com\/index.php?rest_route=%2Fwp%2Fv2%2Fproduct_brand&post=31742"},{"taxonomy":"product_cat","embeddable":true,"href":"https:\/\/somo-sam.com\/index.php?rest_route=%2Fwp%2Fv2%2Fproduct_cat&post=31742"},{"taxonomy":"product_tag","embeddable":true,"href":"https:\/\/somo-sam.com\/index.php?rest_route=%2Fwp%2Fv2%2Fproduct_tag&post=31742"}],"curies":[{"name":"wp","href":"https:\/\/api.w.org\/{rel}","templated":true}]}}