{"id":334,"date":"2021-08-27T11:42:20","date_gmt":"2021-08-27T11:42:20","guid":{"rendered":"http:\/\/dummy.xtemos.com\/woodmart2\/elementor\/?post_type=product&#038;p=334"},"modified":"2025-02-25T14:54:54","modified_gmt":"2025-02-25T13:54:54","slug":"swiss-light-5400-fold-away","status":"publish","type":"product","link":"https:\/\/somo-sam.com\/?product=swiss-light-5400-fold-away","title":{"rendered":"SWISS LIGHT 5400 FOLD AWAY"},"content":{"rendered":"<p data-start=\"294\" data-end=\"457\">B\u00e9n\u00e9ficiez d\u2019une performance de haut niveau avec un design compact et un poids minimal, offrant une exp\u00e9rience d\u2019utilisation simple et agr\u00e9able, o\u00f9 que vous soyez.<\/p>\n<p data-start=\"459\" data-end=\"493\"><strong data-start=\"459\" data-end=\"493\">Caract\u00e9ristiques principales :<\/strong><\/p>\n<ul data-start=\"494\" data-end=\"963\">\n<li data-start=\"494\" data-end=\"536\">Poign\u00e9e pliante pour un rangement facile<\/li>\n<li data-start=\"537\" data-end=\"604\">G\u00e9n\u00e9rateur d&#8217;ions pour des cheveux plus lisses et moins statiques<\/li>\n<li data-start=\"605\" data-end=\"654\">Moteur DC puissant pour une performance durable<\/li>\n<li data-start=\"655\" data-end=\"708\">S\u00e9curit\u00e9 thermique pour une utilisation sans risque<\/li>\n<li data-start=\"709\" data-end=\"770\">\u00c9l\u00e9ment chauffant \u00e0 onde Security pour une chaleur uniforme<\/li>\n<li data-start=\"771\" data-end=\"843\">6 combinaisons de temp\u00e9rature et d\u00e9bit d&#8217;air pour un ajustement pr\u00e9cis<\/li>\n<li data-start=\"844\" data-end=\"898\">Bouton de refroidissement pour une finition parfaite<\/li>\n<li data-start=\"899\" data-end=\"963\">C\u00e2ble Super-Flex de 2 m pour une libert\u00e9 de mouvement optimale<\/li>\n<\/ul>\n<p data-start=\"965\" data-end=\"994\"><strong data-start=\"965\" data-end=\"994\">Contenu de la livraison :<\/strong><\/p>\n<ul data-start=\"995\" data-end=\"1113\">\n<li data-start=\"995\" data-end=\"1049\">Embout concentrateur ultra-fin pour un s\u00e9chage cibl\u00e9<\/li>\n<li data-start=\"1050\" data-end=\"1113\">Grille d&#8217;entr\u00e9e d&#8217;air avec charni\u00e8re pour un entretien facile<\/li>\n<\/ul>\n<p data-start=\"1115\" data-end=\"1139\"><strong data-start=\"1115\" data-end=\"1139\">Donn\u00e9es techniques :<\/strong><\/p>\n<ul data-start=\"1140\" data-end=\"1189\">\n<li data-start=\"1140\" data-end=\"1160\">Puissance : 2000 W<\/li>\n<li data-start=\"1161\" data-end=\"1189\">Poids : 390 g (sans c\u00e2ble)<\/li>\n<\/ul>\n<p data-start=\"1191\" data-end=\"1296\" data-is-last-node=\"\" data-is-only-node=\"\">Ce s\u00e8che-cheveux combine l\u00e9g\u00e8ret\u00e9, performance et commodit\u00e9 pour une exp\u00e9rience professionnelle optimale.<\/p>\n","protected":false},"excerpt":{"rendered":"<h1 class=\"product_title entry-title\">VA SL5400 T \/ Swiss Light Fold away<\/h1>\n<div class=\"woocommerce-product-details__short-description\">\n<p>Ce s\u00e8che-cheveux, fabriqu\u00e9 en Suisse, est tr\u00e8s puissant gr\u00e2ce \u00e0 son moteur professionnel. Il est \u00e9galement<b>\u00a0tr\u00e8s l\u00e9ger<\/b>\u00a0et\u00a0<b>silencieux<\/b>\u00a0ce qui facilite et am\u00e9liore son utilisation.<\/p>\n<ul>\n<li>Fabriqu\u00e9 en Suisse, synonyme de robustesse, qualit\u00e9 et pr\u00e9cision<\/li>\n<li>Moteur professionnel DC<\/li>\n<li>Poign\u00e9e pliante<\/li>\n<li>Puissance : 2000w<\/li>\n<li>Smart Airflow Technology alliant puissance et r\u00e9duction du bruit<\/li>\n<li>Fonction ionic<\/li>\n<li>Syst\u00e8me anti-n\u0153uds : le Rotocord<\/li>\n<li>Super l\u00e9ger : 390g<\/li>\n<li>6 combinaisons de temp\u00e9rature\/ventilation<\/li>\n<\/ul>\n<\/div>\n","protected":false},"featured_media":29156,"template":"","meta":{"_acf_changed":false,"_monsterinsights_skip_tracking":false,"_monsterinsights_sitenote_active":false,"_monsterinsights_sitenote_note":"","_monsterinsights_sitenote_category":0},"product_brand":[],"product_cat":[252,247,66,125],"product_tag":[],"class_list":{"0":"post-334","1":"product","2":"type-product","3":"status-publish","4":"has-post-thumbnail","6":"product_cat-hotellerie","7":"product_cat-salle-de-bains","8":"product_cat-seche-cheveux","9":"product_cat-seche-cheveux-pistolets","11":"first","12":"instock","13":"downloadable","14":"taxable","15":"shipping-taxable","16":"purchasable","17":"product-type-simple","18":"add-to-wishlist-after_add_to_cart"},"acf":[],"yoast_head":"<!-- This site is optimized with the Yoast SEO plugin v23.6 - https:\/\/yoast.com\/wordpress\/plugins\/seo\/ -->\n<title>SWISS LIGHT 5400 FOLD AWAY - SOMO S.A.M<\/title>\n<meta name=\"description\" content=\"B\u00e9n\u00e9ficiez d\u2019une performance de haut niveau avec un design compact et un poids minimal, offrant une exp\u00e9rience d\u2019utilisation simple et agr\u00e9able.\" \/>\n<meta name=\"robots\" content=\"index, follow, max-snippet:-1, max-image-preview:large, max-video-preview:-1\" \/>\n<link rel=\"canonical\" href=\"https:\/\/somo-sam.com\/?product=swiss-light-5400-fold-away\" \/>\n<meta property=\"og:locale\" content=\"fr_FR\" \/>\n<meta property=\"og:type\" content=\"article\" \/>\n<meta property=\"og:title\" content=\"SWISS LIGHT 5400 FOLD AWAY - SOMO S.A.M\" \/>\n<meta property=\"og:description\" content=\"B\u00e9n\u00e9ficiez d\u2019une performance de haut niveau avec un design compact et un poids minimal, offrant une exp\u00e9rience d\u2019utilisation simple et agr\u00e9able.\" \/>\n<meta property=\"og:url\" content=\"https:\/\/somo-sam.com\/?product=swiss-light-5400-fold-away\" \/>\n<meta property=\"og:site_name\" content=\"SOMO S.A.M\" \/>\n<meta property=\"article:modified_time\" content=\"2025-02-25T13:54:54+00:00\" \/>\n<meta property=\"og:image\" content=\"https:\/\/somo-sam.com\/wp-content\/uploads\/2021\/08\/SWISS-LIGHT-5400-FOLD-AWAY-2.png\" \/>\n\t<meta property=\"og:image:width\" content=\"1080\" \/>\n\t<meta property=\"og:image:height\" content=\"1080\" \/>\n\t<meta property=\"og:image:type\" content=\"image\/png\" \/>\n<meta name=\"twitter:card\" content=\"summary_large_image\" \/>\n<meta name=\"twitter:label1\" content=\"Dur\u00e9e de lecture estim\u00e9e\" \/>\n\t<meta name=\"twitter:data1\" content=\"1 minute\" \/>\n<script type=\"application\/ld+json\" class=\"yoast-schema-graph\">{\"@context\":\"https:\/\/schema.org\",\"@graph\":[{\"@type\":\"WebPage\",\"@id\":\"https:\/\/somo-sam.com\/?product=swiss-light-5400-fold-away\",\"url\":\"https:\/\/somo-sam.com\/?product=swiss-light-5400-fold-away\",\"name\":\"SWISS LIGHT 5400 FOLD AWAY - SOMO S.A.M\",\"isPartOf\":{\"@id\":\"http:\/\/somo-sam.com\/#website\"},\"primaryImageOfPage\":{\"@id\":\"https:\/\/somo-sam.com\/?product=swiss-light-5400-fold-away#primaryimage\"},\"image\":{\"@id\":\"https:\/\/somo-sam.com\/?product=swiss-light-5400-fold-away#primaryimage\"},\"thumbnailUrl\":\"https:\/\/somo-sam.com\/wp-content\/uploads\/2021\/08\/SWISS-LIGHT-5400-FOLD-AWAY-2.png\",\"datePublished\":\"2021-08-27T11:42:20+00:00\",\"dateModified\":\"2025-02-25T13:54:54+00:00\",\"description\":\"B\u00e9n\u00e9ficiez d\u2019une performance de haut niveau avec un design compact et un poids minimal, offrant une exp\u00e9rience d\u2019utilisation simple et agr\u00e9able.\",\"breadcrumb\":{\"@id\":\"https:\/\/somo-sam.com\/?product=swiss-light-5400-fold-away#breadcrumb\"},\"inLanguage\":\"fr-FR\",\"potentialAction\":[{\"@type\":\"ReadAction\",\"target\":[\"https:\/\/somo-sam.com\/?product=swiss-light-5400-fold-away\"]}]},{\"@type\":\"ImageObject\",\"inLanguage\":\"fr-FR\",\"@id\":\"https:\/\/somo-sam.com\/?product=swiss-light-5400-fold-away#primaryimage\",\"url\":\"https:\/\/somo-sam.com\/wp-content\/uploads\/2021\/08\/SWISS-LIGHT-5400-FOLD-AWAY-2.png\",\"contentUrl\":\"https:\/\/somo-sam.com\/wp-content\/uploads\/2021\/08\/SWISS-LIGHT-5400-FOLD-AWAY-2.png\",\"width\":1080,\"height\":1080},{\"@type\":\"BreadcrumbList\",\"@id\":\"https:\/\/somo-sam.com\/?product=swiss-light-5400-fold-away#breadcrumb\",\"itemListElement\":[{\"@type\":\"ListItem\",\"position\":1,\"name\":\"Accueil\",\"item\":\"http:\/\/somo-sam.com\/\"},{\"@type\":\"ListItem\",\"position\":2,\"name\":\"Shop\",\"item\":\"https:\/\/somo-sam.com\/?page_id=413\"},{\"@type\":\"ListItem\",\"position\":3,\"name\":\"SWISS LIGHT 5400 FOLD AWAY\"}]},{\"@type\":\"WebSite\",\"@id\":\"http:\/\/somo-sam.com\/#website\",\"url\":\"http:\/\/somo-sam.com\/\",\"name\":\"SOMO S.A.M\",\"description\":\"Votre partenaire en \u00e9quipements h\u00f4teliers et de restauration\",\"potentialAction\":[{\"@type\":\"SearchAction\",\"target\":{\"@type\":\"EntryPoint\",\"urlTemplate\":\"http:\/\/somo-sam.com\/?s={search_term_string}\"},\"query-input\":{\"@type\":\"PropertyValueSpecification\",\"valueRequired\":true,\"valueName\":\"search_term_string\"}}],\"inLanguage\":\"fr-FR\"}]}<\/script>\n<!-- \/ Yoast SEO plugin. -->","yoast_head_json":{"title":"SWISS LIGHT 5400 FOLD AWAY - SOMO S.A.M","description":"B\u00e9n\u00e9ficiez d\u2019une performance de haut niveau avec un design compact et un poids minimal, offrant une exp\u00e9rience d\u2019utilisation simple et agr\u00e9able.","robots":{"index":"index","follow":"follow","max-snippet":"max-snippet:-1","max-image-preview":"max-image-preview:large","max-video-preview":"max-video-preview:-1"},"canonical":"https:\/\/somo-sam.com\/?product=swiss-light-5400-fold-away","og_locale":"fr_FR","og_type":"article","og_title":"SWISS LIGHT 5400 FOLD AWAY - SOMO S.A.M","og_description":"B\u00e9n\u00e9ficiez d\u2019une performance de haut niveau avec un design compact et un poids minimal, offrant une exp\u00e9rience d\u2019utilisation simple et agr\u00e9able.","og_url":"https:\/\/somo-sam.com\/?product=swiss-light-5400-fold-away","og_site_name":"SOMO S.A.M","article_modified_time":"2025-02-25T13:54:54+00:00","og_image":[{"width":1080,"height":1080,"url":"https:\/\/somo-sam.com\/wp-content\/uploads\/2021\/08\/SWISS-LIGHT-5400-FOLD-AWAY-2.png","type":"image\/png"}],"twitter_card":"summary_large_image","twitter_misc":{"Dur\u00e9e de lecture estim\u00e9e":"1 minute"},"schema":{"@context":"https:\/\/schema.org","@graph":[{"@type":"WebPage","@id":"https:\/\/somo-sam.com\/?product=swiss-light-5400-fold-away","url":"https:\/\/somo-sam.com\/?product=swiss-light-5400-fold-away","name":"SWISS LIGHT 5400 FOLD AWAY - SOMO S.A.M","isPartOf":{"@id":"http:\/\/somo-sam.com\/#website"},"primaryImageOfPage":{"@id":"https:\/\/somo-sam.com\/?product=swiss-light-5400-fold-away#primaryimage"},"image":{"@id":"https:\/\/somo-sam.com\/?product=swiss-light-5400-fold-away#primaryimage"},"thumbnailUrl":"https:\/\/somo-sam.com\/wp-content\/uploads\/2021\/08\/SWISS-LIGHT-5400-FOLD-AWAY-2.png","datePublished":"2021-08-27T11:42:20+00:00","dateModified":"2025-02-25T13:54:54+00:00","description":"B\u00e9n\u00e9ficiez d\u2019une performance de haut niveau avec un design compact et un poids minimal, offrant une exp\u00e9rience d\u2019utilisation simple et agr\u00e9able.","breadcrumb":{"@id":"https:\/\/somo-sam.com\/?product=swiss-light-5400-fold-away#breadcrumb"},"inLanguage":"fr-FR","potentialAction":[{"@type":"ReadAction","target":["https:\/\/somo-sam.com\/?product=swiss-light-5400-fold-away"]}]},{"@type":"ImageObject","inLanguage":"fr-FR","@id":"https:\/\/somo-sam.com\/?product=swiss-light-5400-fold-away#primaryimage","url":"https:\/\/somo-sam.com\/wp-content\/uploads\/2021\/08\/SWISS-LIGHT-5400-FOLD-AWAY-2.png","contentUrl":"https:\/\/somo-sam.com\/wp-content\/uploads\/2021\/08\/SWISS-LIGHT-5400-FOLD-AWAY-2.png","width":1080,"height":1080},{"@type":"BreadcrumbList","@id":"https:\/\/somo-sam.com\/?product=swiss-light-5400-fold-away#breadcrumb","itemListElement":[{"@type":"ListItem","position":1,"name":"Accueil","item":"http:\/\/somo-sam.com\/"},{"@type":"ListItem","position":2,"name":"Shop","item":"https:\/\/somo-sam.com\/?page_id=413"},{"@type":"ListItem","position":3,"name":"SWISS LIGHT 5400 FOLD AWAY"}]},{"@type":"WebSite","@id":"http:\/\/somo-sam.com\/#website","url":"http:\/\/somo-sam.com\/","name":"SOMO S.A.M","description":"Votre partenaire en \u00e9quipements h\u00f4teliers et de restauration","potentialAction":[{"@type":"SearchAction","target":{"@type":"EntryPoint","urlTemplate":"http:\/\/somo-sam.com\/?s={search_term_string}"},"query-input":{"@type":"PropertyValueSpecification","valueRequired":true,"valueName":"search_term_string"}}],"inLanguage":"fr-FR"}]}},"_links":{"self":[{"href":"https:\/\/somo-sam.com\/index.php?rest_route=\/wp\/v2\/product\/334","targetHints":{"allow":["GET"]}}],"collection":[{"href":"https:\/\/somo-sam.com\/index.php?rest_route=\/wp\/v2\/product"}],"about":[{"href":"https:\/\/somo-sam.com\/index.php?rest_route=\/wp\/v2\/types\/product"}],"version-history":[{"count":4,"href":"https:\/\/somo-sam.com\/index.php?rest_route=\/wp\/v2\/product\/334\/revisions"}],"predecessor-version":[{"id":29162,"href":"https:\/\/somo-sam.com\/index.php?rest_route=\/wp\/v2\/product\/334\/revisions\/29162"}],"wp:featuredmedia":[{"embeddable":true,"href":"https:\/\/somo-sam.com\/index.php?rest_route=\/wp\/v2\/media\/29156"}],"wp:attachment":[{"href":"https:\/\/somo-sam.com\/index.php?rest_route=%2Fwp%2Fv2%2Fmedia&parent=334"}],"wp:term":[{"taxonomy":"product_brand","embeddable":true,"href":"https:\/\/somo-sam.com\/index.php?rest_route=%2Fwp%2Fv2%2Fproduct_brand&post=334"},{"taxonomy":"product_cat","embeddable":true,"href":"https:\/\/somo-sam.com\/index.php?rest_route=%2Fwp%2Fv2%2Fproduct_cat&post=334"},{"taxonomy":"product_tag","embeddable":true,"href":"https:\/\/somo-sam.com\/index.php?rest_route=%2Fwp%2Fv2%2Fproduct_tag&post=334"}],"curies":[{"name":"wp","href":"https:\/\/api.w.org\/{rel}","templated":true}]}}