{"id":743,"date":"2019-01-16T13:01:55","date_gmt":"2019-01-16T13:01:55","guid":{"rendered":"https:\/\/woocommercecore.mystagingwebsite.com\/product\/beanie-with-logo\/"},"modified":"2025-01-23T16:00:40","modified_gmt":"2025-01-23T15:00:40","slug":"decor-chair","status":"publish","type":"product","link":"https:\/\/somo-sam.com\/?product=decor-chair","title":{"rendered":"Valera ePower 2010 black"},"content":{"rendered":"","protected":false},"excerpt":{"rendered":"<div class=\"flex max-w-full flex-col flex-grow\">\n<div class=\"min-h-8 text-message flex w-full flex-col items-end gap-2 whitespace-normal break-words text-start [.text-message+&amp;]:mt-5\" dir=\"auto\" data-message-author-role=\"assistant\" data-message-id=\"d58023e9-7d85-44e9-8bc6-f45478f85396\" data-message-model-slug=\"gpt-4o\">\n<div class=\"flex w-full flex-col gap-1 empty:hidden first:pt-[3px]\">\n<div class=\"markdown prose w-full break-words dark:prose-invert light\">\n<p>Le mod\u00e8le compact offre des performances durables et une long\u00e9vit\u00e9 accrue gr\u00e2ce \u00e0 un capteur intelligent. Son flux d&#8217;air ionis\u00e9 prend soin des cheveux tout en r\u00e9duisant la charge bact\u00e9rienne.<\/p>\n<h3>Caract\u00e9ristiques principales :<\/h3>\n<ul>\n<li><strong>eQ &#8211; Contr\u00f4leur d&#8217;air<\/strong><\/li>\n<li><strong>Sanify &#8211; Syst\u00e8me de d\u00e9sinfection<\/strong><\/li>\n<li><strong>Stabilisateur adaptatif de la pression d&#8217;air<\/strong><\/li>\n<li><strong>G\u00e9n\u00e9rateur d&#8217;ions<\/strong><\/li>\n<li><strong>6 combinaisons de r\u00e9glages temp\u00e9rature\/flux d&#8217;air<\/strong><\/li>\n<li><strong>Touche air froid<\/strong><\/li>\n<li><strong>Filtre m\u00e9tallique amovible<\/strong><\/li>\n<\/ul>\n<h3>Contenu de la livraison :<\/h3>\n<ul>\n<li>2 buses d&#8217;ondulation extra-fines (6 cm et 7,5 cm)<\/li>\n<li>C\u00e2ble Super-Flex de 3 m avec Rotocord<\/li>\n<li>Diffuseur et sac de rangement inclus<\/li>\n<\/ul>\n<h3>Donn\u00e9es techniques :<\/h3>\n<ul>\n<li><strong>Puissance :<\/strong> 2000 W<\/li>\n<li><strong>D\u00e9bit d&#8217;air :<\/strong> 93 m\u00b3\/h<\/li>\n<li><strong>Volume sonore :<\/strong> 69 dB(A)<\/li>\n<li><strong>Poids :<\/strong> 445 g (sans c\u00e2ble)<\/li>\n<\/ul>\n<\/div>\n<\/div>\n<\/div>\n<\/div>\n<div class=\"mb-2 flex gap-3 empty:hidden -ml-2\">\n<div class=\"items-center justify-start rounded-xl p-1 flex\"><\/div>\n<\/div>\n","protected":false},"featured_media":16601,"template":"","meta":{"_acf_changed":false,"_monsterinsights_skip_tracking":false,"_monsterinsights_sitenote_active":false,"_monsterinsights_sitenote_note":"","_monsterinsights_sitenote_category":0},"product_brand":[],"product_cat":[128],"product_tag":[],"class_list":{"0":"post-743","1":"product","2":"type-product","3":"status-publish","4":"has-post-thumbnail","6":"product_cat-valera-epower","8":"first","9":"instock","10":"taxable","11":"shipping-taxable","12":"purchasable","13":"product-type-simple","14":"add-to-wishlist-after_add_to_cart"},"acf":[],"yoast_head":"<!-- This site is optimized with the Yoast SEO plugin v23.6 - https:\/\/yoast.com\/wordpress\/plugins\/seo\/ -->\n<title>Valera ePower 2010 black - SOMO S.A.M<\/title>\n<meta name=\"robots\" content=\"index, follow, max-snippet:-1, max-image-preview:large, max-video-preview:-1\" \/>\n<link rel=\"canonical\" href=\"https:\/\/somo-sam.com\/?product=decor-chair\" \/>\n<meta property=\"og:locale\" content=\"fr_FR\" \/>\n<meta property=\"og:type\" content=\"article\" \/>\n<meta property=\"og:title\" content=\"Valera ePower 2010 black - SOMO S.A.M\" \/>\n<meta property=\"og:description\" content=\"Le mod\u00e8le compact offre des performances durables et une long\u00e9vit\u00e9 accrue gr\u00e2ce \u00e0 un capteur intelligent. Son flux d&#039;air ionis\u00e9 prend soin des cheveux tout en r\u00e9duisant la charge bact\u00e9rienne. Caract\u00e9ristiques principales :   eQ - Contr\u00f4leur d&#039;air  Sanify - Syst\u00e8me de d\u00e9sinfection  Stabilisateur adaptatif de la pression d&#039;air  G\u00e9n\u00e9rateur d&#039;ions  6 combinaisons de r\u00e9glages temp\u00e9rature\/flux d&#039;air  Touche air froid  Filtre m\u00e9tallique amovible  Contenu de la livraison :   2 buses d&#039;ondulation extra-fines (6 cm et 7,5 cm)  C\u00e2ble Super-Flex de 3 m avec Rotocord  Diffuseur et sac de rangement inclus  Donn\u00e9es techniques :   Puissance : 2000 W  D\u00e9bit d&#039;air : 93 m\u00b3\/h  Volume sonore : 69 dB(A)  Poids : 445 g (sans c\u00e2ble)\" \/>\n<meta property=\"og:url\" content=\"https:\/\/somo-sam.com\/?product=decor-chair\" \/>\n<meta property=\"og:site_name\" content=\"SOMO S.A.M\" \/>\n<meta property=\"article:modified_time\" content=\"2025-01-23T15:00:40+00:00\" \/>\n<meta property=\"og:image\" content=\"https:\/\/somo-sam.com\/wp-content\/uploads\/2019\/01\/epower.png\" \/>\n\t<meta property=\"og:image:width\" content=\"1080\" \/>\n\t<meta property=\"og:image:height\" content=\"1080\" \/>\n\t<meta property=\"og:image:type\" content=\"image\/png\" \/>\n<meta name=\"twitter:card\" content=\"summary_large_image\" \/>\n<meta name=\"twitter:label1\" content=\"Dur\u00e9e de lecture estim\u00e9e\" \/>\n\t<meta name=\"twitter:data1\" content=\"1 minute\" \/>\n<script type=\"application\/ld+json\" class=\"yoast-schema-graph\">{\"@context\":\"https:\/\/schema.org\",\"@graph\":[{\"@type\":\"WebPage\",\"@id\":\"https:\/\/somo-sam.com\/?product=decor-chair\",\"url\":\"https:\/\/somo-sam.com\/?product=decor-chair\",\"name\":\"Valera ePower 2010 black - SOMO S.A.M\",\"isPartOf\":{\"@id\":\"https:\/\/somo-sam.com\/#website\"},\"primaryImageOfPage\":{\"@id\":\"https:\/\/somo-sam.com\/?product=decor-chair#primaryimage\"},\"image\":{\"@id\":\"https:\/\/somo-sam.com\/?product=decor-chair#primaryimage\"},\"thumbnailUrl\":\"https:\/\/somo-sam.com\/wp-content\/uploads\/2019\/01\/epower.png\",\"datePublished\":\"2019-01-16T13:01:55+00:00\",\"dateModified\":\"2025-01-23T15:00:40+00:00\",\"breadcrumb\":{\"@id\":\"https:\/\/somo-sam.com\/?product=decor-chair#breadcrumb\"},\"inLanguage\":\"fr-FR\",\"potentialAction\":[{\"@type\":\"ReadAction\",\"target\":[\"https:\/\/somo-sam.com\/?product=decor-chair\"]}]},{\"@type\":\"ImageObject\",\"inLanguage\":\"fr-FR\",\"@id\":\"https:\/\/somo-sam.com\/?product=decor-chair#primaryimage\",\"url\":\"https:\/\/somo-sam.com\/wp-content\/uploads\/2019\/01\/epower.png\",\"contentUrl\":\"https:\/\/somo-sam.com\/wp-content\/uploads\/2019\/01\/epower.png\",\"width\":1080,\"height\":1080},{\"@type\":\"BreadcrumbList\",\"@id\":\"https:\/\/somo-sam.com\/?product=decor-chair#breadcrumb\",\"itemListElement\":[{\"@type\":\"ListItem\",\"position\":1,\"name\":\"Accueil\",\"item\":\"https:\/\/somo-sam.com\/\"},{\"@type\":\"ListItem\",\"position\":2,\"name\":\"Shop\",\"item\":\"https:\/\/somo-sam.com\/?page_id=413\"},{\"@type\":\"ListItem\",\"position\":3,\"name\":\"Valera ePower 2010 black\"}]},{\"@type\":\"WebSite\",\"@id\":\"https:\/\/somo-sam.com\/#website\",\"url\":\"https:\/\/somo-sam.com\/\",\"name\":\"SOMO S.A.M\",\"description\":\"Votre partenaire en \u00e9quipements h\u00f4teliers et de restauration\",\"potentialAction\":[{\"@type\":\"SearchAction\",\"target\":{\"@type\":\"EntryPoint\",\"urlTemplate\":\"https:\/\/somo-sam.com\/?s={search_term_string}\"},\"query-input\":{\"@type\":\"PropertyValueSpecification\",\"valueRequired\":true,\"valueName\":\"search_term_string\"}}],\"inLanguage\":\"fr-FR\"}]}<\/script>\n<!-- \/ Yoast SEO plugin. -->","yoast_head_json":{"title":"Valera ePower 2010 black - SOMO S.A.M","robots":{"index":"index","follow":"follow","max-snippet":"max-snippet:-1","max-image-preview":"max-image-preview:large","max-video-preview":"max-video-preview:-1"},"canonical":"https:\/\/somo-sam.com\/?product=decor-chair","og_locale":"fr_FR","og_type":"article","og_title":"Valera ePower 2010 black - SOMO S.A.M","og_description":"Le mod\u00e8le compact offre des performances durables et une long\u00e9vit\u00e9 accrue gr\u00e2ce \u00e0 un capteur intelligent. Son flux d'air ionis\u00e9 prend soin des cheveux tout en r\u00e9duisant la charge bact\u00e9rienne. Caract\u00e9ristiques principales :   eQ - Contr\u00f4leur d'air  Sanify - Syst\u00e8me de d\u00e9sinfection  Stabilisateur adaptatif de la pression d'air  G\u00e9n\u00e9rateur d'ions  6 combinaisons de r\u00e9glages temp\u00e9rature\/flux d'air  Touche air froid  Filtre m\u00e9tallique amovible  Contenu de la livraison :   2 buses d'ondulation extra-fines (6 cm et 7,5 cm)  C\u00e2ble Super-Flex de 3 m avec Rotocord  Diffuseur et sac de rangement inclus  Donn\u00e9es techniques :   Puissance : 2000 W  D\u00e9bit d'air : 93 m\u00b3\/h  Volume sonore : 69 dB(A)  Poids : 445 g (sans c\u00e2ble)","og_url":"https:\/\/somo-sam.com\/?product=decor-chair","og_site_name":"SOMO S.A.M","article_modified_time":"2025-01-23T15:00:40+00:00","og_image":[{"width":1080,"height":1080,"url":"https:\/\/somo-sam.com\/wp-content\/uploads\/2019\/01\/epower.png","type":"image\/png"}],"twitter_card":"summary_large_image","twitter_misc":{"Dur\u00e9e de lecture estim\u00e9e":"1 minute"},"schema":{"@context":"https:\/\/schema.org","@graph":[{"@type":"WebPage","@id":"https:\/\/somo-sam.com\/?product=decor-chair","url":"https:\/\/somo-sam.com\/?product=decor-chair","name":"Valera ePower 2010 black - SOMO S.A.M","isPartOf":{"@id":"https:\/\/somo-sam.com\/#website"},"primaryImageOfPage":{"@id":"https:\/\/somo-sam.com\/?product=decor-chair#primaryimage"},"image":{"@id":"https:\/\/somo-sam.com\/?product=decor-chair#primaryimage"},"thumbnailUrl":"https:\/\/somo-sam.com\/wp-content\/uploads\/2019\/01\/epower.png","datePublished":"2019-01-16T13:01:55+00:00","dateModified":"2025-01-23T15:00:40+00:00","breadcrumb":{"@id":"https:\/\/somo-sam.com\/?product=decor-chair#breadcrumb"},"inLanguage":"fr-FR","potentialAction":[{"@type":"ReadAction","target":["https:\/\/somo-sam.com\/?product=decor-chair"]}]},{"@type":"ImageObject","inLanguage":"fr-FR","@id":"https:\/\/somo-sam.com\/?product=decor-chair#primaryimage","url":"https:\/\/somo-sam.com\/wp-content\/uploads\/2019\/01\/epower.png","contentUrl":"https:\/\/somo-sam.com\/wp-content\/uploads\/2019\/01\/epower.png","width":1080,"height":1080},{"@type":"BreadcrumbList","@id":"https:\/\/somo-sam.com\/?product=decor-chair#breadcrumb","itemListElement":[{"@type":"ListItem","position":1,"name":"Accueil","item":"https:\/\/somo-sam.com\/"},{"@type":"ListItem","position":2,"name":"Shop","item":"https:\/\/somo-sam.com\/?page_id=413"},{"@type":"ListItem","position":3,"name":"Valera ePower 2010 black"}]},{"@type":"WebSite","@id":"https:\/\/somo-sam.com\/#website","url":"https:\/\/somo-sam.com\/","name":"SOMO S.A.M","description":"Votre partenaire en \u00e9quipements h\u00f4teliers et de restauration","potentialAction":[{"@type":"SearchAction","target":{"@type":"EntryPoint","urlTemplate":"https:\/\/somo-sam.com\/?s={search_term_string}"},"query-input":{"@type":"PropertyValueSpecification","valueRequired":true,"valueName":"search_term_string"}}],"inLanguage":"fr-FR"}]}},"_links":{"self":[{"href":"https:\/\/somo-sam.com\/index.php?rest_route=\/wp\/v2\/product\/743","targetHints":{"allow":["GET"]}}],"collection":[{"href":"https:\/\/somo-sam.com\/index.php?rest_route=\/wp\/v2\/product"}],"about":[{"href":"https:\/\/somo-sam.com\/index.php?rest_route=\/wp\/v2\/types\/product"}],"version-history":[{"count":2,"href":"https:\/\/somo-sam.com\/index.php?rest_route=\/wp\/v2\/product\/743\/revisions"}],"predecessor-version":[{"id":16603,"href":"https:\/\/somo-sam.com\/index.php?rest_route=\/wp\/v2\/product\/743\/revisions\/16603"}],"wp:featuredmedia":[{"embeddable":true,"href":"https:\/\/somo-sam.com\/index.php?rest_route=\/wp\/v2\/media\/16601"}],"wp:attachment":[{"href":"https:\/\/somo-sam.com\/index.php?rest_route=%2Fwp%2Fv2%2Fmedia&parent=743"}],"wp:term":[{"taxonomy":"product_brand","embeddable":true,"href":"https:\/\/somo-sam.com\/index.php?rest_route=%2Fwp%2Fv2%2Fproduct_brand&post=743"},{"taxonomy":"product_cat","embeddable":true,"href":"https:\/\/somo-sam.com\/index.php?rest_route=%2Fwp%2Fv2%2Fproduct_cat&post=743"},{"taxonomy":"product_tag","embeddable":true,"href":"https:\/\/somo-sam.com\/index.php?rest_route=%2Fwp%2Fv2%2Fproduct_tag&post=743"}],"curies":[{"name":"wp","href":"https:\/\/api.w.org\/{rel}","templated":true}]}}